{"id":84,"date":"2014-09-18T14:11:31","date_gmt":"2014-09-18T13:11:31","guid":{"rendered":"http:\/\/agora.xtec.cat\/esc-leseresdecreixell\/?page_id=84"},"modified":"2026-01-26T13:10:40","modified_gmt":"2026-01-26T12:10:40","slug":"activitats-extraescolars","status":"publish","type":"page","link":"https:\/\/agora.xtec.cat\/esc-leseresdecreixell\/serveis\/activitats-extraescolars\/","title":{"rendered":"Activitats extraescolars"},"content":{"rendered":"<p>Les activitats extraescolars que s&#8217;oferten estan proposades per l&#8217;AMPA, pel Pla Catal\u00e0 de l&#8217;Esport i per l&#8217;escola.<\/p>\n<p><span style=\"font-weight: 400;\">Cada inici de curs es presenten les propostes d\u2019extraescolars que ens ofereixen, es fan sempre que hi hagi un m\u00ednim d\u2019alumnes per poder realitzar-la.\u00a0<\/span><\/p>\n<p>Considerem que les extraescolars son un espai educatiu en un temps de lleure.<\/p>\n<p>Les persones que duen a terme les diferents activitats son responsables del grup, en la seguretat de les activitats, treballen h\u00e0bits i actituds dels nens, conserven el material i donen informaci\u00f3 i valoraci\u00f3 de l\u2019activitat.<\/p>\n<p>\u00a0<\/p>\n<h5><span style=\"color: #993300;\"><strong>ACTIVITATS EXTRAESCOLARS CURS 25\/26<\/strong><\/span><\/h5>\n<table style=\"border-collapse: collapse; width: 100%; height: 199px;\">\n<tbody>\n<tr style=\"height: 32px;\">\n<td style=\"width: 16.6667%; height: 32px;\">\u00a0<\/td>\n<td style=\"width: 16.6667%; text-align: center; height: 32px;\"><strong>Dilluns<\/strong><\/td>\n<td style=\"width: 16.6667%; text-align: center; height: 32px;\"><strong>Dimarts<\/strong><\/td>\n<td style=\"width: 16.6667%; text-align: center; height: 32px;\"><strong>Dimecres<\/strong><\/td>\n<td style=\"width: 16.6667%; text-align: center; height: 32px;\"><strong>Dijous<\/strong><\/td>\n<td style=\"width: 16.6667%; text-align: center; height: 32px;\"><strong>Divendres<\/strong><\/td>\n<\/tr>\n<tr style=\"height: 79px;\">\n<td style=\"width: 16.6667%; height: 57px; text-align: center;\"><strong>Migdia<\/strong><\/td>\n<td style=\"width: 16.6667%; text-align: center; height: 57px;\">HORT EDUCATIU EN ANGL\u00c8S<\/td>\n<td style=\"width: 16.6667%; text-align: center; height: 57px;\">\u00a0<\/td>\n<td style=\"width: 16.6667%; text-align: center; height: 57px;\">\u00a0\n<p>\u00a0<\/p>\n<\/td>\n<td style=\"width: 16.6667%; text-align: center; height: 57px;\">CORAL<\/td>\n<td style=\"width: 16.6667%; text-align: center; height: 57px;\">\u00a0<\/td>\n<\/tr>\n<tr style=\"height: 56px;\">\n<td style=\"width: 16.6667%; height: 110px; text-align: center;\"><strong>Tarda<\/strong><\/td>\n<td style=\"width: 16.6667%; height: 110px;\">\n<p style=\"text-align: center;\">FUTBOL FLAG<\/p>\n<\/td>\n<td style=\"width: 16.6667%; text-align: center; height: 110px;\">PATINATGE<\/td>\n<td style=\"width: 16.6667%; text-align: center; height: 110px;\">MULTIESPORT<\/td>\n<td style=\"width: 16.6667%; text-align: center; height: 110px;\">\u00a0<\/td>\n<td style=\"width: 16.6667%; text-align: center; height: 110px;\">ZUMBA KIDS<\/td>\n<\/tr>\n<\/tbody>\n<\/table>\n\n\n<p><\/p>\n","protected":false},"excerpt":{"rendered":"<p>Les activitats extraescolars que s&#8217;oferten estan proposades per l&#8217;AMPA, pel Pla Catal\u00e0 de l&#8217;Esport i per l&#8217;escola. Cada inici de [&hellip;]<\/p>\n","protected":false},"author":1,"featured_media":0,"parent":66,"menu_order":60,"comment_status":"closed","ping_status":"closed","template":"","meta":{"_bbp_topic_count":0,"_bbp_reply_count":0,"_bbp_total_topic_count":0,"_bbp_total_reply_count":0,"_bbp_voice_count":0,"_bbp_anonymous_reply_count":0,"_bbp_topic_count_hidden":0,"_bbp_reply_count_hidden":0,"_bbp_forum_subforum_count":0,"site-sidebar-layout":"default","site-content-layout":"","ast-site-content-layout":"default","site-content-style":"default","site-sidebar-style":"default","ast-global-header-display":"","ast-banner-title-visibility":"","ast-main-header-display":"","ast-hfb-above-header-display":"","ast-hfb-below-header-display":"","ast-hfb-mobile-header-display":"","site-post-title":"","ast-breadcrumbs-content":"","ast-featured-img":"","footer-sml-layout":"","theme-transparent-header-meta":"","adv-header-id-meta":"","stick-header-meta":"","header-above-stick-meta":"","header-main-stick-meta":"","header-below-stick-meta":"","astra-migrate-meta-layouts":"set","ast-page-background-enabled":"default","ast-page-background-meta":{"desktop":{"background-color":"var(--ast-global-color-4)","background-image":"","background-repeat":"repeat","background-position":"center center","background-size":"auto","background-attachment":"scroll","background-type":"","background-media":"","overlay-type":"","overlay-color":"","overlay-opacity":"","overlay-gradient":""},"tablet":{"background-color":"","background-image":"","background-repeat":"repeat","background-position":"center center","background-size":"auto","background-attachment":"scroll","background-type":"","background-media":"","overlay-type":"","overlay-color":"","overlay-opacity":"","overlay-gradient":""},"mobile":{"background-color":"","background-image":"","background-repeat":"repeat","background-position":"center center","background-size":"auto","background-attachment":"scroll","background-type":"","background-media":"","overlay-type":"","overlay-color":"","overlay-opacity":"","overlay-gradient":""}},"ast-content-background-meta":{"desktop":{"background-color":"var(--ast-global-color-5)","background-image":"","background-repeat":"repeat","background-position":"center center","background-size":"auto","background-attachment":"scroll","background-type":"","background-media":"","overlay-type":"","overlay-color":"","overlay-opacity":"","overlay-gradient":""},"tablet":{"background-color":"var(--ast-global-color-5)","background-image":"","background-repeat":"repeat","background-position":"center center","background-size":"auto","background-attachment":"scroll","background-type":"","background-media":"","overlay-type":"","overlay-color":"","overlay-opacity":"","overlay-gradient":""},"mobile":{"background-color":"var(--ast-global-color-5)","background-image":"","background-repeat":"repeat","background-position":"center center","background-size":"auto","background-attachment":"scroll","background-type":"","background-media":"","overlay-type":"","overlay-color":"","overlay-opacity":"","overlay-gradient":""}},"footnotes":""},"class_list":["post-84","page","type-page","status-publish","hentry"],"post_mailing_queue_ids":[],"_links":{"self":[{"href":"https:\/\/agora.xtec.cat\/esc-leseresdecreixell\/wp-json\/wp\/v2\/pages\/84","targetHints":{"allow":["GET"]}}],"collection":[{"href":"https:\/\/agora.xtec.cat\/esc-leseresdecreixell\/wp-json\/wp\/v2\/pages"}],"about":[{"href":"https:\/\/agora.xtec.cat\/esc-leseresdecreixell\/wp-json\/wp\/v2\/types\/page"}],"author":[{"embeddable":true,"href":"https:\/\/agora.xtec.cat\/esc-leseresdecreixell\/wp-json\/wp\/v2\/users\/1"}],"replies":[{"embeddable":true,"href":"https:\/\/agora.xtec.cat\/esc-leseresdecreixell\/wp-json\/wp\/v2\/comments?post=84"}],"version-history":[{"count":5,"href":"https:\/\/agora.xtec.cat\/esc-leseresdecreixell\/wp-json\/wp\/v2\/pages\/84\/revisions"}],"predecessor-version":[{"id":9665,"href":"https:\/\/agora.xtec.cat\/esc-leseresdecreixell\/wp-json\/wp\/v2\/pages\/84\/revisions\/9665"}],"up":[{"embeddable":true,"href":"https:\/\/agora.xtec.cat\/esc-leseresdecreixell\/wp-json\/wp\/v2\/pages\/66"}],"wp:attachment":[{"href":"https:\/\/agora.xtec.cat\/esc-leseresdecreixell\/wp-json\/wp\/v2\/media?parent=84"}],"curies":[{"name":"wp","href":"https:\/\/api.w.org\/{rel}","templated":true}]}}