{"id":28,"date":"2014-09-18T12:29:35","date_gmt":"2014-09-18T11:29:35","guid":{"rendered":"http:\/\/agora.xtec.cat\/esc-leseresdecreixell\/?page_id=28"},"modified":"2023-12-18T15:51:33","modified_gmt":"2023-12-18T14:51:33","slug":"consell-escolar","status":"publish","type":"page","link":"https:\/\/agora.xtec.cat\/esc-leseresdecreixell\/lescola\/consell-escolar\/","title":{"rendered":"Consell escolar"},"content":{"rendered":"<h3><a href=\"https:\/\/agora.xtec.cat\/esc-leseresdecreixell\/wp-content\/uploads\/usu1046\/2023\/11\/Convocatoria-deleccions-al-consell-escolar.pdf\">Convocat\u00f2ria d&#8217;eleccions al consell escolar <\/a><\/h3>\n<p><a href=\"https:\/\/agora.xtec.cat\/esc-leseresdecreixell\/wp-content\/uploads\/usu1046\/2023\/11\/INFORMACIO-FAMILIES-CONSELL-ESCOLAR.png\"><br \/>\n<img loading=\"lazy\" decoding=\"async\" class=\"aligncenter size-full wp-image-7949\" src=\"https:\/\/agora.xtec.cat\/esc-leseresdecreixell\/wp-content\/uploads\/usu1046\/2023\/11\/INFORMACIO-FAMILIES-CONSELL-ESCOLAR.png\" alt=\"\" width=\"1587\" height=\"2245\" srcset=\"https:\/\/agora.xtec.cat\/esc-leseresdecreixell\/wp-content\/uploads\/usu1046\/2023\/11\/INFORMACIO-FAMILIES-CONSELL-ESCOLAR.png 1587w, https:\/\/agora.xtec.cat\/esc-leseresdecreixell\/wp-content\/uploads\/usu1046\/2023\/11\/INFORMACIO-FAMILIES-CONSELL-ESCOLAR-212x300.png 212w, https:\/\/agora.xtec.cat\/esc-leseresdecreixell\/wp-content\/uploads\/usu1046\/2023\/11\/INFORMACIO-FAMILIES-CONSELL-ESCOLAR-724x1024.png 724w, https:\/\/agora.xtec.cat\/esc-leseresdecreixell\/wp-content\/uploads\/usu1046\/2023\/11\/INFORMACIO-FAMILIES-CONSELL-ESCOLAR-768x1086.png 768w, https:\/\/agora.xtec.cat\/esc-leseresdecreixell\/wp-content\/uploads\/usu1046\/2023\/11\/INFORMACIO-FAMILIES-CONSELL-ESCOLAR-1086x1536.png 1086w, https:\/\/agora.xtec.cat\/esc-leseresdecreixell\/wp-content\/uploads\/usu1046\/2023\/11\/INFORMACIO-FAMILIES-CONSELL-ESCOLAR-1448x2048.png 1448w\" sizes=\"auto, (max-width: 1587px) 100vw, 1587px\" \/><\/a><\/p>\n<p><a href=\"https:\/\/agora.xtec.cat\/esc-leseresdecreixell\/wp-content\/uploads\/usu1046\/2023\/11\/ELECCIONS-CONSELL-ESCOLAR-INFORMACIO-A-LES-FAMILIES.pdf\"><img loading=\"lazy\" decoding=\"async\" class=\"aligncenter size-full wp-image-7945\" src=\"https:\/\/agora.xtec.cat\/esc-leseresdecreixell\/wp-content\/uploads\/usu1046\/2023\/11\/Diapositiva1.png\" alt=\"\" width=\"1280\" height=\"720\" srcset=\"https:\/\/agora.xtec.cat\/esc-leseresdecreixell\/wp-content\/uploads\/usu1046\/2023\/11\/Diapositiva1.png 1280w, https:\/\/agora.xtec.cat\/esc-leseresdecreixell\/wp-content\/uploads\/usu1046\/2023\/11\/Diapositiva1-300x169.png 300w, https:\/\/agora.xtec.cat\/esc-leseresdecreixell\/wp-content\/uploads\/usu1046\/2023\/11\/Diapositiva1-1024x576.png 1024w, https:\/\/agora.xtec.cat\/esc-leseresdecreixell\/wp-content\/uploads\/usu1046\/2023\/11\/Diapositiva1-768x432.png 768w\" sizes=\"auto, (max-width: 1280px) 100vw, 1280px\" \/><\/a> <a href=\"https:\/\/agora.xtec.cat\/esc-leseresdecreixell\/wp-content\/uploads\/usu1046\/2023\/11\/ELECCIONS-CONSELL-ESCOLAR-INFORMACIO-A-LES-FAMILIES.pdf\">ELECCIONS CONSELL ESCOLAR &#8211; INFORMACI\u00d3 A LES FAM\u00cdLIES<\/a><\/p>\n<p>Acords del consell escolar<\/p>\n<p><a href=\"https:\/\/agora.xtec.cat\/esc-leseresdecreixell\/wp-content\/uploads\/usu1046\/2021\/07\/Acords_consell_escolar_1_10_de_setembre_2020.pdf\">Acords_consell_escolar_1_10_de_setembre_2020<\/a><\/p>\n<p><a href=\"https:\/\/agora.xtec.cat\/esc-leseresdecreixell\/wp-content\/uploads\/usu1046\/2021\/07\/Acords_consell_escolar_2_9_desembre_2020.pdf\">Acords_consell_escolar_2_9_desembre_2020<\/a><\/p>\n<p><a href=\"https:\/\/agora.xtec.cat\/esc-leseresdecreixell\/wp-content\/uploads\/usu1046\/2021\/07\/Acords_consell_escolar_3_28_gener_2021.pdf\">Acords_consell_escolar_3_28_gener_2021<\/a><\/p>\n<p><a href=\"https:\/\/agora.xtec.cat\/esc-leseresdecreixell\/wp-content\/uploads\/usu1046\/2021\/07\/Acords_consell_escolar_4_12_abril_2021.pdf\">Acords_consell_escolar_4_12_abril_2021<\/a><\/p>\n<p><a href=\"https:\/\/agora.xtec.cat\/esc-leseresdecreixell\/wp-content\/uploads\/usu1046\/2021\/07\/Acords_consell_escolar_5_28_juny_2021.pdf\">Acords_consell_escolar_5_28_juny_2021<\/a><\/p>\n<p><a href=\"https:\/\/agora.xtec.cat\/esc-leseresdecreixell\/wp-content\/uploads\/usu1046\/2021\/07\/Acords_consell_extraordinari1_12_gener_2021.pdf\">Acords_consell_extraordinari1_12_gener_2021<\/a><\/p>\n<p><a href=\"https:\/\/agora.xtec.cat\/esc-leseresdecreixell\/wp-content\/uploads\/usu1046\/2021\/07\/Acords_consell_extraordinari2_26_maig_2021.pdf\">Acords_consell_extraordinari2_26_maig_2021<\/a><\/p>\n<p><a href=\"https:\/\/agora.xtec.cat\/esc-leseresdecreixell\/wp-content\/uploads\/usu1046\/2023\/12\/Curs-22-23-Acords_consell_escolar_1_16_setembre_2022.pdf\">Curs 22-23 &#8211; Acords_consell_escolar_1_16_setembre_2022<\/a><\/p>\n<p><a href=\"https:\/\/agora.xtec.cat\/esc-leseresdecreixell\/wp-content\/uploads\/usu1046\/2023\/12\/Curs-22-23-Acords_consell_escolar_2_30_novembre_2022.pdf\">Curs 22-23 &#8211; Acords_consell_escolar_2_30_novembre_2022<\/a><\/p>\n<p><a href=\"https:\/\/agora.xtec.cat\/esc-leseresdecreixell\/wp-content\/uploads\/usu1046\/2023\/12\/Curs-22-23-Acords_consell_escolar_3_27_gener_2023.pdf\">Curs 22-23 &#8211; Acords_consell_escolar_3_27_gener_2023<\/a><\/p>\n<p><a href=\"https:\/\/agora.xtec.cat\/esc-leseresdecreixell\/wp-content\/uploads\/usu1046\/2023\/12\/Curs-22-23-Acords_consell_escolar_4_27_marc_2023.pdf\">Curs 22-23 &#8211; Acords_consell_escolar_4_27_mar\u00e7_2023<\/a><\/p>\n<p><a href=\"https:\/\/agora.xtec.cat\/esc-leseresdecreixell\/wp-content\/uploads\/usu1046\/2023\/12\/Curs-22-23-Acords_consell_escolar_5_6_juny_2023.pdf\">Curs 22-23 &#8211; Acords_consell_escolar_5_6_juny_2023<\/a><\/p>\n<p><a href=\"https:\/\/agora.xtec.cat\/esc-leseresdecreixell\/wp-content\/uploads\/usu1046\/2023\/12\/Curs-23-24-Acords_consell_escolar_1_28_setembre_2023.pdf\">Curs 23-24 &#8211; Acords_consell_escolar_1_28_setembre_2023<\/a><\/p>\n","protected":false},"excerpt":{"rendered":"<p>Convocat\u00f2ria d&#8217;eleccions al consell escolar ELECCIONS CONSELL ESCOLAR &#8211; INFORMACI\u00d3 A LES FAM\u00cdLIES Acords del consell escolar Acords_consell_escolar_1_10_de_setembre_2020 Acords_consell_escolar_2_9_desembre_2020 Acords_consell_escolar_3_28_gener_2021 [&hellip;]<\/p>\n","protected":false},"author":1,"featured_media":0,"parent":22,"menu_order":30,"comment_status":"closed","ping_status":"closed","template":"page-templates\/side-menu.php","meta":{"_bbp_topic_count":0,"_bbp_reply_count":0,"_bbp_total_topic_count":0,"_bbp_total_reply_count":0,"_bbp_voice_count":0,"_bbp_anonymous_reply_count":0,"_bbp_topic_count_hidden":0,"_bbp_reply_count_hidden":0,"_bbp_forum_subforum_count":0,"site-sidebar-layout":"default","site-content-layout":"","ast-site-content-layout":"","site-content-style":"default","site-sidebar-style":"default","ast-global-header-display":"","ast-banner-title-visibility":"","ast-main-header-display":"","ast-hfb-above-header-display":"","ast-hfb-below-header-display":"","ast-hfb-mobile-header-display":"","site-post-title":"","ast-breadcrumbs-content":"","ast-featured-img":"","footer-sml-layout":"","theme-transparent-header-meta":"","adv-header-id-meta":"","stick-header-meta":"","header-above-stick-meta":"","header-main-stick-meta":"","header-below-stick-meta":"","astra-migrate-meta-layouts":"default","ast-page-background-enabled":"default","ast-page-background-meta":{"desktop":{"background-color":"var(--ast-global-color-4)","background-image":"","background-repeat":"repeat","background-position":"center center","background-size":"auto","background-attachment":"scroll","background-type":"","background-media":"","overlay-type":"","overlay-color":"","overlay-opacity":"","overlay-gradient":""},"tablet":{"background-color":"","background-image":"","background-repeat":"repeat","background-position":"center center","background-size":"auto","background-attachment":"scroll","background-type":"","background-media":"","overlay-type":"","overlay-color":"","overlay-opacity":"","overlay-gradient":""},"mobile":{"background-color":"","background-image":"","background-repeat":"repeat","background-position":"center center","background-size":"auto","background-attachment":"scroll","background-type":"","background-media":"","overlay-type":"","overlay-color":"","overlay-opacity":"","overlay-gradient":""}},"ast-content-background-meta":{"desktop":{"background-color":"var(--ast-global-color-5)","background-image":"","background-repeat":"repeat","background-position":"center center","background-size":"auto","background-attachment":"scroll","background-type":"","background-media":"","overlay-type":"","overlay-color":"","overlay-opacity":"","overlay-gradient":""},"tablet":{"background-color":"var(--ast-global-color-5)","background-image":"","background-repeat":"repeat","background-position":"center center","background-size":"auto","background-attachment":"scroll","background-type":"","background-media":"","overlay-type":"","overlay-color":"","overlay-opacity":"","overlay-gradient":""},"mobile":{"background-color":"var(--ast-global-color-5)","background-image":"","background-repeat":"repeat","background-position":"center center","background-size":"auto","background-attachment":"scroll","background-type":"","background-media":"","overlay-type":"","overlay-color":"","overlay-opacity":"","overlay-gradient":""}},"footnotes":""},"class_list":["post-28","page","type-page","status-publish","hentry"],"post_mailing_queue_ids":[],"_links":{"self":[{"href":"https:\/\/agora.xtec.cat\/esc-leseresdecreixell\/wp-json\/wp\/v2\/pages\/28","targetHints":{"allow":["GET"]}}],"collection":[{"href":"https:\/\/agora.xtec.cat\/esc-leseresdecreixell\/wp-json\/wp\/v2\/pages"}],"about":[{"href":"https:\/\/agora.xtec.cat\/esc-leseresdecreixell\/wp-json\/wp\/v2\/types\/page"}],"author":[{"embeddable":true,"href":"https:\/\/agora.xtec.cat\/esc-leseresdecreixell\/wp-json\/wp\/v2\/users\/1"}],"replies":[{"embeddable":true,"href":"https:\/\/agora.xtec.cat\/esc-leseresdecreixell\/wp-json\/wp\/v2\/comments?post=28"}],"version-history":[{"count":6,"href":"https:\/\/agora.xtec.cat\/esc-leseresdecreixell\/wp-json\/wp\/v2\/pages\/28\/revisions"}],"predecessor-version":[{"id":8135,"href":"https:\/\/agora.xtec.cat\/esc-leseresdecreixell\/wp-json\/wp\/v2\/pages\/28\/revisions\/8135"}],"up":[{"embeddable":true,"href":"https:\/\/agora.xtec.cat\/esc-leseresdecreixell\/wp-json\/wp\/v2\/pages\/22"}],"wp:attachment":[{"href":"https:\/\/agora.xtec.cat\/esc-leseresdecreixell\/wp-json\/wp\/v2\/media?parent=28"}],"curies":[{"name":"wp","href":"https:\/\/api.w.org\/{rel}","templated":true}]}}