{"id":892,"date":"2020-05-08T20:05:44","date_gmt":"2020-05-08T18:05:44","guid":{"rendered":"https:\/\/agora.xtec.cat\/esc-lesavellanes\/?page_id=892"},"modified":"2020-05-08T20:16:12","modified_gmt":"2020-05-08T18:16:12","slug":"ampa","status":"publish","type":"page","link":"https:\/\/agora.xtec.cat\/esc-lesavellanes\/ampa\/","title":{"rendered":"AMPA"},"content":{"rendered":"<h4 class=\"widgettitle\">Benvinguts<\/h4>\n<div class=\"textwidget\">\n<p>En aquesta p\u00e0gina podeu trobar tota la informaci\u00f3 referent a l\u2019AMPA del centre.<\/p>\n<p>Per contactar amb l\u2019AMPA:<\/p>\n<p><strong>Correu electr\u00f2nic:<\/strong><br \/>\nampalesavellanes@gmail.com<\/p>\n<p><strong>Tel\u00e8fon:<\/strong><br \/>\n973 45 42 02<\/p>\n<\/div>\n<p>L&#8217;AMPA (AFA) de l&#8217;Escola de Les Avellanes es va crear el curs 2006 &#8211; 2007, per donar resposta a la necessitat de tenir una organitzaci\u00f3 que pugu\u00e9s organitzar i gestionar diverses activitats i serveis.<\/p>\n<p>El primer gran objectiu, va ser la posada en marxa del servei de menjador escolar, que ja es va engegar al setembre del curs 2007 &#8211; 2008.<\/p>\n<p>A m\u00e9s de gestionar el servei de menjador, \u00e9s una associaci\u00f3 que participa i col\u00b7labora constantment en la vida del centre, sense la qual avui seria molt dif\u00edcil dur a terme moltes de les actuacions que es fan.<\/p>\n<p>La quota anual per fam\u00edlia \u00e9s de 20\u20ac.<\/p>\n","protected":false},"excerpt":{"rendered":"<p>Benvinguts<\/p>\n<p>En aquesta p\u00e0gina podeu trobar tota la informaci\u00f3 referent a l\u2019AMPA del centre.<br \/>\nPer contactar amb l\u2019AMPA:<br \/>\nCorreu electr\u00f2nic:<br \/>\nampalesavellanes@gmail.com<br \/>\nTel\u00e8fon:<br \/>\n973 45 42 02<\/p>\n<p>L&#8217;AMPA (AFA) de l&#8217;Escola de Les Avellanes es va crear el curs 2006 &#8211; 2007, per donar resposta a la necessitat de tenir una organitzaci\u00f3 que&hellip;  <a href=\"https:\/\/agora.xtec.cat\/esc-lesavellanes\/ampa\/\" title=\"Read AMPA\">Llegeix m\u00e9s\u00bb<\/a><\/p>\n","protected":false},"author":1,"featured_media":0,"parent":0,"menu_order":0,"comment_status":"closed","ping_status":"closed","template":"","meta":{"_bbp_topic_count":0,"_bbp_reply_count":0,"_bbp_total_topic_count":0,"_bbp_total_reply_count":0,"_bbp_voice_count":0,"_bbp_anonymous_reply_count":0,"_bbp_topic_count_hidden":0,"_bbp_reply_count_hidden":0,"_bbp_forum_subforum_count":0,"footnotes":""},"class_list":["post-892","page","type-page","status-publish","hentry"],"post_mailing_queue_ids":[],"_links":{"self":[{"href":"https:\/\/agora.xtec.cat\/esc-lesavellanes\/wp-json\/wp\/v2\/pages\/892","targetHints":{"allow":["GET"]}}],"collection":[{"href":"https:\/\/agora.xtec.cat\/esc-lesavellanes\/wp-json\/wp\/v2\/pages"}],"about":[{"href":"https:\/\/agora.xtec.cat\/esc-lesavellanes\/wp-json\/wp\/v2\/types\/page"}],"author":[{"embeddable":true,"href":"https:\/\/agora.xtec.cat\/esc-lesavellanes\/wp-json\/wp\/v2\/users\/1"}],"replies":[{"embeddable":true,"href":"https:\/\/agora.xtec.cat\/esc-lesavellanes\/wp-json\/wp\/v2\/comments?post=892"}],"version-history":[{"count":3,"href":"https:\/\/agora.xtec.cat\/esc-lesavellanes\/wp-json\/wp\/v2\/pages\/892\/revisions"}],"predecessor-version":[{"id":896,"href":"https:\/\/agora.xtec.cat\/esc-lesavellanes\/wp-json\/wp\/v2\/pages\/892\/revisions\/896"}],"wp:attachment":[{"href":"https:\/\/agora.xtec.cat\/esc-lesavellanes\/wp-json\/wp\/v2\/media?parent=892"}],"curies":[{"name":"wp","href":"https:\/\/api.w.org\/{rel}","templated":true}]}}