{"id":71,"date":"2014-09-18T12:44:56","date_gmt":"2014-09-18T11:44:56","guid":{"rendered":"http:\/\/agora.xtec.cat\/esc-lesavellanes\/?page_id=71"},"modified":"2019-09-22T18:34:55","modified_gmt":"2019-09-22T16:34:55","slug":"serveis-digitals","status":"publish","type":"page","link":"https:\/\/agora.xtec.cat\/esc-lesavellanes\/serveis\/serveis-digitals\/","title":{"rendered":"Serveis digitals"},"content":{"rendered":"<p>L&#8217;oferta de <strong>serveis\u00a0digitals<\/strong>\u00a0constitueix un element\u00a0molt important de l&#8217;engranatge d&#8217;un centre educatiu.<\/p>\n<p>Actualment, a l&#8217;Escola de Les Avellanes disposem d&#8217;ordinadors port\u00e0tils i de sobretaula per poder donar resposta\u00a0 a les necessitats que les noves tecnologies ens demanen.<\/p>\n<p>\u00c9s cert que alguns equips estan una mica desfasats, per\u00f2 encara ens serveixen per navegar per internet, cercar informaci\u00f3 i poder elaborar textos i treballar amb fulls de c\u00e0lcul.<\/p>\n<p>Tamb\u00e9 disposem d&#8217;equips projectors a les dues classes.<\/p>\n","protected":false},"excerpt":{"rendered":"<p>L&#8217;oferta de serveis\u00a0digitals\u00a0constitueix un element\u00a0molt important de l&#8217;engranatge d&#8217;un centre educatiu.<br \/>\nActualment, a l&#8217;Escola de Les Avellanes disposem d&#8217;ordinadors port\u00e0tils i de sobretaula per poder donar resposta\u00a0 a les necessitats que les noves tecnologies ens demanen.<br \/>\n\u00c9s cert que alguns equips estan una mica desfasats, per\u00f2 encara&hellip;  <a href=\"https:\/\/agora.xtec.cat\/esc-lesavellanes\/serveis\/serveis-digitals\/\" title=\"Read Serveis digitals\">Llegeix m\u00e9s\u00bb<\/a><\/p>\n","protected":false},"author":1,"featured_media":0,"parent":66,"menu_order":10,"comment_status":"closed","ping_status":"closed","template":"page-templates\/side-menu.php","meta":{"_bbp_topic_count":0,"_bbp_reply_count":0,"_bbp_total_topic_count":0,"_bbp_total_reply_count":0,"_bbp_voice_count":0,"_bbp_anonymous_reply_count":0,"_bbp_topic_count_hidden":0,"_bbp_reply_count_hidden":0,"_bbp_forum_subforum_count":0,"footnotes":""},"class_list":["post-71","page","type-page","status-publish","hentry"],"post_mailing_queue_ids":[],"_links":{"self":[{"href":"https:\/\/agora.xtec.cat\/esc-lesavellanes\/wp-json\/wp\/v2\/pages\/71","targetHints":{"allow":["GET"]}}],"collection":[{"href":"https:\/\/agora.xtec.cat\/esc-lesavellanes\/wp-json\/wp\/v2\/pages"}],"about":[{"href":"https:\/\/agora.xtec.cat\/esc-lesavellanes\/wp-json\/wp\/v2\/types\/page"}],"author":[{"embeddable":true,"href":"https:\/\/agora.xtec.cat\/esc-lesavellanes\/wp-json\/wp\/v2\/users\/1"}],"replies":[{"embeddable":true,"href":"https:\/\/agora.xtec.cat\/esc-lesavellanes\/wp-json\/wp\/v2\/comments?post=71"}],"version-history":[{"count":2,"href":"https:\/\/agora.xtec.cat\/esc-lesavellanes\/wp-json\/wp\/v2\/pages\/71\/revisions"}],"predecessor-version":[{"id":619,"href":"https:\/\/agora.xtec.cat\/esc-lesavellanes\/wp-json\/wp\/v2\/pages\/71\/revisions\/619"}],"up":[{"embeddable":true,"href":"https:\/\/agora.xtec.cat\/esc-lesavellanes\/wp-json\/wp\/v2\/pages\/66"}],"wp:attachment":[{"href":"https:\/\/agora.xtec.cat\/esc-lesavellanes\/wp-json\/wp\/v2\/media?parent=71"}],"curies":[{"name":"wp","href":"https:\/\/api.w.org\/{rel}","templated":true}]}}