{"id":680,"date":"2019-11-01T08:39:51","date_gmt":"2019-11-01T07:39:51","guid":{"rendered":"https:\/\/agora.xtec.cat\/esc-lesavellanes\/?page_id=680"},"modified":"2019-11-12T19:04:47","modified_gmt":"2019-11-12T18:04:47","slug":"publicitat-activa-dels-centres-educatius","status":"publish","type":"page","link":"https:\/\/agora.xtec.cat\/esc-lesavellanes\/publicitat-activa-dels-centres-educatius\/","title":{"rendered":"2 PUBLICITAT ACTIVA DELS CENTRES EDUCATIUS"},"content":{"rendered":"<p>La <strong>Llei 19\/2014<\/strong>, del 29 de desembre, <strong>de transpar\u00e8ncia, acc\u00e9s a la informaci\u00f3 p\u00fablica i bon govern <\/strong>(LTAIPBG), va entrar en vigor l&#8217;1 de juliol de 2015. Aquesta Llei regula les <strong>obligacions de publicitat activa de les administracions p\u00fabliques <\/strong>i detalla la informaci\u00f3 que s&#8217;ha de publicar de forma obligat\u00f2ria al portal de la Transpar\u00e8ncia de la Generalitat de Catalunya. <strong>Tamb\u00e9 estableix el dret d&#8217;acc\u00e9s a la informaci\u00f3 p\u00fablica <\/strong>per part de la ciutadania i <strong>crea la Comissi\u00f3 de Garantia del Dret d&#8217;Acc\u00e9s a la Informaci\u00f3 P\u00fablica (GAIP)<\/strong>, que \u00e9s l&#8217;encarregada de vetllar pel compliment i les garanties del dret d&#8217;acc\u00e9s a la informaci\u00f3 p\u00fablica.<\/p>\n<p>Per tal de donar resposta a les obligacions de publicitat activa, <strong>els centres educatius han de publicar al seu web <\/strong>els documents vigents i informaci\u00f3 que es poden veure al men\u00fa de l&#8217;esquerra.<\/p>\n","protected":false},"excerpt":{"rendered":"<p>La Llei 19\/2014, del 29 de desembre, de transpar\u00e8ncia, acc\u00e9s a la informaci\u00f3 p\u00fablica i bon govern (LTAIPBG), va entrar en vigor l&#8217;1 de juliol de 2015. Aquesta Llei regula les obligacions de publicitat activa de les administracions p\u00fabliques i detalla la informaci\u00f3 que s&#8217;ha&hellip;  <a href=\"https:\/\/agora.xtec.cat\/esc-lesavellanes\/publicitat-activa-dels-centres-educatius\/\" title=\"Read 2 PUBLICITAT ACTIVA DELS CENTRES EDUCATIUS\">Llegeix m\u00e9s\u00bb<\/a><\/p>\n","protected":false},"author":1,"featured_media":0,"parent":0,"menu_order":0,"comment_status":"closed","ping_status":"closed","template":"","meta":{"_bbp_topic_count":0,"_bbp_reply_count":0,"_bbp_total_topic_count":0,"_bbp_total_reply_count":0,"_bbp_voice_count":0,"_bbp_anonymous_reply_count":0,"_bbp_topic_count_hidden":0,"_bbp_reply_count_hidden":0,"_bbp_forum_subforum_count":0,"footnotes":""},"class_list":["post-680","page","type-page","status-publish","hentry"],"post_mailing_queue_ids":[],"_links":{"self":[{"href":"https:\/\/agora.xtec.cat\/esc-lesavellanes\/wp-json\/wp\/v2\/pages\/680","targetHints":{"allow":["GET"]}}],"collection":[{"href":"https:\/\/agora.xtec.cat\/esc-lesavellanes\/wp-json\/wp\/v2\/pages"}],"about":[{"href":"https:\/\/agora.xtec.cat\/esc-lesavellanes\/wp-json\/wp\/v2\/types\/page"}],"author":[{"embeddable":true,"href":"https:\/\/agora.xtec.cat\/esc-lesavellanes\/wp-json\/wp\/v2\/users\/1"}],"replies":[{"embeddable":true,"href":"https:\/\/agora.xtec.cat\/esc-lesavellanes\/wp-json\/wp\/v2\/comments?post=680"}],"version-history":[{"count":3,"href":"https:\/\/agora.xtec.cat\/esc-lesavellanes\/wp-json\/wp\/v2\/pages\/680\/revisions"}],"predecessor-version":[{"id":782,"href":"https:\/\/agora.xtec.cat\/esc-lesavellanes\/wp-json\/wp\/v2\/pages\/680\/revisions\/782"}],"wp:attachment":[{"href":"https:\/\/agora.xtec.cat\/esc-lesavellanes\/wp-json\/wp\/v2\/media?parent=680"}],"curies":[{"name":"wp","href":"https:\/\/api.w.org\/{rel}","templated":true}]}}