{"id":64,"date":"2014-09-18T12:39:08","date_gmt":"2014-09-18T11:39:08","guid":{"rendered":"http:\/\/agora.xtec.cat\/esc-lesavellanes\/?page_id=64"},"modified":"2020-02-16T09:21:01","modified_gmt":"2020-02-16T08:21:01","slug":"projecte-educatiu","status":"publish","type":"page","link":"https:\/\/agora.xtec.cat\/esc-lesavellanes\/projecte-educatiu\/","title":{"rendered":"1. Projecte educatiu"},"content":{"rendered":"<p>Dins d&#8217;aquest apartat hi podem trobar tot all\u00f2 que fa refer\u00e8ncia al Projecte Educatiu de la ZER El Montsec (PEZ). Dins del Projecte Educatiu, s&#8217;hi inclouen el Projecte ling\u00fc\u00edstic (PL) i les Normes d&#8217;Organitzaci\u00f3 i Funcionament (NOF) de la ZER, que tamb\u00e9 estan publicades en aquest bloc.<\/p>\n<ol>\n<li><a href=\"https:\/\/agora.xtec.cat\/zer-montsec\/wp-content\/uploads\/usu473\/2019\/03\/01-0-PEZ.pdf\" target=\"_blank\" rel=\"noopener noreferrer\">Projecte Educatiu de la ZER (PEZ)<\/a><\/li>\n<li><a href=\"https:\/\/agora.xtec.cat\/zer-montsec\/wp-content\/uploads\/usu473\/2018\/12\/02-03-NOF-ZER-EL-MONTSEC.pdf\" target=\"_blank\" rel=\"noopener noreferrer\">Normes d&#8217;organitzaci\u00f3 i funcionament de la ZER (NOF)<\/a><\/li>\n<li><a href=\"https:\/\/agora.xtec.cat\/zer-montsec\/wp-content\/uploads\/usu473\/2020\/02\/02-02-Projecte-Ling%C3%BC%C3%ADstic-2.pdf\" target=\"_blank\" rel=\"noopener noreferrer\">Projecte ling\u00fc\u00edstic de la ZER (PL)<\/a><\/li>\n<\/ol>\n<p>A m\u00e9s, el PEZ inclou altres documents d&#8217;\u00fas intern:<\/p>\n<ol>\n<li>Pla TAC.<\/li>\n<li>Pla d&#8217;atenci\u00f3 a la diversitat.<\/li>\n<li>Pla d&#8217;acollida del professorat.<\/li>\n<li>Pla d&#8217;acollida del professorat en pr\u00e0ctiques.<\/li>\n<li>Pla d&#8217;acollida de l&#8217;alumnat.<\/li>\n<li>Pla d&#8217;absentisme.<\/li>\n<\/ol>\n","protected":false},"excerpt":{"rendered":"<p>Dins d&#8217;aquest apartat hi podem trobar tot all\u00f2 que fa refer\u00e8ncia al Projecte Educatiu de la ZER El Montsec (PEZ). Dins del Projecte Educatiu, s&#8217;hi inclouen el Projecte ling\u00fc\u00edstic (PL) i les Normes d&#8217;Organitzaci\u00f3 i Funcionament (NOF) de la ZER, que tamb\u00e9 estan publicades en&hellip;  <a href=\"https:\/\/agora.xtec.cat\/esc-lesavellanes\/projecte-educatiu\/\" title=\"Read 1. Projecte educatiu\">Llegeix m\u00e9s\u00bb<\/a><\/p>\n","protected":false},"author":1,"featured_media":0,"parent":0,"menu_order":0,"comment_status":"closed","ping_status":"closed","template":"","meta":{"_bbp_topic_count":0,"_bbp_reply_count":0,"_bbp_total_topic_count":0,"_bbp_total_reply_count":0,"_bbp_voice_count":0,"_bbp_anonymous_reply_count":0,"_bbp_topic_count_hidden":0,"_bbp_reply_count_hidden":0,"_bbp_forum_subforum_count":0,"footnotes":""},"class_list":["post-64","page","type-page","status-publish","hentry"],"post_mailing_queue_ids":[],"_links":{"self":[{"href":"https:\/\/agora.xtec.cat\/esc-lesavellanes\/wp-json\/wp\/v2\/pages\/64","targetHints":{"allow":["GET"]}}],"collection":[{"href":"https:\/\/agora.xtec.cat\/esc-lesavellanes\/wp-json\/wp\/v2\/pages"}],"about":[{"href":"https:\/\/agora.xtec.cat\/esc-lesavellanes\/wp-json\/wp\/v2\/types\/page"}],"author":[{"embeddable":true,"href":"https:\/\/agora.xtec.cat\/esc-lesavellanes\/wp-json\/wp\/v2\/users\/1"}],"replies":[{"embeddable":true,"href":"https:\/\/agora.xtec.cat\/esc-lesavellanes\/wp-json\/wp\/v2\/comments?post=64"}],"version-history":[{"count":3,"href":"https:\/\/agora.xtec.cat\/esc-lesavellanes\/wp-json\/wp\/v2\/pages\/64\/revisions"}],"predecessor-version":[{"id":830,"href":"https:\/\/agora.xtec.cat\/esc-lesavellanes\/wp-json\/wp\/v2\/pages\/64\/revisions\/830"}],"wp:attachment":[{"href":"https:\/\/agora.xtec.cat\/esc-lesavellanes\/wp-json\/wp\/v2\/media?parent=64"}],"curies":[{"name":"wp","href":"https:\/\/api.w.org\/{rel}","templated":true}]}}