{"id":36,"date":"2014-09-18T12:33:11","date_gmt":"2014-09-18T11:33:11","guid":{"rendered":"http:\/\/agora.xtec.cat\/esc-lesavellanes\/?page_id=36"},"modified":"2022-10-03T15:55:21","modified_gmt":"2022-10-03T13:55:21","slug":"material-escolar","status":"publish","type":"page","link":"https:\/\/agora.xtec.cat\/esc-lesavellanes\/lescola\/material-escolar\/","title":{"rendered":"Material escolar"},"content":{"rendered":"<p>Descripci\u00f3 i enumeraci\u00f3 del material escolar que els alumnes i fam\u00edlies necessitaran per al nivell educatiu corresponent.<\/p>\n<p>Tots els alumnes han de portar la bata de classe i el xandall de la ZER. \u00c9s aconsellable tamb\u00e9, portar una bata per pl\u00e0stica.<\/p>\n<ul>\n<li>Educaci\u00f3 infantil. El material necessari per la classe se&#8217;ls proporciona al centre. Han de portar un got de pl\u00e0stic, una tovallola petita, un paquet de mocadors de paper i un paquet de tovalloletes humides. Tamb\u00e9 cal que portin una muda<\/li>\n<li>Educaci\u00f3 prim\u00e0ria. Els alumnes han de portar el seu estoig amb llapis, bol\u00edgrafs i colors. Tamb\u00e9 han de portar tisores i pega. Els alumnes de cicle mitj\u00e0 han de portar una carpeta tamany A4. Els alumnes de cicle superior han de portar una carpeta tamany A4 d&#8217;anelles amb separadors.<\/li>\n<\/ul>\n<p>Els alumnes que fan \u00fas del servei de menjador, han de portar el raspall i la pasta de dents.<\/p>\n<p>Les fam\u00edlies fan una aportaci\u00f3 de 35 \u20ac per alumne i curs, per tal de poder sufragar les despeses de material que assumeix l&#8217;escola, com pot ser la pintura, cartolines, agenda, llibretes de treball, llic\u00e8ncies digitals, &#8230;<\/p>\n","protected":false},"excerpt":{"rendered":"<p>Descripci\u00f3 i enumeraci\u00f3 del material escolar que els alumnes i fam\u00edlies necessitaran per al nivell educatiu corresponent.<br \/>\nTots els alumnes han de portar la bata de classe i el xandall de la ZER. \u00c9s aconsellable tamb\u00e9, portar una bata per pl\u00e0stica.<\/p>\n<ul>\n<li>Educaci\u00f3 infantil. El material necessari per&hellip;  <a href=\"https:\/\/agora.xtec.cat\/esc-lesavellanes\/lescola\/material-escolar\/\" title=\"Read Material escolar\">Llegeix m\u00e9s\u00bb<\/a><br \/>\n","protected":false},"author":1,"featured_media":0,"parent":22,"menu_order":70,"comment_status":"closed","ping_status":"closed","template":"page-templates\/side-menu.php","meta":{"_bbp_topic_count":0,"_bbp_reply_count":0,"_bbp_total_topic_count":0,"_bbp_total_reply_count":0,"_bbp_voice_count":0,"_bbp_anonymous_reply_count":0,"_bbp_topic_count_hidden":0,"_bbp_reply_count_hidden":0,"_bbp_forum_subforum_count":0,"footnotes":""},"class_list":["post-36","page","type-page","status-publish","hentry"],"post_mailing_queue_ids":[],"_links":{"self":[{"href":"https:\/\/agora.xtec.cat\/esc-lesavellanes\/wp-json\/wp\/v2\/pages\/36","targetHints":{"allow":["GET"]}}],"collection":[{"href":"https:\/\/agora.xtec.cat\/esc-lesavellanes\/wp-json\/wp\/v2\/pages"}],"about":[{"href":"https:\/\/agora.xtec.cat\/esc-lesavellanes\/wp-json\/wp\/v2\/types\/page"}],"author":[{"embeddable":true,"href":"https:\/\/agora.xtec.cat\/esc-lesavellanes\/wp-json\/wp\/v2\/users\/1"}],"replies":[{"embeddable":true,"href":"https:\/\/agora.xtec.cat\/esc-lesavellanes\/wp-json\/wp\/v2\/comments?post=36"}],"version-history":[{"count":4,"href":"https:\/\/agora.xtec.cat\/esc-lesavellanes\/wp-json\/wp\/v2\/pages\/36\/revisions"}],"predecessor-version":[{"id":1104,"href":"https:\/\/agora.xtec.cat\/esc-lesavellanes\/wp-json\/wp\/v2\/pages\/36\/revisions\/1104"}],"up":[{"embeddable":true,"href":"https:\/\/agora.xtec.cat\/esc-lesavellanes\/wp-json\/wp\/v2\/pages\/22"}],"wp:attachment":[{"href":"https:\/\/agora.xtec.cat\/esc-lesavellanes\/wp-json\/wp\/v2\/media?parent=36"}],"curies":[{"name":"wp","href":"https:\/\/api.w.org\/{rel}","templated":true}]}}