{"id":22,"date":"2019-07-01T12:19:57","date_gmt":"2019-07-01T10:19:57","guid":{"rendered":"http:\/\/agora.xtec.cat\/esc-lesavellanes\/?page_id=22"},"modified":"2024-06-09T09:17:47","modified_gmt":"2024-06-09T07:17:47","slug":"lescola","status":"publish","type":"page","link":"https:\/\/agora.xtec.cat\/esc-lesavellanes\/lescola\/","title":{"rendered":"1 L&#8217;escola"},"content":{"rendered":"<p>L&#8217;Escola de Les Avellanes, actualment integrada dins la ZER El Montsec, fou constru\u00efda al principi de la d\u00e8cada dels seixanta del segle passat, dins el &#8220;Plan Nacional de Construcciones Escolares&#8221; de l&#8217;any 1959, concretament inaugurat el 1962. \u00c9s una d\u2019aquelles construccions que podem trobar en molts pobles i poblets de Catalunya, on al pis de dalt hi vivien els mestres i al de baix hi havia la classe. Si, la classe, una de sola, en alguns moments amb m\u00e9s de 30 alumnes amb una sola mestra (parlem del boom de naixements d\u2019entorn l\u2019any 1975).<\/p>\n<p><a href=\"https:\/\/agora.xtec.cat\/esc-lesavellanes\/wp-content\/uploads\/usu1038\/2019\/11\/Foto-escola-2019-600-x-449.jpg\"><img loading=\"lazy\" decoding=\"async\" class=\"aligncenter wp-image-783 size-full\" src=\"https:\/\/agora.xtec.cat\/esc-lesavellanes\/wp-content\/uploads\/usu1038\/2019\/11\/Foto-escola-2019-600-x-449.jpg\" alt=\"\" width=\"600\" height=\"449\" srcset=\"https:\/\/agora.xtec.cat\/esc-lesavellanes\/wp-content\/uploads\/usu1038\/2019\/11\/Foto-escola-2019-600-x-449.jpg 600w, https:\/\/agora.xtec.cat\/esc-lesavellanes\/wp-content\/uploads\/usu1038\/2019\/11\/Foto-escola-2019-600-x-449-300x225.jpg 300w, https:\/\/agora.xtec.cat\/esc-lesavellanes\/wp-content\/uploads\/usu1038\/2019\/11\/Foto-escola-2019-600-x-449-200x150.jpg 200w\" sizes=\"auto, (max-width: 600px) 100vw, 600px\" \/><\/a><\/p>\n<p>Diferents reformes han anat configurant l&#8217;estat actual del centre.<\/p>\n<p>Amb la creaci\u00f3 de la ZER Montsec l&#8217;any 1992, es va habilitar la primera planta, que antigament era la vivenda de la mestra, com a aula i despatx de direcci\u00f3 de la ZER.<\/p>\n<p>Posteriorment es van canviar les finestres i persianes i es va tancar l&#8217;entrada a l&#8217;edifici.<\/p>\n<p>L&#8217;any 2017 es van arreglar els lavabos de la planta baixa i la zona d&#8217;esbarjo, creant-hi dues parts ben diferenciades, una de sorra, on hi ha els gronxadors i l&#8217;altra, pavimentada, amb dues cistelles de b\u00e0squet. Les dues parts estan separades per uns bancs de fusta que impedeixen que baixi la sorra d&#8217;una a l&#8217;altra.<\/p>\n<p>L&#8217;any 2021 es van arreglar els lavabos de la primera planta i es va substituir el terra de la planta baixa.<\/p>\n<p>En aquests moments estem pendents d&#8217;unes obres d&#8217;ampliaci\u00f3 per fer una nova sala que serveixi com a menjador, ja que ara s&#8217;han de despla\u00e7ar a la sala de la pista poliesportiva, i una nova aula.<\/p>\n<p>Com la majoria dels centres d&#8217;educaci\u00f3 prim\u00e0ria, la propiet\u00e0ria de l&#8217;escola \u00e9s l&#8217;Ajuntament del Municipi, qui vetlla pel seu manteniment, i del material que hi ha a dins n&#8217;\u00e9s propietari el Departament d&#8217;Educaci\u00f3.<\/p>\n<p>L&#8217;\u00fas del centre educatiu ve regulat pel Departament d&#8217;Educaci\u00f3. L&#8217;\u00fas principal ha de ser l&#8217;activitat lectiva, per\u00f2 s&#8217;obre la porta a que tingui altres usos com es detalla en el document seg\u00fcent, que fa refer\u00e8ncia a l&#8217;<a href=\"https:\/\/agora.xtec.cat\/esc-lesavellanes\/wp-content\/uploads\/usu1038\/2024\/06\/GEST_Us_social.pdf\" target=\"_blank\" rel=\"noopener\">\u00fas social dels centres educatius<\/a>.<\/p>\n","protected":false},"excerpt":{"rendered":"<p>L&#8217;Escola de Les Avellanes, actualment integrada dins la ZER El Montsec, fou constru\u00efda al principi de la d\u00e8cada dels seixanta del segle passat, dins el &#8220;Plan Nacional de Construcciones Escolares&#8221; de l&#8217;any 1959, concretament inaugurat el 1962. \u00c9s una d\u2019aquelles construccions que podem trobar en&hellip;  <a href=\"https:\/\/agora.xtec.cat\/esc-lesavellanes\/lescola\/\" title=\"Read 1 L&#8217;escola\">Llegeix m\u00e9s\u00bb<\/a><\/p>\n","protected":false},"author":1,"featured_media":0,"parent":0,"menu_order":0,"comment_status":"closed","ping_status":"closed","template":"page-templates\/side-menu.php","meta":{"_bbp_topic_count":0,"_bbp_reply_count":0,"_bbp_total_topic_count":0,"_bbp_total_reply_count":0,"_bbp_voice_count":0,"_bbp_anonymous_reply_count":0,"_bbp_topic_count_hidden":0,"_bbp_reply_count_hidden":0,"_bbp_forum_subforum_count":0,"footnotes":""},"class_list":["post-22","page","type-page","status-publish","hentry"],"post_mailing_queue_ids":[],"_links":{"self":[{"href":"https:\/\/agora.xtec.cat\/esc-lesavellanes\/wp-json\/wp\/v2\/pages\/22","targetHints":{"allow":["GET"]}}],"collection":[{"href":"https:\/\/agora.xtec.cat\/esc-lesavellanes\/wp-json\/wp\/v2\/pages"}],"about":[{"href":"https:\/\/agora.xtec.cat\/esc-lesavellanes\/wp-json\/wp\/v2\/types\/page"}],"author":[{"embeddable":true,"href":"https:\/\/agora.xtec.cat\/esc-lesavellanes\/wp-json\/wp\/v2\/users\/1"}],"replies":[{"embeddable":true,"href":"https:\/\/agora.xtec.cat\/esc-lesavellanes\/wp-json\/wp\/v2\/comments?post=22"}],"version-history":[{"count":5,"href":"https:\/\/agora.xtec.cat\/esc-lesavellanes\/wp-json\/wp\/v2\/pages\/22\/revisions"}],"predecessor-version":[{"id":1339,"href":"https:\/\/agora.xtec.cat\/esc-lesavellanes\/wp-json\/wp\/v2\/pages\/22\/revisions\/1339"}],"wp:attachment":[{"href":"https:\/\/agora.xtec.cat\/esc-lesavellanes\/wp-json\/wp\/v2\/media?parent=22"}],"curies":[{"name":"wp","href":"https:\/\/api.w.org\/{rel}","templated":true}]}}