{"id":73,"date":"2014-09-18T14:01:51","date_gmt":"2014-09-18T13:01:51","guid":{"rendered":"http:\/\/agora.xtec.cat\/esc-lasiniamolins\/?page_id=73"},"modified":"2022-09-09T22:43:50","modified_gmt":"2022-09-09T20:43:50","slug":"menjador-escolar","status":"publish","type":"page","link":"https:\/\/agora.xtec.cat\/esc-lasiniamolins\/afa\/menjador-escolar\/","title":{"rendered":"Menjador escolar"},"content":{"rendered":"<p>De les 12.20h i fins les 15h, l&#8217;escola disposa de servei de menjador.<\/p>\n<p>Per qualsevol dubte, aclariment o incid\u00e8ncia podeu trucar o escriure a la<strong> Mireia Arna<\/strong>l, que \u00e9s la<br \/>\nresponsable de menjador, com aquests \u00faltims anys. <strong><em>Us heu d\u2019adre\u00e7ar a ella a partir de les 8h\u00a0<\/em><\/strong><br \/>\n<strong><em>trav\u00e9s del tel\u00e8fon 609.737.185, al correu electr\u00f2nic menjador.lasinia@doblevia.coop.<\/em> <\/strong><\/p>\n<p>Quan un infant per malaltia o qualsevol altra causa, un dia no faci servir el servei de menjador, quan<br \/>\nhabitualment es queda, cal que ho comuniqueu abans de 2\/4 de 10h al tel\u00e8fon del menjador.<br \/>\n<em>No truqueu a l&#8217;escola<\/em>, ja que la Mireia \u00e9s qui coordina aquest servei i d\u2019aquesta manera ens<br \/>\nassegurem que no es perdi cap informaci\u00f3 .Nom\u00e9s es far\u00e0 el retorn econ\u00f2mic si s\u2019ha avisat<br \/>\nadequadament al final del trimestre. Els avisos referents a l\u2019alimentaci\u00f3 els heu de fer arribar a<br \/>\ntrav\u00e9s dels fulls d\u2019incid\u00e8ncies espec\u00edfics del servei de menjador.<\/p>\n<p>Els men\u00fas es pengen mensualment al web. Rebreu un informe trimestral sobre el vostre fill o filla.<br \/>\nSi el vostre fill\/a pateix alguna al\u00b7l\u00e8rgia, cal que ho indiqueu a l&#8217;hora de fer la inscripci\u00f3 amb Doble<br \/>\nVia o informar a la coordinadora per tal de poder adaptar la seva dieta. Ella us facilitar\u00e0 la<br \/>\ndocumentaci\u00f3 que haureu d\u2019omplir i haureu d\u2019adjuntar l\u2019informe m\u00e8dic de l\u2019especialista .<\/p>\n<p>Els infants que s\u00f3n fixos faran els pagaments mensualment per domiciliaci\u00f3 banc\u00e0ria. Us haureu<br \/>\nde registrar al portal de Doble Via a https:\/\/menjasa.coop\/ amb un usuari i contrasenya. Un cop<br \/>\nregistrats, cada curs heu de donar d\u2019alta el servei que m\u00e9s us escaigui. Aquestes noves<br \/>\ncontractacions de servei es podran fer fins el diumenge 13 de setembre; a partir de dilluns 14 els<br \/>\ninfants que no tinguin cap servei contractat se\u2019ls cobrar\u00e0 l\u2019import de men\u00fa espor\u00e0dic, i es cobrar\u00e0<br \/>\na l\u2019octubre.<\/p>\n<p>Molt important, per a les fam\u00edlies que feu \u00fas del menjador espor\u00e0dicament, haureu d\u2019avisar a la<br \/>\nMireia via whatsApp, a final de mes ella us informar\u00e0 del que heu d\u2019abonar per els dies que s\u2019ha<br \/>\nquedat el vostre fill\/a el menjador. El pagament el podreu fer per transferencia o pagar de forma<br \/>\npresencial, el servei disposa de dat\u00e0fon per formalitzar el pagament. El preu eventual de menjador<br \/>\nser\u00e0 comunicat a l\u2019inici de curs.<\/p>\n<p>El servei de menjador prepara uns picnics per als infants els dies que tenen sortida i que fan \u00fas<br \/>\nhabitual del servei. Si alguna fam\u00edlia prefereix preparar-ho a casa, hauran d\u2019omplir al setembre<br \/>\nun impr\u00e8s que facilitar\u00e0 l\u2019empresa del servei de menjador, per tal que no li preparin.<\/p>\n<p>L\u2019AFA \u00e9s qui a trav\u00e9s de Doble Via ofereix el servei de menjador. <strong><em>Per a fer observacions sobre el<\/em><\/strong><br \/>\n<strong><em>servei us hi podeu adre\u00e7ar a trav\u00e9s del correu: menjador.lasinia<span class=\"atwho-query\">@gmail.com<\/span><\/em><\/strong><br \/>\nDoble Via est\u00e0 treballant conjuntament amb l\u2019escola i l\u2019AFA per donar solucions a les noves<br \/>\nmesures i protocols que s\u2019hauran de dur a terme aquest curs.<\/p>\n","protected":false},"excerpt":{"rendered":"<p>De les 12.20h i fins les 15h, l&#8217;escola disposa de servei de menjador.<br \/>\nPer qualsevol dubte, aclariment o incid\u00e8ncia podeu trucar o escriure a la Mireia Arnal, que \u00e9s la<br \/>\nresponsable de menjador, com aquests \u00faltims anys. Us heu d\u2019adre\u00e7ar a ella a partir de les 8h\u00a0<br \/>\ntrav\u00e9s&hellip;  <a href=\"https:\/\/agora.xtec.cat\/esc-lasiniamolins\/afa\/menjador-escolar\/\" title=\"Read Menjador escolar\">Llegeix m\u00e9s\u00bb<\/a><\/p>\n","protected":false},"author":1,"featured_media":0,"parent":1684,"menu_order":20,"comment_status":"closed","ping_status":"closed","template":"page-templates\/side-menu.php","meta":{"_bbp_topic_count":0,"_bbp_reply_count":0,"_bbp_total_topic_count":0,"_bbp_total_reply_count":0,"_bbp_voice_count":0,"_bbp_anonymous_reply_count":0,"_bbp_topic_count_hidden":0,"_bbp_reply_count_hidden":0,"_bbp_forum_subforum_count":0,"footnotes":""},"class_list":["post-73","page","type-page","status-publish","hentry"],"post_mailing_queue_ids":[],"_links":{"self":[{"href":"https:\/\/agora.xtec.cat\/esc-lasiniamolins\/wp-json\/wp\/v2\/pages\/73","targetHints":{"allow":["GET"]}}],"collection":[{"href":"https:\/\/agora.xtec.cat\/esc-lasiniamolins\/wp-json\/wp\/v2\/pages"}],"about":[{"href":"https:\/\/agora.xtec.cat\/esc-lasiniamolins\/wp-json\/wp\/v2\/types\/page"}],"author":[{"embeddable":true,"href":"https:\/\/agora.xtec.cat\/esc-lasiniamolins\/wp-json\/wp\/v2\/users\/1"}],"replies":[{"embeddable":true,"href":"https:\/\/agora.xtec.cat\/esc-lasiniamolins\/wp-json\/wp\/v2\/comments?post=73"}],"version-history":[{"count":1,"href":"https:\/\/agora.xtec.cat\/esc-lasiniamolins\/wp-json\/wp\/v2\/pages\/73\/revisions"}],"predecessor-version":[{"id":962,"href":"https:\/\/agora.xtec.cat\/esc-lasiniamolins\/wp-json\/wp\/v2\/pages\/73\/revisions\/962"}],"up":[{"embeddable":true,"href":"https:\/\/agora.xtec.cat\/esc-lasiniamolins\/wp-json\/wp\/v2\/pages\/1684"}],"wp:attachment":[{"href":"https:\/\/agora.xtec.cat\/esc-lasiniamolins\/wp-json\/wp\/v2\/media?parent=73"}],"curies":[{"name":"wp","href":"https:\/\/api.w.org\/{rel}","templated":true}]}}