{"id":1698,"date":"2022-07-14T20:29:21","date_gmt":"2022-07-14T18:29:21","guid":{"rendered":"https:\/\/agora.xtec.cat\/esc-lasiniamolins\/?page_id=1698"},"modified":"2022-09-09T22:46:02","modified_gmt":"2022-09-09T20:46:02","slug":"extraescolars","status":"publish","type":"page","link":"https:\/\/agora.xtec.cat\/esc-lasiniamolins\/afa\/extraescolars\/","title":{"rendered":"Extraescolars"},"content":{"rendered":"<p>Fam\u00edlies!!!<\/p>\n<p>Ja tenim penjada tota la informaci\u00f3 i<strong>\u00a0documentaci\u00f3 per l\u2019extraescolar d\u2019angl\u00e8s<\/strong> pel curs vinent.<\/p>\n<p>Aquest curs les inscripcions es faran de forma telem\u00e0tica. Les fam\u00edlies interessades podeu descarregar-vos la documentaci\u00f3 i enviar-ho per correu electr\u00f2nic a\u00a0 Learning School<\/p>\n<p>Us deixem la documentaci\u00f3 per a descarregar:<\/p>\n<p>Informaci\u00f3 extraescolar angl\u00e8s (<a href=\"http:\/\/blocs.xtec.cat\/lasiniaampa\/files\/2017\/06\/Informaci%C3%B3-angl%C3%A8s-extraescolar-2022-23-La-Sinia-nou-logo.pdf\">Clica aqu\u00ed<\/a>)<\/p>\n<p>Full d\u2019inscripci\u00f3 extraescolar angl\u00e8s (<a href=\"http:\/\/blocs.xtec.cat\/lasiniaampa\/files\/2017\/06\/Full-inscripci%C3%B3-angl%C3%A8s-extraescolar-2022-2023-La-Sinia.pdf\">Clica aqu\u00ed<\/a>)<\/p>\n<p>Enlla\u00e7 sessi\u00f3 informativa (<a href=\"http:\/\/blocs.xtec.cat\/lasiniaampa\/files\/2017\/06\/link-Sessi%C3%B3-informativa-La-S%C3%ADnia-2022-23.pdf\">Clica aqu\u00ed<\/a>)<\/p>\n<p>Per altra banda, Learning informa que el dimecres\u00a0<strong>15 de juny a les 18:30<\/strong>\u00a0far\u00e0 una sessi\u00f3 informativa per a les fam\u00edlies que estiguin interessades.<\/p>\n","protected":false},"excerpt":{"rendered":"<p>Fam\u00edlies!!!<br \/>\nJa tenim penjada tota la informaci\u00f3 i\u00a0documentaci\u00f3 per l\u2019extraescolar d\u2019angl\u00e8s pel curs vinent.<br \/>\nAquest curs les inscripcions es faran de forma telem\u00e0tica. Les fam\u00edlies interessades podeu descarregar-vos la documentaci\u00f3 i enviar-ho per correu electr\u00f2nic a\u00a0 Learning School<br \/>\nUs deixem la documentaci\u00f3 per a descarregar:<br \/>\nInformaci\u00f3 extraescolar angl\u00e8s (<a&hellip;  <a href=\"https:\/\/agora.xtec.cat\/esc-lasiniamolins\/afa\/extraescolars\/\" title=\"Read Extraescolars\">Llegeix m\u00e9s\u00bb<\/a><\/p>\n","protected":false},"author":1,"featured_media":0,"parent":1684,"menu_order":30,"comment_status":"closed","ping_status":"closed","template":"page-templates\/side-menu.php","meta":{"_bbp_topic_count":0,"_bbp_reply_count":0,"_bbp_total_topic_count":0,"_bbp_total_reply_count":0,"_bbp_voice_count":0,"_bbp_anonymous_reply_count":0,"_bbp_topic_count_hidden":0,"_bbp_reply_count_hidden":0,"_bbp_forum_subforum_count":0,"footnotes":""},"class_list":["post-1698","page","type-page","status-publish","hentry"],"post_mailing_queue_ids":[],"_links":{"self":[{"href":"https:\/\/agora.xtec.cat\/esc-lasiniamolins\/wp-json\/wp\/v2\/pages\/1698","targetHints":{"allow":["GET"]}}],"collection":[{"href":"https:\/\/agora.xtec.cat\/esc-lasiniamolins\/wp-json\/wp\/v2\/pages"}],"about":[{"href":"https:\/\/agora.xtec.cat\/esc-lasiniamolins\/wp-json\/wp\/v2\/types\/page"}],"author":[{"embeddable":true,"href":"https:\/\/agora.xtec.cat\/esc-lasiniamolins\/wp-json\/wp\/v2\/users\/1"}],"replies":[{"embeddable":true,"href":"https:\/\/agora.xtec.cat\/esc-lasiniamolins\/wp-json\/wp\/v2\/comments?post=1698"}],"version-history":[{"count":3,"href":"https:\/\/agora.xtec.cat\/esc-lasiniamolins\/wp-json\/wp\/v2\/pages\/1698\/revisions"}],"predecessor-version":[{"id":1726,"href":"https:\/\/agora.xtec.cat\/esc-lasiniamolins\/wp-json\/wp\/v2\/pages\/1698\/revisions\/1726"}],"up":[{"embeddable":true,"href":"https:\/\/agora.xtec.cat\/esc-lasiniamolins\/wp-json\/wp\/v2\/pages\/1684"}],"wp:attachment":[{"href":"https:\/\/agora.xtec.cat\/esc-lasiniamolins\/wp-json\/wp\/v2\/media?parent=1698"}],"curies":[{"name":"wp","href":"https:\/\/api.w.org\/{rel}","templated":true}]}}