{"id":1628,"date":"2022-06-02T00:47:11","date_gmt":"2022-06-01T22:47:11","guid":{"rendered":"https:\/\/agora.xtec.cat\/esc-lasiniamolins\/?page_id=1628"},"modified":"2022-09-09T22:59:39","modified_gmt":"2022-09-09T20:59:39","slug":"banc-de-recursos","status":"publish","type":"page","link":"https:\/\/agora.xtec.cat\/esc-lasiniamolins\/banc-de-recursos\/","title":{"rendered":"Banc de recursos"},"content":{"rendered":"<h4 dir=\"ltr\">Iniciem aquest banc de recursos des de la Comissi\u00f3 Pedag\u00f2gica de l\u2019escola La S\u00ednia.<\/h4>\n<h4 dir=\"ltr\">L\u2019objectiu \u00e9s compartir i fer arribar a casa materials i estrat\u00e8gies did\u00e0ctics que utilitzem a l\u2019escola.<\/h4>\n<h4 dir=\"ltr\">Anirem publicant contingut i recursos des d\u2019aquest blog perqu\u00e8 en pugueu fer \u00fas amb els vostres fills i filles.<\/h4>\n<h4 dir=\"ltr\"><i>Compartir l\u2019experi\u00e8ncia de l\u2019aprenentatge fa m\u00e9s rica l\u2019educaci\u00f3.<\/i><\/h4>\n","protected":false},"excerpt":{"rendered":"<p>Iniciem aquest banc de recursos des de la Comissi\u00f3 Pedag\u00f2gica de l\u2019escola La S\u00ednia.<br \/>\nL\u2019objectiu \u00e9s compartir i fer arribar a casa materials i estrat\u00e8gies did\u00e0ctics que utilitzem a l\u2019escola.<br \/>\nAnirem publicant contingut i recursos des d\u2019aquest blog perqu\u00e8 en pugueu fer \u00fas amb els vostres fills&hellip;  <a href=\"https:\/\/agora.xtec.cat\/esc-lasiniamolins\/banc-de-recursos\/\" title=\"Read Banc de recursos\">Llegeix m\u00e9s\u00bb<\/a><\/p>\n","protected":false},"author":1,"featured_media":0,"parent":0,"menu_order":0,"comment_status":"closed","ping_status":"closed","template":"page-templates\/side-menu.php","meta":{"_bbp_topic_count":0,"_bbp_reply_count":0,"_bbp_total_topic_count":0,"_bbp_total_reply_count":0,"_bbp_voice_count":0,"_bbp_anonymous_reply_count":0,"_bbp_topic_count_hidden":0,"_bbp_reply_count_hidden":0,"_bbp_forum_subforum_count":0,"footnotes":""},"class_list":["post-1628","page","type-page","status-publish","hentry"],"post_mailing_queue_ids":[],"_links":{"self":[{"href":"https:\/\/agora.xtec.cat\/esc-lasiniamolins\/wp-json\/wp\/v2\/pages\/1628","targetHints":{"allow":["GET"]}}],"collection":[{"href":"https:\/\/agora.xtec.cat\/esc-lasiniamolins\/wp-json\/wp\/v2\/pages"}],"about":[{"href":"https:\/\/agora.xtec.cat\/esc-lasiniamolins\/wp-json\/wp\/v2\/types\/page"}],"author":[{"embeddable":true,"href":"https:\/\/agora.xtec.cat\/esc-lasiniamolins\/wp-json\/wp\/v2\/users\/1"}],"replies":[{"embeddable":true,"href":"https:\/\/agora.xtec.cat\/esc-lasiniamolins\/wp-json\/wp\/v2\/comments?post=1628"}],"version-history":[{"count":3,"href":"https:\/\/agora.xtec.cat\/esc-lasiniamolins\/wp-json\/wp\/v2\/pages\/1628\/revisions"}],"predecessor-version":[{"id":1781,"href":"https:\/\/agora.xtec.cat\/esc-lasiniamolins\/wp-json\/wp\/v2\/pages\/1628\/revisions\/1781"}],"wp:attachment":[{"href":"https:\/\/agora.xtec.cat\/esc-lasiniamolins\/wp-json\/wp\/v2\/media?parent=1628"}],"curies":[{"name":"wp","href":"https:\/\/api.w.org\/{rel}","templated":true}]}}