{"id":73,"date":"2014-09-18T14:01:51","date_gmt":"2014-09-18T14:01:51","guid":{"rendered":"http:\/\/agora.xtec.cat\/esc-lasagrera\/?page_id=73"},"modified":"2025-11-03T09:25:34","modified_gmt":"2025-11-03T08:25:34","slug":"menjador-escolar","status":"publish","type":"page","link":"https:\/\/agora.xtec.cat\/esc-lasagrera\/serveis\/menjador-escolar\/","title":{"rendered":"Menjador escolar"},"content":{"rendered":"<p><a href=\"https:\/\/tresmes.com\/PDF\/MG.pdf\"><img loading=\"lazy\" decoding=\"async\" class=\"aligncenter wp-image-3910 size-full\" src=\"https:\/\/agora.xtec.cat\/esc-lasagrera\/wp-content\/uploads\/usu192\/2023\/11\/ICONA-MENU.png\" alt=\"\" width=\"148\" height=\"160\" srcset=\"https:\/\/agora.xtec.cat\/esc-lasagrera\/wp-content\/uploads\/usu192\/2023\/11\/ICONA-MENU.png 148w, https:\/\/agora.xtec.cat\/esc-lasagrera\/wp-content\/uploads\/usu192\/2023\/11\/ICONA-MENU-139x150.png 139w\" sizes=\"auto, (max-width: 148px) 100vw, 148px\" \/><\/a><\/p>\n<p>El <strong>Consell Escolar<\/strong> \u00e9s responsable del servei de menjador. L\u2019empresa contractada \u00e9s<a href=\"https:\/\/tresmes.com\/\"><strong> Tresmes<\/strong><\/a>.<\/p>\n<p>La <strong>Comissi\u00f3 de Menjador<\/strong> del Consell Escolar fa el seguiment del servei de menjador i es reuneix peri\u00f2dicament, almenys una vegada al trimestre.<\/p>\n<p>La normativa del menjador es regeix pel Pla de Funcionament del Menjador i tamb\u00e9 per les Normes d\u2019Organitzaci\u00f3 i Funcionament del Centre (NOFC).<\/p>\n<p>Una monitora de menjador est\u00e0 a l\u2019escola per poder atendre les fam\u00edlies cada dia, de 9 a 9.15. El funcionament pel que fa a pagaments \u00e9s a trav\u00e9s de domiciliaci\u00f3 banc\u00e0ria, encara que sigui per dies espor\u00e0dics.<\/p>\n<p><strong>L\u2019horari<\/strong> de menjador \u00e9s de 12.30 a 15.00.\u00a0 El menjar s\u2019elabora a la cuina de l\u2019escola. Els infants d&#8217;I3 fan migdiada despr\u00e9s de dinar i la resta d\u2019alumnat fa activitats l\u00fadiques. La inscripci\u00f3 es fa a principi de curs i es pot fer com a usuari fix o espor\u00e0dic. En tots els casos, el pagament es fa mitjan\u00e7ant la domiciliaci\u00f3 banc\u00e0ria.<\/p>\n<p><strong>El preu del men\u00fa fix \u00e9s de 6.85\u20ac i 7.10\u20ac pel men\u00fa espor\u00e0dic.<\/strong><\/p>\n<p style=\"text-align: center;\">Coordinadora\u00a0 Anna M\u00aa GARCIA PLAZA \u00a0 \u00a0 (M\u00d2BIL) \u00a0681254253<\/p>\n<p style=\"text-align: center;\"><strong><a href=\"https:\/\/tresmes.com\/\" target=\"_blank\" rel=\"noopener noreferrer\">INSCRIPCIONS<\/a><\/strong><\/p>\n<p style=\"text-align: center;\"><strong><a href=\"https:\/\/tresmes.com\/PDF\/MG.pdf\" target=\"_blank\" rel=\"noopener\">MEN\u00da DEL MES<\/a><\/strong><\/p>\n<p style=\"text-align: center;\"><strong><a href=\"https:\/\/tresmes.com\/\" target=\"_blank\" rel=\"noopener\">MEN\u00daS ESPECIALS<\/a><\/strong><\/p>\n<p style=\"text-align: center;\"><strong>\u00a0<a href=\"https:\/\/agora.xtec.cat\/esc-lasagrera\/wp-content\/uploads\/usu192\/2025\/09\/36.LS-BUTLLETA-CURS-25-26-1.pdf\">INFORMACI\u00d3 I NORMATIVA MENJADOR 25-26<\/a><\/strong><\/p>\n","protected":false},"excerpt":{"rendered":"<p><a href=\"https:\/\/tresmes.com\/PDF\/MG.pdf\"><\/a><br \/>\nEl Consell Escolar \u00e9s responsable del servei de menjador. L\u2019empresa contractada \u00e9s<a href=\"https:\/\/tresmes.com\/\"> Tresmes<\/a>.<br \/>\nLa Comissi\u00f3 de Menjador del Consell Escolar fa el seguiment del servei de menjador i es reuneix peri\u00f2dicament, almenys una vegada al trimestre.<br \/>\nLa normativa del menjador es regeix pel Pla de&hellip;  <a href=\"https:\/\/agora.xtec.cat\/esc-lasagrera\/serveis\/menjador-escolar\/\" title=\"Read Menjador escolar\">Llegeix m\u00e9s\u00bb<\/a><\/p>\n","protected":false},"author":2,"featured_media":0,"parent":66,"menu_order":30,"comment_status":"closed","ping_status":"closed","template":"","meta":{"_bbp_topic_count":0,"_bbp_reply_count":0,"_bbp_total_topic_count":0,"_bbp_total_reply_count":0,"_bbp_voice_count":0,"_bbp_anonymous_reply_count":0,"_bbp_topic_count_hidden":0,"_bbp_reply_count_hidden":0,"_bbp_forum_subforum_count":0,"footnotes":""},"class_list":["post-73","page","type-page","status-publish","hentry"],"post_mailing_queue_ids":[],"_links":{"self":[{"href":"https:\/\/agora.xtec.cat\/esc-lasagrera\/wp-json\/wp\/v2\/pages\/73","targetHints":{"allow":["GET"]}}],"collection":[{"href":"https:\/\/agora.xtec.cat\/esc-lasagrera\/wp-json\/wp\/v2\/pages"}],"about":[{"href":"https:\/\/agora.xtec.cat\/esc-lasagrera\/wp-json\/wp\/v2\/types\/page"}],"author":[{"embeddable":true,"href":"https:\/\/agora.xtec.cat\/esc-lasagrera\/wp-json\/wp\/v2\/users\/2"}],"replies":[{"embeddable":true,"href":"https:\/\/agora.xtec.cat\/esc-lasagrera\/wp-json\/wp\/v2\/comments?post=73"}],"version-history":[{"count":6,"href":"https:\/\/agora.xtec.cat\/esc-lasagrera\/wp-json\/wp\/v2\/pages\/73\/revisions"}],"predecessor-version":[{"id":4285,"href":"https:\/\/agora.xtec.cat\/esc-lasagrera\/wp-json\/wp\/v2\/pages\/73\/revisions\/4285"}],"up":[{"embeddable":true,"href":"https:\/\/agora.xtec.cat\/esc-lasagrera\/wp-json\/wp\/v2\/pages\/66"}],"wp:attachment":[{"href":"https:\/\/agora.xtec.cat\/esc-lasagrera\/wp-json\/wp\/v2\/media?parent=73"}],"curies":[{"name":"wp","href":"https:\/\/api.w.org\/{rel}","templated":true}]}}