{"id":1484,"date":"2021-11-15T08:30:08","date_gmt":"2021-11-15T07:30:08","guid":{"rendered":"http:\/\/agora.xtec.cat\/esc-lasagrera\/?page_id=1484"},"modified":"2022-09-15T11:01:24","modified_gmt":"2022-09-15T09:01:24","slug":"erasmus","status":"publish","type":"page","link":"https:\/\/agora.xtec.cat\/esc-lasagrera\/projectes-descola\/erasmus\/","title":{"rendered":"Erasmus+"},"content":{"rendered":"<p>&nbsp;<\/p>\n<p>Enguany (curs 2021-22), la nostra escola participar\u00e0 en el projecte Erasmus+ promogut per la Comissi\u00f3 Europea per tal de millorar el nivell de compet\u00e8ncies b\u00e0siques, incrementar les possibilitats de mobilitat i millorar la qualitat de la tasca docent i del treball cooperatiu.<\/p>\n<p>Aquest projecte s\u2019anomena TOGETHER (Teachers On a Great Experience Throughout Europe) i est\u00e0 format per 8 escoles de la zona: Escola el Tur\u00f3, Escola Els Cingles, Escola Les Llisses, Escola Ron\u00e7ana, Escola Els Pinetons, Escola El Farell, Escola Bert\u00ed i Escola La Sagrera. TOGETHER est\u00e0 coordinat i dirigit pel CRP del Servei Educatiu del Vall\u00e8s Oriental IV i cofinan\u00e7at pel programa Erasmus+ de la Uni\u00f3 Europea.<\/p>\n<p>El projecte t\u00e9 una durada de 18 mesos. A trav\u00e9s de la dotaci\u00f3 econ\u00f2mica rebuda, mestres representants de cada escola seran els encarregats de realitzar diversos cursos de formaci\u00f3 i visites a centres educatius pioners d\u2019arreu de la Uni\u00f3 Europea, aix\u00ed com assistir a diferents jornades pedag\u00f2giques organitzades per experts en la mat\u00e8ria.<\/p>\n<p>Els objectius del programa s\u00f3n:<\/p>\n<ol>\n<li>Millorar la compet\u00e8ncia digital docent.<\/li>\n<li>Promoure i integrar metodologies innovadores en l\u2019\u00e0rea de llengua anglesa.<\/li>\n<li>Promoure la internacionalitzaci\u00f3 dels centres educatius de la zona.<\/li>\n<\/ol>\n<p>La finalitat \u00e9s formar-nos a nivell de centre i fer-ne difusi\u00f3 a tota la comunitat educativa de la zona.<\/p>\n<p>We are looking forward to starting this new adventure TOGETHER!<\/p>\n<p>Per mantenir-vos informats de les novetats del projecte TOGETHER podeu consultar aquest bolg:<\/p>\n<p><a href=\"https:\/\/serveiseducatius.xtec.cat\/vallesoriental4\/categoria\/erasmus-together\/\" target=\"_blank\" rel=\"noopener\">Blog projecte Erasmus+TOGETHER<\/a><\/p>\n","protected":false},"excerpt":{"rendered":"<p>&nbsp;<br \/>\nEnguany (curs 2021-22), la nostra escola participar\u00e0 en el projecte Erasmus+ promogut per la Comissi\u00f3 Europea per tal de millorar el nivell de compet\u00e8ncies b\u00e0siques, incrementar les possibilitats de mobilitat i millorar la qualitat de la tasca docent i del treball cooperatiu.<br \/>\nAquest projecte s\u2019anomena TOGETHER&hellip;  <a href=\"https:\/\/agora.xtec.cat\/esc-lasagrera\/projectes-descola\/erasmus\/\" title=\"Read Erasmus+\">Llegeix m\u00e9s\u00bb<\/a><\/p>\n","protected":false},"author":1,"featured_media":0,"parent":48,"menu_order":0,"comment_status":"closed","ping_status":"closed","template":"","meta":{"_bbp_topic_count":0,"_bbp_reply_count":0,"_bbp_total_topic_count":0,"_bbp_total_reply_count":0,"_bbp_voice_count":0,"_bbp_anonymous_reply_count":0,"_bbp_topic_count_hidden":0,"_bbp_reply_count_hidden":0,"_bbp_forum_subforum_count":0,"footnotes":""},"class_list":["post-1484","page","type-page","status-publish","hentry"],"post_mailing_queue_ids":[],"_links":{"self":[{"href":"https:\/\/agora.xtec.cat\/esc-lasagrera\/wp-json\/wp\/v2\/pages\/1484","targetHints":{"allow":["GET"]}}],"collection":[{"href":"https:\/\/agora.xtec.cat\/esc-lasagrera\/wp-json\/wp\/v2\/pages"}],"about":[{"href":"https:\/\/agora.xtec.cat\/esc-lasagrera\/wp-json\/wp\/v2\/types\/page"}],"author":[{"embeddable":true,"href":"https:\/\/agora.xtec.cat\/esc-lasagrera\/wp-json\/wp\/v2\/users\/1"}],"replies":[{"embeddable":true,"href":"https:\/\/agora.xtec.cat\/esc-lasagrera\/wp-json\/wp\/v2\/comments?post=1484"}],"version-history":[{"count":3,"href":"https:\/\/agora.xtec.cat\/esc-lasagrera\/wp-json\/wp\/v2\/pages\/1484\/revisions"}],"predecessor-version":[{"id":3699,"href":"https:\/\/agora.xtec.cat\/esc-lasagrera\/wp-json\/wp\/v2\/pages\/1484\/revisions\/3699"}],"up":[{"embeddable":true,"href":"https:\/\/agora.xtec.cat\/esc-lasagrera\/wp-json\/wp\/v2\/pages\/48"}],"wp:attachment":[{"href":"https:\/\/agora.xtec.cat\/esc-lasagrera\/wp-json\/wp\/v2\/media?parent=1484"}],"curies":[{"name":"wp","href":"https:\/\/api.w.org\/{rel}","templated":true}]}}