{"id":73,"date":"2014-09-18T14:01:51","date_gmt":"2014-09-18T13:01:51","guid":{"rendered":"http:\/\/agora.xtec.cat\/esc-larcstmarti\/?page_id=73"},"modified":"2026-04-15T15:55:12","modified_gmt":"2026-04-15T13:55:12","slug":"menjador-escolar","status":"publish","type":"page","link":"https:\/\/agora.xtec.cat\/esc-larcstmarti\/serveis\/menjador-escolar\/","title":{"rendered":"Menjador escolar"},"content":{"rendered":"<ul>\n<li>Cuina pr\u00f2pia.<\/li>\n<li>Men\u00fa equilibrat, variat, saludable i suggerent que s\u2019adapta a les necessitats de l\u2019infant.<\/li>\n<li style=\"text-align: left;\">L\u2019escola proporciona la programaci\u00f3 del men\u00fa mensual a trav\u00e9s d&#8217;aquest web.<\/li>\n<li>Men\u00fas especials en dies de celebracions.<\/li>\n<li style=\"text-align: left;\">Es celebren Jornades Gastron\u00f2miques.<\/li>\n<li>\n<p class=\"_04xlpA direction-ltr align-justify para-style-body\"><span class=\"JsGRdQ\">La coordinadora de l\u2019espai migdia\u00a0<\/span><span class=\"JsGRdQ\">disposa d\u2019una franja hor\u00e0ria di\u00e0ria per atendre a les fam\u00edlies.<\/span><\/p>\n<\/li>\n<\/ul>\n<p style=\"text-align: center;\"><strong>MEN\u00da\u00a0 SETEMBRE<\/strong><\/p>\n<p style=\"text-align: center;\"><a href=\"https:\/\/drive.google.com\/file\/d\/188SnYriC_XobzBqzAPllIkZbq0hjQ7T4\/view?usp=sharing\">Men\u00fa<\/a><\/p>\n<p style=\"text-align: center;\"><a href=\"https:\/\/drive.google.com\/file\/d\/1MMBOXbWxhJgh2RxIzw3TughU6m1YfJVF\/view?usp=sharing\">Men\u00fa halal<\/a><\/p>\n<p style=\"text-align: center;\"><a href=\"https:\/\/drive.google.com\/file\/d\/1_pMe-fw6qKx9OvWAjC7DG-N9PS65OLNN\/view?usp=sharing\">Men\u00fa sense peix<\/a><\/p>\n<p>&nbsp;<\/p>\n<p style=\"text-align: center;\"><strong>MEN\u00da\u00a0 OCTUBRE<\/strong><\/p>\n<p style=\"text-align: center;\"><a href=\"https:\/\/drive.google.com\/file\/d\/1vRCGE_SRdV07_zsGFlkfMch4hZgojkip\/view?usp=sharing\">Men\u00fa<\/a><\/p>\n<p style=\"text-align: center;\"><a href=\"https:\/\/drive.google.com\/file\/d\/1QgpE7pCKdq3ghHEVwAD2g73zb7wEsy_U\/view?usp=sharing\">Men\u00fa halal<\/a><\/p>\n<p style=\"text-align: center;\"><a href=\"https:\/\/drive.google.com\/file\/d\/1Bp93vJeVbeYgdkVu1J4mwLXc3hhyU-J1\/view?usp=sharing\">Men\u00fa sense peix<\/a><\/p>\n<p>&nbsp;<\/p>\n<p style=\"text-align: center;\"><strong>MEN\u00da\u00a0 NOVEMBRE<\/strong><\/p>\n<p style=\"text-align: center;\"><a href=\"https:\/\/drive.google.com\/file\/d\/1cumyBXs131eDIYnh7xqkr7FGtWKWOCYQ\/view?usp=sharing\">Men\u00fa<\/a><\/p>\n<p style=\"text-align: center;\"><a href=\"https:\/\/drive.google.com\/file\/d\/1ZjoauWHTR3_4mhJg_aBdF31JNMBI6MGS\/view?usp=sharing\">Men\u00fa halal<\/a><\/p>\n<p style=\"text-align: center;\"><a href=\"https:\/\/drive.google.com\/file\/d\/1pxKyiFPsMwjMqK0VlWWQf_inKyWLrTRa\/view?usp=sharing\">Men\u00fa sense peix<\/a><\/p>\n<p>&nbsp;<\/p>\n<p style=\"text-align: center;\"><strong>MEN\u00da\u00a0 DESEMBRE<\/strong><\/p>\n<p style=\"text-align: center;\"><a href=\"https:\/\/drive.google.com\/file\/d\/1XiEJ6T1eQytFS3DuKyI1y-S2m0h1QHTc\/view?usp=sharing\">Men\u00fa<\/a><\/p>\n<p style=\"text-align: center;\"><a href=\"https:\/\/drive.google.com\/file\/d\/10gnGvwonkTT_KgE95UdUhK48bwJY06W1\/view?usp=sharing\">Men\u00fa halal<\/a><\/p>\n<p style=\"text-align: center;\"><a href=\"https:\/\/drive.google.com\/file\/d\/15sH9lZ2qAdkYWKeN1gunPsbIoBw4u9MQ\/view?usp=sharing\">Men\u00fa sense peix<\/a><\/p>\n<p>&nbsp;<\/p>\n<p style=\"text-align: center;\"><strong>MEN\u00da\u00a0 GENER<\/strong><\/p>\n<p style=\"text-align: center;\"><a href=\"https:\/\/drive.google.com\/file\/d\/1BKUPGrQx1_a_BAJGTJgI1m3ut6zs09Ob\/view?usp=sharing\">Men\u00fa<\/a><\/p>\n<p style=\"text-align: center;\"><a href=\"https:\/\/drive.google.com\/file\/d\/1iLkxZ8mpfNInKiYwPEIsgiZQDCr4srjJ\/view?usp=sharing\">Men\u00fa halal<\/a><\/p>\n<p style=\"text-align: center;\"><a href=\"https:\/\/drive.google.com\/file\/d\/1Feb1Ftv90xPFifl2yAUem0FRa53n_CpR\/view?usp=sharing\">Men\u00fa sense peix<\/a><\/p>\n<p>&nbsp;<\/p>\n<p style=\"text-align: center;\"><strong>MEN\u00da\u00a0 FEBRER<\/strong><\/p>\n<p style=\"text-align: center;\"><a href=\"https:\/\/drive.google.com\/file\/d\/1MG6Tn_tMRwfNIDkNYQ3Vwpkd46tQK_14\/view?usp=sharing\">Men\u00fa<\/a><\/p>\n<p style=\"text-align: center;\"><a href=\"https:\/\/drive.google.com\/file\/d\/1bpbRFO3KgOI4Hpkcbtrqw9nP5WSh_A80\/view?usp=drive_link\">Men\u00fa halal<\/a><\/p>\n<p style=\"text-align: center;\"><a href=\"https:\/\/drive.google.com\/file\/d\/1loGCCxFYTOMhVrvkKm-kWEZFNdTcQRUU\/view?usp=drive_link\">Men\u00fa sense peix<\/a><\/p>\n<p>&nbsp;<\/p>\n<p style=\"text-align: center;\"><strong>MEN\u00da\u00a0 MAR\u00c7<\/strong><\/p>\n<p style=\"text-align: center;\"><a href=\"https:\/\/drive.google.com\/file\/d\/1IahA-KyL_2bnuRcH_OcuKnArwn3z4dGY\/view?usp=sharing\">Men\u00fa<\/a><\/p>\n<p style=\"text-align: center;\"><a href=\"https:\/\/drive.google.com\/file\/d\/1T8s8jucxH73XrUBgwr8U1wF0eDW9r0zK\/view?usp=sharing\">Men\u00fa halal<\/a><\/p>\n<p style=\"text-align: center;\"><a href=\"https:\/\/drive.google.com\/file\/d\/1rkJSOytFa0cE4tyPp8DGwHpQaHmCOY7k\/view?usp=sharing\">Men\u00fa sense peix<\/a><\/p>\n<p>&nbsp;<\/p>\n<p style=\"text-align: center;\"><strong>MEN\u00da\u00a0 ABRIL<\/strong><\/p>\n<p style=\"text-align: center;\"><a href=\"https:\/\/drive.google.com\/file\/d\/1HGbwIeiPb23lERwH22N9fgqHKzZTHR-T\/view?usp=sharing\">Men\u00fa<\/a><\/p>\n<p style=\"text-align: center;\"><a href=\"https:\/\/drive.google.com\/file\/d\/1hI5RUyrQP7Jhgbmam_DJciPZ59SPwJZz\/view?usp=sharing\">Men\u00fa halal<\/a><\/p>\n<p style=\"text-align: center;\"><a href=\"https:\/\/drive.google.com\/file\/d\/1-GWCr3YZMnRcKrqZUQe0c2gVnyYNCuzB\/view?usp=sharing\">Men\u00fa sense peix<\/a><\/p>\n<p>&nbsp;<\/p>\n<p style=\"text-align: center;\"><strong>MEN\u00da\u00a0 MAIG<\/strong><\/p>\n<p style=\"text-align: center;\"><a href=\"https:\/\/drive.google.com\/file\/d\/1n5CwkJyBmAqgoyb-HZ9krMqKM610YOxs\/view?usp=sharing\">Men\u00fa<\/a><\/p>\n<p style=\"text-align: center;\"><a href=\"https:\/\/drive.google.com\/file\/d\/1Tykzlxlt_Cj-f4KW1u0qUXG1PeMgu6lp\/view?usp=sharing\">Men\u00fa halal<\/a><\/p>\n<p style=\"text-align: center;\"><a href=\"https:\/\/drive.google.com\/file\/d\/1BQ0W6-DRNXarD9tWiW3KqM3H07rDcDRF\/view?usp=sharing\">Men\u00fa sense peix<\/a><\/p>\n<p style=\"text-align: center;\"><strong>MEN\u00da\u00a0 JUNY<\/strong><\/p>\n<p style=\"text-align: center;\">Men\u00fa<\/p>\n<p style=\"text-align: center;\">Men\u00fa halal<\/p>\n<p style=\"text-align: center;\">Men\u00fa sense peix<\/p>\n<p>&nbsp;<\/p>\n<p>&nbsp;<\/p>\n<ul>\n<li style=\"text-align: left;\">Preu alumnat fix: 6,87\u20ac<\/li>\n<li>Preu alumnat eventual: 6,96\u20ac<\/li>\n<\/ul>\n<p>Podeu consultar les actes del Comissi\u00f3 de l&#8217;espai migdia al menjador.<\/p>\n<p><a href=\"https:\/\/drive.google.com\/file\/d\/1OYbVyRlFVI4CClSoBnR3-1JBTz9umzvF\/view?usp=sharing\">CERTIFICATS HALAL<\/a><\/p>\n","protected":false},"excerpt":{"rendered":"<p>Cuina pr\u00f2pia. Men\u00fa equilibrat, variat, saludable i suggerent que s\u2019adapta a les necessitats de l\u2019infant. L\u2019escola proporciona la programaci\u00f3 del men\u00fa mensual a trav\u00e9s d&#8217;aquest web. Men\u00fas especials en dies de celebracions. Es celebren Jornades Gastron\u00f2miques. La coordinadora de l\u2019espai migdia\u00a0disposa d\u2019una franja hor\u00e0ria di\u00e0ria per atendre a les fam\u00edlies. MEN\u00da\u00a0 SETEMBRE Men\u00fa Men\u00fa halal [&hellip;]<\/p>\n","protected":false},"author":1,"featured_media":0,"parent":66,"menu_order":30,"comment_status":"closed","ping_status":"closed","template":"","meta":{"_bbp_topic_count":0,"_bbp_reply_count":0,"_bbp_total_topic_count":0,"_bbp_total_reply_count":0,"_bbp_voice_count":0,"_bbp_anonymous_reply_count":0,"_bbp_topic_count_hidden":0,"_bbp_reply_count_hidden":0,"_bbp_forum_subforum_count":0,"site-sidebar-layout":"default","site-content-layout":"","ast-site-content-layout":"default","site-content-style":"default","site-sidebar-style":"default","ast-global-header-display":"","ast-banner-title-visibility":"","ast-main-header-display":"","ast-hfb-above-header-display":"","ast-hfb-below-header-display":"","ast-hfb-mobile-header-display":"","site-post-title":"","ast-breadcrumbs-content":"","ast-featured-img":"","footer-sml-layout":"","theme-transparent-header-meta":"default","adv-header-id-meta":"","stick-header-meta":"","header-above-stick-meta":"","header-main-stick-meta":"","header-below-stick-meta":"","astra-migrate-meta-layouts":"set","ast-page-background-enabled":"default","ast-page-background-meta":{"desktop":{"background-color":"var(--ast-global-color-4)","background-image":"","background-repeat":"repeat","background-position":"center center","background-size":"auto","background-attachment":"scroll","background-type":"","background-media":"","overlay-type":"","overlay-color":"","overlay-opacity":"","overlay-gradient":""},"tablet":{"background-color":"","background-image":"","background-repeat":"repeat","background-position":"center center","background-size":"auto","background-attachment":"scroll","background-type":"","background-media":"","overlay-type":"","overlay-color":"","overlay-opacity":"","overlay-gradient":""},"mobile":{"background-color":"","background-image":"","background-repeat":"repeat","background-position":"center center","background-size":"auto","background-attachment":"scroll","background-type":"","background-media":"","overlay-type":"","overlay-color":"","overlay-opacity":"","overlay-gradient":""}},"ast-content-background-meta":{"desktop":{"background-color":"var(--ast-global-color-5)","background-image":"","background-repeat":"repeat","background-position":"center center","background-size":"auto","background-attachment":"scroll","background-type":"","background-media":"","overlay-type":"","overlay-color":"","overlay-opacity":"","overlay-gradient":""},"tablet":{"background-color":"var(--ast-global-color-5)","background-image":"","background-repeat":"repeat","background-position":"center center","background-size":"auto","background-attachment":"scroll","background-type":"","background-media":"","overlay-type":"","overlay-color":"","overlay-opacity":"","overlay-gradient":""},"mobile":{"background-color":"var(--ast-global-color-5)","background-image":"","background-repeat":"repeat","background-position":"center center","background-size":"auto","background-attachment":"scroll","background-type":"","background-media":"","overlay-type":"","overlay-color":"","overlay-opacity":"","overlay-gradient":""}},"footnotes":""},"class_list":["post-73","page","type-page","status-publish","hentry"],"post_mailing_queue_ids":[],"_links":{"self":[{"href":"https:\/\/agora.xtec.cat\/esc-larcstmarti\/wp-json\/wp\/v2\/pages\/73","targetHints":{"allow":["GET"]}}],"collection":[{"href":"https:\/\/agora.xtec.cat\/esc-larcstmarti\/wp-json\/wp\/v2\/pages"}],"about":[{"href":"https:\/\/agora.xtec.cat\/esc-larcstmarti\/wp-json\/wp\/v2\/types\/page"}],"author":[{"embeddable":true,"href":"https:\/\/agora.xtec.cat\/esc-larcstmarti\/wp-json\/wp\/v2\/users\/1"}],"replies":[{"embeddable":true,"href":"https:\/\/agora.xtec.cat\/esc-larcstmarti\/wp-json\/wp\/v2\/comments?post=73"}],"version-history":[{"count":7,"href":"https:\/\/agora.xtec.cat\/esc-larcstmarti\/wp-json\/wp\/v2\/pages\/73\/revisions"}],"predecessor-version":[{"id":4092,"href":"https:\/\/agora.xtec.cat\/esc-larcstmarti\/wp-json\/wp\/v2\/pages\/73\/revisions\/4092"}],"up":[{"embeddable":true,"href":"https:\/\/agora.xtec.cat\/esc-larcstmarti\/wp-json\/wp\/v2\/pages\/66"}],"wp:attachment":[{"href":"https:\/\/agora.xtec.cat\/esc-larcstmarti\/wp-json\/wp\/v2\/media?parent=73"}],"curies":[{"name":"wp","href":"https:\/\/api.w.org\/{rel}","templated":true}]}}