{"id":706,"date":"2016-05-26T09:24:39","date_gmt":"2016-05-26T08:24:39","guid":{"rendered":"http:\/\/agora.xtec.cat\/esc-larcstmarti\/?page_id=706"},"modified":"2026-03-27T09:38:51","modified_gmt":"2026-03-27T08:38:51","slug":"documentacio","status":"publish","type":"page","link":"https:\/\/agora.xtec.cat\/esc-larcstmarti\/documentacio\/","title":{"rendered":"DOCUMENTACI\u00d3"},"content":{"rendered":"<p>CALENDARI ESCOLAR<\/p>\n<ul>\n<li><a href=\"https:\/\/drive.google.com\/file\/d\/1JgItaa__S60y0S3ZYL5oOSQx6bM5wKkL\/view?usp=sharing\">Curs 2025-2026.<\/a><\/li>\n<\/ul>\n<p>FULLS INFORMATIUS<\/p>\n<ul>\n<li><a href=\"https:\/\/drive.google.com\/file\/d\/12OdmWRpi-dg7toC0oQXPn54S96UjKQbx\/view?usp=sharing\">Llistat de llibres 2025-2026.<\/a><\/li>\n<\/ul>\n<p><span style=\"font-family: inherit; font-size: 1em;\">DOCUMENTS DE CENTRE<\/span><\/p>\n<ul>\n<li><a href=\"https:\/\/drive.google.com\/file\/d\/1p1VGmABoo7OR7pORO2jtFwpQFyiguC6x\/view?usp=sharing\">Projecte Educatiu.<\/a><\/li>\n<li><a href=\"https:\/\/drive.google.com\/file\/d\/1ZqRq2LbDXbLmfjDzkXBfhnpBue6UIvcb\/view?usp=sharing\">Projecte Ling\u00fc\u00edstic.<\/a><\/li>\n<li><a href=\"https:\/\/drive.google.com\/file\/d\/1qBdSVYOpTfcUa6ZGNMDXkZPEeMkatCFw\/view\">Normes d&#8217;organitzaci\u00f3 i funcionament de centre (NOFC).<\/a><\/li>\n<li><a href=\"https:\/\/drive.google.com\/file\/d\/1lx1qM6NDUbrum1ZiAPC_kOQ3v4RTj6M8\/view?usp=sharing\">Projecte de Biblioteca.<\/a><\/li>\n<li><a href=\"https:\/\/drive.google.com\/file\/d\/1aT3SuVUjhPPastTW9V_Ojehsa46xVx7W\/view?usp=drive_link\">Carta de comprom\u00eds educatiu.<\/a><\/li>\n<li><a href=\"https:\/\/drive.google.com\/file\/d\/18Zb1bXuNDAK32yRzTwuPJYOLICzRH4-T\/view?usp=sharing\">Programa t\u00e8cnics d&#8217;integraci\u00f3 social i educadors socials.<\/a><\/li>\n<li><a href=\"https:\/\/drive.google.com\/file\/d\/1xhmEH7J6jVE8M8EI7GwzQBOZ4ba-jh6T\/view?usp=sharing\">Estrat\u00e8gia digital de centre.<\/a><\/li>\n<\/ul>\n<p>QUOTA MATERIAL<\/p>\n<ul>\n<li><a href=\"https:\/\/drive.google.com\/file\/d\/1HeGkSfEpMSVmUUQwaM8FVPk-dj6uKKQM\/view?usp=sharing\">Quota material 2025-2026 Infantil.<\/a><\/li>\n<li><a href=\"https:\/\/drive.google.com\/file\/d\/1DD1xb0wX6LiA1RBmYr6zCu810Q9trkk2\/view?usp=sharing\">Quota material 2025-2026 Prim\u00e0ria<\/a>.<\/li>\n<\/ul>\n<p>AUTORITZACIONS SORTIDES<\/p>\n<ul>\n<li style=\"list-style-type: none;\">\n<ul>\n<li><a href=\"https:\/\/drive.google.com\/drive\/u\/3\/folders\/0B45gnOe4BrsNZG80OVc0Sy1SVFE?resourcekey=0-yraZmo6Vzk2qvv3iH3byBQ\">Autoritzaci\u00f3 sortida general.<\/a><\/li>\n<li><a href=\"https:\/\/drive.google.com\/file\/d\/1ieq-LSHgA1VJP1gnWwJf-odBpf5vuJar\/view?usp=sharing\">1r: Piano<\/a><\/li>\n<li><a href=\"https:\/\/drive.google.com\/file\/d\/1500i6mgYYLIrsM_WjEZ-mFfFQ_KL-pKB\/view?usp=sharing\">3r: Casa de l&#8217;Aire<\/a><\/li>\n<li><a href=\"https:\/\/drive.google.com\/file\/d\/12APN6ePsrodSI-Mv32uK9sfIEtqYsqpv\/view?usp=sharing\">2n: Planetari municipal.<\/a><\/li>\n<li><a href=\"https:\/\/drive.google.com\/file\/d\/1GDN-77mpfFm3yvS31HvSapFfiw7VshrG\/view?usp=sharing\">Infantil 4 anys: Mercat de Proven\u00e7als.<\/a><\/li>\n<li><a href=\"https:\/\/drive.google.com\/file\/d\/1zkfTaUHKBKR4Y1HkTPz3CVm3AKOnZxR8\/view?usp=sharing\">Infantil 4 i 5 anys i 1r cicle: Ballada d&#8217;escoles.<\/a><\/li>\n<li><a href=\"https:\/\/drive.google.com\/file\/d\/11GMMNPIMn8T56Ug8eEER3eqm1MPV8_bY\/view?usp=sharing\">4t: Casa de l&#8217;Aire.<\/a><\/li>\n<li><a href=\"https:\/\/drive.google.com\/file\/d\/1DfcsSGA-dCBpqeWuiqDSM2pscoudy24z\/view?usp=sharing\">3r: Casa de l&#8217;Aire.<\/a><\/li>\n<li><a href=\"https:\/\/drive.google.com\/file\/d\/1ojWm-nDZEocyjnrjrBUmkRmzKKQ8aEps\/view?usp=sharing\">1r: Biblioteca Gabriel Garc\u00eda M\u00e1rquez.<\/a><\/li>\n<li><a href=\"https:\/\/drive.google.com\/file\/d\/1StA0gNnOR8G_0--aYSRWO56tzuFdeOM0\/view?usp=sharing\">1r i 2n: Museu de Ci\u00e8ncies Naturals.<\/a><\/li>\n<li><a href=\"https:\/\/drive.google.com\/file\/d\/1uWxfATzFpS9y5id31Iq9Kwio4wrQisL4\/view?usp=sharing\">4t: Casa de l&#8217;Aire.<\/a><\/li>\n<li><a href=\"https:\/\/drive.google.com\/file\/d\/1-XLh7_QJIiMpMX9eW_EHPDYABv6pXpC0\/view?usp=sharing\">4t: R\u00e0dio Maconda.<\/a><\/li>\n<li><a href=\"https:\/\/drive.google.com\/file\/d\/1J3G-hEnNjE_4wZYqKYWXRi9VaHMWC6rm\/view?usp=sharing\">Infantil 3 anys: Can Cadena.<\/a><\/li>\n<li><a href=\"https:\/\/drive.google.com\/file\/d\/1pbsfBZRmND7Ckwj3zReB3KQOjVKECIhU\/view?usp=sharing\">3r: Casa de l&#8217;Aire.<\/a><\/li>\n<li><a href=\"https:\/\/drive.google.com\/file\/d\/1tEaRv7AxE8CD-iqm-9E9ob6PnB9z8ast\/view?usp=sharing\">6\u00e8: INS Infanta Isabel d&#8217;Arag\u00f3.<\/a><\/li>\n<li><a href=\"https:\/\/drive.google.com\/file\/d\/1PLJDLs2xpPsibh7APGFBJdRHEiWM_NRd\/view?usp=sharing\">3r: Curses d&#8217;orientaci\u00f3.<\/a><\/li>\n<li><a href=\"https:\/\/drive.google.com\/file\/d\/1Wc8YF-ln7wYmM4myAJsEsBjVH8VIqbKI\/view?usp=sharing\">Infantil: Casa Valldeperas.<\/a><\/li>\n<li><a href=\"https:\/\/drive.google.com\/file\/d\/1JjT14Kn-hem3ZJMoTXrGl5rfkMZTJLSp\/view?usp=sharing\">4t: Setmana Cultural.<\/a><\/li>\n<li><a href=\"https:\/\/drive.google.com\/file\/d\/1Z9L27NH1nXGIBx8hRj15aNvaq_wda4W1\/view?usp=sharing\">3r: Caixaforum.<\/a><\/li>\n<li><a href=\"https:\/\/drive.google.com\/file\/d\/1iDyI_hBWyTTBzYHfEJRMVR_tgdir4hKZ\/view?usp=sharing\">3r: Casa de l&#8217;Aire.<\/a><\/li>\n<li><a href=\"https:\/\/drive.google.com\/file\/d\/1chL6V0zPneGqsh8uH2sCv-Jxml68j16s\/view?usp=sharing\">4t: Barris de cine.<\/a><\/li>\n<li><a href=\"https:\/\/drive.google.com\/file\/d\/1xap5j02QDTQAmdnJU3A8TVn_UUmKuJfQ\/view?usp=sharing\">6\u00e8: Cosmocaixa.<\/a><\/li>\n<li><a href=\"https:\/\/drive.google.com\/file\/d\/1tCvZaZjRr7Fnrb2zX5jrMqJTr_wzQs-8\/view?usp=sharing\">3r: Barris de cine.<\/a><\/li>\n<li><a href=\"https:\/\/drive.google.com\/file\/d\/1-cNjFZvbJV_tjtoDjwPgE3Ydmd6k8-H5\/view?usp=sharing\">5\u00e8: Barris de cine.<\/a><\/li>\n<li><a href=\"https:\/\/drive.google.com\/file\/d\/1HFoenFwUEIcRFF2h_ZOG4xiTo-G05ShB\/view?usp=sharing\">4t: Casa de l&#8217;Aire.<\/a><\/li>\n<li><a href=\"https:\/\/drive.google.com\/file\/d\/1pi6BucWN3LilIRGxAckxHdBay-4D5y29\/view?usp=sharing\">6\u00e8: Ruta Gaud\u00ed.<\/a><\/li>\n<li><a href=\"https:\/\/drive.google.com\/file\/d\/1qOkRcsxhfi0EaXt1KIXxcC71WYOXjnm0\/view?usp=sharing\">5\u00e8: Curses d&#8217;orientaci\u00f3.<\/a><\/li>\n<li><a href=\"https:\/\/drive.google.com\/file\/d\/1ORhUSkjIzSdls7-XV40PBxYO4o6zGIYM\/view?usp=sharing\">4t: Raid Atl\u00e8tic.<\/a><\/li>\n<\/ul>\n<\/li>\n<\/ul>\n<p>&nbsp;<\/p>\n<ul>\n<li><span style=\"font-family: inherit; font-size: 1em;\">AUTORITZACIONS<\/span><\/li>\n<\/ul>\n<ul>\n<li><a href=\"https:\/\/drive.google.com\/drive\/folders\/0B45gnOe4BrsNZG80OVc0Sy1SVFE?resourcekey=0-yraZmo6Vzk2qvv3iH3byBQ\">Recollida de l&#8217;alumnat.<\/a><\/li>\n<li><a href=\"https:\/\/drive.google.com\/file\/d\/1BRclXrrW_-JhfXmjXX5mNulLGbUsy_Nk\/view?usp=sharing\">Marxar sols a casa.<\/a><\/li>\n<li><a href=\"https:\/\/drive.google.com\/file\/d\/1lIaDxqjlYvX22PaAe-Jn3ybf1FVqfAUf\/view?usp=share_link\">Drets d&#8217;imatge.<\/a><\/li>\n<li><a href=\"https:\/\/drive.google.com\/file\/d\/1JAnsgdNvW18VEqktLdBS65yLlO_vijUz\/view?usp=sharing\">Pr\u00e9stec biblioteca.<\/a><\/li>\n<li><a href=\"https:\/\/drive.google.com\/file\/d\/1OGyxHI0BbPSER-GaT6p5tuWH97TFZSPT\/view?usp=sharing\">Administraci\u00f3 medicaments.<\/a><\/li>\n<li><a href=\"https:\/\/drive.google.com\/file\/d\/160LIHl3YOzhEYJ3z9EacuyXXlCBwXJkW\/view?usp=sharing\">Autoritzaci\u00f3 TokApp.<\/a><\/li>\n<\/ul>\n<p>AMPA<\/p>\n<ul>\n<li>Casal.<\/li>\n<\/ul>\n<p>CONSELL ESCOLAR<\/p>\n<ul>\n<li><a href=\"https:\/\/drive.google.com\/file\/d\/1bR-SSQxnAj6Zhz1XK9xkYvEEeL6AStDx\/view?usp=sharing\">Acta n\u00fam. 203<\/a><\/li>\n<li><a href=\"https:\/\/drive.google.com\/file\/d\/1BEuWtAC-Ps_deVcU_F_UNfIUqUMCIBXF\/view?usp=sharing\">Acta n\u00fam. 204<\/a><\/li>\n<li><a href=\"https:\/\/drive.google.com\/file\/d\/1r5X-E1RQ9nmRfED7lt6T1_c4Uoj9JnYo\/view?usp=sharing\">Acta n\u00fam. 205\u00a0<\/a><\/li>\n<li><a href=\"https:\/\/drive.google.com\/file\/d\/1mLWbdr4g5PgGEo4_GAgSpyCgj6qUQndM\/view?usp=sharing\">Acta n\u00fam. 206<\/a><\/li>\n<li><a href=\"https:\/\/drive.google.com\/file\/d\/1PwvRnaqGelO0wLba1Ss3xtcg-diGD2mu\/view?usp=sharing\">Acta n\u00fam. 207<\/a><\/li>\n<li><a href=\"https:\/\/drive.google.com\/file\/d\/14vAQAXOSgklb0yJ3a_9ucqWO2odLqGsw\/view?usp=sharing\">Acta n\u00fam. 208<\/a><\/li>\n<li><a href=\"https:\/\/drive.google.com\/file\/d\/12fT8CdkKGZto86RyNvl79IPtmk5HgCKH\/view?usp=sharing\">Acta n\u00fam. 209<\/a><\/li>\n<li><a href=\"https:\/\/drive.google.com\/file\/d\/1pAYOsAtQ9jBTUEpzhp_aFDswarx9Ndqm\/view?usp=sharing\">Acta n\u00fam. 210<\/a><\/li>\n<li><a href=\"https:\/\/drive.google.com\/file\/d\/1AWMiuV3_nG_-23nzmr5Dmkk1Y7-WSpqS\/view?usp=sharing\">Acta n\u00fam. 211<\/a><\/li>\n<li><a href=\"https:\/\/drive.google.com\/file\/d\/1pxclF2gUznJ5szGAu6sXBvwDJheJI9xr\/view?usp=sharing\">Acta n\u00fam. 212<\/a><\/li>\n<li><a href=\"https:\/\/drive.google.com\/file\/d\/1pZR94X9AXsAnKnIlXai4FZH-27C0BiCc\/view?usp=sharing\">Acta n\u00fam. 213<\/a><\/li>\n<li><a href=\"https:\/\/drive.google.com\/file\/d\/1iW0S2G2qtzzJ0kALVx5TFizcnLi5Ck7k\/view?usp=sharing\">Acta n\u00fam. 214<\/a><\/li>\n<li><a href=\"https:\/\/drive.google.com\/file\/d\/1KZHFeqkMseeJAlgpbjeEoH9k9ISx1Z_e\/view?usp=sharing\">Acta n\u00fam. 215<\/a><\/li>\n<li><a href=\"https:\/\/drive.google.com\/file\/d\/1eYH1p_ZqY0SwMudhteGQIrKrlVaICBFO\/view?usp=sharing\">Acta n\u00fam. 216<\/a><\/li>\n<li><a href=\"https:\/\/drive.google.com\/file\/d\/1f7J9GvPEhHk6VRUVu3NUpcbNZJirx16S\/view?usp=sharing\">Acta n\u00fam. 217<\/a><\/li>\n<li><a href=\"https:\/\/drive.google.com\/file\/d\/1LLe5E-1lk_pDui01lj0uL_i5F0gykpJP\/view?usp=sharing\">Acta n\u00fam. 218<\/a><\/li>\n<li><a href=\"https:\/\/drive.google.com\/file\/d\/1PfqWvNat_g81auwPqUbEOo3mtlsh8drE\/view?usp=drive_link\">Acta n\u00fam. 219<\/a><\/li>\n<li><a href=\"https:\/\/drive.google.com\/file\/d\/1VxLDNRLpLcWQlvJmaqQWND-XEwxcEtBy\/view?usp=sharing\">Acta n\u00fam. 220<\/a><\/li>\n<li><a href=\"https:\/\/drive.google.com\/file\/d\/10aVaDzJsrqX7TqhWq0Mnxw1Gs_fSIrrJ\/view?usp=sharing\">Acta n\u00fam. 221<\/a><\/li>\n<li><a href=\"https:\/\/drive.google.com\/file\/d\/1m2EYSZikhcUU-1ugtIJRjrh__WG4sQHt\/view?usp=sharing\">Acta n\u00fam. 222<\/a><\/li>\n<li><a href=\"https:\/\/drive.google.com\/file\/d\/1yzE9qjFwGmGfxx8pxLheaCpbk96MG11m\/view?usp=sharing\">Acta n\u00fam. 223<\/a><\/li>\n<\/ul>\n<p>&nbsp;<\/p>\n","protected":false},"excerpt":{"rendered":"<p>CALENDARI ESCOLAR Curs 2025-2026. FULLS INFORMATIUS Llistat de llibres 2025-2026. DOCUMENTS DE CENTRE Projecte Educatiu. Projecte Ling\u00fc\u00edstic. Normes d&#8217;organitzaci\u00f3 i funcionament de centre (NOFC). Projecte de Biblioteca. Carta de comprom\u00eds educatiu. Programa t\u00e8cnics d&#8217;integraci\u00f3 social i educadors socials. Estrat\u00e8gia digital de centre. QUOTA MATERIAL Quota material 2025-2026 Infantil. Quota material 2025-2026 Prim\u00e0ria. AUTORITZACIONS SORTIDES Autoritzaci\u00f3 [&hellip;]<\/p>\n","protected":false},"author":1,"featured_media":0,"parent":0,"menu_order":0,"comment_status":"closed","ping_status":"closed","template":"","meta":{"_bbp_topic_count":0,"_bbp_reply_count":0,"_bbp_total_topic_count":0,"_bbp_total_reply_count":0,"_bbp_voice_count":0,"_bbp_anonymous_reply_count":0,"_bbp_topic_count_hidden":0,"_bbp_reply_count_hidden":0,"_bbp_forum_subforum_count":0,"site-sidebar-layout":"default","site-content-layout":"","ast-site-content-layout":"default","site-content-style":"default","site-sidebar-style":"default","ast-global-header-display":"","ast-banner-title-visibility":"","ast-main-header-display":"","ast-hfb-above-header-display":"","ast-hfb-below-header-display":"","ast-hfb-mobile-header-display":"","site-post-title":"","ast-breadcrumbs-content":"","ast-featured-img":"","footer-sml-layout":"","theme-transparent-header-meta":"default","adv-header-id-meta":"","stick-header-meta":"","header-above-stick-meta":"","header-main-stick-meta":"","header-below-stick-meta":"","astra-migrate-meta-layouts":"set","ast-page-background-enabled":"default","ast-page-background-meta":{"desktop":{"background-color":"var(--ast-global-color-4)","background-image":"","background-repeat":"repeat","background-position":"center center","background-size":"auto","background-attachment":"scroll","background-type":"","background-media":"","overlay-type":"","overlay-color":"","overlay-opacity":"","overlay-gradient":""},"tablet":{"background-color":"","background-image":"","background-repeat":"repeat","background-position":"center center","background-size":"auto","background-attachment":"scroll","background-type":"","background-media":"","overlay-type":"","overlay-color":"","overlay-opacity":"","overlay-gradient":""},"mobile":{"background-color":"","background-image":"","background-repeat":"repeat","background-position":"center center","background-size":"auto","background-attachment":"scroll","background-type":"","background-media":"","overlay-type":"","overlay-color":"","overlay-opacity":"","overlay-gradient":""}},"ast-content-background-meta":{"desktop":{"background-color":"var(--ast-global-color-5)","background-image":"","background-repeat":"repeat","background-position":"center center","background-size":"auto","background-attachment":"scroll","background-type":"","background-media":"","overlay-type":"","overlay-color":"","overlay-opacity":"","overlay-gradient":""},"tablet":{"background-color":"var(--ast-global-color-5)","background-image":"","background-repeat":"repeat","background-position":"center center","background-size":"auto","background-attachment":"scroll","background-type":"","background-media":"","overlay-type":"","overlay-color":"","overlay-opacity":"","overlay-gradient":""},"mobile":{"background-color":"var(--ast-global-color-5)","background-image":"","background-repeat":"repeat","background-position":"center center","background-size":"auto","background-attachment":"scroll","background-type":"","background-media":"","overlay-type":"","overlay-color":"","overlay-opacity":"","overlay-gradient":""}},"footnotes":""},"class_list":["post-706","page","type-page","status-publish","hentry"],"post_mailing_queue_ids":[],"_links":{"self":[{"href":"https:\/\/agora.xtec.cat\/esc-larcstmarti\/wp-json\/wp\/v2\/pages\/706","targetHints":{"allow":["GET"]}}],"collection":[{"href":"https:\/\/agora.xtec.cat\/esc-larcstmarti\/wp-json\/wp\/v2\/pages"}],"about":[{"href":"https:\/\/agora.xtec.cat\/esc-larcstmarti\/wp-json\/wp\/v2\/types\/page"}],"author":[{"embeddable":true,"href":"https:\/\/agora.xtec.cat\/esc-larcstmarti\/wp-json\/wp\/v2\/users\/1"}],"replies":[{"embeddable":true,"href":"https:\/\/agora.xtec.cat\/esc-larcstmarti\/wp-json\/wp\/v2\/comments?post=706"}],"version-history":[{"count":6,"href":"https:\/\/agora.xtec.cat\/esc-larcstmarti\/wp-json\/wp\/v2\/pages\/706\/revisions"}],"predecessor-version":[{"id":4067,"href":"https:\/\/agora.xtec.cat\/esc-larcstmarti\/wp-json\/wp\/v2\/pages\/706\/revisions\/4067"}],"wp:attachment":[{"href":"https:\/\/agora.xtec.cat\/esc-larcstmarti\/wp-json\/wp\/v2\/media?parent=706"}],"curies":[{"name":"wp","href":"https:\/\/api.w.org\/{rel}","templated":true}]}}