{"id":64,"date":"2014-09-18T12:39:08","date_gmt":"2014-09-18T11:39:08","guid":{"rendered":"http:\/\/agora.xtec.cat\/esc-larcstmarti\/?page_id=64"},"modified":"2025-07-09T11:44:00","modified_gmt":"2025-07-09T09:44:00","slug":"projecte-educatiu","status":"publish","type":"page","link":"https:\/\/agora.xtec.cat\/esc-larcstmarti\/projecte-educatiu\/","title":{"rendered":"Projecte educatiu"},"content":{"rendered":"<p style=\"text-align: justify;\"><strong>MISSI\u00d3:\u00a0<\/strong><\/p>\n<p style=\"text-align: justify;\">La nostra escola \u00e9s una escola petita, acollidora, de tracte personalitzat, on els nostres alumnes s\u00f3n el m\u00e9s important.<\/p>\n<p style=\"text-align: justify;\">Una escola integrada en el barri, de llarga traject\u00f2ria educativa que respon\u00a0 als canvis tecnol\u00f2gics i\u00a0 multiculturals que defineixen Barcelona.<br \/>\nAmb un Equip educatiu implicat en un Projecte on l&#8217;alumne \u00e9s el protagonista. Mestres que acompanyen i vetllen per un bon nivell d&#8217;assoliment curricular, i alhora tenen cura del creixement afectiu i personal dels infants.<br \/>\nEn aquest Projecte donem cabuda a les fam\u00edlies, escoltant-les,\u00a0 potenciant la seva participaci\u00f3 i assessorant-les en l&#8217;itinerari escolar dels seus fills i filles.<br \/>\nL&#8217;Arc de Sant Mart\u00ed \u00e9s\u00a0 un centre\u00a0 comprom\u00e8s en el triomf\u00a0 acad\u00e8mic i personal del seus alumnes.<\/p>\n<p><strong>VALORS:<\/strong><\/p>\n<ul>\n<li>El respecte i la\u00a0 toler\u00e0ncia.<\/li>\n<li>El foment d&#8217;h\u00e0bits personals, socials i c\u00edvics.<\/li>\n<li>L&#8217; afavoriment de \u00a0 l\u2019autoestima i de l\u2019autoaprenentatge.<\/li>\n<li>Els Aprenentatges significatius i competencials.<\/li>\n<li>L&#8217;\u00fas de les noves tecnologies.<\/li>\n<li>El desenvolupament de totes i cadascuna de les intel\u00b7lig\u00e8ncies m\u00faltiples.<\/li>\n<li>La col\u00b7laboraci\u00f3 i el treball cooperatiu.<\/li>\n<li>L&#8217; equitat i la resili\u00e8ncia.<\/li>\n<\/ul>\n<p><strong>VISI\u00d3:<\/strong><\/p>\n<ul>\n<li style=\"text-align: justify;\">Garantir la igualtat d&#8217;oportunitats\u00a0 en el nostre marc educatiu, fomentant la igualtat en l&#8217;acc\u00e9s, als processos educatius i als resultats educatius, a partir de l&#8217;atenci\u00f3 a la diversitat ( dins i fora de l&#8217;escola).<\/li>\n<li style=\"text-align: justify;\">Proporcionar recursos emocionals per fer front a l&#8217;adversitat i la frustraci\u00f3, donant valor a l&#8217;esfor\u00e7 i la perseveran\u00e7a per esdevenir persones amb valors i resili\u00e8ncia. La nostra escola \u00e9s una xarxa d&#8217;acompanyament pels nens i nenes i per a\u00a0 les fam\u00edlies.<\/li>\n<\/ul>\n<p><strong>PROJECTES I ACTIVITATS DEL CENTRE:<\/strong><\/p>\n<ul>\n<li>Escola sostenible i saludable:\n<ul>\n<li>Hort urb\u00e0 escolar; Punt Verd M\u00f2bil Escolar; Apilo.<\/li>\n<li>Pla de consum de fruita; Pla de consum de llet; Projecte Cr\u00e9ixer m\u00e9s sans (Educaci\u00f3 Prim\u00e0ria).<\/li>\n<\/ul>\n<\/li>\n<li>Noves tecnologies:\n<ul>\n<li>Programaci\u00f3 i rob\u00f2tica.<\/li>\n<li>Google for education.<\/li>\n<\/ul>\n<\/li>\n<li>Llengua anglesa i ci\u00e8ncies:\n<ul>\n<li>AICLE.<\/li>\n<li>Congr\u00e9s de ci\u00e8ncies.<\/li>\n<li>Inspira Steam.<\/li>\n<\/ul>\n<\/li>\n<li>Ensenyaments art\u00edstics:\n<ul>\n<li>La f\u00e0brica de colors.<\/li>\n<li>Cant\u00e0nia.<\/li>\n<\/ul>\n<ul>\n<li>Dansa Ara.<\/li>\n<\/ul>\n<\/li>\n<li>Ensenyaments esportius:\n<ul>\n<li>Programa Jo nedo.<\/li>\n<li>Activitats PAE.<\/li>\n<\/ul>\n<\/li>\n<li>Ensenyaments matem\u00e0tics:\n<ul>\n<li>Florence.<\/li>\n<\/ul>\n<\/li>\n<li>Entorn i Xarxa Educativa:\n<ul>\n<li>Barris de cine.<\/li>\n<li>R\u00e0dio Maconda escolar.<\/li>\n<li>Xarxa de compet\u00e8ncia lectora.<\/li>\n<li>Gu\u00e0rdia Urbana.<\/li>\n<\/ul>\n<ul>\n<li>Comer\u00e7 a les escoles.<\/li>\n<li>Biblioteca Gabriel Garc\u00eda M\u00e1rquez.<\/li>\n<\/ul>\n<\/li>\n<\/ul>\n<p><strong>COL\u00b7LABORACI\u00d3 AMB ALTRES CENTRES:<\/strong><\/p>\n<ul>\n<li>Institut Salvador Segu\u00ed.<\/li>\n<li>Institut Bernat Metge.<\/li>\n<li>Llar d&#8217;Infants La Verneda.<\/li>\n<\/ul>\n<p><a href=\"https:\/\/drive.google.com\/file\/d\/1p1VGmABoo7OR7pORO2jtFwpQFyiguC6x\/view?usp=sharing\"><strong>PROJECTE EDUCATIU DE L&#8217;ESCOLA L&#8217;ARC DE SANT MART\u00cd\u00a0<\/strong><\/a><\/p>\n<p>&nbsp;<\/p>\n","protected":false},"excerpt":{"rendered":"<p>MISSI\u00d3:\u00a0 La nostra escola \u00e9s una escola petita, acollidora, de tracte personalitzat, on els nostres alumnes s\u00f3n el m\u00e9s important. Una escola integrada en el barri, de llarga traject\u00f2ria educativa que respon\u00a0 als canvis tecnol\u00f2gics i\u00a0 multiculturals que defineixen Barcelona. Amb un Equip educatiu implicat en un Projecte on l&#8217;alumne \u00e9s el protagonista. Mestres que [&hellip;]<\/p>\n","protected":false},"author":1,"featured_media":0,"parent":0,"menu_order":0,"comment_status":"closed","ping_status":"closed","template":"page-templates\/side-menu.php","meta":{"_bbp_topic_count":0,"_bbp_reply_count":0,"_bbp_total_topic_count":0,"_bbp_total_reply_count":0,"_bbp_voice_count":0,"_bbp_anonymous_reply_count":0,"_bbp_topic_count_hidden":0,"_bbp_reply_count_hidden":0,"_bbp_forum_subforum_count":0,"site-sidebar-layout":"default","site-content-layout":"","ast-site-content-layout":"","site-content-style":"default","site-sidebar-style":"default","ast-global-header-display":"","ast-banner-title-visibility":"","ast-main-header-display":"","ast-hfb-above-header-display":"","ast-hfb-below-header-display":"","ast-hfb-mobile-header-display":"","site-post-title":"","ast-breadcrumbs-content":"","ast-featured-img":"","footer-sml-layout":"","theme-transparent-header-meta":"","adv-header-id-meta":"","stick-header-meta":"","header-above-stick-meta":"","header-main-stick-meta":"","header-below-stick-meta":"","astra-migrate-meta-layouts":"default","ast-page-background-enabled":"default","ast-page-background-meta":{"desktop":{"background-color":"var(--ast-global-color-4)","background-image":"","background-repeat":"repeat","background-position":"center center","background-size":"auto","background-attachment":"scroll","background-type":"","background-media":"","overlay-type":"","overlay-color":"","overlay-opacity":"","overlay-gradient":""},"tablet":{"background-color":"","background-image":"","background-repeat":"repeat","background-position":"center center","background-size":"auto","background-attachment":"scroll","background-type":"","background-media":"","overlay-type":"","overlay-color":"","overlay-opacity":"","overlay-gradient":""},"mobile":{"background-color":"","background-image":"","background-repeat":"repeat","background-position":"center center","background-size":"auto","background-attachment":"scroll","background-type":"","background-media":"","overlay-type":"","overlay-color":"","overlay-opacity":"","overlay-gradient":""}},"ast-content-background-meta":{"desktop":{"background-color":"var(--ast-global-color-5)","background-image":"","background-repeat":"repeat","background-position":"center center","background-size":"auto","background-attachment":"scroll","background-type":"","background-media":"","overlay-type":"","overlay-color":"","overlay-opacity":"","overlay-gradient":""},"tablet":{"background-color":"var(--ast-global-color-5)","background-image":"","background-repeat":"repeat","background-position":"center center","background-size":"auto","background-attachment":"scroll","background-type":"","background-media":"","overlay-type":"","overlay-color":"","overlay-opacity":"","overlay-gradient":""},"mobile":{"background-color":"var(--ast-global-color-5)","background-image":"","background-repeat":"repeat","background-position":"center center","background-size":"auto","background-attachment":"scroll","background-type":"","background-media":"","overlay-type":"","overlay-color":"","overlay-opacity":"","overlay-gradient":""}},"footnotes":""},"class_list":["post-64","page","type-page","status-publish","hentry"],"post_mailing_queue_ids":[],"_links":{"self":[{"href":"https:\/\/agora.xtec.cat\/esc-larcstmarti\/wp-json\/wp\/v2\/pages\/64","targetHints":{"allow":["GET"]}}],"collection":[{"href":"https:\/\/agora.xtec.cat\/esc-larcstmarti\/wp-json\/wp\/v2\/pages"}],"about":[{"href":"https:\/\/agora.xtec.cat\/esc-larcstmarti\/wp-json\/wp\/v2\/types\/page"}],"author":[{"embeddable":true,"href":"https:\/\/agora.xtec.cat\/esc-larcstmarti\/wp-json\/wp\/v2\/users\/1"}],"replies":[{"embeddable":true,"href":"https:\/\/agora.xtec.cat\/esc-larcstmarti\/wp-json\/wp\/v2\/comments?post=64"}],"version-history":[{"count":7,"href":"https:\/\/agora.xtec.cat\/esc-larcstmarti\/wp-json\/wp\/v2\/pages\/64\/revisions"}],"predecessor-version":[{"id":3888,"href":"https:\/\/agora.xtec.cat\/esc-larcstmarti\/wp-json\/wp\/v2\/pages\/64\/revisions\/3888"}],"wp:attachment":[{"href":"https:\/\/agora.xtec.cat\/esc-larcstmarti\/wp-json\/wp\/v2\/media?parent=64"}],"curies":[{"name":"wp","href":"https:\/\/api.w.org\/{rel}","templated":true}]}}