{"id":6,"date":"2014-09-12T09:30:30","date_gmt":"2014-09-12T08:30:30","guid":{"rendered":"http:\/\/agora.xtec.cat\/esc-larcstmarti\/?page_id=6"},"modified":"2025-09-12T09:48:53","modified_gmt":"2025-09-12T07:48:53","slug":"membres","status":"publish","type":"page","link":"https:\/\/agora.xtec.cat\/esc-larcstmarti\/membres\/","title":{"rendered":"ORGANIGRAMA"},"content":{"rendered":"<p><a href=\"https:\/\/agora.xtec.cat\/esc-larcstmarti\/wp-content\/uploads\/usu941\/2023\/09\/FINAL-LARC-DE-SANT-MARTI-ORGANIGRAMA-FINAL.jpg\"><img loading=\"lazy\" decoding=\"async\" class=\"alignnone size-large wp-image-3247\" src=\"https:\/\/agora.xtec.cat\/esc-larcstmarti\/wp-content\/uploads\/usu941\/2023\/09\/FINAL-LARC-DE-SANT-MARTI-ORGANIGRAMA-FINAL-1024x576.jpg\" alt=\"\" width=\"1024\" height=\"576\" srcset=\"https:\/\/agora.xtec.cat\/esc-larcstmarti\/wp-content\/uploads\/usu941\/2023\/09\/FINAL-LARC-DE-SANT-MARTI-ORGANIGRAMA-FINAL-1024x576.jpg 1024w, https:\/\/agora.xtec.cat\/esc-larcstmarti\/wp-content\/uploads\/usu941\/2023\/09\/FINAL-LARC-DE-SANT-MARTI-ORGANIGRAMA-FINAL-300x169.jpg 300w, https:\/\/agora.xtec.cat\/esc-larcstmarti\/wp-content\/uploads\/usu941\/2023\/09\/FINAL-LARC-DE-SANT-MARTI-ORGANIGRAMA-FINAL-768x432.jpg 768w, https:\/\/agora.xtec.cat\/esc-larcstmarti\/wp-content\/uploads\/usu941\/2023\/09\/FINAL-LARC-DE-SANT-MARTI-ORGANIGRAMA-FINAL-1536x864.jpg 1536w, https:\/\/agora.xtec.cat\/esc-larcstmarti\/wp-content\/uploads\/usu941\/2023\/09\/FINAL-LARC-DE-SANT-MARTI-ORGANIGRAMA-FINAL.jpg 1920w\" sizes=\"auto, (max-width: 1024px) 100vw, 1024px\" \/><\/a><\/p>\n<p><strong>CONSELL ESCOLAR:<\/strong><\/p>\n<p>EQUIP DIRECTIU: Maria Santamaria, Bel\u00e9n Haro i Susana Ravent\u00f3s<\/p>\n<p>REPRESENTANTS MESTRES: Pili Roca, M\u00f2nica Codina, Encarna Castro, Nila Iglesais, Josep Ma Figueras i Ma \u00e0ngels Rosinach.<\/p>\n<p>REPRESENTANTS PARES \/ MARES: , Silvana Rocano, Yasmina Garc\u00eda, Edwin Bedoya, Sara Plaza i Maite Santos<\/p>\n<p>REPRESENTANT AFA: Marcel Lorenzo<\/p>\n<p>REPRESENTANT PERSONAL ADM\/SERV: Gerard Mora i Gisela Claret<\/p>\n<p>REPRESENTANT MUNICIPAL: Fco. Javier Ben\u00edtez<\/p>\n<p>&nbsp;<\/p>\n<p><strong>TUTORIES:<\/strong><\/p>\n<p>Infantil 3 anys: Cristina Fuentes<\/p>\n<p>Infantil 4 anys: Xavier L\u00f3pez<\/p>\n<p>Infantil 5 anys: Pili Roca<\/p>\n<p>1r: Jordi Corominas<\/p>\n<p>2n: Ma \u00c0ngels Rosinach<\/p>\n<p>3r: Nila Iglesias<\/p>\n<p>4t: Ma Teresa Ferr\u00fas<\/p>\n<p>5\u00e8: Remei G\u00f3mez<\/p>\n<p>6\u00e8: Xavi Costa<\/p>\n<p>&nbsp;<\/p>\n<p><strong>ESPECIALISTES:<\/strong><\/p>\n<p>Angl\u00e8s: M\u00f2nica Codina i Maria Santamaria<\/p>\n<p>M\u00fasica: Josep Maria Figueras<\/p>\n<p>Ed. F\u00edsica: Marc Frut\u00f3s<\/p>\n<p>MESI:\u00a0 Marta Sarri i Susana Ravent\u00f3s<\/p>\n<p>Religi\u00f3: Gala P\u00e9rez<\/p>\n<p>&nbsp;<\/p>\n<p><strong>PERSONAL DE SUPORT<\/strong><\/p>\n<p>T\u00e8cnica d&#8217;educaci\u00f3 infantil: Marta Gentiluomo<\/p>\n<p>Suport Educaci\u00f3 Infantil: Laura Garc\u00eda<\/p>\n<p>Suport Prim\u00e0ria: Guillermo Ballester, Aurora Gal\u00e1n, Bel\u00e9n Haro i Encarna Castro<\/p>\n<p>Vetlladora: Maica Fern\u00e1ndez<\/p>\n<p>Servei de suport d&#8217;Atenci\u00f3 Emocional: S\u00edlvia<\/p>\n<p>Educadora social: Clara<\/p>\n<p>&nbsp;<\/p>\n<p><strong>PERSONAL NO DOCENT:<\/strong><\/p>\n<p>Conserge: Lidia Cabo<\/p>\n<p>Auxiliar administrativa: Rosa Ma Subiza<\/p>\n<p>&nbsp;<\/p>\n<p><strong>EQUIP DE L\u2019ESPAI\u00a0 MIGDIA:<\/strong><\/p>\n<p>Monitoratge: Elvira, Maica, N\u00faria, Clara, Aina, Claudia, Eva, Dani i Dami\u00e0.<\/p>\n<p><span style=\"font-family: inherit; font-size: 1em;\">Coordinadora espai menjador: N\u00faria Guadalajara<\/span><\/p>\n<p>&nbsp;<\/p>\n<p><strong>COORNIDACIONS:<\/strong><\/p>\n<p>Coordinadora d&#8217;educaci\u00f3 infantil i cicle inicial: Ma \u00c0ngels Rosinach<\/p>\n<p>Coordinadora de cicle mitj\u00e0 i cicle superior: Xavier Costa<\/p>\n<p><span style=\"font-weight: 400;\">Coordinadora de llengua, interculturalitat i cohesi\u00f3 social:\u00a0 Encarna Castro\u00a0<\/span><\/p>\n<p>Coordinador digital de centre: Josep Maria Figueras<\/p>\n<p>Coordinadora de riscos laborals: Marc Frut\u00f3s<\/p>\n<p>Coordinadora de coeducaci\u00f3, conviv\u00e8ncia i benestar emocional: Nila Iglesias<\/p>\n<p>&nbsp;<\/p>\n<p><strong>EQUIP DIRECTIU:<\/strong><\/p>\n<p>Secret\u00e0ria: Maria Santamaria.<\/p>\n<ul>\n<li>Mestra especialista de lleng\u00fces estrangeres.<\/li>\n<\/ul>\n<p>Cap d\u2019Estudis: Bel\u00e9n Haro.<\/p>\n<ul>\n<li>Diplomatura Educaci\u00f3 Prim\u00e0ria.<\/li>\n<li>Diplomatura Llengua estrangera.<\/li>\n<\/ul>\n<p>Directora: Susana Ravent\u00f3s.<\/p>\n<ul>\n<li>Mestra d\u2019Educaci\u00f3 Infantil.<\/li>\n<li>Llicenciatura en Psicopedagogia.<\/li>\n<li>M\u00e0ster en Direcci\u00f3 i gesti\u00f3 de centres educatius.<\/li>\n<\/ul>\n<p>&nbsp;<\/p>\n<p>&nbsp;<\/p>\n","protected":false},"excerpt":{"rendered":"<p>CONSELL ESCOLAR: EQUIP DIRECTIU: Maria Santamaria, Bel\u00e9n Haro i Susana Ravent\u00f3s REPRESENTANTS MESTRES: Pili Roca, M\u00f2nica Codina, Encarna Castro, Nila Iglesais, Josep Ma Figueras i Ma \u00e0ngels Rosinach. REPRESENTANTS PARES \/ MARES: , Silvana Rocano, Yasmina Garc\u00eda, Edwin Bedoya, Sara Plaza i Maite Santos REPRESENTANT AFA: Marcel Lorenzo REPRESENTANT PERSONAL ADM\/SERV: Gerard Mora i Gisela [&hellip;]<\/p>\n","protected":false},"author":1,"featured_media":0,"parent":0,"menu_order":0,"comment_status":"closed","ping_status":"closed","template":"","meta":{"_bbp_topic_count":0,"_bbp_reply_count":0,"_bbp_total_topic_count":0,"_bbp_total_reply_count":0,"_bbp_voice_count":0,"_bbp_anonymous_reply_count":0,"_bbp_topic_count_hidden":0,"_bbp_reply_count_hidden":0,"_bbp_forum_subforum_count":0,"site-sidebar-layout":"default","site-content-layout":"","ast-site-content-layout":"","site-content-style":"default","site-sidebar-style":"default","ast-global-header-display":"","ast-banner-title-visibility":"","ast-main-header-display":"","ast-hfb-above-header-display":"","ast-hfb-below-header-display":"","ast-hfb-mobile-header-display":"","site-post-title":"","ast-breadcrumbs-content":"","ast-featured-img":"","footer-sml-layout":"","theme-transparent-header-meta":"","adv-header-id-meta":"","stick-header-meta":"","header-above-stick-meta":"","header-main-stick-meta":"","header-below-stick-meta":"","astra-migrate-meta-layouts":"default","ast-page-background-enabled":"default","ast-page-background-meta":{"desktop":{"background-color":"var(--ast-global-color-4)","background-image":"","background-repeat":"repeat","background-position":"center center","background-size":"auto","background-attachment":"scroll","background-type":"","background-media":"","overlay-type":"","overlay-color":"","overlay-opacity":"","overlay-gradient":""},"tablet":{"background-color":"","background-image":"","background-repeat":"repeat","background-position":"center center","background-size":"auto","background-attachment":"scroll","background-type":"","background-media":"","overlay-type":"","overlay-color":"","overlay-opacity":"","overlay-gradient":""},"mobile":{"background-color":"","background-image":"","background-repeat":"repeat","background-position":"center center","background-size":"auto","background-attachment":"scroll","background-type":"","background-media":"","overlay-type":"","overlay-color":"","overlay-opacity":"","overlay-gradient":""}},"ast-content-background-meta":{"desktop":{"background-color":"var(--ast-global-color-5)","background-image":"","background-repeat":"repeat","background-position":"center center","background-size":"auto","background-attachment":"scroll","background-type":"","background-media":"","overlay-type":"","overlay-color":"","overlay-opacity":"","overlay-gradient":""},"tablet":{"background-color":"var(--ast-global-color-5)","background-image":"","background-repeat":"repeat","background-position":"center center","background-size":"auto","background-attachment":"scroll","background-type":"","background-media":"","overlay-type":"","overlay-color":"","overlay-opacity":"","overlay-gradient":""},"mobile":{"background-color":"var(--ast-global-color-5)","background-image":"","background-repeat":"repeat","background-position":"center center","background-size":"auto","background-attachment":"scroll","background-type":"","background-media":"","overlay-type":"","overlay-color":"","overlay-opacity":"","overlay-gradient":""}},"footnotes":""},"class_list":["post-6","page","type-page","status-publish","hentry"],"post_mailing_queue_ids":[],"_links":{"self":[{"href":"https:\/\/agora.xtec.cat\/esc-larcstmarti\/wp-json\/wp\/v2\/pages\/6","targetHints":{"allow":["GET"]}}],"collection":[{"href":"https:\/\/agora.xtec.cat\/esc-larcstmarti\/wp-json\/wp\/v2\/pages"}],"about":[{"href":"https:\/\/agora.xtec.cat\/esc-larcstmarti\/wp-json\/wp\/v2\/types\/page"}],"author":[{"embeddable":true,"href":"https:\/\/agora.xtec.cat\/esc-larcstmarti\/wp-json\/wp\/v2\/users\/1"}],"replies":[{"embeddable":true,"href":"https:\/\/agora.xtec.cat\/esc-larcstmarti\/wp-json\/wp\/v2\/comments?post=6"}],"version-history":[{"count":6,"href":"https:\/\/agora.xtec.cat\/esc-larcstmarti\/wp-json\/wp\/v2\/pages\/6\/revisions"}],"predecessor-version":[{"id":3900,"href":"https:\/\/agora.xtec.cat\/esc-larcstmarti\/wp-json\/wp\/v2\/pages\/6\/revisions\/3900"}],"wp:attachment":[{"href":"https:\/\/agora.xtec.cat\/esc-larcstmarti\/wp-json\/wp\/v2\/media?parent=6"}],"curies":[{"name":"wp","href":"https:\/\/api.w.org\/{rel}","templated":true}]}}