{"id":38,"date":"2014-09-18T12:34:08","date_gmt":"2014-09-18T11:34:08","guid":{"rendered":"http:\/\/agora.xtec.cat\/esc-larcstmarti\/?page_id=38"},"modified":"2020-06-22T13:46:19","modified_gmt":"2020-06-22T11:46:19","slug":"salut","status":"publish","type":"page","link":"https:\/\/agora.xtec.cat\/esc-larcstmarti\/lescola\/salut\/","title":{"rendered":"Salut"},"content":{"rendered":"<p><strong><em>MEDICACI\u00d3<\/em><\/strong><\/p>\n<p>Des de l&#8217;escola no es pot facilitar cap mena de medicaci\u00f3 per normativa. Per\u00f2, si \u00e9s inevitable, es podr\u00e0 demanar que s&#8217;administri el medicament (marcat amb el nom) amb la recepta m\u00e8dica i indicant sempre per escrit la dosi i hora d&#8217;administraci\u00f3.<\/p>\n<p><em><strong>MALALTIA<\/strong><\/em><\/p>\n<p>Si el nen o nena pateix alguna malaltia contagiosa, ha de romandre a casa fins que estigui completament curat\/da. Cal que en aquests casos ho comuniqueu el m\u00e9s aviat possible. Recomanem portar un informe m\u00e8dic d&#8217;alta per poder tornar a l&#8217;escola.<\/p>\n<p><em><strong>PEDICOLOSI<\/strong><\/em><\/p>\n<p>Si el vostre\/a fill\/a en alguna ocasi\u00f3 t\u00e9 polls, heu d&#8217;actuar r\u00e0pidament intensificant les mesures higi\u00e8niques amb productes especials i comunicar-ho al tutor\/a.<\/p>\n<p><strong><em>VACUNACI\u00d3<\/em><\/strong><\/p>\n<p style=\"text-align: left;\">L\u2019objectiu de la vacunaci\u00f3 al centre docent mateix \u00e9s facilitar l\u2019acc\u00e9s a la vacunaci\u00f3 i\u00a0continuar amb el calendari de vacunacions que s\u2019inicia a la inf\u00e0ncia. Per aquest motiu, \u00e9s\u00a0molt important la vostra col\u00b7laboraci\u00f3.<\/p>\n<p style=\"text-align: left;\">Les vacunes que s\u2019administren a sis\u00e8 curs d\u2019educaci\u00f3 prim\u00e0ria s\u00f3n les seg\u00fcents:<br \/>\n&#8211; La vacuna contra el virus del papil\u00b7loma hum\u00e0 (VPH), que s\u2019administra en dues<br \/>\ndosis i \u00fanicament a les noies.<br \/>\n&#8211; La vacuna contra l\u2019hepatitis A (HA), que s\u2019administra en dues dosis.<br \/>\n&#8211; La vacuna contra la varicel\u00b7la (V), que s\u2019administra en dues dosis als nois i a les\u00a0noies que no hagin passat la malaltia ni hagin rebut la vacuna. En cas que el vostre\u00a0fill o filla estigui vacunat amb una dosi, se li n\u2019administrar\u00e0 la segona.<br \/>\n&#8211; La vacuna contra el meningococ C conjugada (MC), que s\u2019administra en una\u00a0\u00fanica dosi.<\/p>\n<p style=\"text-align: left;\">\n<p>&nbsp;<\/p>\n<p>&nbsp;<\/p>\n","protected":false},"excerpt":{"rendered":"<p>MEDICACI\u00d3 Des de l&#8217;escola no es pot facilitar cap mena de medicaci\u00f3 per normativa. Per\u00f2, si \u00e9s inevitable, es podr\u00e0 demanar que s&#8217;administri el medicament (marcat amb el nom) amb la recepta m\u00e8dica i indicant sempre per escrit la dosi i hora d&#8217;administraci\u00f3. MALALTIA Si el nen o nena pateix alguna malaltia contagiosa, ha de [&hellip;]<\/p>\n","protected":false},"author":1,"featured_media":0,"parent":22,"menu_order":80,"comment_status":"closed","ping_status":"closed","template":"page-templates\/side-menu.php","meta":{"_bbp_topic_count":0,"_bbp_reply_count":0,"_bbp_total_topic_count":0,"_bbp_total_reply_count":0,"_bbp_voice_count":0,"_bbp_anonymous_reply_count":0,"_bbp_topic_count_hidden":0,"_bbp_reply_count_hidden":0,"_bbp_forum_subforum_count":0,"site-sidebar-layout":"default","site-content-layout":"","ast-site-content-layout":"","site-content-style":"default","site-sidebar-style":"default","ast-global-header-display":"","ast-banner-title-visibility":"","ast-main-header-display":"","ast-hfb-above-header-display":"","ast-hfb-below-header-display":"","ast-hfb-mobile-header-display":"","site-post-title":"","ast-breadcrumbs-content":"","ast-featured-img":"","footer-sml-layout":"","theme-transparent-header-meta":"","adv-header-id-meta":"","stick-header-meta":"","header-above-stick-meta":"","header-main-stick-meta":"","header-below-stick-meta":"","astra-migrate-meta-layouts":"default","ast-page-background-enabled":"default","ast-page-background-meta":{"desktop":{"background-color":"var(--ast-global-color-4)","background-image":"","background-repeat":"repeat","background-position":"center center","background-size":"auto","background-attachment":"scroll","background-type":"","background-media":"","overlay-type":"","overlay-color":"","overlay-opacity":"","overlay-gradient":""},"tablet":{"background-color":"","background-image":"","background-repeat":"repeat","background-position":"center center","background-size":"auto","background-attachment":"scroll","background-type":"","background-media":"","overlay-type":"","overlay-color":"","overlay-opacity":"","overlay-gradient":""},"mobile":{"background-color":"","background-image":"","background-repeat":"repeat","background-position":"center center","background-size":"auto","background-attachment":"scroll","background-type":"","background-media":"","overlay-type":"","overlay-color":"","overlay-opacity":"","overlay-gradient":""}},"ast-content-background-meta":{"desktop":{"background-color":"var(--ast-global-color-5)","background-image":"","background-repeat":"repeat","background-position":"center center","background-size":"auto","background-attachment":"scroll","background-type":"","background-media":"","overlay-type":"","overlay-color":"","overlay-opacity":"","overlay-gradient":""},"tablet":{"background-color":"var(--ast-global-color-5)","background-image":"","background-repeat":"repeat","background-position":"center center","background-size":"auto","background-attachment":"scroll","background-type":"","background-media":"","overlay-type":"","overlay-color":"","overlay-opacity":"","overlay-gradient":""},"mobile":{"background-color":"var(--ast-global-color-5)","background-image":"","background-repeat":"repeat","background-position":"center center","background-size":"auto","background-attachment":"scroll","background-type":"","background-media":"","overlay-type":"","overlay-color":"","overlay-opacity":"","overlay-gradient":""}},"footnotes":""},"class_list":["post-38","page","type-page","status-publish","hentry"],"post_mailing_queue_ids":[],"_links":{"self":[{"href":"https:\/\/agora.xtec.cat\/esc-larcstmarti\/wp-json\/wp\/v2\/pages\/38","targetHints":{"allow":["GET"]}}],"collection":[{"href":"https:\/\/agora.xtec.cat\/esc-larcstmarti\/wp-json\/wp\/v2\/pages"}],"about":[{"href":"https:\/\/agora.xtec.cat\/esc-larcstmarti\/wp-json\/wp\/v2\/types\/page"}],"author":[{"embeddable":true,"href":"https:\/\/agora.xtec.cat\/esc-larcstmarti\/wp-json\/wp\/v2\/users\/1"}],"replies":[{"embeddable":true,"href":"https:\/\/agora.xtec.cat\/esc-larcstmarti\/wp-json\/wp\/v2\/comments?post=38"}],"version-history":[{"count":4,"href":"https:\/\/agora.xtec.cat\/esc-larcstmarti\/wp-json\/wp\/v2\/pages\/38\/revisions"}],"predecessor-version":[{"id":2006,"href":"https:\/\/agora.xtec.cat\/esc-larcstmarti\/wp-json\/wp\/v2\/pages\/38\/revisions\/2006"}],"up":[{"embeddable":true,"href":"https:\/\/agora.xtec.cat\/esc-larcstmarti\/wp-json\/wp\/v2\/pages\/22"}],"wp:attachment":[{"href":"https:\/\/agora.xtec.cat\/esc-larcstmarti\/wp-json\/wp\/v2\/media?parent=38"}],"curies":[{"name":"wp","href":"https:\/\/api.w.org\/{rel}","templated":true}]}}