{"id":36,"date":"2014-09-18T12:33:11","date_gmt":"2014-09-18T11:33:11","guid":{"rendered":"http:\/\/agora.xtec.cat\/esc-larcstmarti\/?page_id=36"},"modified":"2025-07-01T12:35:32","modified_gmt":"2025-07-01T10:35:32","slug":"material-escolar","status":"publish","type":"page","link":"https:\/\/agora.xtec.cat\/esc-larcstmarti\/lescola\/material-escolar\/","title":{"rendered":"Llibres i Material escolar"},"content":{"rendered":"<p>L\u2019import de la <strong>quota de material i llibres de text<\/strong> corresponent al <strong>curs escolar<\/strong> <strong>2025-2026<\/strong>\u00a0\u00e9s de <strong>180 \u20ac<\/strong>.<\/p>\n<p>L&#8217;ingr\u00e9s s&#8217;ha de fer al seg\u00fcent n\u00famero de compte: ES63 2100 3214 4522 0001 0908.<\/p>\n<p>Aquest pagament es pot fer a trav\u00e9s dels seg\u00fcents mitjans:<\/p>\n<ul>\n<li><strong>Transfer\u00e8ncia<\/strong> des del vostre compte indicant nom i curs de l\u2019alumne \/ a.<\/li>\n<li><strong>Ingr\u00e9s<\/strong> a trav\u00e9s de qualsevol dels caixers autom\u00e0tics de \u201cLa Caixa\u201d (operaci\u00f3 que no reporta cap cost).<\/li>\n<li><strong>Ingr\u00e9s<\/strong> a finestreta des de qualsevol oficina de \u201cLa Caixa\u201d (operaci\u00f3 que reportar\u00e0 un cost).<\/li>\n<li><strong>Targeta <\/strong>a la coordinadora de menjador<strong>.<\/strong><\/li>\n<\/ul>\n<p>Un cop realitzat l\u2019abonament haureu de <strong><u>fer arribar el comprovant a l\u2019escola<\/u><\/strong>, indicant <strong><u>nom i curs de l\u2019alumne\/a<\/u><\/strong>.<\/p>\n","protected":false},"excerpt":{"rendered":"<p>L\u2019import de la quota de material i llibres de text corresponent al curs escolar 2025-2026\u00a0\u00e9s de 180 \u20ac. L&#8217;ingr\u00e9s s&#8217;ha de fer al seg\u00fcent n\u00famero de compte: ES63 2100 3214 4522 0001 0908. Aquest pagament es pot fer a trav\u00e9s dels seg\u00fcents mitjans: Transfer\u00e8ncia des del vostre compte indicant nom i curs de l\u2019alumne \/ [&hellip;]<\/p>\n","protected":false},"author":1,"featured_media":0,"parent":22,"menu_order":70,"comment_status":"closed","ping_status":"closed","template":"page-templates\/side-menu.php","meta":{"_bbp_topic_count":0,"_bbp_reply_count":0,"_bbp_total_topic_count":0,"_bbp_total_reply_count":0,"_bbp_voice_count":0,"_bbp_anonymous_reply_count":0,"_bbp_topic_count_hidden":0,"_bbp_reply_count_hidden":0,"_bbp_forum_subforum_count":0,"site-sidebar-layout":"default","site-content-layout":"","ast-site-content-layout":"","site-content-style":"default","site-sidebar-style":"default","ast-global-header-display":"","ast-banner-title-visibility":"","ast-main-header-display":"","ast-hfb-above-header-display":"","ast-hfb-below-header-display":"","ast-hfb-mobile-header-display":"","site-post-title":"","ast-breadcrumbs-content":"","ast-featured-img":"","footer-sml-layout":"","theme-transparent-header-meta":"","adv-header-id-meta":"","stick-header-meta":"","header-above-stick-meta":"","header-main-stick-meta":"","header-below-stick-meta":"","astra-migrate-meta-layouts":"default","ast-page-background-enabled":"default","ast-page-background-meta":{"desktop":{"background-color":"var(--ast-global-color-4)","background-image":"","background-repeat":"repeat","background-position":"center center","background-size":"auto","background-attachment":"scroll","background-type":"","background-media":"","overlay-type":"","overlay-color":"","overlay-opacity":"","overlay-gradient":""},"tablet":{"background-color":"","background-image":"","background-repeat":"repeat","background-position":"center center","background-size":"auto","background-attachment":"scroll","background-type":"","background-media":"","overlay-type":"","overlay-color":"","overlay-opacity":"","overlay-gradient":""},"mobile":{"background-color":"","background-image":"","background-repeat":"repeat","background-position":"center center","background-size":"auto","background-attachment":"scroll","background-type":"","background-media":"","overlay-type":"","overlay-color":"","overlay-opacity":"","overlay-gradient":""}},"ast-content-background-meta":{"desktop":{"background-color":"var(--ast-global-color-5)","background-image":"","background-repeat":"repeat","background-position":"center center","background-size":"auto","background-attachment":"scroll","background-type":"","background-media":"","overlay-type":"","overlay-color":"","overlay-opacity":"","overlay-gradient":""},"tablet":{"background-color":"var(--ast-global-color-5)","background-image":"","background-repeat":"repeat","background-position":"center center","background-size":"auto","background-attachment":"scroll","background-type":"","background-media":"","overlay-type":"","overlay-color":"","overlay-opacity":"","overlay-gradient":""},"mobile":{"background-color":"var(--ast-global-color-5)","background-image":"","background-repeat":"repeat","background-position":"center center","background-size":"auto","background-attachment":"scroll","background-type":"","background-media":"","overlay-type":"","overlay-color":"","overlay-opacity":"","overlay-gradient":""}},"footnotes":""},"class_list":["post-36","page","type-page","status-publish","hentry"],"post_mailing_queue_ids":[],"_links":{"self":[{"href":"https:\/\/agora.xtec.cat\/esc-larcstmarti\/wp-json\/wp\/v2\/pages\/36","targetHints":{"allow":["GET"]}}],"collection":[{"href":"https:\/\/agora.xtec.cat\/esc-larcstmarti\/wp-json\/wp\/v2\/pages"}],"about":[{"href":"https:\/\/agora.xtec.cat\/esc-larcstmarti\/wp-json\/wp\/v2\/types\/page"}],"author":[{"embeddable":true,"href":"https:\/\/agora.xtec.cat\/esc-larcstmarti\/wp-json\/wp\/v2\/users\/1"}],"replies":[{"embeddable":true,"href":"https:\/\/agora.xtec.cat\/esc-larcstmarti\/wp-json\/wp\/v2\/comments?post=36"}],"version-history":[{"count":5,"href":"https:\/\/agora.xtec.cat\/esc-larcstmarti\/wp-json\/wp\/v2\/pages\/36\/revisions"}],"predecessor-version":[{"id":3873,"href":"https:\/\/agora.xtec.cat\/esc-larcstmarti\/wp-json\/wp\/v2\/pages\/36\/revisions\/3873"}],"up":[{"embeddable":true,"href":"https:\/\/agora.xtec.cat\/esc-larcstmarti\/wp-json\/wp\/v2\/pages\/22"}],"wp:attachment":[{"href":"https:\/\/agora.xtec.cat\/esc-larcstmarti\/wp-json\/wp\/v2\/media?parent=36"}],"curies":[{"name":"wp","href":"https:\/\/api.w.org\/{rel}","templated":true}]}}