{"id":1500,"date":"2018-10-04T15:32:21","date_gmt":"2018-10-04T13:32:21","guid":{"rendered":"http:\/\/agora.xtec.cat\/esc-larcstmarti\/?page_id=1500"},"modified":"2023-02-24T12:02:34","modified_gmt":"2023-02-24T11:02:34","slug":"biblioteca-escolar","status":"publish","type":"page","link":"https:\/\/agora.xtec.cat\/esc-larcstmarti\/serveis\/biblioteca-escolar\/","title":{"rendered":"Biblioteca escolar"},"content":{"rendered":"<p>Tot l\u2019alumnat t\u00e9 el carnet de la biblioteca de l\u2019escola que d\u00f3na dret al servei de pr\u00e9stec, si b\u00e9, en el cas d\u2019Educaci\u00f3 Infantil sota la supervisi\u00f3 de les seves fam\u00edlies.<\/p>\n<p>L\u2019horari de la biblioteca \u00e9s per:<\/p>\n<ul>\n<li>Educaci\u00f3 Infantil: dilluns, dimarts i\u00a0 dimecres de 15:00 a 16:15h.<\/li>\n<li>Educaci\u00f3 Prim\u00e0ria: de dilluns a divendres de 10:30 a 11:00h.<\/li>\n<\/ul>\n<p>Les fam\u00edlies hauran de signar un impr\u00e8s d\u2019autoritzaci\u00f3 per tal que l\u2019alumnat pugui utilitzar el servei de pr\u00e9stec de la biblioteca escolar.<\/p>\n<p>El pr\u00e9stec de llibres o CDs \u00e9s de tres setmanes, prorrogables una setmana m\u00e9s.<\/p>\n<p>Cada usuari\/\u00e0ria pot sol\u00b7licitar en pr\u00e9stec d\u2019un m\u00e0xim de dos exemplars.<\/p>\n<p>Estan exclosos de pr\u00e9stec les enciclop\u00e8dies, diccionaris i altres documents de refer\u00e8ncia, com tamb\u00e9 tots aquells documents o material que el centre consideri que han de restar a les depend\u00e8ncies de l\u2019escola.<\/p>\n<p><strong>Teniu m\u00e9s informaci\u00f3 al blog de la Biblioteca.<\/strong><\/p>\n","protected":false},"excerpt":{"rendered":"<p>Tot l\u2019alumnat t\u00e9 el carnet de la biblioteca de l\u2019escola que d\u00f3na dret al servei de pr\u00e9stec, si b\u00e9, en el cas d\u2019Educaci\u00f3 Infantil sota la supervisi\u00f3 de les seves fam\u00edlies. L\u2019horari de la biblioteca \u00e9s per: Educaci\u00f3 Infantil: dilluns, dimarts i\u00a0 dimecres de 15:00 a 16:15h. Educaci\u00f3 Prim\u00e0ria: de dilluns a divendres de 10:30 [&hellip;]<\/p>\n","protected":false},"author":1,"featured_media":0,"parent":66,"menu_order":3,"comment_status":"closed","ping_status":"closed","template":"page-templates\/side-menu.php","meta":{"_bbp_topic_count":0,"_bbp_reply_count":0,"_bbp_total_topic_count":0,"_bbp_total_reply_count":0,"_bbp_voice_count":0,"_bbp_anonymous_reply_count":0,"_bbp_topic_count_hidden":0,"_bbp_reply_count_hidden":0,"_bbp_forum_subforum_count":0,"site-sidebar-layout":"default","site-content-layout":"","ast-site-content-layout":"","site-content-style":"default","site-sidebar-style":"default","ast-global-header-display":"","ast-banner-title-visibility":"","ast-main-header-display":"","ast-hfb-above-header-display":"","ast-hfb-below-header-display":"","ast-hfb-mobile-header-display":"","site-post-title":"","ast-breadcrumbs-content":"","ast-featured-img":"","footer-sml-layout":"","theme-transparent-header-meta":"","adv-header-id-meta":"","stick-header-meta":"","header-above-stick-meta":"","header-main-stick-meta":"","header-below-stick-meta":"","astra-migrate-meta-layouts":"default","ast-page-background-enabled":"default","ast-page-background-meta":{"desktop":{"background-color":"var(--ast-global-color-4)","background-image":"","background-repeat":"repeat","background-position":"center center","background-size":"auto","background-attachment":"scroll","background-type":"","background-media":"","overlay-type":"","overlay-color":"","overlay-opacity":"","overlay-gradient":""},"tablet":{"background-color":"","background-image":"","background-repeat":"repeat","background-position":"center center","background-size":"auto","background-attachment":"scroll","background-type":"","background-media":"","overlay-type":"","overlay-color":"","overlay-opacity":"","overlay-gradient":""},"mobile":{"background-color":"","background-image":"","background-repeat":"repeat","background-position":"center center","background-size":"auto","background-attachment":"scroll","background-type":"","background-media":"","overlay-type":"","overlay-color":"","overlay-opacity":"","overlay-gradient":""}},"ast-content-background-meta":{"desktop":{"background-color":"var(--ast-global-color-5)","background-image":"","background-repeat":"repeat","background-position":"center center","background-size":"auto","background-attachment":"scroll","background-type":"","background-media":"","overlay-type":"","overlay-color":"","overlay-opacity":"","overlay-gradient":""},"tablet":{"background-color":"var(--ast-global-color-5)","background-image":"","background-repeat":"repeat","background-position":"center center","background-size":"auto","background-attachment":"scroll","background-type":"","background-media":"","overlay-type":"","overlay-color":"","overlay-opacity":"","overlay-gradient":""},"mobile":{"background-color":"var(--ast-global-color-5)","background-image":"","background-repeat":"repeat","background-position":"center center","background-size":"auto","background-attachment":"scroll","background-type":"","background-media":"","overlay-type":"","overlay-color":"","overlay-opacity":"","overlay-gradient":""}},"footnotes":""},"class_list":["post-1500","page","type-page","status-publish","hentry"],"post_mailing_queue_ids":[],"_links":{"self":[{"href":"https:\/\/agora.xtec.cat\/esc-larcstmarti\/wp-json\/wp\/v2\/pages\/1500","targetHints":{"allow":["GET"]}}],"collection":[{"href":"https:\/\/agora.xtec.cat\/esc-larcstmarti\/wp-json\/wp\/v2\/pages"}],"about":[{"href":"https:\/\/agora.xtec.cat\/esc-larcstmarti\/wp-json\/wp\/v2\/types\/page"}],"author":[{"embeddable":true,"href":"https:\/\/agora.xtec.cat\/esc-larcstmarti\/wp-json\/wp\/v2\/users\/1"}],"replies":[{"embeddable":true,"href":"https:\/\/agora.xtec.cat\/esc-larcstmarti\/wp-json\/wp\/v2\/comments?post=1500"}],"version-history":[{"count":3,"href":"https:\/\/agora.xtec.cat\/esc-larcstmarti\/wp-json\/wp\/v2\/pages\/1500\/revisions"}],"predecessor-version":[{"id":2945,"href":"https:\/\/agora.xtec.cat\/esc-larcstmarti\/wp-json\/wp\/v2\/pages\/1500\/revisions\/2945"}],"up":[{"embeddable":true,"href":"https:\/\/agora.xtec.cat\/esc-larcstmarti\/wp-json\/wp\/v2\/pages\/66"}],"wp:attachment":[{"href":"https:\/\/agora.xtec.cat\/esc-larcstmarti\/wp-json\/wp\/v2\/media?parent=1500"}],"curies":[{"name":"wp","href":"https:\/\/api.w.org\/{rel}","templated":true}]}}