{"id":66,"date":"2014-09-18T12:40:47","date_gmt":"2014-09-18T11:40:47","guid":{"rendered":"http:\/\/agora.xtec.cat\/esc-laplana\/?page_id=66"},"modified":"2025-06-20T08:48:36","modified_gmt":"2025-06-20T06:48:36","slug":"serveis","status":"publish","type":"page","link":"https:\/\/agora.xtec.cat\/esc-laplana\/serveis\/","title":{"rendered":"Serveis"},"content":{"rendered":"<p>Ahir pel mat\u00ed vam passar-ho d&#8217;all\u00f2 m\u00e9s b\u00e9, l&#8217;AFA de l&#8217;escola ens va preparar JOCS TRADICIONALS al pati de l&#8217;escola! Va ser un mat\u00ed ben divertit que va acabar amb un pica-pica per a totes i tots! MOLTES GR\u00c0CIES AFA!<\/p>\n<p><strong>(Si voleu veure imatges de l&#8217;activitat feu &#8220;clic&#8221; a sobre de la fotografia)<\/strong><\/p>\n<p><a href=\"https:\/\/drive.google.com\/drive\/folders\/1aOY3NfQP_OjboV0BfqavRlJBxaNrWlAH?usp=sharing\"><img loading=\"lazy\" decoding=\"async\" class=\"alignnone wp-image-2442\" src=\"https:\/\/agora.xtec.cat\/esc-laplana\/wp-content\/uploads\/usu2664\/2025\/06\/Neutral-Aesthetic-Photo-Collage-Desktop-Wallpaper-1024x576.jpg\" alt=\"\" width=\"675\" height=\"380\" srcset=\"https:\/\/agora.xtec.cat\/esc-laplana\/wp-content\/uploads\/usu2664\/2025\/06\/Neutral-Aesthetic-Photo-Collage-Desktop-Wallpaper-1024x576.jpg 1024w, https:\/\/agora.xtec.cat\/esc-laplana\/wp-content\/uploads\/usu2664\/2025\/06\/Neutral-Aesthetic-Photo-Collage-Desktop-Wallpaper-300x169.jpg 300w, https:\/\/agora.xtec.cat\/esc-laplana\/wp-content\/uploads\/usu2664\/2025\/06\/Neutral-Aesthetic-Photo-Collage-Desktop-Wallpaper-768x432.jpg 768w, https:\/\/agora.xtec.cat\/esc-laplana\/wp-content\/uploads\/usu2664\/2025\/06\/Neutral-Aesthetic-Photo-Collage-Desktop-Wallpaper-1536x864.jpg 1536w, https:\/\/agora.xtec.cat\/esc-laplana\/wp-content\/uploads\/usu2664\/2025\/06\/Neutral-Aesthetic-Photo-Collage-Desktop-Wallpaper.jpg 1920w\" sizes=\"auto, (max-width: 675px) 100vw, 675px\" \/><\/a><\/p>\n<p>Si voleu estar al dia de totes les novetats del AFA podeu visitar la seva p\u00e0gina de Facebook.<\/p>\n<p><a href=\"https:\/\/www.facebook.com\/ampa.laplana\">https:\/\/www.facebook.com\/ampa.laplana<\/a><\/p>\n<p><img loading=\"lazy\" decoding=\"async\" class=\"alignnone size-full wp-image-1224\" src=\"https:\/\/agora.xtec.cat\/esc-laplana\/wp-content\/uploads\/usu2664\/2023\/07\/logo-afa.jpg\" alt=\"\" width=\"363\" height=\"256\" srcset=\"https:\/\/agora.xtec.cat\/esc-laplana\/wp-content\/uploads\/usu2664\/2023\/07\/logo-afa.jpg 363w, https:\/\/agora.xtec.cat\/esc-laplana\/wp-content\/uploads\/usu2664\/2023\/07\/logo-afa-300x212.jpg 300w\" sizes=\"auto, (max-width: 363px) 100vw, 363px\" \/><\/p>\n","protected":false},"excerpt":{"rendered":"<p>Ahir pel mat\u00ed vam passar-ho d&#8217;all\u00f2 m\u00e9s b\u00e9, l&#8217;AFA de l&#8217;escola ens va preparar JOCS TRADICIONALS al pati de l&#8217;escola! Va ser un mat\u00ed ben divertit que va acabar amb un pica-pica per a totes i tots! MOLTES GR\u00c0CIES AFA!<br \/>\n(Si voleu veure imatges de l&#8217;activitat&hellip;  <a href=\"https:\/\/agora.xtec.cat\/esc-laplana\/serveis\/\" title=\"Read Serveis\">Llegeix m\u00e9s\u00bb<\/a><\/p>\n","protected":false},"author":1,"featured_media":0,"parent":0,"menu_order":0,"comment_status":"closed","ping_status":"closed","template":"page-templates\/side-menu.php","meta":{"_bbp_topic_count":0,"_bbp_reply_count":0,"_bbp_total_topic_count":0,"_bbp_total_reply_count":0,"_bbp_voice_count":0,"_bbp_anonymous_reply_count":0,"_bbp_topic_count_hidden":0,"_bbp_reply_count_hidden":0,"_bbp_forum_subforum_count":0,"footnotes":""},"class_list":["post-66","page","type-page","status-publish","hentry"],"post_mailing_queue_ids":[],"_links":{"self":[{"href":"https:\/\/agora.xtec.cat\/esc-laplana\/wp-json\/wp\/v2\/pages\/66","targetHints":{"allow":["GET"]}}],"collection":[{"href":"https:\/\/agora.xtec.cat\/esc-laplana\/wp-json\/wp\/v2\/pages"}],"about":[{"href":"https:\/\/agora.xtec.cat\/esc-laplana\/wp-json\/wp\/v2\/types\/page"}],"author":[{"embeddable":true,"href":"https:\/\/agora.xtec.cat\/esc-laplana\/wp-json\/wp\/v2\/users\/1"}],"replies":[{"embeddable":true,"href":"https:\/\/agora.xtec.cat\/esc-laplana\/wp-json\/wp\/v2\/comments?post=66"}],"version-history":[{"count":4,"href":"https:\/\/agora.xtec.cat\/esc-laplana\/wp-json\/wp\/v2\/pages\/66\/revisions"}],"predecessor-version":[{"id":2447,"href":"https:\/\/agora.xtec.cat\/esc-laplana\/wp-json\/wp\/v2\/pages\/66\/revisions\/2447"}],"wp:attachment":[{"href":"https:\/\/agora.xtec.cat\/esc-laplana\/wp-json\/wp\/v2\/media?parent=66"}],"curies":[{"name":"wp","href":"https:\/\/api.w.org\/{rel}","templated":true}]}}