{"id":1197,"date":"2023-06-22T23:12:44","date_gmt":"2023-06-22T21:12:44","guid":{"rendered":"https:\/\/agora.xtec.cat\/esc-laplana\/?page_id=1197"},"modified":"2023-06-22T23:15:52","modified_gmt":"2023-06-22T21:15:52","slug":"cursos-anteriors","status":"publish","type":"page","link":"https:\/\/agora.xtec.cat\/esc-laplana\/cursos-anteriors\/","title":{"rendered":"Cursos anteriors"},"content":{"rendered":"<p>Si voleu llegir altres n\u00fameros de la revista &#8220;La Motxilla&#8221; d&#8217;altres cursos podeu anar al seg\u00fcent enlla\u00e7.<\/p>\n<p><a href=\"https:\/\/sites.google.com\/a\/xtec.cat\/bibliogina\/revista\">https:\/\/sites.google.com\/a\/xtec.cat\/bibliogina\/revista<\/a><\/p>\n<p>&nbsp;<\/p>\n","protected":false},"excerpt":{"rendered":"<p>Si voleu llegir altres n\u00fameros de la revista &#8220;La Motxilla&#8221; d&#8217;altres cursos podeu anar al seg\u00fcent enlla\u00e7.<br \/>\n<a href=\"https:\/\/sites.google.com\/a\/xtec.cat\/bibliogina\/revista\">https:\/\/sites.google.com\/a\/xtec.cat\/bibliogina\/revista<\/a><br \/>\n&nbsp;<\/p>\n","protected":false},"author":1,"featured_media":0,"parent":0,"menu_order":0,"comment_status":"closed","ping_status":"closed","template":"","meta":{"_bbp_topic_count":0,"_bbp_reply_count":0,"_bbp_total_topic_count":0,"_bbp_total_reply_count":0,"_bbp_voice_count":0,"_bbp_anonymous_reply_count":0,"_bbp_topic_count_hidden":0,"_bbp_reply_count_hidden":0,"_bbp_forum_subforum_count":0,"footnotes":""},"class_list":["post-1197","page","type-page","status-publish","hentry"],"post_mailing_queue_ids":[],"_links":{"self":[{"href":"https:\/\/agora.xtec.cat\/esc-laplana\/wp-json\/wp\/v2\/pages\/1197","targetHints":{"allow":["GET"]}}],"collection":[{"href":"https:\/\/agora.xtec.cat\/esc-laplana\/wp-json\/wp\/v2\/pages"}],"about":[{"href":"https:\/\/agora.xtec.cat\/esc-laplana\/wp-json\/wp\/v2\/types\/page"}],"author":[{"embeddable":true,"href":"https:\/\/agora.xtec.cat\/esc-laplana\/wp-json\/wp\/v2\/users\/1"}],"replies":[{"embeddable":true,"href":"https:\/\/agora.xtec.cat\/esc-laplana\/wp-json\/wp\/v2\/comments?post=1197"}],"version-history":[{"count":2,"href":"https:\/\/agora.xtec.cat\/esc-laplana\/wp-json\/wp\/v2\/pages\/1197\/revisions"}],"predecessor-version":[{"id":1207,"href":"https:\/\/agora.xtec.cat\/esc-laplana\/wp-json\/wp\/v2\/pages\/1197\/revisions\/1207"}],"wp:attachment":[{"href":"https:\/\/agora.xtec.cat\/esc-laplana\/wp-json\/wp\/v2\/media?parent=1197"}],"curies":[{"name":"wp","href":"https:\/\/api.w.org\/{rel}","templated":true}]}}