{"id":1144,"date":"2023-06-20T22:01:17","date_gmt":"2023-06-20T20:01:17","guid":{"rendered":"https:\/\/agora.xtec.cat\/esc-laplana\/?page_id=1144"},"modified":"2023-06-21T08:29:25","modified_gmt":"2023-06-21T06:29:25","slug":"projectes-col-laboratius","status":"publish","type":"page","link":"https:\/\/agora.xtec.cat\/esc-laplana\/projectes-col-laboratius\/","title":{"rendered":"PROJECTES COL.LABORATIUS"},"content":{"rendered":"<p style=\"text-align: justify;\">Treballar de manera col.laborativa amb un museu \u00e9s una activitat que ja es duia a terme en altre ocasions per\u00f2, aquest any, hem volgut con\u00e9ixer m\u00e9s coses sobre l&#8217;\u00e8poca romana. Per aquest motiu, vam contactar amb el <strong>MNAT (Museu Nacional Arqueol\u00f2gic de Tarragona)<\/strong> i ens ha proporcionat recursos i materials per tal de poder treballar sobre &#8220;L&#8217;alimentaci\u00f3 romana&#8221;. Tamb\u00e9 ens han ofert les visites al Museu on vam fer una visita guiada i una recepta romana i a la Vil.la Romana dels Munts (Altafulla) on ens esperaven en Caius i la Faustina. Volem donar les gr\u00e0cies als responsables i al personal del MNAT per tota l&#8217;ajuda que ens ha proporcionat.<\/p>\n<p style=\"text-align: justify;\">Voleu veure com ens han quedat els nostres treballs? Mireu&#8230;mireu!<\/p>\n<p style=\"text-align: justify;\"><strong>AGRICULTURA ROMANA (CS)<\/strong><\/p>\n<p><iframe loading=\"lazy\" src=\"https:\/\/drive.google.com\/file\/d\/1DUSBF0mEfdbkgZ3whDtSm-znUc1ecYcT\/preview\" width=\"640\" height=\"480\"><\/iframe><\/p>\n<p><strong>ALIMENTS (CI)<\/strong><\/p>\n<p><iframe loading=\"lazy\" src=\"https:\/\/drive.google.com\/file\/d\/1YEdzgcQeIBmRs8g7wYVS6nl9GlazhusW\/preview\" width=\"640\" height=\"480\"><\/iframe><\/p>\n<p><strong>ESTRIS I CER\u00c0MICA (Ed. Infantil)<\/strong><\/p>\n<p><iframe loading=\"lazy\" src=\"https:\/\/drive.google.com\/file\/d\/1i2BA2zaC7ebpN4rJwbBgMroI33HdkddW\/preview\" width=\"640\" height=\"480\"><\/iframe><\/p>\n<p><strong>BANQUET ROM\u00c0 1 (Ed. Infantil)<\/strong><\/p>\n<p><iframe loading=\"lazy\" src=\"https:\/\/drive.google.com\/file\/d\/1O3AUjvv7JHGE9_uJ2rPNztS6ziS0etXa\/preview\" width=\"640\" height=\"480\"><\/iframe><br \/>\n<strong>BANQUET ROM\u00c0 2 (Ed. Infantil)<\/strong><br \/>\n<iframe loading=\"lazy\" src=\"https:\/\/drive.google.com\/file\/d\/19RqUT192AiemMKE1rCxhZ61S9p8DhOvA\/preview\" width=\"640\" height=\"480\"><\/iframe><br \/>\n<strong>PAREM LA TAULA! (CM)<\/strong><br \/>\n<iframe loading=\"lazy\" src=\"https:\/\/drive.google.com\/file\/d\/1JNa6XJbWLIIujTX5l5aCNyTKRI7ahb8G\/preview\" width=\"640\" height=\"480\"><\/iframe><\/p>\n","protected":false},"excerpt":{"rendered":"<p>Treballar de manera col.laborativa amb un museu \u00e9s una activitat que ja es duia a terme en altre ocasions per\u00f2, aquest any, hem volgut con\u00e9ixer m\u00e9s coses sobre l&#8217;\u00e8poca romana. Per aquest motiu, vam contactar amb el MNAT (Museu Nacional Arqueol\u00f2gic de Tarragona) i ens&hellip;  <a href=\"https:\/\/agora.xtec.cat\/esc-laplana\/projectes-col-laboratius\/\" title=\"Read PROJECTES COL.LABORATIUS\">Llegeix m\u00e9s\u00bb<\/a><\/p>\n","protected":false},"author":1,"featured_media":0,"parent":0,"menu_order":0,"comment_status":"closed","ping_status":"closed","template":"","meta":{"_bbp_topic_count":0,"_bbp_reply_count":0,"_bbp_total_topic_count":0,"_bbp_total_reply_count":0,"_bbp_voice_count":0,"_bbp_anonymous_reply_count":0,"_bbp_topic_count_hidden":0,"_bbp_reply_count_hidden":0,"_bbp_forum_subforum_count":0,"footnotes":""},"class_list":["post-1144","page","type-page","status-publish","hentry"],"post_mailing_queue_ids":[],"_links":{"self":[{"href":"https:\/\/agora.xtec.cat\/esc-laplana\/wp-json\/wp\/v2\/pages\/1144","targetHints":{"allow":["GET"]}}],"collection":[{"href":"https:\/\/agora.xtec.cat\/esc-laplana\/wp-json\/wp\/v2\/pages"}],"about":[{"href":"https:\/\/agora.xtec.cat\/esc-laplana\/wp-json\/wp\/v2\/types\/page"}],"author":[{"embeddable":true,"href":"https:\/\/agora.xtec.cat\/esc-laplana\/wp-json\/wp\/v2\/users\/1"}],"replies":[{"embeddable":true,"href":"https:\/\/agora.xtec.cat\/esc-laplana\/wp-json\/wp\/v2\/comments?post=1144"}],"version-history":[{"count":4,"href":"https:\/\/agora.xtec.cat\/esc-laplana\/wp-json\/wp\/v2\/pages\/1144\/revisions"}],"predecessor-version":[{"id":1161,"href":"https:\/\/agora.xtec.cat\/esc-laplana\/wp-json\/wp\/v2\/pages\/1144\/revisions\/1161"}],"wp:attachment":[{"href":"https:\/\/agora.xtec.cat\/esc-laplana\/wp-json\/wp\/v2\/media?parent=1144"}],"curies":[{"name":"wp","href":"https:\/\/api.w.org\/{rel}","templated":true}]}}