{"id":30,"date":"2014-09-18T12:30:23","date_gmt":"2014-09-18T11:30:23","guid":{"rendered":"http:\/\/agora.xtec.cat\/esc-lamerce-tortosa\/?page_id=30"},"modified":"2025-12-10T12:00:52","modified_gmt":"2025-12-10T11:00:52","slug":"instal%c2%b7lacions","status":"publish","type":"page","link":"https:\/\/agora.xtec.cat\/esc-lamerce-tortosa\/lescola\/instal%c2%b7lacions\/","title":{"rendered":"Instal\u00b7lacions"},"content":{"rendered":"<p><strong>AULES:<\/strong><\/p>\n<ul>\n<li>11 aules ordin\u00e0ries on s&#8217;atenen els 11 grups &#8211; classe (3 Educaci\u00f3 Infantil i 8 Educaci\u00f3 Prim\u00e0ria)<\/li>\n<li>4 aules dedicades a les especialitats docents (aula d&#8217;angl\u00e8s, aula de m\u00fasica i Aula d&#8217;Acollida)<\/li>\n<li>3 aules d&#8217;\u00e0mbit digital (ordinadors, audiovisual i rob\u00f2tica)<\/li>\n<li>Biblioteca &#8220;La casa m\u00e0gica&#8221;<\/li>\n<li>Aula dedicada al treball d&#8217;expressi\u00f3 oral<\/li>\n<li>Aula polivalent \/ ambients (amb espai per treball de llum fosca)<\/li>\n<li>Aula #possible (espai restauratiu)<\/li>\n<\/ul>\n<p>&nbsp;<\/p>\n<p><strong>ALTRES ESPAIS:<\/strong><\/p>\n<ul>\n<li>Menjador (amb un espai dedicat a Educaci\u00f3 Infantil i espai dedicat a Educaci\u00f3 Prim\u00e0ria)<\/li>\n<li>Gimn\u00e0s \/ Aula de psicomotricitat<\/li>\n<li>Vestuaris amb dutxes<\/li>\n<li>Lavabos per alumnes i docents a totes les ales del centre<\/li>\n<li>Zona administrativa (despatx direcci\u00f3, despatx TIS, despatx administraci\u00f3, sala de mestres, sala de material i copisteria)<\/li>\n<li>Consergeria<\/li>\n<li>Zones d&#8217;esbarjo (pista poliesportiva, espai moreres, esbarjo Infantil-3 i esbarjo Infantil 4 i 5)<\/li>\n<li>Zona d&#8217;aparcament de bicicletes i patinets<\/li>\n<li>Espai destinat a les tasques de l&#8217;AMPA (antiga casa del conserge)<\/li>\n<\/ul>\n","protected":false},"excerpt":{"rendered":"<p>AULES: 11 aules ordin\u00e0ries on s&#8217;atenen els 11 grups &#8211; classe (3 Educaci\u00f3 Infantil i 8 Educaci\u00f3 Prim\u00e0ria) 4 aules dedicades a les especialitats docents (aula d&#8217;angl\u00e8s, aula de m\u00fasica i Aula d&#8217;Acollida) 3 aules d&#8217;\u00e0mbit digital (ordinadors, audiovisual i rob\u00f2tica) Biblioteca &#8220;La casa m\u00e0gica&#8221; Aula dedicada al treball d&#8217;expressi\u00f3 oral Aula polivalent \/ ambients [&hellip;]<\/p>\n","protected":false},"author":1,"featured_media":0,"parent":22,"menu_order":40,"comment_status":"closed","ping_status":"closed","template":"","meta":{"_bbp_topic_count":0,"_bbp_reply_count":0,"_bbp_total_topic_count":0,"_bbp_total_reply_count":0,"_bbp_voice_count":0,"_bbp_anonymous_reply_count":0,"_bbp_topic_count_hidden":0,"_bbp_reply_count_hidden":0,"_bbp_forum_subforum_count":0,"site-sidebar-layout":"default","site-content-layout":"","ast-site-content-layout":"default","site-content-style":"default","site-sidebar-style":"default","ast-global-header-display":"","ast-banner-title-visibility":"","ast-main-header-display":"","ast-hfb-above-header-display":"","ast-hfb-below-header-display":"","ast-hfb-mobile-header-display":"","site-post-title":"","ast-breadcrumbs-content":"","ast-featured-img":"","footer-sml-layout":"","theme-transparent-header-meta":"default","adv-header-id-meta":"","stick-header-meta":"","header-above-stick-meta":"","header-main-stick-meta":"","header-below-stick-meta":"","astra-migrate-meta-layouts":"set","ast-page-background-enabled":"default","ast-page-background-meta":{"desktop":{"background-color":"var(--ast-global-color-4)","background-image":"","background-repeat":"repeat","background-position":"center center","background-size":"auto","background-attachment":"scroll","background-type":"","background-media":"","overlay-type":"","overlay-color":"","overlay-opacity":"","overlay-gradient":""},"tablet":{"background-color":"","background-image":"","background-repeat":"repeat","background-position":"center center","background-size":"auto","background-attachment":"scroll","background-type":"","background-media":"","overlay-type":"","overlay-color":"","overlay-opacity":"","overlay-gradient":""},"mobile":{"background-color":"","background-image":"","background-repeat":"repeat","background-position":"center center","background-size":"auto","background-attachment":"scroll","background-type":"","background-media":"","overlay-type":"","overlay-color":"","overlay-opacity":"","overlay-gradient":""}},"ast-content-background-meta":{"desktop":{"background-color":"var(--ast-global-color-5)","background-image":"","background-repeat":"repeat","background-position":"center center","background-size":"auto","background-attachment":"scroll","background-type":"","background-media":"","overlay-type":"","overlay-color":"","overlay-opacity":"","overlay-gradient":""},"tablet":{"background-color":"var(--ast-global-color-5)","background-image":"","background-repeat":"repeat","background-position":"center center","background-size":"auto","background-attachment":"scroll","background-type":"","background-media":"","overlay-type":"","overlay-color":"","overlay-opacity":"","overlay-gradient":""},"mobile":{"background-color":"var(--ast-global-color-5)","background-image":"","background-repeat":"repeat","background-position":"center center","background-size":"auto","background-attachment":"scroll","background-type":"","background-media":"","overlay-type":"","overlay-color":"","overlay-opacity":"","overlay-gradient":""}},"footnotes":""},"class_list":["post-30","page","type-page","status-publish","hentry"],"post_mailing_queue_ids":[],"_links":{"self":[{"href":"https:\/\/agora.xtec.cat\/esc-lamerce-tortosa\/wp-json\/wp\/v2\/pages\/30","targetHints":{"allow":["GET"]}}],"collection":[{"href":"https:\/\/agora.xtec.cat\/esc-lamerce-tortosa\/wp-json\/wp\/v2\/pages"}],"about":[{"href":"https:\/\/agora.xtec.cat\/esc-lamerce-tortosa\/wp-json\/wp\/v2\/types\/page"}],"author":[{"embeddable":true,"href":"https:\/\/agora.xtec.cat\/esc-lamerce-tortosa\/wp-json\/wp\/v2\/users\/1"}],"replies":[{"embeddable":true,"href":"https:\/\/agora.xtec.cat\/esc-lamerce-tortosa\/wp-json\/wp\/v2\/comments?post=30"}],"version-history":[{"count":6,"href":"https:\/\/agora.xtec.cat\/esc-lamerce-tortosa\/wp-json\/wp\/v2\/pages\/30\/revisions"}],"predecessor-version":[{"id":1506,"href":"https:\/\/agora.xtec.cat\/esc-lamerce-tortosa\/wp-json\/wp\/v2\/pages\/30\/revisions\/1506"}],"up":[{"embeddable":true,"href":"https:\/\/agora.xtec.cat\/esc-lamerce-tortosa\/wp-json\/wp\/v2\/pages\/22"}],"wp:attachment":[{"href":"https:\/\/agora.xtec.cat\/esc-lamerce-tortosa\/wp-json\/wp\/v2\/media?parent=30"}],"curies":[{"name":"wp","href":"https:\/\/api.w.org\/{rel}","templated":true}]}}