{"id":28,"date":"2014-09-18T12:29:35","date_gmt":"2014-09-18T11:29:35","guid":{"rendered":"http:\/\/agora.xtec.cat\/esc-lamerce-tortosa\/?page_id=28"},"modified":"2025-12-10T11:34:21","modified_gmt":"2025-12-10T10:34:21","slug":"consell-escolar","status":"publish","type":"page","link":"https:\/\/agora.xtec.cat\/esc-lamerce-tortosa\/lescola\/consell-escolar\/","title":{"rendered":"Consell Escolar"},"content":{"rendered":"<p><a href=\"https:\/\/agora.xtec.cat\/esc-lamerce-tortosa\/wp-content\/uploads\/usu1747\/2025\/12\/CONSELL-ESCOLAR.png\"><img loading=\"lazy\" decoding=\"async\" class=\"size-medium wp-image-1496 aligncenter\" src=\"https:\/\/agora.xtec.cat\/esc-lamerce-tortosa\/wp-content\/uploads\/usu1747\/2025\/12\/CONSELL-ESCOLAR-300x225.png\" alt=\"\" width=\"300\" height=\"225\" srcset=\"https:\/\/agora.xtec.cat\/esc-lamerce-tortosa\/wp-content\/uploads\/usu1747\/2025\/12\/CONSELL-ESCOLAR-300x225.png 300w, https:\/\/agora.xtec.cat\/esc-lamerce-tortosa\/wp-content\/uploads\/usu1747\/2025\/12\/CONSELL-ESCOLAR-768x576.png 768w, https:\/\/agora.xtec.cat\/esc-lamerce-tortosa\/wp-content\/uploads\/usu1747\/2025\/12\/CONSELL-ESCOLAR.png 1024w\" sizes=\"auto, (max-width: 300px) 100vw, 300px\" \/><\/a><\/p>\n<p>El consell escolar \u00e9s l\u2019\u00f2rgan col\u00b7legiat de participaci\u00f3 de la comunitat escolar en el govern del centre. Estan representats tots els sectors de la Comunitat Escolar: Professors, Pares, Personal PAS i Ajuntament. Les persones membres del consell escolar, representants electes dels diferents sectors, ho s\u00f3n per un per\u00edode de quatre anys.<\/p>\n<p>El consell escolar del centre es reuneix preceptivament una vegada al trimestre i sempre que el convoca el seu president\/a o ho sol\u00b7licita almenys un ter\u00e7 dels seus membres. A m\u00e9s, perceptivament, es far\u00e0 una reuni\u00f3 a l\u2019inici i al final del curs. S\u2019ha de procurar que les decisions en el si del consell escolar es prenguin per consens. Si no \u00e9s possible arribar a un acord, es determina la decisi\u00f3 per majoria dels membres presents, llevat dels casos en qu\u00e8 la normativa determini una altra majoria qualificada. Les reunions de consell escolar se celebraran en un<br \/>\nhorari que permeti l\u2019assist\u00e8ncia dels representants de mares i pares.<\/p>\n<p>Si per motius de restriccions de reunions presencials degut a temes de salut o seguretat es comunicar\u00e0 de manera individual, presencialment o via telef\u00f2nica al representant de l&#8217;Ajuntament i a cada un dels membres del sector pares i mares sobre els punts a tractar del consell escolar i si s\u2019escau es demana l\u2019aprovaci\u00f3 de l\u2019aspecte en concret susceptible de votaci\u00f3.<\/p>\n<p>La convocat\u00f2ria de les reunions ser\u00e0 tramesa pel director\/a, amb l\u2019antelaci\u00f3 suficient, juntament amb la documentaci\u00f3 necess\u00e0ria que hagi de ser objecte de debat, i en el seu cas d\u2019aprovaci\u00f3. L\u2019assist\u00e8ncia ser\u00e0 obligat\u00f2ria per a tots els seus membres. Malgrat aix\u00f2 els membres del consell escolar tenen el dret d\u2019excusar-se per qualsevol causa que els impossibiliti la seva assist\u00e8ncia.<br \/>\nLa confecci\u00f3 de l\u2019ordre del dia de les sessions incorporar\u00e0 els punts que puguin sol\u00b7licitar el sector de pares i mares.<\/p>\n<p>El qu\u00f2rum necessari per donar validesa a la constituci\u00f3 de l\u2019\u00f2rgan col\u00b7legiat ser\u00e0 el de la majoria absoluta (meitat m\u00e9s un).<\/p>\n","protected":false},"excerpt":{"rendered":"<p>El consell escolar \u00e9s l\u2019\u00f2rgan col\u00b7legiat de participaci\u00f3 de la comunitat escolar en el govern del centre. Estan representats tots els sectors de la Comunitat Escolar: Professors, Pares, Personal PAS i Ajuntament. Les persones membres del consell escolar, representants electes dels diferents sectors, ho s\u00f3n per un per\u00edode de quatre anys. El consell escolar del [&hellip;]<\/p>\n","protected":false},"author":1,"featured_media":0,"parent":22,"menu_order":30,"comment_status":"closed","ping_status":"closed","template":"","meta":{"_bbp_topic_count":0,"_bbp_reply_count":0,"_bbp_total_topic_count":0,"_bbp_total_reply_count":0,"_bbp_voice_count":0,"_bbp_anonymous_reply_count":0,"_bbp_topic_count_hidden":0,"_bbp_reply_count_hidden":0,"_bbp_forum_subforum_count":0,"site-sidebar-layout":"default","site-content-layout":"","ast-site-content-layout":"default","site-content-style":"default","site-sidebar-style":"default","ast-global-header-display":"","ast-banner-title-visibility":"","ast-main-header-display":"","ast-hfb-above-header-display":"","ast-hfb-below-header-display":"","ast-hfb-mobile-header-display":"","site-post-title":"","ast-breadcrumbs-content":"","ast-featured-img":"","footer-sml-layout":"","theme-transparent-header-meta":"default","adv-header-id-meta":"","stick-header-meta":"","header-above-stick-meta":"","header-main-stick-meta":"","header-below-stick-meta":"","astra-migrate-meta-layouts":"set","ast-page-background-enabled":"default","ast-page-background-meta":{"desktop":{"background-color":"var(--ast-global-color-4)","background-image":"","background-repeat":"repeat","background-position":"center center","background-size":"auto","background-attachment":"scroll","background-type":"","background-media":"","overlay-type":"","overlay-color":"","overlay-opacity":"","overlay-gradient":""},"tablet":{"background-color":"","background-image":"","background-repeat":"repeat","background-position":"center center","background-size":"auto","background-attachment":"scroll","background-type":"","background-media":"","overlay-type":"","overlay-color":"","overlay-opacity":"","overlay-gradient":""},"mobile":{"background-color":"","background-image":"","background-repeat":"repeat","background-position":"center center","background-size":"auto","background-attachment":"scroll","background-type":"","background-media":"","overlay-type":"","overlay-color":"","overlay-opacity":"","overlay-gradient":""}},"ast-content-background-meta":{"desktop":{"background-color":"var(--ast-global-color-5)","background-image":"","background-repeat":"repeat","background-position":"center center","background-size":"auto","background-attachment":"scroll","background-type":"","background-media":"","overlay-type":"","overlay-color":"","overlay-opacity":"","overlay-gradient":""},"tablet":{"background-color":"var(--ast-global-color-5)","background-image":"","background-repeat":"repeat","background-position":"center center","background-size":"auto","background-attachment":"scroll","background-type":"","background-media":"","overlay-type":"","overlay-color":"","overlay-opacity":"","overlay-gradient":""},"mobile":{"background-color":"var(--ast-global-color-5)","background-image":"","background-repeat":"repeat","background-position":"center center","background-size":"auto","background-attachment":"scroll","background-type":"","background-media":"","overlay-type":"","overlay-color":"","overlay-opacity":"","overlay-gradient":""}},"footnotes":""},"class_list":["post-28","page","type-page","status-publish","hentry"],"post_mailing_queue_ids":[],"_links":{"self":[{"href":"https:\/\/agora.xtec.cat\/esc-lamerce-tortosa\/wp-json\/wp\/v2\/pages\/28","targetHints":{"allow":["GET"]}}],"collection":[{"href":"https:\/\/agora.xtec.cat\/esc-lamerce-tortosa\/wp-json\/wp\/v2\/pages"}],"about":[{"href":"https:\/\/agora.xtec.cat\/esc-lamerce-tortosa\/wp-json\/wp\/v2\/types\/page"}],"author":[{"embeddable":true,"href":"https:\/\/agora.xtec.cat\/esc-lamerce-tortosa\/wp-json\/wp\/v2\/users\/1"}],"replies":[{"embeddable":true,"href":"https:\/\/agora.xtec.cat\/esc-lamerce-tortosa\/wp-json\/wp\/v2\/comments?post=28"}],"version-history":[{"count":6,"href":"https:\/\/agora.xtec.cat\/esc-lamerce-tortosa\/wp-json\/wp\/v2\/pages\/28\/revisions"}],"predecessor-version":[{"id":1500,"href":"https:\/\/agora.xtec.cat\/esc-lamerce-tortosa\/wp-json\/wp\/v2\/pages\/28\/revisions\/1500"}],"up":[{"embeddable":true,"href":"https:\/\/agora.xtec.cat\/esc-lamerce-tortosa\/wp-json\/wp\/v2\/pages\/22"}],"wp:attachment":[{"href":"https:\/\/agora.xtec.cat\/esc-lamerce-tortosa\/wp-json\/wp\/v2\/media?parent=28"}],"curies":[{"name":"wp","href":"https:\/\/api.w.org\/{rel}","templated":true}]}}