{"id":22,"date":"2014-09-18T12:19:57","date_gmt":"2014-09-18T11:19:57","guid":{"rendered":"http:\/\/agora.xtec.cat\/esc-lamerce-tortosa\/?page_id=22"},"modified":"2025-12-10T10:36:02","modified_gmt":"2025-12-10T09:36:02","slug":"lescola","status":"publish","type":"page","link":"https:\/\/agora.xtec.cat\/esc-lamerce-tortosa\/lescola\/","title":{"rendered":"L&#8217;escola"},"content":{"rendered":"<p>L\u2019Escola La Merc\u00e8 ha estat, \u00e9s i volem que sigui un centre educatiu p\u00fablic emblem\u00e0tic de la ciutat de Tortosa.Ubicada al barri del Rastre i en ple nucli antic de la nostra ciutat. En el nostre cas, tenim una matr\u00edcula que est\u00e0 al voltant de 200 alumnes de diversa proced\u00e8ncia en quant a nacionalitats, uns 20 pa\u00efsos. Per tant podem dir amb orgull que el centre destaca per la seva riquesa cultural, la qual, a m\u00e9s, ens atorga un segell propi.<\/p>\n<p>A l\u2019escola La Merc\u00e8 entenem la diversitat i riquesa cultural i ling\u00fc\u00edstica, que ens caracteritza com una oportunitat perqu\u00e8 aprenem tothom de tothom, com un repte i com una superaci\u00f3 en<br \/>\nl\u2019\u00e0mbit educatiu i personal. Sense perjudici de la nostra llengua vehicular i que estimem, el catal\u00e0, a la nostra escola cuidem, protegim i posem en valor totes les lleng\u00fces maternes. Aix\u00ed com tamb\u00e9 ho fem en relaci\u00f3 a la rica diversitat de costums, creences i valors que s\u00f3n patrimoni del centre.<\/p>\n<p>A trav\u00e9s de la prioritzaci\u00f3 d\u2019uns valors, d\u2019un cam\u00ed que es va tra\u00e7ant a trav\u00e9s de la missi\u00f3 i d\u2019unes expectatives altes d\u2019\u00e8xit que configuren la nostra visi\u00f3 i que donen forma al Projecte Educatiu de Centre, es dona resposta a les necessitats i potencialitats del nostre alumnat no nom\u00e9s des del punt de vista acad\u00e8mic, sin\u00f3 respecte a les seves condicions d\u2019educabilitat.<\/p>\n","protected":false},"excerpt":{"rendered":"<p>L\u2019Escola La Merc\u00e8 ha estat, \u00e9s i volem que sigui un centre educatiu p\u00fablic emblem\u00e0tic de la ciutat de Tortosa.Ubicada al barri del Rastre i en ple nucli antic de la nostra ciutat. En el nostre cas, tenim una matr\u00edcula que est\u00e0 al voltant de 200 alumnes de diversa proced\u00e8ncia en quant a nacionalitats, uns [&hellip;]<\/p>\n","protected":false},"author":1,"featured_media":0,"parent":0,"menu_order":0,"comment_status":"closed","ping_status":"closed","template":"","meta":{"_bbp_topic_count":0,"_bbp_reply_count":0,"_bbp_total_topic_count":0,"_bbp_total_reply_count":0,"_bbp_voice_count":0,"_bbp_anonymous_reply_count":0,"_bbp_topic_count_hidden":0,"_bbp_reply_count_hidden":0,"_bbp_forum_subforum_count":0,"site-sidebar-layout":"default","site-content-layout":"","ast-site-content-layout":"default","site-content-style":"default","site-sidebar-style":"default","ast-global-header-display":"","ast-banner-title-visibility":"","ast-main-header-display":"","ast-hfb-above-header-display":"","ast-hfb-below-header-display":"","ast-hfb-mobile-header-display":"","site-post-title":"","ast-breadcrumbs-content":"","ast-featured-img":"","footer-sml-layout":"","theme-transparent-header-meta":"default","adv-header-id-meta":"","stick-header-meta":"","header-above-stick-meta":"","header-main-stick-meta":"","header-below-stick-meta":"","astra-migrate-meta-layouts":"set","ast-page-background-enabled":"default","ast-page-background-meta":{"desktop":{"background-color":"var(--ast-global-color-4)","background-image":"","background-repeat":"repeat","background-position":"center center","background-size":"auto","background-attachment":"scroll","background-type":"","background-media":"","overlay-type":"","overlay-color":"","overlay-opacity":"","overlay-gradient":""},"tablet":{"background-color":"","background-image":"","background-repeat":"repeat","background-position":"center center","background-size":"auto","background-attachment":"scroll","background-type":"","background-media":"","overlay-type":"","overlay-color":"","overlay-opacity":"","overlay-gradient":""},"mobile":{"background-color":"","background-image":"","background-repeat":"repeat","background-position":"center center","background-size":"auto","background-attachment":"scroll","background-type":"","background-media":"","overlay-type":"","overlay-color":"","overlay-opacity":"","overlay-gradient":""}},"ast-content-background-meta":{"desktop":{"background-color":"var(--ast-global-color-5)","background-image":"","background-repeat":"repeat","background-position":"center center","background-size":"auto","background-attachment":"scroll","background-type":"","background-media":"","overlay-type":"","overlay-color":"","overlay-opacity":"","overlay-gradient":""},"tablet":{"background-color":"var(--ast-global-color-5)","background-image":"","background-repeat":"repeat","background-position":"center center","background-size":"auto","background-attachment":"scroll","background-type":"","background-media":"","overlay-type":"","overlay-color":"","overlay-opacity":"","overlay-gradient":""},"mobile":{"background-color":"var(--ast-global-color-5)","background-image":"","background-repeat":"repeat","background-position":"center center","background-size":"auto","background-attachment":"scroll","background-type":"","background-media":"","overlay-type":"","overlay-color":"","overlay-opacity":"","overlay-gradient":""}},"footnotes":""},"class_list":["post-22","page","type-page","status-publish","hentry"],"post_mailing_queue_ids":[],"_links":{"self":[{"href":"https:\/\/agora.xtec.cat\/esc-lamerce-tortosa\/wp-json\/wp\/v2\/pages\/22","targetHints":{"allow":["GET"]}}],"collection":[{"href":"https:\/\/agora.xtec.cat\/esc-lamerce-tortosa\/wp-json\/wp\/v2\/pages"}],"about":[{"href":"https:\/\/agora.xtec.cat\/esc-lamerce-tortosa\/wp-json\/wp\/v2\/types\/page"}],"author":[{"embeddable":true,"href":"https:\/\/agora.xtec.cat\/esc-lamerce-tortosa\/wp-json\/wp\/v2\/users\/1"}],"replies":[{"embeddable":true,"href":"https:\/\/agora.xtec.cat\/esc-lamerce-tortosa\/wp-json\/wp\/v2\/comments?post=22"}],"version-history":[{"count":1,"href":"https:\/\/agora.xtec.cat\/esc-lamerce-tortosa\/wp-json\/wp\/v2\/pages\/22\/revisions"}],"predecessor-version":[{"id":1492,"href":"https:\/\/agora.xtec.cat\/esc-lamerce-tortosa\/wp-json\/wp\/v2\/pages\/22\/revisions\/1492"}],"wp:attachment":[{"href":"https:\/\/agora.xtec.cat\/esc-lamerce-tortosa\/wp-json\/wp\/v2\/media?parent=22"}],"curies":[{"name":"wp","href":"https:\/\/api.w.org\/{rel}","templated":true}]}}