{"id":1216,"date":"2022-05-26T11:18:56","date_gmt":"2022-05-26T09:18:56","guid":{"rendered":"https:\/\/agora.xtec.cat\/esc-lamerce-tortosa\/?page_id=1216"},"modified":"2023-03-29T16:06:42","modified_gmt":"2023-03-29T14:06:42","slug":"infografies","status":"publish","type":"page","link":"https:\/\/agora.xtec.cat\/esc-lamerce-tortosa\/projecte-educatiu\/infografies\/","title":{"rendered":"Infografies"},"content":{"rendered":"<p><a href=\"https:\/\/drive.google.com\/file\/d\/1hj5EWn4Nw_xhwNbR5tNbrdPM-YUNjMz4\/view?usp=sharing\" target=\"_blank\" rel=\"noopener\">Projecte Educatiu de Centre (PEC)<\/a><\/p>\n<p><a href=\"https:\/\/drive.google.com\/file\/d\/1jF26qUMDa-Elnn3vANXijP4p1PWZr9Kx\/view?usp=sharing\" target=\"_blank\" rel=\"noopener\">Projecte de Direcci\u00f3 (PdD)<\/a><\/p>\n<p><a href=\"https:\/\/drive.google.com\/file\/d\/1ol4nfkjvt19kwRWRuG87hOBQBvAFopGD\/view?usp=sharing\" target=\"_blank\" rel=\"noopener\">Pla de conviv\u00e8ncia<\/a><\/p>\n<p><a href=\"https:\/\/drive.google.com\/file\/d\/12BEyVazmGsPkDMiuLDuU9TPzxD9KcJ9A\/view?usp=sharing\" target=\"_blank\" rel=\"noopener\">Normes d&#8217;Organitzaci\u00f3 i Funcionament de Centre (NOFC)<\/a><\/p>\n<p><a href=\"https:\/\/drive.google.com\/file\/d\/12EVNM8xXByOViKEIlIb2l9FYrMbdwa6q\/view?usp=sharing\" target=\"_blank\" rel=\"noopener\">Difusi\u00f3 i projecci\u00f3<\/a><\/p>\n<p><a href=\"https:\/\/drive.google.com\/file\/d\/1vAmArJX0Jpcn3WYRmI15GxvxS_TVv2qA\/view?usp=sharing\" target=\"_blank\" rel=\"noopener\">Liderar a La Merc\u00e8<\/a><\/p>\n","protected":false},"excerpt":{"rendered":"<p>Projecte Educatiu de Centre (PEC) Projecte de Direcci\u00f3 (PdD) Pla de conviv\u00e8ncia Normes d&#8217;Organitzaci\u00f3 i Funcionament de Centre (NOFC) Difusi\u00f3 i projecci\u00f3 Liderar a La Merc\u00e8<\/p>\n","protected":false},"author":1,"featured_media":0,"parent":64,"menu_order":0,"comment_status":"closed","ping_status":"closed","template":"page-templates\/side-menu.php","meta":{"_bbp_topic_count":0,"_bbp_reply_count":0,"_bbp_total_topic_count":0,"_bbp_total_reply_count":0,"_bbp_voice_count":0,"_bbp_anonymous_reply_count":0,"_bbp_topic_count_hidden":0,"_bbp_reply_count_hidden":0,"_bbp_forum_subforum_count":0,"site-sidebar-layout":"default","site-content-layout":"","ast-site-content-layout":"","site-content-style":"default","site-sidebar-style":"default","ast-global-header-display":"","ast-banner-title-visibility":"","ast-main-header-display":"","ast-hfb-above-header-display":"","ast-hfb-below-header-display":"","ast-hfb-mobile-header-display":"","site-post-title":"","ast-breadcrumbs-content":"","ast-featured-img":"","footer-sml-layout":"","theme-transparent-header-meta":"","adv-header-id-meta":"","stick-header-meta":"","header-above-stick-meta":"","header-main-stick-meta":"","header-below-stick-meta":"","astra-migrate-meta-layouts":"default","ast-page-background-enabled":"default","ast-page-background-meta":{"desktop":{"background-color":"var(--ast-global-color-4)","background-image":"","background-repeat":"repeat","background-position":"center center","background-size":"auto","background-attachment":"scroll","background-type":"","background-media":"","overlay-type":"","overlay-color":"","overlay-opacity":"","overlay-gradient":""},"tablet":{"background-color":"","background-image":"","background-repeat":"repeat","background-position":"center center","background-size":"auto","background-attachment":"scroll","background-type":"","background-media":"","overlay-type":"","overlay-color":"","overlay-opacity":"","overlay-gradient":""},"mobile":{"background-color":"","background-image":"","background-repeat":"repeat","background-position":"center center","background-size":"auto","background-attachment":"scroll","background-type":"","background-media":"","overlay-type":"","overlay-color":"","overlay-opacity":"","overlay-gradient":""}},"ast-content-background-meta":{"desktop":{"background-color":"var(--ast-global-color-5)","background-image":"","background-repeat":"repeat","background-position":"center center","background-size":"auto","background-attachment":"scroll","background-type":"","background-media":"","overlay-type":"","overlay-color":"","overlay-opacity":"","overlay-gradient":""},"tablet":{"background-color":"var(--ast-global-color-5)","background-image":"","background-repeat":"repeat","background-position":"center center","background-size":"auto","background-attachment":"scroll","background-type":"","background-media":"","overlay-type":"","overlay-color":"","overlay-opacity":"","overlay-gradient":""},"mobile":{"background-color":"var(--ast-global-color-5)","background-image":"","background-repeat":"repeat","background-position":"center center","background-size":"auto","background-attachment":"scroll","background-type":"","background-media":"","overlay-type":"","overlay-color":"","overlay-opacity":"","overlay-gradient":""}},"footnotes":""},"class_list":["post-1216","page","type-page","status-publish","hentry"],"post_mailing_queue_ids":[],"_links":{"self":[{"href":"https:\/\/agora.xtec.cat\/esc-lamerce-tortosa\/wp-json\/wp\/v2\/pages\/1216","targetHints":{"allow":["GET"]}}],"collection":[{"href":"https:\/\/agora.xtec.cat\/esc-lamerce-tortosa\/wp-json\/wp\/v2\/pages"}],"about":[{"href":"https:\/\/agora.xtec.cat\/esc-lamerce-tortosa\/wp-json\/wp\/v2\/types\/page"}],"author":[{"embeddable":true,"href":"https:\/\/agora.xtec.cat\/esc-lamerce-tortosa\/wp-json\/wp\/v2\/users\/1"}],"replies":[{"embeddable":true,"href":"https:\/\/agora.xtec.cat\/esc-lamerce-tortosa\/wp-json\/wp\/v2\/comments?post=1216"}],"version-history":[{"count":3,"href":"https:\/\/agora.xtec.cat\/esc-lamerce-tortosa\/wp-json\/wp\/v2\/pages\/1216\/revisions"}],"predecessor-version":[{"id":1309,"href":"https:\/\/agora.xtec.cat\/esc-lamerce-tortosa\/wp-json\/wp\/v2\/pages\/1216\/revisions\/1309"}],"up":[{"embeddable":true,"href":"https:\/\/agora.xtec.cat\/esc-lamerce-tortosa\/wp-json\/wp\/v2\/pages\/64"}],"wp:attachment":[{"href":"https:\/\/agora.xtec.cat\/esc-lamerce-tortosa\/wp-json\/wp\/v2\/media?parent=1216"}],"curies":[{"name":"wp","href":"https:\/\/api.w.org\/{rel}","templated":true}]}}