{"id":1164,"date":"2024-03-08T10:28:20","date_gmt":"2024-03-08T09:28:20","guid":{"rendered":"https:\/\/agora.xtec.cat\/esc-lamerce-tortosa\/?page_id=1164"},"modified":"2024-03-08T10:29:46","modified_gmt":"2024-03-08T09:29:46","slug":"escola-restaurativa","status":"publish","type":"page","link":"https:\/\/agora.xtec.cat\/esc-lamerce-tortosa\/projecte-educatiu\/escola-restaurativa\/","title":{"rendered":"Enfocament Restauratiu Global (ERG)"},"content":{"rendered":"<ul>\n<li><a href=\"https:\/\/drive.google.com\/file\/d\/1yzH3ZsmxJMZwXjUcp1VdJan7C7FAN18z\/view?usp=share_link\" target=\"_blank\" rel=\"noopener\">Infografia temps de cercle.<\/a><\/li>\n<li><a href=\"https:\/\/drive.google.com\/file\/d\/1WNMJ7vTid1Wwe26icvaRh6wwZvAzbhqn\/view?usp=share_link\" target=\"_blank\" rel=\"noopener\">Dec\u00e0leg ERG<\/a><\/li>\n<li><a href=\"https:\/\/drive.google.com\/file\/d\/1jetbp8X58PdM53ZMcQDv5pFBh7uk0CA8\/view?usp=share_link\" target=\"_blank\" rel=\"noopener\">Registre enfocament restauratiu.<\/a><\/li>\n<li><a href=\"https:\/\/drive.google.com\/file\/d\/1XBIlDrFvYhr42-fHWp4qIpmB2Tvj1Atw\/view?usp=share_link\" target=\"_blank\" rel=\"noopener\">Plantilles temps de cercle.<\/a><\/li>\n<li><a href=\"https:\/\/drive.google.com\/file\/d\/1Bd6vxNhqb7ViZWJdFbuh8c5IxD_4iHI7\/view?usp=share_link\" target=\"_blank\" rel=\"noopener\">Plantilla cercle.<\/a><\/li>\n<li><a href=\"https:\/\/drive.google.com\/file\/d\/1e66nevE1X2pugsdiNe8iW8SFUoIAdn4R\/view?usp=share_link\" target=\"_blank\" rel=\"noopener\">Som Escola Restaurativa<\/a><\/li>\n<li><a href=\"https:\/\/drive.google.com\/file\/d\/1X79exZQ1pncOfTizfJvEMegb1lDwYWDX\/view?usp=sharing\" target=\"_blank\" rel=\"noopener\">Missi\u00f3, Visi\u00f3 i Valors<\/a>.<\/li>\n<li><a href=\"https:\/\/drive.google.com\/file\/d\/1_t7ZDd4P8HKmGOhHZJOTO30UpoXwjQMu\/view?usp=share_link\" target=\"_blank\" rel=\"noopener\">Els Valors de la Merc\u00e8.<\/a><\/li>\n<li><a href=\"https:\/\/agora.xtec.cat\/esc-lamerce-tortosa\/wp-content\/uploads\/usu1747\/2024\/03\/fem-equip.jpeg\">Fem equip!<\/a><\/li>\n<li><a href=\"https:\/\/agora.xtec.cat\/esc-lamerce-tortosa\/wp-content\/uploads\/usu1747\/2024\/03\/COMPROMIS-DE-CENTRE-AMB-LERG.pdf\">Comprom\u00eds del centre amb l&#8217;ERG<\/a><\/li>\n<\/ul>\n","protected":false},"excerpt":{"rendered":"<p>Infografia temps de cercle. Dec\u00e0leg ERG Registre enfocament restauratiu. Plantilles temps de cercle. Plantilla cercle. Som Escola Restaurativa Missi\u00f3, Visi\u00f3 i Valors. Els Valors de la Merc\u00e8. Fem equip! Comprom\u00eds del centre amb l&#8217;ERG<\/p>\n","protected":false},"author":1,"featured_media":0,"parent":64,"menu_order":10,"comment_status":"closed","ping_status":"closed","template":"page-templates\/side-menu.php","meta":{"_bbp_topic_count":0,"_bbp_reply_count":0,"_bbp_total_topic_count":0,"_bbp_total_reply_count":0,"_bbp_voice_count":0,"_bbp_anonymous_reply_count":0,"_bbp_topic_count_hidden":0,"_bbp_reply_count_hidden":0,"_bbp_forum_subforum_count":0,"site-sidebar-layout":"default","site-content-layout":"","ast-site-content-layout":"","site-content-style":"default","site-sidebar-style":"default","ast-global-header-display":"","ast-banner-title-visibility":"","ast-main-header-display":"","ast-hfb-above-header-display":"","ast-hfb-below-header-display":"","ast-hfb-mobile-header-display":"","site-post-title":"","ast-breadcrumbs-content":"","ast-featured-img":"","footer-sml-layout":"","theme-transparent-header-meta":"","adv-header-id-meta":"","stick-header-meta":"","header-above-stick-meta":"","header-main-stick-meta":"","header-below-stick-meta":"","astra-migrate-meta-layouts":"default","ast-page-background-enabled":"default","ast-page-background-meta":{"desktop":{"background-color":"var(--ast-global-color-4)","background-image":"","background-repeat":"repeat","background-position":"center center","background-size":"auto","background-attachment":"scroll","background-type":"","background-media":"","overlay-type":"","overlay-color":"","overlay-opacity":"","overlay-gradient":""},"tablet":{"background-color":"","background-image":"","background-repeat":"repeat","background-position":"center center","background-size":"auto","background-attachment":"scroll","background-type":"","background-media":"","overlay-type":"","overlay-color":"","overlay-opacity":"","overlay-gradient":""},"mobile":{"background-color":"","background-image":"","background-repeat":"repeat","background-position":"center center","background-size":"auto","background-attachment":"scroll","background-type":"","background-media":"","overlay-type":"","overlay-color":"","overlay-opacity":"","overlay-gradient":""}},"ast-content-background-meta":{"desktop":{"background-color":"var(--ast-global-color-5)","background-image":"","background-repeat":"repeat","background-position":"center center","background-size":"auto","background-attachment":"scroll","background-type":"","background-media":"","overlay-type":"","overlay-color":"","overlay-opacity":"","overlay-gradient":""},"tablet":{"background-color":"var(--ast-global-color-5)","background-image":"","background-repeat":"repeat","background-position":"center center","background-size":"auto","background-attachment":"scroll","background-type":"","background-media":"","overlay-type":"","overlay-color":"","overlay-opacity":"","overlay-gradient":""},"mobile":{"background-color":"var(--ast-global-color-5)","background-image":"","background-repeat":"repeat","background-position":"center center","background-size":"auto","background-attachment":"scroll","background-type":"","background-media":"","overlay-type":"","overlay-color":"","overlay-opacity":"","overlay-gradient":""}},"footnotes":""},"class_list":["post-1164","page","type-page","status-publish","hentry"],"post_mailing_queue_ids":[],"_links":{"self":[{"href":"https:\/\/agora.xtec.cat\/esc-lamerce-tortosa\/wp-json\/wp\/v2\/pages\/1164","targetHints":{"allow":["GET"]}}],"collection":[{"href":"https:\/\/agora.xtec.cat\/esc-lamerce-tortosa\/wp-json\/wp\/v2\/pages"}],"about":[{"href":"https:\/\/agora.xtec.cat\/esc-lamerce-tortosa\/wp-json\/wp\/v2\/types\/page"}],"author":[{"embeddable":true,"href":"https:\/\/agora.xtec.cat\/esc-lamerce-tortosa\/wp-json\/wp\/v2\/users\/1"}],"replies":[{"embeddable":true,"href":"https:\/\/agora.xtec.cat\/esc-lamerce-tortosa\/wp-json\/wp\/v2\/comments?post=1164"}],"version-history":[{"count":7,"href":"https:\/\/agora.xtec.cat\/esc-lamerce-tortosa\/wp-json\/wp\/v2\/pages\/1164\/revisions"}],"predecessor-version":[{"id":1410,"href":"https:\/\/agora.xtec.cat\/esc-lamerce-tortosa\/wp-json\/wp\/v2\/pages\/1164\/revisions\/1410"}],"up":[{"embeddable":true,"href":"https:\/\/agora.xtec.cat\/esc-lamerce-tortosa\/wp-json\/wp\/v2\/pages\/64"}],"wp:attachment":[{"href":"https:\/\/agora.xtec.cat\/esc-lamerce-tortosa\/wp-json\/wp\/v2\/media?parent=1164"}],"curies":[{"name":"wp","href":"https:\/\/api.w.org\/{rel}","templated":true}]}}