{"id":2138,"date":"2021-05-24T10:45:09","date_gmt":"2021-05-24T08:45:09","guid":{"rendered":"http:\/\/agora.xtec.cat\/esc-laginesta-segurdecalafell\/?page_id=2138"},"modified":"2026-02-20T13:07:24","modified_gmt":"2026-02-20T12:07:24","slug":"enllacos-del-proces","status":"publish","type":"page","link":"https:\/\/agora.xtec.cat\/esc-laginesta-segurdecalafell\/preinscripcio-2020-21\/enllacos-del-proces\/","title":{"rendered":"ENLLA\u00c7OS DEL PROC\u00c9S"},"content":{"rendered":"<h2><span style=\"color: #99cc00;\"><strong>INFANTIL<\/strong><\/span><strong> &#8211; Fes la sol\u00b7licitud de preinscripci\u00f3<\/strong><\/h2>\n<p>La sol\u00b7licitud de preinscripci\u00f3 d&#8217;educaci\u00f3 infantil, l&#8217;has de presentar <span style=\"color: #99cc00;\"><strong>del 04 al 18 de mar\u00e7<\/strong><\/span>\u00a0i has d&#8217;adjuntar-hi la documentaci\u00f3 d&#8217;identificaci\u00f3 o de criteris que correspongui.<\/p>\n<p>En aquest enlla\u00e7 hi trobareu tota la informaci\u00f3 del proc\u00e9s de preinscripci\u00f3:<\/p>\n<p><a href=\"https:\/\/tramits.gencat.cat\/ca\/tramits\/tramits-temes\/perinscripcio-obligatoris?moda=1\" target=\"_blank\" rel=\"noopener\"><strong>ENLLA\u00c7 PREINSCRIPCI\u00d3 INFANTIL &#8211; GENCAT.CAT<\/strong><\/a><\/p>\n<h2>\u00a0<\/h2>\n<h2><span style=\"color: #00ccff;\"><strong>PRIM\u00c0RIA<\/strong><\/span><strong> &#8211; Fes la sol\u00b7licitud de preinscripci\u00f3<\/strong><\/h2>\n<p>La sol\u00b7licitud de preinscripci\u00f3 d&#8217;educaci\u00f3 prim\u00e0ria, l&#8217;has de presentar del <span style=\"color: #00ccff;\"><strong>del 04 al 18 de mar\u00e7<\/strong><\/span>\u00a0i has d&#8217;adjuntar-hi la documentaci\u00f3 d&#8217;identificaci\u00f3 o de criteris que correspongui.<\/p>\n<p>En aquest enlla\u00e7 hi trobareu tota la informaci\u00f3 del proc\u00e9s de preinscripci\u00f3:<\/p>\n<p><a href=\"https:\/\/tramits.gencat.cat\/ca\/tramits\/tramits-temes\/perinscripcio-obligatoris?moda=2\"><strong>ENLLA\u00c7 PREINSCRIPCI\u00d3 PRIM\u00c0RIA &#8211; GENCAT.CAT<\/strong><\/a><\/p>\n\n\n<h2 class=\"wp-block-heading\">V\u00edDEO:  Com emplenar la sol\u00b7licitud de preinscripci\u00f3<\/h2>\n\n\n\n<figure class=\"wp-block-embed alignfull is-type-video is-provider-youtube wp-block-embed-youtube wp-embed-aspect-16-9 wp-has-aspect-ratio\" style=\"margin-top:var(--wp--preset--spacing--40);margin-right:var(--wp--preset--spacing--40);margin-bottom:var(--wp--preset--spacing--40);margin-left:var(--wp--preset--spacing--40)\"><div class=\"wp-block-embed__wrapper\">\n<div class=\"ast-oembed-container \" style=\"height: 100%;\"><iframe loading=\"lazy\" title=\"Com emplenar la sol\u00b7licitud de preinscripcio\u0301 escolar. Curs 2025-2026\" width=\"500\" height=\"281\" src=\"https:\/\/www.youtube.com\/embed\/9xMdvXoFR_4?feature=oembed\" frameborder=\"0\" allow=\"accelerometer; autoplay; clipboard-write; encrypted-media; gyroscope; picture-in-picture; web-share\" referrerpolicy=\"strict-origin-when-cross-origin\" allowfullscreen><\/iframe><\/div>\n<\/div><\/figure>\n","protected":false},"excerpt":{"rendered":"<p>INFANTIL &#8211; Fes la sol\u00b7licitud de preinscripci\u00f3 La sol\u00b7licitud de preinscripci\u00f3 d&#8217;educaci\u00f3 infantil, l&#8217;has de presentar del 04 al 18 de mar\u00e7\u00a0i has d&#8217;adjuntar-hi la documentaci\u00f3 d&#8217;identificaci\u00f3 o de criteris que correspongui. En aquest enlla\u00e7 hi trobareu tota la informaci\u00f3 del proc\u00e9s de preinscripci\u00f3: ENLLA\u00c7 PREINSCRIPCI\u00d3 INFANTIL &#8211; GENCAT.CAT \u00a0 PRIM\u00c0RIA &#8211; Fes la sol\u00b7licitud [&hellip;]<\/p>\n","protected":false},"author":1,"featured_media":0,"parent":2045,"menu_order":3,"comment_status":"closed","ping_status":"closed","template":"page-templates\/side-menu.php","meta":{"_bbp_topic_count":0,"_bbp_reply_count":0,"_bbp_total_topic_count":0,"_bbp_total_reply_count":0,"_bbp_voice_count":0,"_bbp_anonymous_reply_count":0,"_bbp_topic_count_hidden":0,"_bbp_reply_count_hidden":0,"_bbp_forum_subforum_count":0,"site-sidebar-layout":"default","site-content-layout":"","ast-site-content-layout":"default","site-content-style":"default","site-sidebar-style":"default","ast-global-header-display":"","ast-banner-title-visibility":"","ast-main-header-display":"","ast-hfb-above-header-display":"","ast-hfb-below-header-display":"","ast-hfb-mobile-header-display":"","site-post-title":"","ast-breadcrumbs-content":"","ast-featured-img":"","footer-sml-layout":"","theme-transparent-header-meta":"","adv-header-id-meta":"","stick-header-meta":"","header-above-stick-meta":"","header-main-stick-meta":"","header-below-stick-meta":"","astra-migrate-meta-layouts":"set","ast-page-background-enabled":"default","ast-page-background-meta":{"desktop":{"background-color":"var(--ast-global-color-5)","background-image":"","background-repeat":"repeat","background-position":"center center","background-size":"auto","background-attachment":"scroll","background-type":"","background-media":"","overlay-type":"","overlay-color":"","overlay-opacity":"","overlay-gradient":""},"tablet":{"background-color":"","background-image":"","background-repeat":"repeat","background-position":"center center","background-size":"auto","background-attachment":"scroll","background-type":"","background-media":"","overlay-type":"","overlay-color":"","overlay-opacity":"","overlay-gradient":""},"mobile":{"background-color":"","background-image":"","background-repeat":"repeat","background-position":"center center","background-size":"auto","background-attachment":"scroll","background-type":"","background-media":"","overlay-type":"","overlay-color":"","overlay-opacity":"","overlay-gradient":""}},"ast-content-background-meta":{"desktop":{"background-color":"var(--ast-global-color-4)","background-image":"","background-repeat":"repeat","background-position":"center center","background-size":"auto","background-attachment":"scroll","background-type":"","background-media":"","overlay-type":"","overlay-color":"","overlay-opacity":"","overlay-gradient":""},"tablet":{"background-color":"var(--ast-global-color-4)","background-image":"","background-repeat":"repeat","background-position":"center center","background-size":"auto","background-attachment":"scroll","background-type":"","background-media":"","overlay-type":"","overlay-color":"","overlay-opacity":"","overlay-gradient":""},"mobile":{"background-color":"var(--ast-global-color-4)","background-image":"","background-repeat":"repeat","background-position":"center center","background-size":"auto","background-attachment":"scroll","background-type":"","background-media":"","overlay-type":"","overlay-color":"","overlay-opacity":"","overlay-gradient":""}},"footnotes":""},"class_list":["post-2138","page","type-page","status-publish","hentry"],"post_mailing_queue_ids":[],"_links":{"self":[{"href":"https:\/\/agora.xtec.cat\/esc-laginesta-segurdecalafell\/wp-json\/wp\/v2\/pages\/2138","targetHints":{"allow":["GET"]}}],"collection":[{"href":"https:\/\/agora.xtec.cat\/esc-laginesta-segurdecalafell\/wp-json\/wp\/v2\/pages"}],"about":[{"href":"https:\/\/agora.xtec.cat\/esc-laginesta-segurdecalafell\/wp-json\/wp\/v2\/types\/page"}],"author":[{"embeddable":true,"href":"https:\/\/agora.xtec.cat\/esc-laginesta-segurdecalafell\/wp-json\/wp\/v2\/users\/1"}],"replies":[{"embeddable":true,"href":"https:\/\/agora.xtec.cat\/esc-laginesta-segurdecalafell\/wp-json\/wp\/v2\/comments?post=2138"}],"version-history":[{"count":6,"href":"https:\/\/agora.xtec.cat\/esc-laginesta-segurdecalafell\/wp-json\/wp\/v2\/pages\/2138\/revisions"}],"predecessor-version":[{"id":3568,"href":"https:\/\/agora.xtec.cat\/esc-laginesta-segurdecalafell\/wp-json\/wp\/v2\/pages\/2138\/revisions\/3568"}],"up":[{"embeddable":true,"href":"https:\/\/agora.xtec.cat\/esc-laginesta-segurdecalafell\/wp-json\/wp\/v2\/pages\/2045"}],"wp:attachment":[{"href":"https:\/\/agora.xtec.cat\/esc-laginesta-segurdecalafell\/wp-json\/wp\/v2\/media?parent=2138"}],"curies":[{"name":"wp","href":"https:\/\/api.w.org\/{rel}","templated":true}]}}