{"id":1679,"date":"2025-09-08T05:56:42","date_gmt":"2025-09-08T03:56:42","guid":{"rendered":"http:\/\/agora.xtec.cat\/esc-laginesta-segurdecalafell\/?page_id=1679"},"modified":"2026-03-05T14:49:40","modified_gmt":"2026-03-05T13:49:40","slug":"afa","status":"publish","type":"page","link":"https:\/\/agora.xtec.cat\/esc-laginesta-segurdecalafell\/afa\/","title":{"rendered":"AFA (Associaci\u00f3 de Fam\u00edlies dels Alumnes)"},"content":{"rendered":"<p style=\"text-align: center;\"><strong>Som AFA i fem escola.<\/strong><\/p>\n<p>El nostre objectiu principal: el benestar dels nostres nens i nenes que omplen la nostra escola LA GINESTA de soroll, diversitat i ganes de cr\u00e9ixer i avan\u00e7ar.<br \/>\nNosaltres com a mares i pares dedicats en la seva educaci\u00f3 i en el seu creixement personal, aportem implicaci\u00f3, emocions i dedicaci\u00f3.<\/p>\n<p style=\"text-align: center;\"><span style=\"color: #008000; background-color: #ff9900;\"><a style=\"color: #008000; background-color: #ff9900;\" href=\"https:\/\/drive.google.com\/file\/d\/1_JXRIt7BEc1GOEO9yXaejqnrqeEySDWr\/view?usp=drive_link\">PRESENTACI\u00d3 AFA 2026<\/a><\/span><\/p>\n<p><img loading=\"lazy\" decoding=\"async\" class=\"aligncenter size-large wp-image-3093\" src=\"https:\/\/agora.xtec.cat\/esc-laginesta-segurdecalafell\/wp-content\/uploads\/usu578\/2025\/03\/Power-AFA-portes-obertes-2025_page-0001-1024x576.jpg\" alt=\"\" width=\"1024\" height=\"576\" srcset=\"https:\/\/agora.xtec.cat\/esc-laginesta-segurdecalafell\/wp-content\/uploads\/usu578\/2025\/03\/Power-AFA-portes-obertes-2025_page-0001-1024x576.jpg 1024w, https:\/\/agora.xtec.cat\/esc-laginesta-segurdecalafell\/wp-content\/uploads\/usu578\/2025\/03\/Power-AFA-portes-obertes-2025_page-0001-300x169.jpg 300w, https:\/\/agora.xtec.cat\/esc-laginesta-segurdecalafell\/wp-content\/uploads\/usu578\/2025\/03\/Power-AFA-portes-obertes-2025_page-0001-768x432.jpg 768w, https:\/\/agora.xtec.cat\/esc-laginesta-segurdecalafell\/wp-content\/uploads\/usu578\/2025\/03\/Power-AFA-portes-obertes-2025_page-0001.jpg 1500w\" sizes=\"auto, (max-width: 1024px) 100vw, 1024px\" \/><\/p>\n<p><a href=\"https:\/\/agora.xtec.cat\/esc-laginesta-segurdecalafell\/afa\/projectes-i-activitats\/attachment\/extraescolars-2025-2026_page-0016\/\" rel=\"attachment wp-att-3164\"><img loading=\"lazy\" decoding=\"async\" class=\"size-large wp-image-3164 alignleft\" src=\"https:\/\/agora.xtec.cat\/esc-laginesta-segurdecalafell\/wp-content\/uploads\/usu578\/2025\/09\/Extraescolars-2025-2026_page-0016-410x1024.jpg\" alt=\"\" width=\"410\" height=\"1024\" srcset=\"https:\/\/agora.xtec.cat\/esc-laginesta-segurdecalafell\/wp-content\/uploads\/usu578\/2025\/09\/Extraescolars-2025-2026_page-0016-410x1024.jpg 410w, https:\/\/agora.xtec.cat\/esc-laginesta-segurdecalafell\/wp-content\/uploads\/usu578\/2025\/09\/Extraescolars-2025-2026_page-0016-120x300.jpg 120w, https:\/\/agora.xtec.cat\/esc-laginesta-segurdecalafell\/wp-content\/uploads\/usu578\/2025\/09\/Extraescolars-2025-2026_page-0016-768x1920.jpg 768w, https:\/\/agora.xtec.cat\/esc-laginesta-segurdecalafell\/wp-content\/uploads\/usu578\/2025\/09\/Extraescolars-2025-2026_page-0016-819x2048.jpg 819w, https:\/\/agora.xtec.cat\/esc-laginesta-segurdecalafell\/wp-content\/uploads\/usu578\/2025\/09\/Extraescolars-2025-2026_page-0016-scaled.jpg 1024w\" sizes=\"auto, (max-width: 410px) 100vw, 410px\" \/><\/a> <a href=\"https:\/\/agora.xtec.cat\/esc-laginesta-segurdecalafell\/afa\/projectes-i-activitats\/attachment\/extraescolars-2025-2026_page-0015\/\" rel=\"attachment wp-att-3163\"><img loading=\"lazy\" decoding=\"async\" class=\"size-large wp-image-3163 alignright\" src=\"https:\/\/agora.xtec.cat\/esc-laginesta-segurdecalafell\/wp-content\/uploads\/usu578\/2025\/09\/Extraescolars-2025-2026_page-0015-410x1024.jpg\" alt=\"\" width=\"410\" height=\"1024\" srcset=\"https:\/\/agora.xtec.cat\/esc-laginesta-segurdecalafell\/wp-content\/uploads\/usu578\/2025\/09\/Extraescolars-2025-2026_page-0015-410x1024.jpg 410w, https:\/\/agora.xtec.cat\/esc-laginesta-segurdecalafell\/wp-content\/uploads\/usu578\/2025\/09\/Extraescolars-2025-2026_page-0015-120x300.jpg 120w, https:\/\/agora.xtec.cat\/esc-laginesta-segurdecalafell\/wp-content\/uploads\/usu578\/2025\/09\/Extraescolars-2025-2026_page-0015-768x1920.jpg 768w, https:\/\/agora.xtec.cat\/esc-laginesta-segurdecalafell\/wp-content\/uploads\/usu578\/2025\/09\/Extraescolars-2025-2026_page-0015-819x2048.jpg 819w, https:\/\/agora.xtec.cat\/esc-laginesta-segurdecalafell\/wp-content\/uploads\/usu578\/2025\/09\/Extraescolars-2025-2026_page-0015-scaled.jpg 1024w\" sizes=\"auto, (max-width: 410px) 100vw, 410px\" \/><\/a><\/p>\n","protected":false},"excerpt":{"rendered":"<p>Som AFA i fem escola. El nostre objectiu principal: el benestar dels nostres nens i nenes que omplen la nostra escola LA GINESTA de soroll, diversitat i ganes de cr\u00e9ixer i avan\u00e7ar. Nosaltres com a mares i pares dedicats en la seva educaci\u00f3 i en el seu creixement personal, aportem implicaci\u00f3, emocions i dedicaci\u00f3. PRESENTACI\u00d3 [&hellip;]<\/p>\n","protected":false},"author":1,"featured_media":0,"parent":0,"menu_order":0,"comment_status":"closed","ping_status":"closed","template":"page-templates\/side-menu.php","meta":{"_bbp_topic_count":0,"_bbp_reply_count":0,"_bbp_total_topic_count":0,"_bbp_total_reply_count":0,"_bbp_voice_count":0,"_bbp_anonymous_reply_count":0,"_bbp_topic_count_hidden":0,"_bbp_reply_count_hidden":0,"_bbp_forum_subforum_count":0,"site-sidebar-layout":"default","site-content-layout":"","ast-site-content-layout":"default","site-content-style":"default","site-sidebar-style":"default","ast-global-header-display":"","ast-banner-title-visibility":"","ast-main-header-display":"","ast-hfb-above-header-display":"","ast-hfb-below-header-display":"","ast-hfb-mobile-header-display":"","site-post-title":"","ast-breadcrumbs-content":"","ast-featured-img":"","footer-sml-layout":"","theme-transparent-header-meta":"","adv-header-id-meta":"","stick-header-meta":"","header-above-stick-meta":"","header-main-stick-meta":"","header-below-stick-meta":"","astra-migrate-meta-layouts":"set","ast-page-background-enabled":"default","ast-page-background-meta":{"desktop":{"background-color":"var(--ast-global-color-5)","background-image":"","background-repeat":"repeat","background-position":"center center","background-size":"auto","background-attachment":"scroll","background-type":"","background-media":"","overlay-type":"","overlay-color":"","overlay-opacity":"","overlay-gradient":""},"tablet":{"background-color":"","background-image":"","background-repeat":"repeat","background-position":"center center","background-size":"auto","background-attachment":"scroll","background-type":"","background-media":"","overlay-type":"","overlay-color":"","overlay-opacity":"","overlay-gradient":""},"mobile":{"background-color":"","background-image":"","background-repeat":"repeat","background-position":"center center","background-size":"auto","background-attachment":"scroll","background-type":"","background-media":"","overlay-type":"","overlay-color":"","overlay-opacity":"","overlay-gradient":""}},"ast-content-background-meta":{"desktop":{"background-color":"var(--ast-global-color-4)","background-image":"","background-repeat":"repeat","background-position":"center center","background-size":"auto","background-attachment":"scroll","background-type":"","background-media":"","overlay-type":"","overlay-color":"","overlay-opacity":"","overlay-gradient":""},"tablet":{"background-color":"var(--ast-global-color-4)","background-image":"","background-repeat":"repeat","background-position":"center center","background-size":"auto","background-attachment":"scroll","background-type":"","background-media":"","overlay-type":"","overlay-color":"","overlay-opacity":"","overlay-gradient":""},"mobile":{"background-color":"var(--ast-global-color-4)","background-image":"","background-repeat":"repeat","background-position":"center center","background-size":"auto","background-attachment":"scroll","background-type":"","background-media":"","overlay-type":"","overlay-color":"","overlay-opacity":"","overlay-gradient":""}},"footnotes":""},"class_list":["post-1679","page","type-page","status-publish","hentry"],"post_mailing_queue_ids":[],"_links":{"self":[{"href":"https:\/\/agora.xtec.cat\/esc-laginesta-segurdecalafell\/wp-json\/wp\/v2\/pages\/1679","targetHints":{"allow":["GET"]}}],"collection":[{"href":"https:\/\/agora.xtec.cat\/esc-laginesta-segurdecalafell\/wp-json\/wp\/v2\/pages"}],"about":[{"href":"https:\/\/agora.xtec.cat\/esc-laginesta-segurdecalafell\/wp-json\/wp\/v2\/types\/page"}],"author":[{"embeddable":true,"href":"https:\/\/agora.xtec.cat\/esc-laginesta-segurdecalafell\/wp-json\/wp\/v2\/users\/1"}],"replies":[{"embeddable":true,"href":"https:\/\/agora.xtec.cat\/esc-laginesta-segurdecalafell\/wp-json\/wp\/v2\/comments?post=1679"}],"version-history":[{"count":6,"href":"https:\/\/agora.xtec.cat\/esc-laginesta-segurdecalafell\/wp-json\/wp\/v2\/pages\/1679\/revisions"}],"predecessor-version":[{"id":3629,"href":"https:\/\/agora.xtec.cat\/esc-laginesta-segurdecalafell\/wp-json\/wp\/v2\/pages\/1679\/revisions\/3629"}],"wp:attachment":[{"href":"https:\/\/agora.xtec.cat\/esc-laginesta-segurdecalafell\/wp-json\/wp\/v2\/media?parent=1679"}],"curies":[{"name":"wp","href":"https:\/\/api.w.org\/{rel}","templated":true}]}}