{"id":1608,"date":"2021-02-10T13:42:56","date_gmt":"2021-02-10T12:42:56","guid":{"rendered":"http:\/\/agora.xtec.cat\/esc-laginesta-segurdecalafell\/?page_id=1608"},"modified":"2021-02-25T05:39:41","modified_gmt":"2021-02-25T04:39:41","slug":"activitats-obertes-a-les-families","status":"publish","type":"page","link":"https:\/\/agora.xtec.cat\/esc-laginesta-segurdecalafell\/com-treballem\/activitats-obertes-a-les-families\/","title":{"rendered":"ACTIVITATS OBERTES A LES FAM\u00cdLIES"},"content":{"rendered":"<p>A nivell informal hi ha un contacte a la porta de l\u2019aula entre docent-fam\u00edlia ja que \u00e9s el <strong>punt de recollida diari<\/strong>. Tamb\u00e9 es dona una relaci\u00f3 fluida mitjan\u00e7ant el Mail de l\u2019escola on fam\u00edlia i escola poden compartir comentaris.<\/p>\n<p>A nivell formal es dona una entrevista d\u2019inici de curs grupal amb totes les fam\u00edlies, i una <strong>entrevista<\/strong> individual amb cada fam\u00edlia per tal de parlar sobre el rendiment m\u00e9s acad\u00e8mic de cada infant. Totes les fam\u00edlies poden demanar a banda, alguna reuni\u00f3 m\u00e9s de seguiment en cas que ho creguin necessari.<\/p>\n<p>Pels infants que es queden al menjador escolar hi ha una agenda on les monitores responsables del grup apunten, di\u00e0riament, com han dinat els\/les nens\/es i si hi ha alguna incid\u00e8ncia puntual.<\/p>\n<p>A partir de primer de prim\u00e0ria s\u2019introdueix l\u2019agenda.<\/p>\n<p>D\u2019altra part les fam\u00edlies estan convidades a fer <strong>activitats volunt\u00e0ries<\/strong> a l\u2019aula per refor\u00e7ar algun concepte treballat a l\u2019aula o poder proposar alguna manualitat. A m\u00e9s a m\u00e9s, l\u2019escola organitza dies especials com el de la llengua materna, entre d\u2019altres, on les fam\u00edlies organitzen, juntament amb l\u2019equip de mestres, tallers per explicar als infants coses sobre els seus pa\u00efsos d\u2019origen.<\/p>\n<p>Totes les <strong>festes de l\u2019escola s\u00f3n obertes<\/strong> als familiars. Per tal de fomentar aquesta relaci\u00f3 s\u2019organitza un <strong>sopar de germanor<\/strong> anual on, fora de l\u2019horari escolar, es comparteix un sopar multitudinari a la pista de l\u2019escola amb animaci\u00f3.<\/p>\n<p><img loading=\"lazy\" decoding=\"async\" class=\"wp-image-1854 alignleft\" src=\"https:\/\/agora.xtec.cat\/esc-laginesta-segurdecalafell\/wp-content\/uploads\/usu578\/2021\/02\/IMG_20200214_155521-1024x768.jpg\" alt=\"\" width=\"341\" height=\"256\" srcset=\"https:\/\/agora.xtec.cat\/esc-laginesta-segurdecalafell\/wp-content\/uploads\/usu578\/2021\/02\/IMG_20200214_155521-1024x768.jpg 1024w, https:\/\/agora.xtec.cat\/esc-laginesta-segurdecalafell\/wp-content\/uploads\/usu578\/2021\/02\/IMG_20200214_155521-300x225.jpg 300w, https:\/\/agora.xtec.cat\/esc-laginesta-segurdecalafell\/wp-content\/uploads\/usu578\/2021\/02\/IMG_20200214_155521-768x576.jpg 768w, https:\/\/agora.xtec.cat\/esc-laginesta-segurdecalafell\/wp-content\/uploads\/usu578\/2021\/02\/IMG_20200214_155521-200x150.jpg 200w\" sizes=\"auto, (max-width: 341px) 100vw, 341px\" \/> <img loading=\"lazy\" decoding=\"async\" class=\"wp-image-1855 alignright\" src=\"https:\/\/agora.xtec.cat\/esc-laginesta-segurdecalafell\/wp-content\/uploads\/usu578\/2021\/02\/IMG_20191031_114730-1024x768.jpg\" alt=\"\" width=\"341\" height=\"256\" srcset=\"https:\/\/agora.xtec.cat\/esc-laginesta-segurdecalafell\/wp-content\/uploads\/usu578\/2021\/02\/IMG_20191031_114730-1024x768.jpg 1024w, https:\/\/agora.xtec.cat\/esc-laginesta-segurdecalafell\/wp-content\/uploads\/usu578\/2021\/02\/IMG_20191031_114730-300x225.jpg 300w, https:\/\/agora.xtec.cat\/esc-laginesta-segurdecalafell\/wp-content\/uploads\/usu578\/2021\/02\/IMG_20191031_114730-768x576.jpg 768w, https:\/\/agora.xtec.cat\/esc-laginesta-segurdecalafell\/wp-content\/uploads\/usu578\/2021\/02\/IMG_20191031_114730-200x150.jpg 200w\" sizes=\"auto, (max-width: 341px) 100vw, 341px\" \/><\/p>\n<p>&nbsp;<\/p>\n<p>&nbsp;<\/p>\n<p>&nbsp;<\/p>\n<p>&nbsp;<\/p>\n<p>&nbsp;<\/p>\n<p>&nbsp;<\/p>\n<p>&nbsp;<\/p>\n<p><img loading=\"lazy\" decoding=\"async\" class=\"aligncenter size-large wp-image-1856\" src=\"https:\/\/agora.xtec.cat\/esc-laginesta-segurdecalafell\/wp-content\/uploads\/usu578\/2021\/02\/IMG-20191031-WA0032-1024x498.jpg\" alt=\"\" width=\"1024\" height=\"498\" srcset=\"https:\/\/agora.xtec.cat\/esc-laginesta-segurdecalafell\/wp-content\/uploads\/usu578\/2021\/02\/IMG-20191031-WA0032-1024x498.jpg 1024w, https:\/\/agora.xtec.cat\/esc-laginesta-segurdecalafell\/wp-content\/uploads\/usu578\/2021\/02\/IMG-20191031-WA0032-300x146.jpg 300w, https:\/\/agora.xtec.cat\/esc-laginesta-segurdecalafell\/wp-content\/uploads\/usu578\/2021\/02\/IMG-20191031-WA0032-768x373.jpg 768w, https:\/\/agora.xtec.cat\/esc-laginesta-segurdecalafell\/wp-content\/uploads\/usu578\/2021\/02\/IMG-20191031-WA0032.jpg 1600w\" sizes=\"auto, (max-width: 1024px) 100vw, 1024px\" \/><\/p>\n","protected":false},"excerpt":{"rendered":"<p>A nivell informal hi ha un contacte a la porta de l\u2019aula entre docent-fam\u00edlia ja que \u00e9s el punt de recollida diari. Tamb\u00e9 es dona una relaci\u00f3 fluida mitjan\u00e7ant el Mail de l\u2019escola on fam\u00edlia i escola poden compartir comentaris. A nivell formal es dona una entrevista d\u2019inici de curs grupal amb totes les fam\u00edlies, [&hellip;]<\/p>\n","protected":false},"author":1,"featured_media":0,"parent":1540,"menu_order":14,"comment_status":"closed","ping_status":"closed","template":"page-templates\/side-menu.php","meta":{"_bbp_topic_count":0,"_bbp_reply_count":0,"_bbp_total_topic_count":0,"_bbp_total_reply_count":0,"_bbp_voice_count":0,"_bbp_anonymous_reply_count":0,"_bbp_topic_count_hidden":0,"_bbp_reply_count_hidden":0,"_bbp_forum_subforum_count":0,"site-sidebar-layout":"default","site-content-layout":"","ast-site-content-layout":"","site-content-style":"default","site-sidebar-style":"default","ast-global-header-display":"","ast-banner-title-visibility":"","ast-main-header-display":"","ast-hfb-above-header-display":"","ast-hfb-below-header-display":"","ast-hfb-mobile-header-display":"","site-post-title":"","ast-breadcrumbs-content":"","ast-featured-img":"","footer-sml-layout":"","theme-transparent-header-meta":"","adv-header-id-meta":"","stick-header-meta":"","header-above-stick-meta":"","header-main-stick-meta":"","header-below-stick-meta":"","astra-migrate-meta-layouts":"default","ast-page-background-enabled":"default","ast-page-background-meta":{"desktop":{"background-color":"var(--ast-global-color-5)","background-image":"","background-repeat":"repeat","background-position":"center center","background-size":"auto","background-attachment":"scroll","background-type":"","background-media":"","overlay-type":"","overlay-color":"","overlay-opacity":"","overlay-gradient":""},"tablet":{"background-color":"","background-image":"","background-repeat":"repeat","background-position":"center center","background-size":"auto","background-attachment":"scroll","background-type":"","background-media":"","overlay-type":"","overlay-color":"","overlay-opacity":"","overlay-gradient":""},"mobile":{"background-color":"","background-image":"","background-repeat":"repeat","background-position":"center center","background-size":"auto","background-attachment":"scroll","background-type":"","background-media":"","overlay-type":"","overlay-color":"","overlay-opacity":"","overlay-gradient":""}},"ast-content-background-meta":{"desktop":{"background-color":"var(--ast-global-color-4)","background-image":"","background-repeat":"repeat","background-position":"center center","background-size":"auto","background-attachment":"scroll","background-type":"","background-media":"","overlay-type":"","overlay-color":"","overlay-opacity":"","overlay-gradient":""},"tablet":{"background-color":"var(--ast-global-color-4)","background-image":"","background-repeat":"repeat","background-position":"center center","background-size":"auto","background-attachment":"scroll","background-type":"","background-media":"","overlay-type":"","overlay-color":"","overlay-opacity":"","overlay-gradient":""},"mobile":{"background-color":"var(--ast-global-color-4)","background-image":"","background-repeat":"repeat","background-position":"center center","background-size":"auto","background-attachment":"scroll","background-type":"","background-media":"","overlay-type":"","overlay-color":"","overlay-opacity":"","overlay-gradient":""}},"footnotes":""},"class_list":["post-1608","page","type-page","status-publish","hentry"],"post_mailing_queue_ids":[],"_links":{"self":[{"href":"https:\/\/agora.xtec.cat\/esc-laginesta-segurdecalafell\/wp-json\/wp\/v2\/pages\/1608","targetHints":{"allow":["GET"]}}],"collection":[{"href":"https:\/\/agora.xtec.cat\/esc-laginesta-segurdecalafell\/wp-json\/wp\/v2\/pages"}],"about":[{"href":"https:\/\/agora.xtec.cat\/esc-laginesta-segurdecalafell\/wp-json\/wp\/v2\/types\/page"}],"author":[{"embeddable":true,"href":"https:\/\/agora.xtec.cat\/esc-laginesta-segurdecalafell\/wp-json\/wp\/v2\/users\/1"}],"replies":[{"embeddable":true,"href":"https:\/\/agora.xtec.cat\/esc-laginesta-segurdecalafell\/wp-json\/wp\/v2\/comments?post=1608"}],"version-history":[{"count":4,"href":"https:\/\/agora.xtec.cat\/esc-laginesta-segurdecalafell\/wp-json\/wp\/v2\/pages\/1608\/revisions"}],"predecessor-version":[{"id":1864,"href":"https:\/\/agora.xtec.cat\/esc-laginesta-segurdecalafell\/wp-json\/wp\/v2\/pages\/1608\/revisions\/1864"}],"up":[{"embeddable":true,"href":"https:\/\/agora.xtec.cat\/esc-laginesta-segurdecalafell\/wp-json\/wp\/v2\/pages\/1540"}],"wp:attachment":[{"href":"https:\/\/agora.xtec.cat\/esc-laginesta-segurdecalafell\/wp-json\/wp\/v2\/media?parent=1608"}],"curies":[{"name":"wp","href":"https:\/\/api.w.org\/{rel}","templated":true}]}}