{"id":1537,"date":"2021-02-03T13:24:30","date_gmt":"2021-02-03T12:24:30","guid":{"rendered":"http:\/\/agora.xtec.cat\/esc-laginesta-segurdecalafell\/?page_id=1537"},"modified":"2021-03-01T17:08:26","modified_gmt":"2021-03-01T16:08:26","slug":"aula-multisensorial","status":"publish","type":"page","link":"https:\/\/agora.xtec.cat\/esc-laginesta-segurdecalafell\/projectes\/aula-multisensorial\/","title":{"rendered":"AULA MULTISENSORIAL"},"content":{"rendered":"<p>La nostra escola \u00e9s un dels pocs centres que compten amb un Aula Snoezelen o Multisensorial. La fita principal d\u2019aquesta aula \u00e9s la d\u2019estimular a l\u2019alumnat amb NEE, afavorint el desenvolupament dels seus 5 sentits (tacte, vista o\u00efda, olfacte, gust) .<br \/>\nLa nostra aula Multisensorial \u00e9s un espai polivalent, motivador, interactiu i est\u00e0 ple de possibilitats i recursos que faciliten l\u2019educaci\u00f3 de quasi tots els nostres alumnes (aula SIEI, Cicle infantil i cicle inicial) , no sols pels alumnes amb NEE.<br \/>\nEls materials d\u2019aquesta aula, estan dissenyats i plantejats per desenvolupar metodologies actives. D\u2019aquesta forma podem treballar conceptes concrets que considerem importants en el seu dia a dia.<br \/>\nTotes les sessions estan programades de forma individual o en grups molt redu\u00efts per controlar fins el m\u00e9s m\u00ednim detall coml\u2019ambientaci\u00f3, m\u00fasica, materials, sons&#8230;<\/p>\n\n","protected":false},"excerpt":{"rendered":"<p>La nostra escola \u00e9s un dels pocs centres que compten amb un Aula Snoezelen o Multisensorial. La fita principal d\u2019aquesta aula \u00e9s la d\u2019estimular a l\u2019alumnat amb NEE, afavorint el desenvolupament dels seus 5 sentits (tacte, vista o\u00efda, olfacte, gust) . La nostra aula Multisensorial \u00e9s un espai polivalent, motivador, interactiu i est\u00e0 ple de [&hellip;]<\/p>\n","protected":false},"author":1,"featured_media":0,"parent":1377,"menu_order":0,"comment_status":"closed","ping_status":"closed","template":"page-templates\/side-menu.php","meta":{"_bbp_topic_count":0,"_bbp_reply_count":0,"_bbp_total_topic_count":0,"_bbp_total_reply_count":0,"_bbp_voice_count":0,"_bbp_anonymous_reply_count":0,"_bbp_topic_count_hidden":0,"_bbp_reply_count_hidden":0,"_bbp_forum_subforum_count":0,"site-sidebar-layout":"default","site-content-layout":"","ast-site-content-layout":"","site-content-style":"default","site-sidebar-style":"default","ast-global-header-display":"","ast-banner-title-visibility":"","ast-main-header-display":"","ast-hfb-above-header-display":"","ast-hfb-below-header-display":"","ast-hfb-mobile-header-display":"","site-post-title":"","ast-breadcrumbs-content":"","ast-featured-img":"","footer-sml-layout":"","theme-transparent-header-meta":"","adv-header-id-meta":"","stick-header-meta":"","header-above-stick-meta":"","header-main-stick-meta":"","header-below-stick-meta":"","astra-migrate-meta-layouts":"default","ast-page-background-enabled":"default","ast-page-background-meta":{"desktop":{"background-color":"var(--ast-global-color-5)","background-image":"","background-repeat":"repeat","background-position":"center center","background-size":"auto","background-attachment":"scroll","background-type":"","background-media":"","overlay-type":"","overlay-color":"","overlay-opacity":"","overlay-gradient":""},"tablet":{"background-color":"","background-image":"","background-repeat":"repeat","background-position":"center center","background-size":"auto","background-attachment":"scroll","background-type":"","background-media":"","overlay-type":"","overlay-color":"","overlay-opacity":"","overlay-gradient":""},"mobile":{"background-color":"","background-image":"","background-repeat":"repeat","background-position":"center center","background-size":"auto","background-attachment":"scroll","background-type":"","background-media":"","overlay-type":"","overlay-color":"","overlay-opacity":"","overlay-gradient":""}},"ast-content-background-meta":{"desktop":{"background-color":"var(--ast-global-color-4)","background-image":"","background-repeat":"repeat","background-position":"center center","background-size":"auto","background-attachment":"scroll","background-type":"","background-media":"","overlay-type":"","overlay-color":"","overlay-opacity":"","overlay-gradient":""},"tablet":{"background-color":"var(--ast-global-color-4)","background-image":"","background-repeat":"repeat","background-position":"center center","background-size":"auto","background-attachment":"scroll","background-type":"","background-media":"","overlay-type":"","overlay-color":"","overlay-opacity":"","overlay-gradient":""},"mobile":{"background-color":"var(--ast-global-color-4)","background-image":"","background-repeat":"repeat","background-position":"center center","background-size":"auto","background-attachment":"scroll","background-type":"","background-media":"","overlay-type":"","overlay-color":"","overlay-opacity":"","overlay-gradient":""}},"footnotes":""},"class_list":["post-1537","page","type-page","status-publish","hentry"],"post_mailing_queue_ids":[],"_links":{"self":[{"href":"https:\/\/agora.xtec.cat\/esc-laginesta-segurdecalafell\/wp-json\/wp\/v2\/pages\/1537","targetHints":{"allow":["GET"]}}],"collection":[{"href":"https:\/\/agora.xtec.cat\/esc-laginesta-segurdecalafell\/wp-json\/wp\/v2\/pages"}],"about":[{"href":"https:\/\/agora.xtec.cat\/esc-laginesta-segurdecalafell\/wp-json\/wp\/v2\/types\/page"}],"author":[{"embeddable":true,"href":"https:\/\/agora.xtec.cat\/esc-laginesta-segurdecalafell\/wp-json\/wp\/v2\/users\/1"}],"replies":[{"embeddable":true,"href":"https:\/\/agora.xtec.cat\/esc-laginesta-segurdecalafell\/wp-json\/wp\/v2\/comments?post=1537"}],"version-history":[{"count":2,"href":"https:\/\/agora.xtec.cat\/esc-laginesta-segurdecalafell\/wp-json\/wp\/v2\/pages\/1537\/revisions"}],"predecessor-version":[{"id":1980,"href":"https:\/\/agora.xtec.cat\/esc-laginesta-segurdecalafell\/wp-json\/wp\/v2\/pages\/1537\/revisions\/1980"}],"up":[{"embeddable":true,"href":"https:\/\/agora.xtec.cat\/esc-laginesta-segurdecalafell\/wp-json\/wp\/v2\/pages\/1377"}],"wp:attachment":[{"href":"https:\/\/agora.xtec.cat\/esc-laginesta-segurdecalafell\/wp-json\/wp\/v2\/media?parent=1537"}],"curies":[{"name":"wp","href":"https:\/\/api.w.org\/{rel}","templated":true}]}}