{"id":73,"date":"2014-09-18T14:01:51","date_gmt":"2014-09-18T13:01:51","guid":{"rendered":"http:\/\/agora.xtec.cat\/esc-lafloresta\/?page_id=73"},"modified":"2026-03-25T10:41:41","modified_gmt":"2026-03-25T09:41:41","slug":"menjador-escolar","status":"publish","type":"page","link":"https:\/\/agora.xtec.cat\/esc-lafloresta\/serveis\/menjador-escolar\/","title":{"rendered":"Menjador escolar"},"content":{"rendered":"<p>El servei de menjador est\u00e0 portat pel Consell Comarcal del Tarragon\u00e8s i l&#8217;empresa AlimentArt.<\/p>\n<p>&nbsp;<\/p>\n<p style=\"text-align: center;\"><b>\u00a0MES ABRIL<\/b><\/p>\n<p style=\"text-align: center;\"><a href=\"https:\/\/agora.xtec.cat\/esc-lafloresta\/wp-content\/uploads\/usu1315\/2026\/03\/menu-basal-abril-2026_-la-floresta.pdf\">MEN\u00da BASAL<\/a><\/p>\n<p style=\"text-align: center;\"><a href=\"https:\/\/agora.xtec.cat\/esc-lafloresta\/wp-content\/uploads\/usu1315\/2026\/03\/menu-derivades-abril-2026_-la-floresta-2.pdf\">MEN\u00da DERIVADES<\/a><\/p>\n<p>&nbsp;<\/p>\n<p style=\"text-align: center;\"><strong>MES MAR\u00c7 <\/strong><\/p>\n<p style=\"text-align: center;\"><a style=\"font-size: 16px; background-color: #ffffff;\" href=\"https:\/\/agora.xtec.cat\/esc-lafloresta\/wp-content\/uploads\/usu1315\/2026\/03\/menu-basal-marc-2026_-la-floresta-1.pdf\">MEN\u00da BASAL<\/a><\/p>\n<p style=\"text-align: center;\"><a href=\"https:\/\/agora.xtec.cat\/esc-lafloresta\/wp-content\/uploads\/usu1315\/2026\/03\/menu-derivades-marc-2026_-la-floresta-1.pdf\">MEN\u00da DERIVADES<\/a><\/p>\n<p>&nbsp;<\/p>\n<p style=\"text-align: center;\"><b> \u00a0<\/b><\/p>\n<p style=\"text-align: center;\"><b>\u00a0<\/b><a href=\"https:\/\/agora.xtec.cat\/esc-lafloresta\/wp-content\/uploads\/usu1315\/2023\/10\/attachment-7318264-men_basal_octubre_2023__la_floresta_page-0002.jpg\"><img loading=\"lazy\" decoding=\"async\" class=\"aligncenter size-full wp-image-4583\" src=\"https:\/\/agora.xtec.cat\/esc-lafloresta\/wp-content\/uploads\/usu1315\/2023\/10\/attachment-7318264-men_basal_octubre_2023__la_floresta_page-0002.jpg\" alt=\"\" width=\"1650\" height=\"1275\" srcset=\"https:\/\/agora.xtec.cat\/esc-lafloresta\/wp-content\/uploads\/usu1315\/2023\/10\/attachment-7318264-men_basal_octubre_2023__la_floresta_page-0002.jpg 1650w, https:\/\/agora.xtec.cat\/esc-lafloresta\/wp-content\/uploads\/usu1315\/2023\/10\/attachment-7318264-men_basal_octubre_2023__la_floresta_page-0002-300x232.jpg 300w, https:\/\/agora.xtec.cat\/esc-lafloresta\/wp-content\/uploads\/usu1315\/2023\/10\/attachment-7318264-men_basal_octubre_2023__la_floresta_page-0002-1024x791.jpg 1024w, https:\/\/agora.xtec.cat\/esc-lafloresta\/wp-content\/uploads\/usu1315\/2023\/10\/attachment-7318264-men_basal_octubre_2023__la_floresta_page-0002-768x593.jpg 768w, https:\/\/agora.xtec.cat\/esc-lafloresta\/wp-content\/uploads\/usu1315\/2023\/10\/attachment-7318264-men_basal_octubre_2023__la_floresta_page-0002-1536x1187.jpg 1536w\" sizes=\"auto, (max-width: 1650px) 100vw, 1650px\" \/><\/a><\/p>\n<p>&nbsp;<\/p>\n","protected":false},"excerpt":{"rendered":"<p>El servei de menjador est\u00e0 portat pel Consell Comarcal del Tarragon\u00e8s i l&#8217;empresa AlimentArt. &nbsp; \u00a0MES ABRIL MEN\u00da BASAL MEN\u00da DERIVADES &nbsp; MES MAR\u00c7 MEN\u00da BASAL MEN\u00da DERIVADES &nbsp; \u00a0 \u00a0 &nbsp;<\/p>\n","protected":false},"author":1,"featured_media":0,"parent":66,"menu_order":30,"comment_status":"closed","ping_status":"closed","template":"","meta":{"_bbp_topic_count":0,"_bbp_reply_count":0,"_bbp_total_topic_count":0,"_bbp_total_reply_count":0,"_bbp_voice_count":0,"_bbp_anonymous_reply_count":0,"_bbp_topic_count_hidden":0,"_bbp_reply_count_hidden":0,"_bbp_forum_subforum_count":0,"site-sidebar-layout":"default","site-content-layout":"","ast-site-content-layout":"default","site-content-style":"default","site-sidebar-style":"default","ast-global-header-display":"","ast-banner-title-visibility":"","ast-main-header-display":"","ast-hfb-above-header-display":"","ast-hfb-below-header-display":"","ast-hfb-mobile-header-display":"","site-post-title":"","ast-breadcrumbs-content":"","ast-featured-img":"","footer-sml-layout":"","theme-transparent-header-meta":"default","adv-header-id-meta":"","stick-header-meta":"","header-above-stick-meta":"","header-main-stick-meta":"","header-below-stick-meta":"","astra-migrate-meta-layouts":"set","ast-page-background-enabled":"default","ast-page-background-meta":{"desktop":{"background-color":"var(--ast-global-color-4)","background-image":"","background-repeat":"repeat","background-position":"center center","background-size":"auto","background-attachment":"scroll","background-type":"","background-media":"","overlay-type":"","overlay-color":"","overlay-opacity":"","overlay-gradient":""},"tablet":{"background-color":"","background-image":"","background-repeat":"repeat","background-position":"center center","background-size":"auto","background-attachment":"scroll","background-type":"","background-media":"","overlay-type":"","overlay-color":"","overlay-opacity":"","overlay-gradient":""},"mobile":{"background-color":"","background-image":"","background-repeat":"repeat","background-position":"center center","background-size":"auto","background-attachment":"scroll","background-type":"","background-media":"","overlay-type":"","overlay-color":"","overlay-opacity":"","overlay-gradient":""}},"ast-content-background-meta":{"desktop":{"background-color":"var(--ast-global-color-5)","background-image":"","background-repeat":"repeat","background-position":"center center","background-size":"auto","background-attachment":"scroll","background-type":"","background-media":"","overlay-type":"","overlay-color":"","overlay-opacity":"","overlay-gradient":""},"tablet":{"background-color":"var(--ast-global-color-5)","background-image":"","background-repeat":"repeat","background-position":"center center","background-size":"auto","background-attachment":"scroll","background-type":"","background-media":"","overlay-type":"","overlay-color":"","overlay-opacity":"","overlay-gradient":""},"mobile":{"background-color":"var(--ast-global-color-5)","background-image":"","background-repeat":"repeat","background-position":"center center","background-size":"auto","background-attachment":"scroll","background-type":"","background-media":"","overlay-type":"","overlay-color":"","overlay-opacity":"","overlay-gradient":""}},"footnotes":""},"class_list":["post-73","page","type-page","status-publish","hentry"],"post_mailing_queue_ids":[],"_links":{"self":[{"href":"https:\/\/agora.xtec.cat\/esc-lafloresta\/wp-json\/wp\/v2\/pages\/73","targetHints":{"allow":["GET"]}}],"collection":[{"href":"https:\/\/agora.xtec.cat\/esc-lafloresta\/wp-json\/wp\/v2\/pages"}],"about":[{"href":"https:\/\/agora.xtec.cat\/esc-lafloresta\/wp-json\/wp\/v2\/types\/page"}],"author":[{"embeddable":true,"href":"https:\/\/agora.xtec.cat\/esc-lafloresta\/wp-json\/wp\/v2\/users\/1"}],"replies":[{"embeddable":true,"href":"https:\/\/agora.xtec.cat\/esc-lafloresta\/wp-json\/wp\/v2\/comments?post=73"}],"version-history":[{"count":6,"href":"https:\/\/agora.xtec.cat\/esc-lafloresta\/wp-json\/wp\/v2\/pages\/73\/revisions"}],"predecessor-version":[{"id":6347,"href":"https:\/\/agora.xtec.cat\/esc-lafloresta\/wp-json\/wp\/v2\/pages\/73\/revisions\/6347"}],"up":[{"embeddable":true,"href":"https:\/\/agora.xtec.cat\/esc-lafloresta\/wp-json\/wp\/v2\/pages\/66"}],"wp:attachment":[{"href":"https:\/\/agora.xtec.cat\/esc-lafloresta\/wp-json\/wp\/v2\/media?parent=73"}],"curies":[{"name":"wp","href":"https:\/\/api.w.org\/{rel}","templated":true}]}}