{"id":4924,"date":"2023-12-19T09:30:44","date_gmt":"2023-12-19T08:30:44","guid":{"rendered":"https:\/\/agora.xtec.cat\/esc-lafloresta\/?page_id=4924"},"modified":"2026-03-03T11:14:25","modified_gmt":"2026-03-03T10:14:25","slug":"preinscripcio-i-matricula-24-25","status":"publish","type":"page","link":"https:\/\/agora.xtec.cat\/esc-lafloresta\/preinscripcio-i-matricula-24-25\/","title":{"rendered":"Preinscripci\u00f3 i Matr\u00edcula 26-27"},"content":{"rendered":"<p><img loading=\"lazy\" decoding=\"async\" class=\"aligncenter size-full wp-image-6301\" src=\"https:\/\/agora.xtec.cat\/esc-lafloresta\/wp-content\/uploads\/usu1315\/2026\/03\/INFORME_OFERTA_OME_INFORME_OFERTA_page-0001-e1772532844326.jpg\" alt=\"\" width=\"1114\" height=\"894\" srcset=\"https:\/\/agora.xtec.cat\/esc-lafloresta\/wp-content\/uploads\/usu1315\/2026\/03\/INFORME_OFERTA_OME_INFORME_OFERTA_page-0001-e1772532844326.jpg 1114w, https:\/\/agora.xtec.cat\/esc-lafloresta\/wp-content\/uploads\/usu1315\/2026\/03\/INFORME_OFERTA_OME_INFORME_OFERTA_page-0001-e1772532844326-300x241.jpg 300w, https:\/\/agora.xtec.cat\/esc-lafloresta\/wp-content\/uploads\/usu1315\/2026\/03\/INFORME_OFERTA_OME_INFORME_OFERTA_page-0001-e1772532844326-1024x822.jpg 1024w, https:\/\/agora.xtec.cat\/esc-lafloresta\/wp-content\/uploads\/usu1315\/2026\/03\/INFORME_OFERTA_OME_INFORME_OFERTA_page-0001-e1772532844326-768x616.jpg 768w\" sizes=\"auto, (max-width: 1114px) 100vw, 1114px\" \/><\/p>\n<p>&nbsp;<\/p>\n<p>&nbsp;<\/p>\n<p style=\"text-align: center;\"><strong>\u00a0<\/strong><\/p>\n<p style=\"text-align: center;\"><strong>Podeu trobar m\u00e9s informaci\u00f3 sobre la preinscripci\u00f3 al seg\u00fcent enlla\u00e7:<\/strong><\/p>\n<p style=\"text-align: center;\"><strong><a href=\"https:\/\/preinscripcio.gencat.cat\/ca\/inici\/\">PREINSCRIPCI\u00d3<\/a>\u00a0<\/strong>\u00a0<strong>o b\u00e9 preguntant a l\u2019administraci\u00f3 del centre.<\/strong><\/p>\n<div class=\"addtoany_share_save_container addtoany_content addtoany_content_bottom\">\n<div class=\"a2a_kit a2a_kit_size_32 addtoany_list\" data-a2a-url=\"https:\/\/agora.xtec.cat\/esc-lafloresta\/general\/preinscripcio-i-matricula-2024-2025\/\" data-a2a-title=\"Preinscripci\u00f3 i Matr\u00edcula 2024-2025\"><\/div>\n<\/div>\n","protected":false},"excerpt":{"rendered":"<p>&nbsp; &nbsp; \u00a0 Podeu trobar m\u00e9s informaci\u00f3 sobre la preinscripci\u00f3 al seg\u00fcent enlla\u00e7: PREINSCRIPCI\u00d3\u00a0\u00a0o b\u00e9 preguntant a l\u2019administraci\u00f3 del centre.<\/p>\n","protected":false},"author":1,"featured_media":0,"parent":0,"menu_order":0,"comment_status":"closed","ping_status":"closed","template":"","meta":{"_bbp_topic_count":0,"_bbp_reply_count":0,"_bbp_total_topic_count":0,"_bbp_total_reply_count":0,"_bbp_voice_count":0,"_bbp_anonymous_reply_count":0,"_bbp_topic_count_hidden":0,"_bbp_reply_count_hidden":0,"_bbp_forum_subforum_count":0,"site-sidebar-layout":"default","site-content-layout":"","ast-site-content-layout":"default","site-content-style":"default","site-sidebar-style":"default","ast-global-header-display":"","ast-banner-title-visibility":"","ast-main-header-display":"","ast-hfb-above-header-display":"","ast-hfb-below-header-display":"","ast-hfb-mobile-header-display":"","site-post-title":"","ast-breadcrumbs-content":"","ast-featured-img":"","footer-sml-layout":"","theme-transparent-header-meta":"default","adv-header-id-meta":"","stick-header-meta":"","header-above-stick-meta":"","header-main-stick-meta":"","header-below-stick-meta":"","astra-migrate-meta-layouts":"set","ast-page-background-enabled":"default","ast-page-background-meta":{"desktop":{"background-color":"var(--ast-global-color-4)","background-image":"","background-repeat":"repeat","background-position":"center center","background-size":"auto","background-attachment":"scroll","background-type":"","background-media":"","overlay-type":"","overlay-color":"","overlay-opacity":"","overlay-gradient":""},"tablet":{"background-color":"","background-image":"","background-repeat":"repeat","background-position":"center center","background-size":"auto","background-attachment":"scroll","background-type":"","background-media":"","overlay-type":"","overlay-color":"","overlay-opacity":"","overlay-gradient":""},"mobile":{"background-color":"","background-image":"","background-repeat":"repeat","background-position":"center center","background-size":"auto","background-attachment":"scroll","background-type":"","background-media":"","overlay-type":"","overlay-color":"","overlay-opacity":"","overlay-gradient":""}},"ast-content-background-meta":{"desktop":{"background-color":"var(--ast-global-color-5)","background-image":"","background-repeat":"repeat","background-position":"center center","background-size":"auto","background-attachment":"scroll","background-type":"","background-media":"","overlay-type":"","overlay-color":"","overlay-opacity":"","overlay-gradient":""},"tablet":{"background-color":"var(--ast-global-color-5)","background-image":"","background-repeat":"repeat","background-position":"center center","background-size":"auto","background-attachment":"scroll","background-type":"","background-media":"","overlay-type":"","overlay-color":"","overlay-opacity":"","overlay-gradient":""},"mobile":{"background-color":"var(--ast-global-color-5)","background-image":"","background-repeat":"repeat","background-position":"center center","background-size":"auto","background-attachment":"scroll","background-type":"","background-media":"","overlay-type":"","overlay-color":"","overlay-opacity":"","overlay-gradient":""}},"footnotes":""},"class_list":["post-4924","page","type-page","status-publish","hentry"],"post_mailing_queue_ids":[],"_links":{"self":[{"href":"https:\/\/agora.xtec.cat\/esc-lafloresta\/wp-json\/wp\/v2\/pages\/4924","targetHints":{"allow":["GET"]}}],"collection":[{"href":"https:\/\/agora.xtec.cat\/esc-lafloresta\/wp-json\/wp\/v2\/pages"}],"about":[{"href":"https:\/\/agora.xtec.cat\/esc-lafloresta\/wp-json\/wp\/v2\/types\/page"}],"author":[{"embeddable":true,"href":"https:\/\/agora.xtec.cat\/esc-lafloresta\/wp-json\/wp\/v2\/users\/1"}],"replies":[{"embeddable":true,"href":"https:\/\/agora.xtec.cat\/esc-lafloresta\/wp-json\/wp\/v2\/comments?post=4924"}],"version-history":[{"count":6,"href":"https:\/\/agora.xtec.cat\/esc-lafloresta\/wp-json\/wp\/v2\/pages\/4924\/revisions"}],"predecessor-version":[{"id":6302,"href":"https:\/\/agora.xtec.cat\/esc-lafloresta\/wp-json\/wp\/v2\/pages\/4924\/revisions\/6302"}],"wp:attachment":[{"href":"https:\/\/agora.xtec.cat\/esc-lafloresta\/wp-json\/wp\/v2\/media?parent=4924"}],"curies":[{"name":"wp","href":"https:\/\/api.w.org\/{rel}","templated":true}]}}