{"id":4049,"date":"2022-04-05T16:01:26","date_gmt":"2022-04-05T14:01:26","guid":{"rendered":"https:\/\/agora.xtec.cat\/esc-lafloresta\/?page_id=4049"},"modified":"2024-05-09T22:02:55","modified_gmt":"2024-05-09T20:02:55","slug":"acolliment-families","status":"publish","type":"page","link":"https:\/\/agora.xtec.cat\/esc-lafloresta\/estrategia-digital-de-centre-edc\/cultura-digital\/acolliment-families\/","title":{"rendered":"Acolliment fam\u00edlies"},"content":{"rendered":"<h2><a href=\"https:\/\/agora.xtec.cat\/esc-lafloresta\/?loggedout=true\"><span style=\"text-decoration: underline;\"><strong>WEB de l\u2019escola<\/strong><\/span><\/a><\/h2>\n<p>El centre disposa d\u2019un web amb la informaci\u00f3 p\u00fablica.<\/p>\n<p>S\u2019hi poden trobar informacions diverses:<\/p>\n<ul>\n<li>Documents oficials del curs escolar.<\/li>\n<li>Informaci\u00f3 de l\u2019AFA.<\/li>\n<li>Men\u00fa del menjador<img loading=\"lazy\" decoding=\"async\" class=\"alignright wp-image-9488\" src=\"https:\/\/projectes.xtec.cat\/edc-suport\/wp-content\/uploads\/usu2435\/2021\/12\/nodes-300x173.png\" sizes=\"auto, (max-width: 300px) 100vw, 300px\" srcset=\"https:\/\/projectes.xtec.cat\/edc-suport\/wp-content\/uploads\/usu2435\/2021\/12\/nodes-300x173.png 300w, https:\/\/projectes.xtec.cat\/edc-suport\/wp-content\/uploads\/usu2435\/2021\/12\/nodes.png 580w\" alt=\"\" width=\"218\" height=\"126\" \/>.<\/li>\n<li>Horari de secretaria<\/li>\n<li>Dates de pre-inscripcions i matr\u00edcules.<\/li>\n<\/ul>\n<p>L\u2019equip docent de l\u2019escola \u00e9s l\u2019encarregat de publicar els articles a la p\u00e0gina web de les diferents activitats que es van fent durant el curs.<\/p>\n<p>Aquest web est\u00e0 realitzat aprofitant el servei nodes que ofereix el Departament d\u2019Educaci\u00f3.<\/p>\n<h2><a href=\"http:\/\/Tutorial\"><span style=\"text-decoration: underline;\"><b>Google Workspace<\/b><\/span><\/a><\/h2>\n<p>L\u2019<b>Escola La Floresta<\/b>, per tal de poder garantir al m\u00e0xim la compet\u00e8ncia digital del nostre alumnat, disposa dels serveis gratu\u00efts de\u00a0<b>Google Workspace<\/b>, per anar adequant les metodologies de treball a les noves tecnologies que ens ofereix el m\u00f3n digital.<\/p>\n<p>La nostra escola ha anat implementant aquesta plataforma com a eina de treball complementari per a diverses mat\u00e8ries.<\/p>\n<p>Una de les eines que ens ofereix GSuite \u00e9s\u00a0<b>Google Classroom <\/b>per obrir-nos una porta digital per connectar tota la comunitat educativa en un entorn \u00e0gil, motivador i molt entenedor.<\/p>\n<p><b>Reglament d\u2019\u00fas general <\/b>de Google Workspace:\u00a0 <a href=\"http:\/\/Tutorial\"><img loading=\"lazy\" decoding=\"async\" class=\"alignright\" src=\"https:\/\/www.humaniza.com\/wp-content\/uploads\/2021\/02\/google-workspace-logo.png\" alt=\"Google Workspace (G Suite) - Humaniza\" width=\"368\" height=\"184\" \/><\/a><\/p>\n<ul>\n<li aria-level=\"1\">Les fam\u00edlies hauran de firmar una autoritzaci\u00f3 i acceptar les condicions d\u2019\u00fas del compte dels\/les alumnes.<\/li>\n<li aria-level=\"1\">\u00c9s responsabilitat de les fam\u00edlies vetllar pel bon \u00fas del compte.<\/li>\n<li aria-level=\"1\">Cap fam\u00edlia podr\u00e0 utilitzar el compte dels seus\/ves fills\/es en activitats alienes a l\u2019escola.<\/li>\n<\/ul>\n<h2><a href=\"https:\/\/www.youtube.com\/watch?v=iVOsUxsHQs4\"><b><span style=\"text-decoration: underline;\">Dinantia<\/span><\/b><\/a><\/h2>\n<p>Dinantia \u00e9s la plataforma de comunicaci\u00f3 dirigida a escoles, professors, pares i alumnes que utilitza el nostre centre.<\/p>\n<p>Quan el centre envia un missatge, rebr\u00e0s una notificaci\u00f3 al tel\u00e8fon m\u00f2bil. Rebre i enviar missatges no et suposar\u00e0 cap tipus de cost i descarregar l\u2019aplicaci\u00f3 \u00e9s gratu\u00eft.<\/p>\n<p class=\"animation fadeInRight animation-active\">Dinantia permet enviar arxius adjunts juntament amb els missatges. El centre podr\u00e0 enviar imatges, v\u00eddeos, documents, etc. Les fam\u00edlies tamb\u00e9 podran enviar missatges, justificar abs\u00e8ncies, signar un\u00a0document, etc.<\/p>\n<p class=\"animation fadeInLeft animation-active\">L\u2019escola et podr\u00e0 enviar missatges perqu\u00e8 puguis autoritzar sortides escolars i pagar-les, concertar reunions, etc.<\/p>\n<p class=\"animation fadeInLeft animation-active\">A m\u00e9s, les autoritzacions signades des de Dinantia tenen validesa legal.<\/p>\n<p><img loading=\"lazy\" decoding=\"async\" class=\"alignright\" src=\"https:\/\/dinantia.com\/wp-content\/uploads\/2018\/06\/placeholder.png\" alt=\"Dinantia\" width=\"293\" height=\"165\" \/><\/p>\n<p><strong>Desc\u00e0rrega gratu\u00efta de l\u2019app<\/strong><\/p>\n<p class=\"animation fadeInRight animation-active\">Descarregar l\u2019aplicaci\u00f3 no suposa cap cost i es pot instal\u00b7lar a m\u00f2bil o tablet.<\/p>\n<p class=\"centrado\"><a href=\"https:\/\/play.google.com\/store\/apps\/details?id=com.dinantia.dinantia\" target=\"_blank\" rel=\"noopener\"><img loading=\"lazy\" decoding=\"async\" class=\"alignnone\" src=\"https:\/\/www.dinantia.com\/images\/disponible_android.png\" alt=\"Descarrega Dinantia per Android en Google Play\" width=\"370\" height=\"26\" \/><\/a><\/p>\n<p class=\"centrado\"><a href=\"https:\/\/play.google.com\/store\/apps\/details?id=com.dinantia.dinantia\" target=\"_blank\" rel=\"noopener\">\u00a0<\/a><a href=\"https:\/\/itunes.apple.com\/es\/app\/dinantia\/id1057051981\" target=\"_blank\" rel=\"noopener\"><img loading=\"lazy\" decoding=\"async\" class=\"alignnone\" src=\"https:\/\/www.dinantia.com\/images\/app-store.jpg\" alt=\"Descarrega Dinantia per iPhone en la Apple Store\" width=\"378\" height=\"26\" \/><\/a><\/p>\n<p>&nbsp;<\/p>\n","protected":false},"excerpt":{"rendered":"<p>WEB de l\u2019escola El centre disposa d\u2019un web amb la informaci\u00f3 p\u00fablica. S\u2019hi poden trobar informacions diverses: Documents oficials del curs escolar. Informaci\u00f3 de l\u2019AFA. Men\u00fa del menjador. Horari de secretaria Dates de pre-inscripcions i matr\u00edcules. L\u2019equip docent de l\u2019escola \u00e9s l\u2019encarregat de publicar els articles a la p\u00e0gina web de les diferents activitats que [&hellip;]<\/p>\n","protected":false},"author":1,"featured_media":0,"parent":4031,"menu_order":4,"comment_status":"closed","ping_status":"closed","template":"page-templates\/side-menu.php","meta":{"_bbp_topic_count":0,"_bbp_reply_count":0,"_bbp_total_topic_count":0,"_bbp_total_reply_count":0,"_bbp_voice_count":0,"_bbp_anonymous_reply_count":0,"_bbp_topic_count_hidden":0,"_bbp_reply_count_hidden":0,"_bbp_forum_subforum_count":0,"site-sidebar-layout":"default","site-content-layout":"","ast-site-content-layout":"","site-content-style":"default","site-sidebar-style":"default","ast-global-header-display":"","ast-banner-title-visibility":"","ast-main-header-display":"","ast-hfb-above-header-display":"","ast-hfb-below-header-display":"","ast-hfb-mobile-header-display":"","site-post-title":"","ast-breadcrumbs-content":"","ast-featured-img":"","footer-sml-layout":"","theme-transparent-header-meta":"","adv-header-id-meta":"","stick-header-meta":"","header-above-stick-meta":"","header-main-stick-meta":"","header-below-stick-meta":"","astra-migrate-meta-layouts":"default","ast-page-background-enabled":"default","ast-page-background-meta":{"desktop":{"background-color":"var(--ast-global-color-4)","background-image":"","background-repeat":"repeat","background-position":"center center","background-size":"auto","background-attachment":"scroll","background-type":"","background-media":"","overlay-type":"","overlay-color":"","overlay-opacity":"","overlay-gradient":""},"tablet":{"background-color":"","background-image":"","background-repeat":"repeat","background-position":"center center","background-size":"auto","background-attachment":"scroll","background-type":"","background-media":"","overlay-type":"","overlay-color":"","overlay-opacity":"","overlay-gradient":""},"mobile":{"background-color":"","background-image":"","background-repeat":"repeat","background-position":"center center","background-size":"auto","background-attachment":"scroll","background-type":"","background-media":"","overlay-type":"","overlay-color":"","overlay-opacity":"","overlay-gradient":""}},"ast-content-background-meta":{"desktop":{"background-color":"var(--ast-global-color-5)","background-image":"","background-repeat":"repeat","background-position":"center center","background-size":"auto","background-attachment":"scroll","background-type":"","background-media":"","overlay-type":"","overlay-color":"","overlay-opacity":"","overlay-gradient":""},"tablet":{"background-color":"var(--ast-global-color-5)","background-image":"","background-repeat":"repeat","background-position":"center center","background-size":"auto","background-attachment":"scroll","background-type":"","background-media":"","overlay-type":"","overlay-color":"","overlay-opacity":"","overlay-gradient":""},"mobile":{"background-color":"var(--ast-global-color-5)","background-image":"","background-repeat":"repeat","background-position":"center center","background-size":"auto","background-attachment":"scroll","background-type":"","background-media":"","overlay-type":"","overlay-color":"","overlay-opacity":"","overlay-gradient":""}},"footnotes":""},"class_list":["post-4049","page","type-page","status-publish","hentry"],"post_mailing_queue_ids":[],"_links":{"self":[{"href":"https:\/\/agora.xtec.cat\/esc-lafloresta\/wp-json\/wp\/v2\/pages\/4049","targetHints":{"allow":["GET"]}}],"collection":[{"href":"https:\/\/agora.xtec.cat\/esc-lafloresta\/wp-json\/wp\/v2\/pages"}],"about":[{"href":"https:\/\/agora.xtec.cat\/esc-lafloresta\/wp-json\/wp\/v2\/types\/page"}],"author":[{"embeddable":true,"href":"https:\/\/agora.xtec.cat\/esc-lafloresta\/wp-json\/wp\/v2\/users\/1"}],"replies":[{"embeddable":true,"href":"https:\/\/agora.xtec.cat\/esc-lafloresta\/wp-json\/wp\/v2\/comments?post=4049"}],"version-history":[{"count":6,"href":"https:\/\/agora.xtec.cat\/esc-lafloresta\/wp-json\/wp\/v2\/pages\/4049\/revisions"}],"predecessor-version":[{"id":5384,"href":"https:\/\/agora.xtec.cat\/esc-lafloresta\/wp-json\/wp\/v2\/pages\/4049\/revisions\/5384"}],"up":[{"embeddable":true,"href":"https:\/\/agora.xtec.cat\/esc-lafloresta\/wp-json\/wp\/v2\/pages\/4031"}],"wp:attachment":[{"href":"https:\/\/agora.xtec.cat\/esc-lafloresta\/wp-json\/wp\/v2\/media?parent=4049"}],"curies":[{"name":"wp","href":"https:\/\/api.w.org\/{rel}","templated":true}]}}