{"id":4045,"date":"2022-04-05T16:00:18","date_gmt":"2022-04-05T14:00:18","guid":{"rendered":"https:\/\/agora.xtec.cat\/esc-lafloresta\/?page_id=4045"},"modified":"2025-10-01T13:31:49","modified_gmt":"2025-10-01T11:31:49","slug":"acolliment-alumnat","status":"publish","type":"page","link":"https:\/\/agora.xtec.cat\/esc-lafloresta\/estrategia-digital-de-centre-edc\/cultura-digital\/acolliment-alumnat\/","title":{"rendered":"Acolliment alumnat"},"content":{"rendered":"<p>&nbsp;<\/p>\n<p><span style=\"text-decoration: underline;\"><b>Google Workspace<\/b><\/span><\/p>\n<p>Tot l\u2019alumnat de 3r a 6\u00e8 disposa d\u2019un usuari que consisteix en: nomcognom@escolalafloresta.cat, que li permet poder obrir els diferents serveis de Google Workspace. com ara:<\/p>\n<ul style=\"list-style-type: circle;\">\n<li>Classroom (aulari virtual). Enlla\u00e7 <a href=\"https:\/\/www.youtube.com\/watch?v=QQskoBN5tPY\">tutorial.<\/a><\/li>\n<\/ul>\n<p><a href=\"https:\/\/www.youtube.com\/watch?v=QQskoBN5tPY\"><img loading=\"lazy\" decoding=\"async\" class=\"wp-image-5375 alignnone\" src=\"https:\/\/agora.xtec.cat\/esc-lafloresta\/wp-content\/uploads\/usu1315\/2024\/05\/google-classroom.webp\" alt=\"\" width=\"169\" height=\"95\" srcset=\"https:\/\/agora.xtec.cat\/esc-lafloresta\/wp-content\/uploads\/usu1315\/2024\/05\/google-classroom.webp 1706w, https:\/\/agora.xtec.cat\/esc-lafloresta\/wp-content\/uploads\/usu1315\/2024\/05\/google-classroom-300x169.webp 300w, https:\/\/agora.xtec.cat\/esc-lafloresta\/wp-content\/uploads\/usu1315\/2024\/05\/google-classroom-1024x576.webp 1024w, https:\/\/agora.xtec.cat\/esc-lafloresta\/wp-content\/uploads\/usu1315\/2024\/05\/google-classroom-768x432.webp 768w, https:\/\/agora.xtec.cat\/esc-lafloresta\/wp-content\/uploads\/usu1315\/2024\/05\/google-classroom-1536x864.webp 1536w\" sizes=\"auto, (max-width: 169px) 100vw, 169px\" \/><\/a><\/p>\n<ul>\n<li style=\"list-style-type: none;\">\n<ul>\n<li aria-level=\"1\">Meet (videoconfer\u00e8ncies)<\/li>\n<li aria-level=\"1\">Calendar (organitzaci\u00f3)<\/li>\n<li aria-level=\"1\">Sites (edici\u00f3 de p\u00e0gines web)<\/li>\n<li aria-level=\"1\">Contactes<\/li>\n<li aria-level=\"1\">Gmail<\/li>\n<li aria-level=\"1\">Drive i Documents (eines de treball)<\/li>\n<\/ul>\n<\/li>\n<\/ul>\n<p>Els comptes de Google Workspace for Education estan creats i utilitzats d\u2019acord amb les condicions establertes en l\u2019acord subscrit entre l\u2019escola i Google.<\/p>\n<p>Per a l\u2019\u00fas de totes les eines que incorpora Google Workspace for Education es recomana utilitzar Google Chrome.<\/p>\n<p>Els serveis Workspace del centre s\u2019allotgen sota el domini<b> escolalafloresta.cat<\/b>. Els tutors de cada grup gestionaran l\u2019\u00fas dels serveis per part dels alumnes. La creaci\u00f3 i gesti\u00f3 d\u2019usuaris es far\u00e0 en col\u00b7laboraci\u00f3 amb el coordinador de Cultura Digital del centre.<\/p>\n<p><b>Comprom\u00eds dels usuaris amb un compte de Google<\/b><\/p>\n<p><span style=\"font-family: inherit; font-size: 1em;\">L\u2019\u00fas del compte Google Workspace per part dels alumnes \u00e9s exclusivament educatiu. Queda prohibit l\u2019\u00fas d\u2019aquest compte en el registre a p\u00e0gines web o aplicacions de car\u00e0cter no educatiu, com videojocs o xarxes socials.<\/span><\/p>\n<p>No es podr\u00e0 fer servir l\u2019entorn Google Workspace de l\u2019escola per emmagatzemar, compartir o editar cap tipus de material obtingut de manera il\u00b7legal o que no respecti els drets d\u2019autor.<\/p>\n<p>L\u2019\u00fas del compte ha de respectar en tot moment les normes de conviv\u00e8ncia del centre recollides a la normativa del centre. El seu incompliment pot comportar la limitaci\u00f3 d\u2019acc\u00e9s a la mateixa.<\/p>\n<p><b>Administraci\u00f3 del compte de google<\/b><\/p>\n<p>\u00c9s el centre qui gestionar\u00e0 la creaci\u00f3 dels usuaris i les contrasenyes associades als serveis de Google Workspace, sempre amb finalitats pedag\u00f2giques.<\/p>\n<p>Quan un alumne deixi d\u2019estar matriculat a l\u2019escola. Al cap de tres mesos, es procedir\u00e0 a eliminar el seu compte.<\/p>\n<p>En el cas que hi hagi indicis que el compte d\u2019un alumne es pugui veure involucrada en casos greus de disciplina com ciberassetjament, podr\u00e0 ser intervinguda, suspesa i\/o supervisada per la Direcci\u00f3 del centre.<\/p>\n<p>El centre no es fa responsable de l\u2019\u00fas indegut del recurs i dels seus continguts per part dels usuaris. L\u2019usuari ser\u00e0 l\u2019\u00fanic responsable de les infraccions en qu\u00e8 pugui inc\u00f3rrer o dels prejudicis que pugui causar per un \u00fas inadequat dels seus serveis o dels seus continguts.<\/p>\n<p><b>Autoritzacions<\/b><\/p>\n<p>Tots els alumnes hauran de tenir obligat\u00f2riament l\u2019autoritzaci\u00f3 d\u2019\u00fas dels serveis per part dels seus responsables legals. Aquesta t\u00e9 una validesa anual i es renovar\u00e0 cada curs.<\/p>\n<hr \/>\n<h5><span style=\"text-decoration: underline;\">Maquinari<\/span><\/h5>\n<p>&nbsp;<\/p>\n<p>L&#8217;alumnat de 3r i 4t disposa de 8 tauletes i d\u2019un ordinador port\u00e0til (adquirit a partir de la subvenci\u00f3 del PMOE-PROA) que utilitzen al centre per desenvolupar activitats d\u2019ensenyament-aprenentatge<\/p>\n<p>L&#8217;alumnat de 5\u00e8 i 6\u00e8 tamb\u00e9 disposen d\u2019un ordinador port\u00e0til (facilitat pel Departament d&#8217;Ensenyament) que utilitzen al centre per desenvolupar activitats d\u2019ensenyament-aprenentatge.<\/p>\n<p>Aquests ordinadors s\u00f3n propietat del centre i \u00e9s aquest qui els cedeix a l\u2019alumnat mitjan\u00e7ant un document de comprom\u00eds de fer un bon \u00fas de l\u2019aparell.<\/p>\n<p>A m\u00e9s, tamb\u00e9 es disposa d&#8217;un panell interactiu a cada aula per a treballar conjuntament.<\/p>\n<p>&nbsp;<\/p>\n<p>&nbsp;<\/p>\n","protected":false},"excerpt":{"rendered":"<p>&nbsp; Google Workspace Tot l\u2019alumnat de 3r a 6\u00e8 disposa d\u2019un usuari que consisteix en: nomcognom@escolalafloresta.cat, que li permet poder obrir els diferents serveis de Google Workspace. com ara: Classroom (aulari virtual). Enlla\u00e7 tutorial. Meet (videoconfer\u00e8ncies) Calendar (organitzaci\u00f3) Sites (edici\u00f3 de p\u00e0gines web) Contactes Gmail Drive i Documents (eines de treball) Els comptes de Google [&hellip;]<\/p>\n","protected":false},"author":1,"featured_media":0,"parent":4031,"menu_order":2,"comment_status":"closed","ping_status":"closed","template":"","meta":{"_bbp_topic_count":0,"_bbp_reply_count":0,"_bbp_total_topic_count":0,"_bbp_total_reply_count":0,"_bbp_voice_count":0,"_bbp_anonymous_reply_count":0,"_bbp_topic_count_hidden":0,"_bbp_reply_count_hidden":0,"_bbp_forum_subforum_count":0,"site-sidebar-layout":"default","site-content-layout":"","ast-site-content-layout":"default","site-content-style":"default","site-sidebar-style":"default","ast-global-header-display":"","ast-banner-title-visibility":"","ast-main-header-display":"","ast-hfb-above-header-display":"","ast-hfb-below-header-display":"","ast-hfb-mobile-header-display":"","site-post-title":"","ast-breadcrumbs-content":"","ast-featured-img":"","footer-sml-layout":"","theme-transparent-header-meta":"default","adv-header-id-meta":"","stick-header-meta":"","header-above-stick-meta":"","header-main-stick-meta":"","header-below-stick-meta":"","astra-migrate-meta-layouts":"set","ast-page-background-enabled":"default","ast-page-background-meta":{"desktop":{"background-color":"var(--ast-global-color-4)","background-image":"","background-repeat":"repeat","background-position":"center center","background-size":"auto","background-attachment":"scroll","background-type":"","background-media":"","overlay-type":"","overlay-color":"","overlay-opacity":"","overlay-gradient":""},"tablet":{"background-color":"","background-image":"","background-repeat":"repeat","background-position":"center center","background-size":"auto","background-attachment":"scroll","background-type":"","background-media":"","overlay-type":"","overlay-color":"","overlay-opacity":"","overlay-gradient":""},"mobile":{"background-color":"","background-image":"","background-repeat":"repeat","background-position":"center center","background-size":"auto","background-attachment":"scroll","background-type":"","background-media":"","overlay-type":"","overlay-color":"","overlay-opacity":"","overlay-gradient":""}},"ast-content-background-meta":{"desktop":{"background-color":"var(--ast-global-color-5)","background-image":"","background-repeat":"repeat","background-position":"center center","background-size":"auto","background-attachment":"scroll","background-type":"","background-media":"","overlay-type":"","overlay-color":"","overlay-opacity":"","overlay-gradient":""},"tablet":{"background-color":"var(--ast-global-color-5)","background-image":"","background-repeat":"repeat","background-position":"center center","background-size":"auto","background-attachment":"scroll","background-type":"","background-media":"","overlay-type":"","overlay-color":"","overlay-opacity":"","overlay-gradient":""},"mobile":{"background-color":"var(--ast-global-color-5)","background-image":"","background-repeat":"repeat","background-position":"center center","background-size":"auto","background-attachment":"scroll","background-type":"","background-media":"","overlay-type":"","overlay-color":"","overlay-opacity":"","overlay-gradient":""}},"footnotes":""},"class_list":["post-4045","page","type-page","status-publish","hentry"],"post_mailing_queue_ids":[],"_links":{"self":[{"href":"https:\/\/agora.xtec.cat\/esc-lafloresta\/wp-json\/wp\/v2\/pages\/4045","targetHints":{"allow":["GET"]}}],"collection":[{"href":"https:\/\/agora.xtec.cat\/esc-lafloresta\/wp-json\/wp\/v2\/pages"}],"about":[{"href":"https:\/\/agora.xtec.cat\/esc-lafloresta\/wp-json\/wp\/v2\/types\/page"}],"author":[{"embeddable":true,"href":"https:\/\/agora.xtec.cat\/esc-lafloresta\/wp-json\/wp\/v2\/users\/1"}],"replies":[{"embeddable":true,"href":"https:\/\/agora.xtec.cat\/esc-lafloresta\/wp-json\/wp\/v2\/comments?post=4045"}],"version-history":[{"count":6,"href":"https:\/\/agora.xtec.cat\/esc-lafloresta\/wp-json\/wp\/v2\/pages\/4045\/revisions"}],"predecessor-version":[{"id":6072,"href":"https:\/\/agora.xtec.cat\/esc-lafloresta\/wp-json\/wp\/v2\/pages\/4045\/revisions\/6072"}],"up":[{"embeddable":true,"href":"https:\/\/agora.xtec.cat\/esc-lafloresta\/wp-json\/wp\/v2\/pages\/4031"}],"wp:attachment":[{"href":"https:\/\/agora.xtec.cat\/esc-lafloresta\/wp-json\/wp\/v2\/media?parent=4045"}],"curies":[{"name":"wp","href":"https:\/\/api.w.org\/{rel}","templated":true}]}}