{"id":799,"date":"2021-03-16T09:29:21","date_gmt":"2021-03-16T08:29:21","guid":{"rendered":"https:\/\/agora.xtec.cat\/esc-labarquera\/?page_id=799"},"modified":"2023-06-12T11:03:39","modified_gmt":"2023-06-12T09:03:39","slug":"publicacions-i-llistes","status":"publish","type":"page","link":"https:\/\/agora.xtec.cat\/esc-labarquera\/preinscripcio-2021-2022\/publicacions-i-llistes\/","title":{"rendered":"Publicacions i llistes"},"content":{"rendered":"<p>Podeu fer la consulta de l\u2019<span class=\"il\">oferta<\/span> inicial de places al seg\u00fcent enlla\u00e7\u00a0 <a href=\"http:\/\/mapaescolar.gencat.cat\/\" target=\"_blank\" rel=\"noopener noreferrer\" data-saferedirecturl=\"https:\/\/www.google.com\/url?q=http:\/\/mapaescolar.gencat.cat\/&amp;source=gmail&amp;ust=1615884618541000&amp;usg=AFQjCNEgdDhXrJL9iMieABQ8fxTsUP8Jzg\">Mapa escolar de la preinscripci\u00f3 curs 2023-24.<\/a> Pestanya preinscripci\u00f3 curs 2023-24, cercar per codi de centre 43000226.<\/p>\n<p><strong>NOT\u00cdCIES<\/strong><\/p>\n<p>Seguint el calendari de la preinscripci\u00f3 per al curs 2023-24\u00a0 avui divendres 21 d&#8217;abril es publica la llista de sol\u00b7licituds amb la puntuaci\u00f3 provisional.<\/p>\n<p>Les fam\u00edlies podeu accedir a la consulta individual, accedint a <a href=\"https:\/\/preinscripcio.gencat.cat\/ca\/estudis\/primaria\/preinscriute\/seguiment-sollicitud\/llista-sollicituds-puntuacio\/\">Consulta la llista de sol\u00b7licituds amb la puntuaci\u00f3 provisional<\/a>, amb el DNI, NIE o passaport de la persona que va presentar la sol\u00b7licitud i el seu codi, a la web preinscripcio.gencat.cat.<\/p>\n<p>Recordeu que, tamb\u00e9, a partir d\u2019avui es poden presentar reclamacions. Es pot fer des de la mateixa consulta individual o des de l\u2019opci\u00f3 \u201cFes el seguiment de la teva sol\u00b7licitud\u201d de la web preinscripcio.gencat.cat. A m\u00e9s, teniu a la vostra disposici\u00f3 aquest v\u00eddeo tutorial\u00a0<a href=\"https:\/\/preinscripcio.gencat.cat\/ca\/estudis\/primaria\/ajuda\/pindoles-multimedia\/\">Com presentar una reclamaci\u00f3 contra la llista amb la puntuaci\u00f3 provisional<\/a>.<\/p>\n<p>Les reclamacions a la llista de sol\u00b7licituds\u00a0amb\u00a0la puntuaci\u00f3\u00a0provisional\u00a0es poden presentar\u00a0<b>del 21 al 27 d&#8217;abril<\/b>.<\/p>\n<p><strong>Podeu descarregar els llistats clicant sobre l\u2019enlla\u00e7.<\/strong><\/p>\n<table style=\"width: 35.9273%; height: 286px;\">\n<tbody>\n<tr style=\"height: 49px;\">\n<td style=\"height: 49px; width: 67.0648%;\"><a href=\"https:\/\/drive.google.com\/file\/d\/1RB-wU5SFNJFH1Ib9nRCRvBL1lTGYLGQT\/view?usp=sharing\" target=\"_blank\" rel=\"noopener\"><strong>Oferta inicial<\/strong><\/a><\/td>\n<td style=\"height: 49px; width: 89.46%;\">3 de mar\u00e7<\/td>\n<\/tr>\n<tr style=\"height: 33px;\">\n<td style=\"width: 67.0648%; height: 33px;\"><a href=\"https:\/\/drive.google.com\/file\/d\/1N6uIz8f5wv6aJSVoGpcgJPCZ55Rk8vR-\/view?usp=sharing\" target=\"_blank\" rel=\"noopener\"><strong>Llistat de sol\u00b7licituds amb puntuaci\u00f3 provisional<\/strong><\/a><\/td>\n<td style=\"width: 89.46%; height: 33px;\">21 d&#8217;abril<\/td>\n<\/tr>\n<tr style=\"height: 47px;\">\n<td style=\"height: 47px; width: 67.0648%;\">\n<h6><a href=\"https:\/\/drive.google.com\/file\/d\/1ZLJJC7AIwHi7Fcn8XujkaKi5XTfpzqkB\/view?usp=sharing\" target=\"_blank\" rel=\"noopener\"><strong>Llistat sol\u00b7licituds amb puntuaci\u00f3 definitiva<\/strong><\/a><\/h6>\n<\/td>\n<td style=\"height: 47px; width: 89.46%;\">3 de maig<\/td>\n<\/tr>\n<tr style=\"height: 33px;\">\n<td style=\"height: 33px; width: 67.0648%;\">Sorteig per resoldre sol\u00b7licituds empatades<\/td>\n<td style=\"height: 33px; width: 89.46%;\">9 de maig<\/td>\n<\/tr>\n<tr style=\"height: 33px;\">\n<td style=\"height: 33px; width: 67.0648%;\"><a href=\"https:\/\/drive.google.com\/file\/d\/19--urjrN0YXRvV_FVHzmH6sEENKmo6GL\/view?usp=sharing\" target=\"_blank\" rel=\"noopener\"><strong>Llistat ordenat definitiu de sol\u00b7licituds<\/strong><\/a><\/td>\n<td style=\"height: 33px; width: 89.46%;\">11 de maig<\/td>\n<\/tr>\n<tr style=\"height: 33px;\">\n<td style=\"height: 33px; width: 67.0648%;\"><a href=\"https:\/\/drive.google.com\/file\/d\/19_ETCfjUZ5WjPHE5MquMrCKVcXOGTbNF\/view?usp=sharing\" target=\"_blank\" rel=\"noopener\"><strong>Publicaci\u00f3 oferta final de places escolars<\/strong><\/a><\/td>\n<td style=\"height: 33px; width: 89.46%;\">9 de juny<\/td>\n<\/tr>\n<tr style=\"height: 33px;\">\n<td style=\"height: 15px; width: 67.0648%;\"><a href=\"https:\/\/drive.google.com\/file\/d\/1HcVUfTkvI59SCNFjppNPpMDz5onpSJjd\/view?usp=sharing\" target=\"_blank\" rel=\"noopener\"><strong>Llistat d\u2019alumnes admesos\u00a0<\/strong><\/a><\/td>\n<td style=\"height: 15px; width: 89.46%;\">12 de juny<\/td>\n<\/tr>\n<tr style=\"height: 43px;\">\n<td style=\"width: 67.0648%; height: 43px;\">\n<h6><a href=\"https:\/\/drive.google.com\/file\/d\/1wC6n2ebLMT5WsPuA1BZhZkQS2YY9pMi0\/view?usp=sharing\" target=\"_blank\" rel=\"noopener\">Llistat alumnes preinscrits al centre<\/a><\/h6>\n<\/td>\n<td style=\"width: 89.46%; height: 43px;\">12 de juny<\/td>\n<\/tr>\n<tr>\n<td style=\"width: 67.0648%;\">\n<h6>\u200b\u200b<strong>Per\u00edode de matriculaci\u00f3\u00a0<\/strong><\/h6>\n<\/td>\n<td style=\"width: 89.46%;\">Del 20 al 28 de juny<\/td>\n<\/tr>\n<\/tbody>\n<\/table>\n<p>&nbsp;<\/p>\n","protected":false},"excerpt":{"rendered":"<p>Podeu fer la consulta de l\u2019oferta inicial de places al seg\u00fcent enlla\u00e7\u00a0 <a href=\"http:\/\/mapaescolar.gencat.cat\/\" target=\"_blank\" rel=\"noopener noreferrer\" data-saferedirecturl=\"https:\/\/www.google.com\/url?q=http:\/\/mapaescolar.gencat.cat\/&amp;source=gmail&amp;ust=1615884618541000&amp;usg=AFQjCNEgdDhXrJL9iMieABQ8fxTsUP8Jzg\">Mapa escolar de la preinscripci\u00f3 curs 2023-24.<\/a> Pestanya preinscripci\u00f3 curs 2023-24, cercar per codi de centre 43000226.<br \/>\nNOT\u00cdCIES<br \/>\nSeguint el calendari de la preinscripci\u00f3 per al curs 2023-24\u00a0 avui divendres&hellip;  <a href=\"https:\/\/agora.xtec.cat\/esc-labarquera\/preinscripcio-2021-2022\/publicacions-i-llistes\/\" title=\"Read Publicacions i llistes\">Llegeix m\u00e9s\u00bb<\/a><\/p>\n","protected":false},"author":1,"featured_media":0,"parent":763,"menu_order":0,"comment_status":"closed","ping_status":"closed","template":"page-templates\/side-menu.php","meta":{"_bbp_topic_count":0,"_bbp_reply_count":0,"_bbp_total_topic_count":0,"_bbp_total_reply_count":0,"_bbp_voice_count":0,"_bbp_anonymous_reply_count":0,"_bbp_topic_count_hidden":0,"_bbp_reply_count_hidden":0,"_bbp_forum_subforum_count":0,"footnotes":""},"class_list":["post-799","page","type-page","status-publish","hentry"],"post_mailing_queue_ids":[],"_links":{"self":[{"href":"https:\/\/agora.xtec.cat\/esc-labarquera\/wp-json\/wp\/v2\/pages\/799","targetHints":{"allow":["GET"]}}],"collection":[{"href":"https:\/\/agora.xtec.cat\/esc-labarquera\/wp-json\/wp\/v2\/pages"}],"about":[{"href":"https:\/\/agora.xtec.cat\/esc-labarquera\/wp-json\/wp\/v2\/types\/page"}],"author":[{"embeddable":true,"href":"https:\/\/agora.xtec.cat\/esc-labarquera\/wp-json\/wp\/v2\/users\/1"}],"replies":[{"embeddable":true,"href":"https:\/\/agora.xtec.cat\/esc-labarquera\/wp-json\/wp\/v2\/comments?post=799"}],"version-history":[{"count":4,"href":"https:\/\/agora.xtec.cat\/esc-labarquera\/wp-json\/wp\/v2\/pages\/799\/revisions"}],"predecessor-version":[{"id":1401,"href":"https:\/\/agora.xtec.cat\/esc-labarquera\/wp-json\/wp\/v2\/pages\/799\/revisions\/1401"}],"up":[{"embeddable":true,"href":"https:\/\/agora.xtec.cat\/esc-labarquera\/wp-json\/wp\/v2\/pages\/763"}],"wp:attachment":[{"href":"https:\/\/agora.xtec.cat\/esc-labarquera\/wp-json\/wp\/v2\/media?parent=799"}],"curies":[{"name":"wp","href":"https:\/\/api.w.org\/{rel}","templated":true}]}}