{"id":28,"date":"2014-09-18T12:29:35","date_gmt":"2014-09-18T11:29:35","guid":{"rendered":"http:\/\/agora.xtec.cat\/esc-labarquera\/?page_id=28"},"modified":"2019-12-12T10:22:47","modified_gmt":"2019-12-12T09:22:47","slug":"consell-escolar","status":"publish","type":"page","link":"https:\/\/agora.xtec.cat\/esc-labarquera\/lescola\/consell-escolar\/","title":{"rendered":"Consell escolar"},"content":{"rendered":"<ul>\n<li><strong>Qui s\u00f3n els membres del Consell Escolar?<\/strong><\/li>\n<\/ul>\n<p>Els actuals membres del Consell Escolar de l\u2019Escola La Barquera s\u00f3n:<\/p>\n<table border=\"1\">\n<tbody>\n<tr>\n<td>Presidenta<\/td>\n<td>Maria Jes\u00fas Mart\u00ednez<\/td>\n<\/tr>\n<tr>\n<td>Secret\u00e0ria<\/td>\n<td>Anna Su\u00f1\u00e9<\/td>\n<\/tr>\n<tr>\n<td>Representant del Claustre de mestres<\/td>\n<td>Anna Su\u00f1\u00e9<\/td>\n<\/tr>\n<tr>\n<td>Representant de mares i pares de l\u2019escola<\/td>\n<td>Mireia Galimany<\/td>\n<\/tr>\n<tr>\n<td>Representant de l\u2019AMPA<\/td>\n<td>Sergi Albareda<\/td>\n<\/tr>\n<tr>\n<td>Representant de l\u2019ajuntament d&#8217;Ali\u00f3<\/td>\n<td>Gemma Plana<\/td>\n<\/tr>\n<\/tbody>\n<\/table>\n<ul>\n<li><strong>Quines s\u00f3n les funcions del Consell Escolar?<\/strong><\/li>\n<\/ul>\n<p>Corresponen al consell escolar les funcions seg\u00fcents:<\/p>\n<ul>\n<li>Participar en l\u2019aprovaci\u00f3 del projecte educatiu i les seves modificacions. El consell escolar ha de ser consultat pel director de manera preceptiva per valorar la proposta del projecte educatiu i manifestar el seu suport amb una majoria de les tres cinquenes parts dels membres.<\/li>\n<li>Participar en l\u2019aprovaci\u00f3 de la programaci\u00f3 general anual, de les normes de funcionament i de la gesti\u00f3 econ\u00f2mica del centre. El consell escolar ha de ser consultat de manera preceptiva per valorar cada una de les propostes i manifestar el seu suport per majoria simple dels membres.<\/li>\n<li>Avaluar l\u2019aplicaci\u00f3 del projecte educatiu i de les seves modificacions aix\u00ed com de la resta de documents de gesti\u00f3 del centre.<\/li>\n<li>Aprovar les propostes d\u2019acords de coresponsabilitat, convenis i altres acords de col\u00b7laboraci\u00f3 del centre amb entitats i institucions.<\/li>\n<li>Intervenir en el procediment d\u2019admissi\u00f3 d\u2019alumnes.<\/li>\n<li>Participar en el procediment de selecci\u00f3 i en la proposta de cessament del director o directora.<\/li>\n<li>Intervenir en la resoluci\u00f3 dels conflictes i, si escau, revisar les sancions als alumnes.<\/li>\n<li>Aprovar les directrius per a la programaci\u00f3 d\u2019activitats escolars complement\u00e0ries i d\u2019activitats extraescolars, i avaluar-ne el desenvolupament.<\/li>\n<li>Participar en les an\u00e0lisis i les avaluacions del funcionament general del centre i con\u00e8ixer l\u2019evoluci\u00f3 del rendiment escolar.<\/li>\n<li>Aprovar els criteris de col\u00b7laboraci\u00f3 amb altres centres i amb l\u2019entorn.<\/li>\n<li>Qualsevol altre que li sigui atribu\u00efda per les normes legals o reglament\u00e0ries.<\/li>\n<\/ul>\n<ul>\n<li><strong>Com funciona el Consell Escolar?<\/strong><\/li>\n<\/ul>\n<p>El consell escolar ha d\u2019aprovar les seves normes de funcionament. En all\u00f2 que no estigui previst s\u2019han d\u2019aplicar les normes reguladores dels \u00f2rgans col\u00b7legiats de l\u2019Administraci\u00f3 de la Generalitat. El consell escolar del centre es reuneix preceptivament\u00a0<strong>una vegada al trimestre<\/strong>\u00a0i sempre que el convoca el director o directora del centre o ho sol\u00b7licita al menys un ter\u00e7 de les seves persones membres. A m\u00e9s, s\u2019ha de fer una reuni\u00f3 a principi de curs i una altra a la seva finalitzaci\u00f3. Els acords presos en el Consell Escolar es publiquen en el seg\u00fcent apartat.<\/p>\n<ul>\n<li><strong>Acords presos pel Consell Escolar\u00a0<\/strong><\/li>\n<\/ul>\n","protected":false},"excerpt":{"rendered":"<ul>\n<li>Qui s\u00f3n els membres del Consell Escolar?<\/li>\n<\/ul>\n<p>Els actuals membres del Consell Escolar de l\u2019Escola La Barquera s\u00f3n:<\/p>\n<p>Presidenta<br \/>\nMaria Jes\u00fas Mart\u00ednez<\/p>\n<p>Secret\u00e0ria<br \/>\nAnna Su\u00f1\u00e9<\/p>\n<p>Representant del Claustre de mestres<br \/>\nAnna Su\u00f1\u00e9<\/p>\n<p>Representant de mares i pares de l\u2019escola<br \/>\nMireia Galimany<\/p>\n<p>Representant de l\u2019AMPA<br \/>\nSergi Albareda<\/p>\n<p>Representant de l\u2019ajuntament d&#8217;Ali\u00f3<br \/>\nGemma Plana<\/p>\n<ul>\n<li>Quines s\u00f3n les funcions del Consell Escolar?<\/li>\n<\/ul>\n<p>Corresponen&hellip;  <a href=\"https:\/\/agora.xtec.cat\/esc-labarquera\/lescola\/consell-escolar\/\" title=\"Read Consell escolar\">Llegeix m\u00e9s\u00bb<\/a><\/p>\n","protected":false},"author":1,"featured_media":0,"parent":22,"menu_order":30,"comment_status":"closed","ping_status":"closed","template":"page-templates\/side-menu.php","meta":{"_bbp_topic_count":0,"_bbp_reply_count":0,"_bbp_total_topic_count":0,"_bbp_total_reply_count":0,"_bbp_voice_count":0,"_bbp_anonymous_reply_count":0,"_bbp_topic_count_hidden":0,"_bbp_reply_count_hidden":0,"_bbp_forum_subforum_count":0,"footnotes":""},"class_list":["post-28","page","type-page","status-publish","hentry"],"post_mailing_queue_ids":[],"_links":{"self":[{"href":"https:\/\/agora.xtec.cat\/esc-labarquera\/wp-json\/wp\/v2\/pages\/28","targetHints":{"allow":["GET"]}}],"collection":[{"href":"https:\/\/agora.xtec.cat\/esc-labarquera\/wp-json\/wp\/v2\/pages"}],"about":[{"href":"https:\/\/agora.xtec.cat\/esc-labarquera\/wp-json\/wp\/v2\/types\/page"}],"author":[{"embeddable":true,"href":"https:\/\/agora.xtec.cat\/esc-labarquera\/wp-json\/wp\/v2\/users\/1"}],"replies":[{"embeddable":true,"href":"https:\/\/agora.xtec.cat\/esc-labarquera\/wp-json\/wp\/v2\/comments?post=28"}],"version-history":[{"count":2,"href":"https:\/\/agora.xtec.cat\/esc-labarquera\/wp-json\/wp\/v2\/pages\/28\/revisions"}],"predecessor-version":[{"id":493,"href":"https:\/\/agora.xtec.cat\/esc-labarquera\/wp-json\/wp\/v2\/pages\/28\/revisions\/493"}],"up":[{"embeddable":true,"href":"https:\/\/agora.xtec.cat\/esc-labarquera\/wp-json\/wp\/v2\/pages\/22"}],"wp:attachment":[{"href":"https:\/\/agora.xtec.cat\/esc-labarquera\/wp-json\/wp\/v2\/media?parent=28"}],"curies":[{"name":"wp","href":"https:\/\/api.w.org\/{rel}","templated":true}]}}