{"id":674,"date":"2016-11-16T17:40:12","date_gmt":"2016-11-16T16:40:12","guid":{"rendered":"http:\/\/agora.xtec.cat\/esc-la-cabana\/?page_id=674"},"modified":"2016-11-16T18:02:55","modified_gmt":"2016-11-16T17:02:55","slug":"racons-al-cicle-mitja","status":"publish","type":"page","link":"https:\/\/agora.xtec.cat\/esc-la-cabana\/racons-al-cicle-mitja\/","title":{"rendered":"RACONS al CICLE MITJ\u00c0"},"content":{"rendered":"<p>Per accedir als racons de matem\u00e0tiques nom\u00e9s heu de seleccionar el nom del joc.<\/p>\n<p><a href=\"http:\/\/agora.xtec.cat\/esc-la-cabana\/wp-content\/uploads\/usu849\/2016\/11\/3.png\"><img loading=\"lazy\" decoding=\"async\" class=\"alignnone wp-image-675\" src=\"http:\/\/agora.xtec.cat\/esc-la-cabana\/wp-content\/uploads\/usu849\/2016\/11\/3-619x1024.png\" alt=\"3\" width=\"60\" height=\"100\" srcset=\"https:\/\/agora.xtec.cat\/esc-la-cabana\/wp-content\/uploads\/usu849\/2016\/11\/3-619x1024.png 619w, https:\/\/agora.xtec.cat\/esc-la-cabana\/wp-content\/uploads\/usu849\/2016\/11\/3-181x300.png 181w, https:\/\/agora.xtec.cat\/esc-la-cabana\/wp-content\/uploads\/usu849\/2016\/11\/3-768x1271.png 768w, https:\/\/agora.xtec.cat\/esc-la-cabana\/wp-content\/uploads\/usu849\/2016\/11\/3.png 868w\" sizes=\"auto, (max-width: 60px) 100vw, 60px\" \/><\/a><\/p>\n<table style=\"height: 72px;\" width=\"1077\">\n<tbody>\n<tr>\n<td><a href=\"http:\/\/www.arcademics.com\/games\/ducky-race\/ducky-race.html\" target=\"_blank\">1.Cursa d&#8217;\u00e0necs (restes)<\/a><\/td>\n<td><a href=\"http:\/\/www.jverdaguer.org\/jsmedia\/cdweb\/concursple\/fla_cnice_mat\/fla_catala_mat\/comprapri.htm\" target=\"_blank\">2.La botiga (sumes)<\/a><\/td>\n<td><a href=\"http:\/\/www.jverdaguer.org\/jsmedia\/cdweb\/concursple\/acmates\/numeracio\/reconeix.htm\" target=\"_blank\">3.Clica i escolta (numeraci\u00f3)<\/a><\/td>\n<td><a href=\"http:\/\/www.jverdaguer.org\/jsmedia\/cdweb\/concursple\/fla_cnice_mat\/fla_catala_mat\/desdesana.htm\" target=\"_blank\">4.Descomposici\u00f3 (numeraci\u00f3)<\/a><\/td>\n<td><a href=\"http:\/\/therese.eveilleau.pagesperso-orange.fr\/pages\/jeux_mat\/textes\/labyrinthe3.html\" target=\"_blank\">5.Laberints (orientaci\u00f3)<\/a><\/td>\n<td><a href=\"http:\/\/www.arcademics.com\/games\/island-chase\/island-chase.html\" target=\"_blank\">6.Island chase (restes)<\/a><\/td>\n<\/tr>\n<\/tbody>\n<\/table>\n<p><a href=\"http:\/\/agora.xtec.cat\/esc-la-cabana\/wp-content\/uploads\/usu849\/2016\/11\/4.png\"><img loading=\"lazy\" decoding=\"async\" class=\"alignnone wp-image-678\" src=\"http:\/\/agora.xtec.cat\/esc-la-cabana\/wp-content\/uploads\/usu849\/2016\/11\/4.png\" alt=\"4\" width=\"83\" height=\"100\" \/><\/a><\/p>\n<table style=\"height: 75px;\" width=\"1080\">\n<tbody>\n<tr>\n<td><a href=\"http:\/\/clic.xtec.cat\/db\/jclicApplet.jsp?project=http:\/\/clic.xtec.cat\/projects\/sudocat\/jclic\/sudocat.jclic.zip&amp;lang=ca&amp;title=Sudoku\" target=\"_blank\">1.Sudoku<\/a><\/td>\n<td><a href=\"http:\/\/www.edu365.cat\/primaria\/muds\/matematiques\/maquina_calcular\/maquinaCalcular.html\" target=\"_blank\">2. C\u00e0lcul al minut<\/a><\/td>\n<td><a href=\"http:\/\/www.genmagic.net\/habilidades\/dib4c1_simetrico.swf\" target=\"_blank\">3.Simetria<\/a><\/td>\n<td><a href=\"http:\/\/www.arcademics.com\/games\/canoe-puppies\/canoe-puppies.html\" target=\"_blank\">4. Cursa de canoes (sumes)<\/a><\/td>\n<td><a href=\"http:\/\/www.arcademics.com\/games\/meteor\/meteor.html\" target=\"_blank\">5.Meteorits (multiplicaci\u00f3)<\/a><\/td>\n<td><a href=\"http:\/\/www.fisme.science.uu.nl\/toepassingen\/00724\/\" target=\"_blank\">6. Construcci\u00f3 (geometria)<\/a><\/td>\n<\/tr>\n<\/tbody>\n<\/table>\n","protected":false},"excerpt":{"rendered":"<p>Per accedir als racons de matem\u00e0tiques nom\u00e9s heu de seleccionar el nom del joc. 1.Cursa d&#8217;\u00e0necs (restes) 2.La botiga (sumes) 3.Clica i escolta (numeraci\u00f3) 4.Descomposici\u00f3 (numeraci\u00f3) 5.Laberints (orientaci\u00f3) 6.Island chase (restes) 1.Sudoku 2. C\u00e0lcul al minut 3.Simetria 4. Cursa de canoes (sumes) 5.Meteorits (multiplicaci\u00f3) 6. Construcci\u00f3 (geometria)<\/p>\n","protected":false},"author":1,"featured_media":0,"parent":0,"menu_order":0,"comment_status":"closed","ping_status":"closed","template":"","meta":{"_bbp_topic_count":0,"_bbp_reply_count":0,"_bbp_total_topic_count":0,"_bbp_total_reply_count":0,"_bbp_voice_count":0,"_bbp_anonymous_reply_count":0,"_bbp_topic_count_hidden":0,"_bbp_reply_count_hidden":0,"_bbp_forum_subforum_count":0,"site-sidebar-layout":"default","site-content-layout":"","ast-site-content-layout":"","site-content-style":"default","site-sidebar-style":"default","ast-global-header-display":"","ast-banner-title-visibility":"","ast-main-header-display":"","ast-hfb-above-header-display":"","ast-hfb-below-header-display":"","ast-hfb-mobile-header-display":"","site-post-title":"","ast-breadcrumbs-content":"","ast-featured-img":"","footer-sml-layout":"","theme-transparent-header-meta":"","adv-header-id-meta":"","stick-header-meta":"","header-above-stick-meta":"","header-main-stick-meta":"","header-below-stick-meta":"","astra-migrate-meta-layouts":"default","ast-page-background-enabled":"default","ast-page-background-meta":{"desktop":{"background-color":"var(--ast-global-color-4)","background-image":"","background-repeat":"repeat","background-position":"center center","background-size":"auto","background-attachment":"scroll","background-type":"","background-media":"","overlay-type":"","overlay-color":"","overlay-opacity":"","overlay-gradient":""},"tablet":{"background-color":"","background-image":"","background-repeat":"repeat","background-position":"center center","background-size":"auto","background-attachment":"scroll","background-type":"","background-media":"","overlay-type":"","overlay-color":"","overlay-opacity":"","overlay-gradient":""},"mobile":{"background-color":"","background-image":"","background-repeat":"repeat","background-position":"center center","background-size":"auto","background-attachment":"scroll","background-type":"","background-media":"","overlay-type":"","overlay-color":"","overlay-opacity":"","overlay-gradient":""}},"ast-content-background-meta":{"desktop":{"background-color":"var(--ast-global-color-5)","background-image":"","background-repeat":"repeat","background-position":"center center","background-size":"auto","background-attachment":"scroll","background-type":"","background-media":"","overlay-type":"","overlay-color":"","overlay-opacity":"","overlay-gradient":""},"tablet":{"background-color":"var(--ast-global-color-5)","background-image":"","background-repeat":"repeat","background-position":"center center","background-size":"auto","background-attachment":"scroll","background-type":"","background-media":"","overlay-type":"","overlay-color":"","overlay-opacity":"","overlay-gradient":""},"mobile":{"background-color":"var(--ast-global-color-5)","background-image":"","background-repeat":"repeat","background-position":"center center","background-size":"auto","background-attachment":"scroll","background-type":"","background-media":"","overlay-type":"","overlay-color":"","overlay-opacity":"","overlay-gradient":""}},"footnotes":""},"class_list":["post-674","page","type-page","status-publish","hentry"],"post_mailing_queue_ids":[],"_links":{"self":[{"href":"https:\/\/agora.xtec.cat\/esc-la-cabana\/wp-json\/wp\/v2\/pages\/674","targetHints":{"allow":["GET"]}}],"collection":[{"href":"https:\/\/agora.xtec.cat\/esc-la-cabana\/wp-json\/wp\/v2\/pages"}],"about":[{"href":"https:\/\/agora.xtec.cat\/esc-la-cabana\/wp-json\/wp\/v2\/types\/page"}],"author":[{"embeddable":true,"href":"https:\/\/agora.xtec.cat\/esc-la-cabana\/wp-json\/wp\/v2\/users\/1"}],"replies":[{"embeddable":true,"href":"https:\/\/agora.xtec.cat\/esc-la-cabana\/wp-json\/wp\/v2\/comments?post=674"}],"version-history":[{"count":4,"href":"https:\/\/agora.xtec.cat\/esc-la-cabana\/wp-json\/wp\/v2\/pages\/674\/revisions"}],"predecessor-version":[{"id":686,"href":"https:\/\/agora.xtec.cat\/esc-la-cabana\/wp-json\/wp\/v2\/pages\/674\/revisions\/686"}],"wp:attachment":[{"href":"https:\/\/agora.xtec.cat\/esc-la-cabana\/wp-json\/wp\/v2\/media?parent=674"}],"curies":[{"name":"wp","href":"https:\/\/api.w.org\/{rel}","templated":true}]}}