{"id":36,"date":"2014-09-18T12:33:11","date_gmt":"2014-09-18T11:33:11","guid":{"rendered":"http:\/\/agora.xtec.cat\/esc-la-cabana\/?page_id=36"},"modified":"2025-06-28T12:56:29","modified_gmt":"2025-06-28T10:56:29","slug":"material-escolar","status":"publish","type":"page","link":"https:\/\/agora.xtec.cat\/esc-la-cabana\/lescola\/material-escolar\/","title":{"rendered":"Material escolar"},"content":{"rendered":"<p>La quota de material es tracta d&#8217;una aportaci\u00f3 anual que paguen les fam\u00edlies per tal que el centre adquireixi tot el material escolar que l&#8217;alumne necessitar\u00e0 al llarg de tot el curs escolar. Cal apuntar que el nostre centre treballa sense llibres de text des de I3 fins a 6\u00e8. Per tant, el material educatiu est\u00e0 elaborat pel nostre professorat i hi ha gran part de la despesa que es destina a reprografia i material manipulatiu fungible.<\/p>\n<p>A tall d&#8217;exemple podr\u00edem dir: llapis, gomes, pintures, ceres, paper de diferents mesures, colors i textures, quaderns espec\u00edfics per nivell, plastilina, material inform\u00e0tic, jocs educatius d&#8217;aula i de pati&#8230;<\/p>\n<p>La quota es revisa de forma anual, i \u00e9s en el si del Consell Escolar on finalment s&#8217;aprova. Podeu consultar el preu de la quota a l&#8217;acta del <a href=\"https:\/\/agora.xtec.cat\/esc-la-cabana\/lescola\/consell-escolar\/\" target=\"_blank\" rel=\"noopener\">Consell Escolar<\/a> de gener, del curs actual.<\/p>\n<h4><\/h4>\n<h4 style=\"text-align: center;\">A continuaci\u00f3 teniu la relaci\u00f3 de quadernets que fem servir el <strong>curs escolar 2025-26:<\/strong><\/h4>\n<p>&nbsp;<\/p>\n<h4>\u00a0Educaci\u00f3 Infantil<\/h4>\n<ul style=\"list-style-type: square;\">\n<li>Cap<\/li>\n<\/ul>\n<h4>Primer Cicle<\/h4>\n<ul style=\"list-style-type: square;\">\n<li>PAI 2; Ed. Cru\u00eflla (es fa en dos cursos)<\/li>\n<\/ul>\n<h4>Segon Cicle<\/h4>\n<ul style=\"list-style-type: square;\">\n<li>3r:\n<ul>\n<li>Innovamat: Aventures, laboratori de nombres i plataforma.<\/li>\n<li>KIDS CAN! 3 Ab&amp;ExtraFun ePk<\/li>\n<\/ul>\n<\/li>\n<li>4t:\n<ul>\n<li>Innovamat: Aventures, laboratori de nombres i plataforma.<\/li>\n<li>KIDS CAN! 4 Essent Ab&amp;ExtraFun ePk<\/li>\n<\/ul>\n<\/li>\n<\/ul>\n<h4>Tercer Cicle:<\/h4>\n<ul style=\"list-style-type: square;\">\n<li>\u00a05\u00e8:\n<ul>\n<li>Innovamat: Aventures, laboratori de nombres i plataforma.<\/li>\n<li>KIDS CAN! Foundations 5 Essent Ab ePk<\/li>\n<\/ul>\n<\/li>\n<li>6\u00e8:\n<ul>\n<li>Innovamat: Aventures, laboratori de nombres i plataforma.<\/li>\n<li>KIDS CAN! Foundations 6 Essent Ab ePk<\/li>\n<\/ul>\n<\/li>\n<\/ul>\n<p><a href=\"http:\/\/agora.xtec.cat\/esc-la-cabana\/wp-content\/uploads\/usu849\/2016\/04\/material-escolar-material-de-oficina.jpg\"><img loading=\"lazy\" decoding=\"async\" class=\"alignnone size-full wp-image-291\" src=\"http:\/\/agora.xtec.cat\/esc-la-cabana\/wp-content\/uploads\/usu849\/2016\/04\/material-escolar-material-de-oficina.jpg\" alt=\"material-escolar-material-de-oficina\" width=\"900\" height=\"300\" srcset=\"https:\/\/agora.xtec.cat\/esc-la-cabana\/wp-content\/uploads\/usu849\/2016\/04\/material-escolar-material-de-oficina.jpg 900w, https:\/\/agora.xtec.cat\/esc-la-cabana\/wp-content\/uploads\/usu849\/2016\/04\/material-escolar-material-de-oficina-300x100.jpg 300w\" sizes=\"auto, (max-width: 900px) 100vw, 900px\" \/><\/a><\/p>\n","protected":false},"excerpt":{"rendered":"<p>La quota de material es tracta d&#8217;una aportaci\u00f3 anual que paguen les fam\u00edlies per tal que el centre adquireixi tot el material escolar que l&#8217;alumne necessitar\u00e0 al llarg de tot el curs escolar. Cal apuntar que el nostre centre treballa sense llibres de text des de I3 fins a 6\u00e8. Per tant, el material educatiu [&hellip;]<\/p>\n","protected":false},"author":1,"featured_media":0,"parent":22,"menu_order":70,"comment_status":"closed","ping_status":"closed","template":"page-templates\/side-menu.php","meta":{"_bbp_topic_count":0,"_bbp_reply_count":0,"_bbp_total_topic_count":0,"_bbp_total_reply_count":0,"_bbp_voice_count":0,"_bbp_anonymous_reply_count":0,"_bbp_topic_count_hidden":0,"_bbp_reply_count_hidden":0,"_bbp_forum_subforum_count":0,"site-sidebar-layout":"default","site-content-layout":"","ast-site-content-layout":"","site-content-style":"default","site-sidebar-style":"default","ast-global-header-display":"","ast-banner-title-visibility":"","ast-main-header-display":"","ast-hfb-above-header-display":"","ast-hfb-below-header-display":"","ast-hfb-mobile-header-display":"","site-post-title":"","ast-breadcrumbs-content":"","ast-featured-img":"","footer-sml-layout":"","theme-transparent-header-meta":"","adv-header-id-meta":"","stick-header-meta":"","header-above-stick-meta":"","header-main-stick-meta":"","header-below-stick-meta":"","astra-migrate-meta-layouts":"default","ast-page-background-enabled":"default","ast-page-background-meta":{"desktop":{"background-color":"var(--ast-global-color-4)","background-image":"","background-repeat":"repeat","background-position":"center center","background-size":"auto","background-attachment":"scroll","background-type":"","background-media":"","overlay-type":"","overlay-color":"","overlay-opacity":"","overlay-gradient":""},"tablet":{"background-color":"","background-image":"","background-repeat":"repeat","background-position":"center center","background-size":"auto","background-attachment":"scroll","background-type":"","background-media":"","overlay-type":"","overlay-color":"","overlay-opacity":"","overlay-gradient":""},"mobile":{"background-color":"","background-image":"","background-repeat":"repeat","background-position":"center center","background-size":"auto","background-attachment":"scroll","background-type":"","background-media":"","overlay-type":"","overlay-color":"","overlay-opacity":"","overlay-gradient":""}},"ast-content-background-meta":{"desktop":{"background-color":"var(--ast-global-color-5)","background-image":"","background-repeat":"repeat","background-position":"center center","background-size":"auto","background-attachment":"scroll","background-type":"","background-media":"","overlay-type":"","overlay-color":"","overlay-opacity":"","overlay-gradient":""},"tablet":{"background-color":"var(--ast-global-color-5)","background-image":"","background-repeat":"repeat","background-position":"center center","background-size":"auto","background-attachment":"scroll","background-type":"","background-media":"","overlay-type":"","overlay-color":"","overlay-opacity":"","overlay-gradient":""},"mobile":{"background-color":"var(--ast-global-color-5)","background-image":"","background-repeat":"repeat","background-position":"center center","background-size":"auto","background-attachment":"scroll","background-type":"","background-media":"","overlay-type":"","overlay-color":"","overlay-opacity":"","overlay-gradient":""}},"footnotes":""},"class_list":["post-36","page","type-page","status-publish","hentry"],"post_mailing_queue_ids":[],"_links":{"self":[{"href":"https:\/\/agora.xtec.cat\/esc-la-cabana\/wp-json\/wp\/v2\/pages\/36","targetHints":{"allow":["GET"]}}],"collection":[{"href":"https:\/\/agora.xtec.cat\/esc-la-cabana\/wp-json\/wp\/v2\/pages"}],"about":[{"href":"https:\/\/agora.xtec.cat\/esc-la-cabana\/wp-json\/wp\/v2\/types\/page"}],"author":[{"embeddable":true,"href":"https:\/\/agora.xtec.cat\/esc-la-cabana\/wp-json\/wp\/v2\/users\/1"}],"replies":[{"embeddable":true,"href":"https:\/\/agora.xtec.cat\/esc-la-cabana\/wp-json\/wp\/v2\/comments?post=36"}],"version-history":[{"count":8,"href":"https:\/\/agora.xtec.cat\/esc-la-cabana\/wp-json\/wp\/v2\/pages\/36\/revisions"}],"predecessor-version":[{"id":21484,"href":"https:\/\/agora.xtec.cat\/esc-la-cabana\/wp-json\/wp\/v2\/pages\/36\/revisions\/21484"}],"up":[{"embeddable":true,"href":"https:\/\/agora.xtec.cat\/esc-la-cabana\/wp-json\/wp\/v2\/pages\/22"}],"wp:attachment":[{"href":"https:\/\/agora.xtec.cat\/esc-la-cabana\/wp-json\/wp\/v2\/media?parent=36"}],"curies":[{"name":"wp","href":"https:\/\/api.w.org\/{rel}","templated":true}]}}