{"id":18999,"date":"2022-09-12T09:57:15","date_gmt":"2022-09-12T07:57:15","guid":{"rendered":"https:\/\/agora.xtec.cat\/esc-la-cabana\/?page_id=18999"},"modified":"2025-11-17T12:52:55","modified_gmt":"2025-11-17T11:52:55","slug":"organigrama","status":"publish","type":"page","link":"https:\/\/agora.xtec.cat\/esc-la-cabana\/lescola\/organigrama\/","title":{"rendered":"L&#8217;equip"},"content":{"rendered":"<p><img loading=\"lazy\" decoding=\"async\" class=\"aligncenter wp-image-20938\" src=\"https:\/\/agora.xtec.cat\/esc-la-cabana\/wp-content\/uploads\/usu849\/2025\/02\/Personal-docent-300x89.png\" alt=\"\" width=\"398\" height=\"118\" srcset=\"https:\/\/agora.xtec.cat\/esc-la-cabana\/wp-content\/uploads\/usu849\/2025\/02\/Personal-docent-300x89.png 300w, https:\/\/agora.xtec.cat\/esc-la-cabana\/wp-content\/uploads\/usu849\/2025\/02\/Personal-docent-1024x305.png 1024w, https:\/\/agora.xtec.cat\/esc-la-cabana\/wp-content\/uploads\/usu849\/2025\/02\/Personal-docent-768x229.png 768w, https:\/\/agora.xtec.cat\/esc-la-cabana\/wp-content\/uploads\/usu849\/2025\/02\/Personal-docent-1536x458.png 1536w, https:\/\/agora.xtec.cat\/esc-la-cabana\/wp-content\/uploads\/usu849\/2025\/02\/Personal-docent.png 1760w\" sizes=\"auto, (max-width: 398px) 100vw, 398px\" \/><\/p>\n<p><b>Equip Directiu:<\/b><\/p>\n<ul>\n<li style=\"font-weight: 400;\" aria-level=\"1\"><b>Directora: <\/b><span style=\"font-weight: 400;\">Carme Ayll\u00f3n\u00a0<\/span><\/li>\n<li style=\"font-weight: 400;\" aria-level=\"1\"><b>Cap d\u2019Estudis: <\/b>Laia Card\u00fas<\/li>\n<li style=\"font-weight: 400;\" aria-level=\"1\"><b>Secret\u00e0ria:<\/b><span style=\"font-weight: 400;\"> Montse Rico<\/span><\/li>\n<\/ul>\n<p><b>Tutories:<\/b><\/p>\n<ul>\n<li style=\"font-weight: 400;\" aria-level=\"1\"><b>I3<\/b><span style=\"font-weight: 400;\">: Conchi Ruiz<\/span><\/li>\n<li style=\"font-weight: 400;\" aria-level=\"1\"><b>I4: <\/b><span style=\"font-weight: 400;\">Elisabet Ferran<\/span><\/li>\n<li style=\"font-weight: 400;\" aria-level=\"1\"><b>I5<\/b><span style=\"font-weight: 400;\">: Cristina Garcia<\/span><b>\u00a0 \u00a0 \u00a0 \u00a0 \u00a0 \u00a0<\/b><\/li>\n<li style=\"font-weight: 400;\" aria-level=\"1\"><b>Primer cicle A:<\/b><span style=\"font-weight: 400;\"> Elisabet Faura<\/span><span style=\"font-weight: 400;\">\u00a0 \u00a0<\/span><\/li>\n<li aria-level=\"1\"><strong>Primer cicle B:<\/strong> <span style=\"font-weight: 400;\">Mayca<\/span>\u00a0<span style=\"font-weight: 400;\">Gonz\u00e1lez<\/span><\/li>\n<li style=\"font-weight: 400;\" aria-level=\"1\"><b>Segon cicle : <\/b><span style=\"font-weight: 400;\">Iv\u00e1n Ortiz i Ana Sala<\/span><\/li>\n<li style=\"font-weight: 400;\" aria-level=\"1\"><b>Tercer cicle A:<\/b><span style=\"font-weight: 400;\"> Marisol Rodr\u00edguez\u00a0\u00a0<\/span> <span style=\"font-weight: 400;\">\u00a0\u00a0<\/span><\/li>\n<li style=\"font-weight: 400;\" aria-level=\"1\"><b>Tercer cicle B: <\/b><span style=\"font-weight: 400;\">Esther Jim\u00e9nez\u00a0<\/span><\/li>\n<\/ul>\n<p><b>Especialitats:<\/b><b><\/b><\/p>\n<ul>\n<li style=\"font-weight: 400;\" aria-level=\"1\"><b>Psicomotricitat: <span style=\"font-weight: 400;\">Montse Rico<\/span><\/b><\/li>\n<li style=\"font-weight: 400;\" aria-level=\"1\"><b>Ed. F\u00edsica (1r cicle): <\/b><span style=\"font-weight: 400;\">Montse Rico\u00a0<\/span><\/li>\n<li style=\"font-weight: 400;\" aria-level=\"1\"><b>Ed. F\u00edsica (2n cicle): <\/b><span style=\"font-weight: 400;\">Montse Rico i Iv\u00e1n Ortiz<\/span><\/li>\n<li style=\"font-weight: 400;\" aria-level=\"1\"><b>Ed. F\u00edsica (3r cicle): <\/b><span style=\"font-weight: 400;\">Iv\u00e1n Ortiz\u00a0<\/span><\/li>\n<li style=\"font-weight: 400;\" aria-level=\"1\"><b>Ed. Art\u00edstica_M\u00fasica:\u00a0<\/b><b> <\/b><span style=\"font-weight: 400;\">Leo Tejedor<\/span><\/li>\n<li style=\"font-weight: 400;\" aria-level=\"1\"><b>Ll. Estrangera (EI, 1r i 2n cicle): <\/b><span style=\"font-weight: 400;\">No\u00e8lia Callau\u00a0<\/span><\/li>\n<li style=\"font-weight: 400;\" aria-level=\"1\"><b>Ll. Estrangera (3r cicle): <\/b><span style=\"font-weight: 400;\">Esther Jim\u00e9nez\u00a0<\/span><\/li>\n<li style=\"font-weight: 400;\" aria-level=\"1\"><b>Suport a la inclusi\u00f3: <\/b><span style=\"font-weight: 400;\">Laia Card\u00fas Parera<\/span><\/li>\n<\/ul>\n<p><b>Coordinacions:<\/b><span style=\"font-weight: 400;\"><br \/>\n<\/span><\/p>\n<ul>\n<li style=\"font-weight: 400;\" aria-level=\"1\"><b>Ed. Infantil: <\/b><span style=\"font-weight: 400;\">Conchi Ruiz\u00a0<\/span><\/li>\n<li style=\"font-weight: 400;\" aria-level=\"1\"><b>Ed. Prim\u00e0ria:<\/b><span style=\"font-weight: 400;\"> Esther Jim\u00e9nez<\/span><\/li>\n<li style=\"font-weight: 400;\" aria-level=\"1\"><b>COCOBE<\/b><span style=\"font-weight: 400;\">: Leo Tejedor<\/span><\/li>\n<li style=\"font-weight: 400;\" aria-level=\"1\"><b>Riscos Laboral<\/b><span style=\"font-weight: 400;\"><strong>s<\/strong>:\u00a0<\/span><span style=\"font-weight: 400;\">Mayca<\/span>\u00a0<span style=\"font-weight: 400;\">Gonz\u00e1lez<\/span><\/li>\n<li style=\"font-weight: 400;\" aria-level=\"1\"><b>Digital:<\/b><span style=\"font-weight: 400;\"> No\u00e8lia Callau\u00a0<\/span><\/li>\n<li style=\"font-weight: 400;\" aria-level=\"1\"><b style=\"font-family: inherit; font-size: 1em;\">CLIC:<\/b><span style=\"font-weight: 400;\"> Elisabet Faura<\/span><\/li>\n<\/ul>\n","protected":false},"excerpt":{"rendered":"<p>Equip Directiu: Directora: Carme Ayll\u00f3n\u00a0 Cap d\u2019Estudis: Laia Card\u00fas Secret\u00e0ria: Montse Rico Tutories: I3: Conchi Ruiz I4: Elisabet Ferran I5: Cristina Garcia\u00a0 \u00a0 \u00a0 \u00a0 \u00a0 \u00a0 Primer cicle A: Elisabet Faura\u00a0 \u00a0 Primer cicle B: Mayca\u00a0Gonz\u00e1lez Segon cicle : Iv\u00e1n Ortiz i Ana Sala Tercer cicle A: Marisol Rodr\u00edguez\u00a0\u00a0 \u00a0\u00a0 Tercer cicle B: Esther [&hellip;]<\/p>\n","protected":false},"author":1,"featured_media":0,"parent":22,"menu_order":0,"comment_status":"closed","ping_status":"closed","template":"page-templates\/side-menu.php","meta":{"_bbp_topic_count":0,"_bbp_reply_count":0,"_bbp_total_topic_count":0,"_bbp_total_reply_count":0,"_bbp_voice_count":0,"_bbp_anonymous_reply_count":0,"_bbp_topic_count_hidden":0,"_bbp_reply_count_hidden":0,"_bbp_forum_subforum_count":0,"site-sidebar-layout":"default","site-content-layout":"","ast-site-content-layout":"","site-content-style":"default","site-sidebar-style":"default","ast-global-header-display":"","ast-banner-title-visibility":"","ast-main-header-display":"","ast-hfb-above-header-display":"","ast-hfb-below-header-display":"","ast-hfb-mobile-header-display":"","site-post-title":"","ast-breadcrumbs-content":"","ast-featured-img":"","footer-sml-layout":"","theme-transparent-header-meta":"","adv-header-id-meta":"","stick-header-meta":"","header-above-stick-meta":"","header-main-stick-meta":"","header-below-stick-meta":"","astra-migrate-meta-layouts":"default","ast-page-background-enabled":"default","ast-page-background-meta":{"desktop":{"background-color":"var(--ast-global-color-4)","background-image":"","background-repeat":"repeat","background-position":"center center","background-size":"auto","background-attachment":"scroll","background-type":"","background-media":"","overlay-type":"","overlay-color":"","overlay-opacity":"","overlay-gradient":""},"tablet":{"background-color":"","background-image":"","background-repeat":"repeat","background-position":"center center","background-size":"auto","background-attachment":"scroll","background-type":"","background-media":"","overlay-type":"","overlay-color":"","overlay-opacity":"","overlay-gradient":""},"mobile":{"background-color":"","background-image":"","background-repeat":"repeat","background-position":"center center","background-size":"auto","background-attachment":"scroll","background-type":"","background-media":"","overlay-type":"","overlay-color":"","overlay-opacity":"","overlay-gradient":""}},"ast-content-background-meta":{"desktop":{"background-color":"var(--ast-global-color-5)","background-image":"","background-repeat":"repeat","background-position":"center center","background-size":"auto","background-attachment":"scroll","background-type":"","background-media":"","overlay-type":"","overlay-color":"","overlay-opacity":"","overlay-gradient":""},"tablet":{"background-color":"var(--ast-global-color-5)","background-image":"","background-repeat":"repeat","background-position":"center center","background-size":"auto","background-attachment":"scroll","background-type":"","background-media":"","overlay-type":"","overlay-color":"","overlay-opacity":"","overlay-gradient":""},"mobile":{"background-color":"var(--ast-global-color-5)","background-image":"","background-repeat":"repeat","background-position":"center center","background-size":"auto","background-attachment":"scroll","background-type":"","background-media":"","overlay-type":"","overlay-color":"","overlay-opacity":"","overlay-gradient":""}},"footnotes":""},"class_list":["post-18999","page","type-page","status-publish","hentry"],"post_mailing_queue_ids":[],"_links":{"self":[{"href":"https:\/\/agora.xtec.cat\/esc-la-cabana\/wp-json\/wp\/v2\/pages\/18999","targetHints":{"allow":["GET"]}}],"collection":[{"href":"https:\/\/agora.xtec.cat\/esc-la-cabana\/wp-json\/wp\/v2\/pages"}],"about":[{"href":"https:\/\/agora.xtec.cat\/esc-la-cabana\/wp-json\/wp\/v2\/types\/page"}],"author":[{"embeddable":true,"href":"https:\/\/agora.xtec.cat\/esc-la-cabana\/wp-json\/wp\/v2\/users\/1"}],"replies":[{"embeddable":true,"href":"https:\/\/agora.xtec.cat\/esc-la-cabana\/wp-json\/wp\/v2\/comments?post=18999"}],"version-history":[{"count":6,"href":"https:\/\/agora.xtec.cat\/esc-la-cabana\/wp-json\/wp\/v2\/pages\/18999\/revisions"}],"predecessor-version":[{"id":21559,"href":"https:\/\/agora.xtec.cat\/esc-la-cabana\/wp-json\/wp\/v2\/pages\/18999\/revisions\/21559"}],"up":[{"embeddable":true,"href":"https:\/\/agora.xtec.cat\/esc-la-cabana\/wp-json\/wp\/v2\/pages\/22"}],"wp:attachment":[{"href":"https:\/\/agora.xtec.cat\/esc-la-cabana\/wp-json\/wp\/v2\/media?parent=18999"}],"curies":[{"name":"wp","href":"https:\/\/api.w.org\/{rel}","templated":true}]}}