{"id":84,"date":"2014-09-18T14:11:31","date_gmt":"2014-09-18T13:11:31","guid":{"rendered":"http:\/\/agora.xtec.cat\/esc-l-oreneta\/?page_id=84"},"modified":"2025-07-09T16:09:12","modified_gmt":"2025-07-09T14:09:12","slug":"activitats-extraescolars","status":"publish","type":"page","link":"https:\/\/agora.xtec.cat\/esc-l-oreneta\/serveis\/activitats-extraescolars\/","title":{"rendered":"Activitats extraescolars"},"content":{"rendered":"<header class=\"entry-header\">\n<h1 class=\"entry-title\"><a href=\"https:\/\/agora.xtec.cat\/esc-l-oreneta\/wp-content\/uploads\/usu2395\/2023\/09\/ex.png\"><img loading=\"lazy\" decoding=\"async\" class=\" wp-image-811 alignleft\" src=\"https:\/\/agora.xtec.cat\/esc-l-oreneta\/wp-content\/uploads\/usu2395\/2023\/09\/ex.png\" alt=\"\" width=\"250\" height=\"117\" srcset=\"https:\/\/agora.xtec.cat\/esc-l-oreneta\/wp-content\/uploads\/usu2395\/2023\/09\/ex.png 374w, https:\/\/agora.xtec.cat\/esc-l-oreneta\/wp-content\/uploads\/usu2395\/2023\/09\/ex-300x140.png 300w\" sizes=\"auto, (max-width: 250px) 100vw, 250px\" \/><\/a><span style=\"font-size: 24pt;\">Extraescolars gestionades per l\u2019AFA<\/span><\/h1>\n<p>&nbsp;<\/p>\n<p>&nbsp;<\/p>\n<p><span style=\"font-family: inherit; font-size: 1em;\">Benvolgudes fam\u00edlies,<\/span><\/p>\n<\/header>\n<div class=\"entry-content\">\n<div>\n<p>Ja podeu inscriure als vostres fills i filles a les extraescolars que ofertem per al proper curs:<\/p>\n<p><strong><img decoding=\"async\" class=\"an1\" draggable=\"false\" src=\"https:\/\/fonts.gstatic.com\/s\/e\/notoemoji\/15.1\/1f916\/32.png\" alt=\"\ud83e\udd16\" data-emoji=\"\ud83e\udd16\" aria-label=\"\ud83e\udd16\" \/>\u00a0Rob\u00f2tica, impressi\u00f3 3D i programaci\u00f3\u00a0<\/strong><br \/>\n34\u20ac \/mes + 45 \u20ac matr\u00edcula. Grup de 2n a 6\u00e8, dimarts de 16.30h a 17.45h (els primers 15 minuts son per berenar).<\/p>\n<ul style=\"list-style-type: circle;\">\n<li><a href=\"https:\/\/scratch.barcelona\/wp-content\/uploads\/2025\/05\/PDF-extraescolar-STEAM-Scratch-Barcelona-2025-26-NP.pdf\"><b>Presentaci\u00f3 Rob\u00f2tica<\/b><\/a><\/li>\n<li><a href=\"https:\/\/scratch.barcelona\/presentacio-curs-extraescolar-steam-2023-24-scratch-barcelona\/\"><b>VIDEO PRESENTACI\u00d3 per a les fam\u00edlies<\/b><\/a><\/li>\n<\/ul>\n<p>M\u00e9s detalls i inscripci\u00f3: <a href=\"https:\/\/docs.google.com\/forms\/d\/e\/1FAIpQLScvTHy7khMfFC4WCnpcdE0UIiyw7UZdSTJ5G7-vZMYSOCPUmQ\/viewform\">AQU\u00cd<\/a><\/p>\n<p><span class=\"x19la9d6 x1fc57z9 x6ikm8r x10wlt62 x19co3pv x1g5zs5t xfibh0p xiy17q3 x1xsqp64 x1lkfr7t xexx8yu xyri2b x18d9i69 x1c1uobl\"><span class=\"xrtxmta x1bhl96m\">\ud83c\udfad<\/span><\/span>\u00a0<strong>Handbol, Teatre, Escola d\u2019Artistes, Angl\u00e8s i T\u00e8cniques d\u2019estudi. \u00a0<\/strong><\/p>\n<ul style=\"list-style-type: circle;\">\n<li><strong><a href=\"https:\/\/drive.google.com\/file\/d\/19gViwzBT6_Pp1SzB6KNNCZuXDaDWnLWZ\/view?pli=1\">Presentaci\u00f3\u2028extraescolars<\/a><\/strong><\/li>\n<\/ul>\n<p>M\u00e9s detalls i inscripci\u00f3: <a href=\"https:\/\/docs.google.com\/forms\/d\/e\/1FAIpQLSdVOVKa0-O7ULkXtaBCVZDRA_u17yaJMVPE4yhth8LQcGJ4hw\/viewform\">AQU\u00cd<\/a><\/p>\n<p>Totes les activitats tindran un <strong>descompte de 5\u20ac en la matr\u00edcula per les fam\u00edlies s\u00f2cies de l\u2019AFA.<\/strong><\/p>\n<p>Si us interessa alguna altra activitat, envieu-nos una proposta a <a href=\"mailto:afaescolanovadebadia@gmail.com\" target=\"_blank\" rel=\"noopener\">afaescolaloreneta@gmail.com<\/a>\u00a0<wbr \/>i valorarem la seva viabilitat!<\/p>\n<\/div>\n<p>Des de l\u2019AFA tamb\u00e9 es dona suport a les activitats de logop\u00e8dia i ter\u00e0pia psicorelacional que es desenvolupen en les nostres instal\u00b7lacions i s&#8217;ofereixen al municipi.<\/p>\n<p>AFA Escola l&#8217;Oreneta<\/p>\n<\/div>\n","protected":false},"excerpt":{"rendered":"<p><a href=\"https:\/\/agora.xtec.cat\/esc-l-oreneta\/wp-content\/uploads\/usu2395\/2023\/09\/ex.png\"><\/a>Extraescolars gestionades per l\u2019AFA<br \/>\n&nbsp;<br \/>\n&nbsp;<br \/>\nBenvolgudes fam\u00edlies,<\/p>\n<p>Ja podeu inscriure als vostres fills i filles a les extraescolars que ofertem per al proper curs:<br \/>\n\u00a0Rob\u00f2tica, impressi\u00f3 3D i programaci\u00f3\u00a0<br \/>\n34\u20ac \/mes + 45 \u20ac matr\u00edcula. Grup de 2n a 6\u00e8, dimarts de 16.30h a 17.45h (els primers 15 minuts&hellip;  <a href=\"https:\/\/agora.xtec.cat\/esc-l-oreneta\/serveis\/activitats-extraescolars\/\" title=\"Read Activitats extraescolars\">Llegeix m\u00e9s\u00bb<\/a><\/p>\n","protected":false},"author":1,"featured_media":0,"parent":66,"menu_order":60,"comment_status":"closed","ping_status":"closed","template":"page-templates\/side-menu.php","meta":{"_bbp_topic_count":0,"_bbp_reply_count":0,"_bbp_total_topic_count":0,"_bbp_total_reply_count":0,"_bbp_voice_count":0,"_bbp_anonymous_reply_count":0,"_bbp_topic_count_hidden":0,"_bbp_reply_count_hidden":0,"_bbp_forum_subforum_count":0,"footnotes":""},"class_list":["post-84","page","type-page","status-publish","hentry"],"post_mailing_queue_ids":[],"_links":{"self":[{"href":"https:\/\/agora.xtec.cat\/esc-l-oreneta\/wp-json\/wp\/v2\/pages\/84","targetHints":{"allow":["GET"]}}],"collection":[{"href":"https:\/\/agora.xtec.cat\/esc-l-oreneta\/wp-json\/wp\/v2\/pages"}],"about":[{"href":"https:\/\/agora.xtec.cat\/esc-l-oreneta\/wp-json\/wp\/v2\/types\/page"}],"author":[{"embeddable":true,"href":"https:\/\/agora.xtec.cat\/esc-l-oreneta\/wp-json\/wp\/v2\/users\/1"}],"replies":[{"embeddable":true,"href":"https:\/\/agora.xtec.cat\/esc-l-oreneta\/wp-json\/wp\/v2\/comments?post=84"}],"version-history":[{"count":6,"href":"https:\/\/agora.xtec.cat\/esc-l-oreneta\/wp-json\/wp\/v2\/pages\/84\/revisions"}],"predecessor-version":[{"id":4018,"href":"https:\/\/agora.xtec.cat\/esc-l-oreneta\/wp-json\/wp\/v2\/pages\/84\/revisions\/4018"}],"up":[{"embeddable":true,"href":"https:\/\/agora.xtec.cat\/esc-l-oreneta\/wp-json\/wp\/v2\/pages\/66"}],"wp:attachment":[{"href":"https:\/\/agora.xtec.cat\/esc-l-oreneta\/wp-json\/wp\/v2\/media?parent=84"}],"curies":[{"name":"wp","href":"https:\/\/api.w.org\/{rel}","templated":true}]}}