{"id":756,"date":"2023-09-11T12:07:06","date_gmt":"2023-09-11T10:07:06","guid":{"rendered":"https:\/\/agora.xtec.cat\/esc-l-oreneta\/?page_id=756"},"modified":"2025-06-10T11:30:26","modified_gmt":"2025-06-10T09:30:26","slug":"documents-per-a-les-families","status":"publish","type":"page","link":"https:\/\/agora.xtec.cat\/esc-l-oreneta\/lescola\/documents-per-a-les-families\/","title":{"rendered":"Documents per a les fam\u00edlies"},"content":{"rendered":"<p><em><strong>AUTORITZACIONS<\/strong><\/em><\/p>\n<p><strong>PER SORTIR DEL CENTRE EN FINALITZAR LA JORNADA ESCOLAR<\/strong><\/p>\n<p>Si l\u2019alumne\/a ha de ser recollit per algun familiar, diferent dels seus pares, heu d\u2019omplir l\u2019autoritzaci\u00f3 de\u00a0<a href=\"https:\/\/agora.xtec.cat\/esc-l-oreneta\/wp-content\/uploads\/usu2395\/2024\/09\/Autoritzacions_RECOLLIDA.pdf\">Recollida d\u2019alumnes<\/a>.<\/p>\n<p>Si el vostre fill o filla cursa tercer, quart, cinqu\u00e8 o sis\u00e8 de prim\u00e0ria i voleu que marxi sol a casa heu d\u2019autoritzar-lo amb aquest <a href=\"https:\/\/agora.xtec.cat\/esc-l-oreneta\/wp-content\/uploads\/usu2395\/2024\/09\/Autoritzacio_SORTIDA-MENORS-NO-ACOMPANYATS.pdf\">document<\/a>, que haureu de lliurar al tutor o tutora.<\/p>\n<p>Si el vostre fill de 5\u00e8 o 6\u00e8 ha de sortir sol els dies de jornada intensiva, en acabar el servei de menjador escolar, heu de signar l&#8217;autoritzaci\u00f3 a trav\u00e9s de l&#8217;aplicaci\u00f3 del servei de menjador disponible a la botiga d&#8217;aplicacions del vostre dispositiu m\u00f2bil. Per a m\u00e9s informaci\u00f3, poseu-vos en contacte amb la coordinaci\u00f3 del servei.<\/p>\n<p><strong>ADMINISTRACI\u00d3 DE MEDICAMENTS<\/strong><\/p>\n<p><a href=\"https:\/\/agora.xtec.cat\/esc-l-oreneta\/wp-content\/uploads\/usu2395\/2024\/09\/Autoritzacio_PARACETAMOL.pdf\">Administraci\u00f3 de Paracetamol<\/a><br \/>\n<a href=\"https:\/\/agora.xtec.cat\/esc-l-oreneta\/wp-content\/uploads\/usu2395\/2025\/03\/Autoritzacio_ADRENALINA.pdf\">Administraci\u00f3 d\u2019Adrenalina<\/a><br \/>\n<a href=\"https:\/\/agora.xtec.cat\/esc-l-oreneta\/wp-content\/uploads\/usu2395\/2024\/09\/Autoritzacio_FARMACS.pdf\">Administraci\u00f3 de tractament farmacol\u00f2gic<\/a><\/p>\n<p><strong>RECURSOS I EINES DIGITALS<\/strong><\/p>\n<p><a href=\"https:\/\/agora.xtec.cat\/esc-l-oreneta\/wp-content\/uploads\/usu2395\/2025\/06\/Autoritzacio_TOKAPP-SCHOOL.pdf\">Autoritzaci\u00f3 per a l\u2019enviament de comunicacions a trav\u00e9s de TokApp School\u00ae<\/a><br \/>\n<a href=\"https:\/\/agora.xtec.cat\/esc-l-oreneta\/wp-content\/uploads\/usu2395\/2024\/09\/Autoritzacio-relativa-us-serveis-recuros-digitals-menors-14-anys_A253.pdf\">Autoritzaci\u00f3 relativa als alumnes us de serveis i recursos digitals<\/a><br \/>\n<a href=\"https:\/\/agora.xtec.cat\/esc-l-oreneta\/wp-content\/uploads\/usu2395\/2024\/09\/Autoritzacio-relativa-us-dimatges-publicacio-de-dades-de-caracter-personal-i-material-que-elaboren_A251-1.pdf\">Autoritzaci\u00f3 relativa us d\u2019imatges, publicaci\u00f3 de dades de car\u00e0cter personal i material que elaboren<\/a><\/p>\n","protected":false},"excerpt":{"rendered":"<p>AUTORITZACIONS<br \/>\nPER SORTIR DEL CENTRE EN FINALITZAR LA JORNADA ESCOLAR<br \/>\nSi l\u2019alumne\/a ha de ser recollit per algun familiar, diferent dels seus pares, heu d\u2019omplir l\u2019autoritzaci\u00f3 de\u00a0<a href=\"https:\/\/agora.xtec.cat\/esc-l-oreneta\/wp-content\/uploads\/usu2395\/2024\/09\/Autoritzacions_RECOLLIDA.pdf\">Recollida d\u2019alumnes<\/a>.<br \/>\nSi el vostre fill o filla cursa tercer, quart, cinqu\u00e8 o sis\u00e8 de prim\u00e0ria i voleu que marxi sol&hellip;  <a href=\"https:\/\/agora.xtec.cat\/esc-l-oreneta\/lescola\/documents-per-a-les-families\/\" title=\"Read Documents per a les fam\u00edlies\">Llegeix m\u00e9s\u00bb<\/a><\/p>\n","protected":false},"author":3,"featured_media":0,"parent":22,"menu_order":0,"comment_status":"closed","ping_status":"closed","template":"","meta":{"_bbp_topic_count":0,"_bbp_reply_count":0,"_bbp_total_topic_count":0,"_bbp_total_reply_count":0,"_bbp_voice_count":0,"_bbp_anonymous_reply_count":0,"_bbp_topic_count_hidden":0,"_bbp_reply_count_hidden":0,"_bbp_forum_subforum_count":0,"footnotes":""},"class_list":["post-756","page","type-page","status-publish","hentry"],"post_mailing_queue_ids":[],"_links":{"self":[{"href":"https:\/\/agora.xtec.cat\/esc-l-oreneta\/wp-json\/wp\/v2\/pages\/756","targetHints":{"allow":["GET"]}}],"collection":[{"href":"https:\/\/agora.xtec.cat\/esc-l-oreneta\/wp-json\/wp\/v2\/pages"}],"about":[{"href":"https:\/\/agora.xtec.cat\/esc-l-oreneta\/wp-json\/wp\/v2\/types\/page"}],"author":[{"embeddable":true,"href":"https:\/\/agora.xtec.cat\/esc-l-oreneta\/wp-json\/wp\/v2\/users\/3"}],"replies":[{"embeddable":true,"href":"https:\/\/agora.xtec.cat\/esc-l-oreneta\/wp-json\/wp\/v2\/comments?post=756"}],"version-history":[{"count":6,"href":"https:\/\/agora.xtec.cat\/esc-l-oreneta\/wp-json\/wp\/v2\/pages\/756\/revisions"}],"predecessor-version":[{"id":3798,"href":"https:\/\/agora.xtec.cat\/esc-l-oreneta\/wp-json\/wp\/v2\/pages\/756\/revisions\/3798"}],"up":[{"embeddable":true,"href":"https:\/\/agora.xtec.cat\/esc-l-oreneta\/wp-json\/wp\/v2\/pages\/22"}],"wp:attachment":[{"href":"https:\/\/agora.xtec.cat\/esc-l-oreneta\/wp-json\/wp\/v2\/media?parent=756"}],"curies":[{"name":"wp","href":"https:\/\/api.w.org\/{rel}","templated":true}]}}