{"id":73,"date":"2014-09-18T14:01:51","date_gmt":"2014-09-18T13:01:51","guid":{"rendered":"http:\/\/agora.xtec.cat\/esc-l-oreneta\/?page_id=73"},"modified":"2025-09-10T14:01:41","modified_gmt":"2025-09-10T12:01:41","slug":"menjador-escolar","status":"publish","type":"page","link":"https:\/\/agora.xtec.cat\/esc-l-oreneta\/serveis\/menjador-escolar\/","title":{"rendered":"Menjador escolar"},"content":{"rendered":"<p style=\"text-align: justify;\">Durant el curs 2025-2026, l&#8217;espai de migdia ser\u00e0 gestionat per l&#8217;empresa Roca Gonz\u00e1lez Gastronomia Col\u00b7lectiva, S.L.. Les condicions del servei s\u00f3n:<\/p>\n<p style=\"text-align: left; padding-left: 120px;\"><strong>Preu de l&#8217;\u00e0pat usuari fixe: 7,47\u20ac<br \/>\n<\/strong><strong>Preu de l&#8217;\u00e0pat usuari espor\u00e0dic: 8,20\u20ac<\/strong><\/p>\n<p style=\"text-align: justify;\">Les <strong>faltes d&#8217;assist\u00e8ncia<\/strong> s&#8217;han de <span style=\"text-decoration: underline;\"><strong>comunicar abans de les 9:30h<\/strong><\/span> i no tindran cap cost. Si les faltes <em><strong>no es comuniquen abans de l&#8217;hora indicada,<\/strong> <strong>es cobrar\u00e0 el preu del men\u00fa sencer<\/strong><\/em>.<\/p>\n<p><strong>Les fam\u00edlies ja inscrites necessiten tenir les dades actualitzades<\/strong> de l&#8217;app (dies de menjador, dades banc\u00e0ries, etc) que entreu a la vostra aplicaci\u00f3, a l&#8217;apartat de <strong>&#8220;AJUSTES&#8221;<\/strong> i una vegades dins seleccioneu <strong>&#8220;MODIFICAR DATES USUARIS&#8221;<\/strong>. Despr\u00e9s seleccionar haureu de seleccionar el text en negreta que diu <strong>&#8220;RENOVAR LA INSCRIPCI\u00d6 AL NOU CURS ESCOLAR&#8221;<\/strong> i verifiqueu que les dades siguin correctes pel nou curs. Accepteu les condicions legals i <strong>ENVIEU<\/strong>.<\/p>\n<p>Les fam\u00edlies que han d&#8217;afegir un nou fill NO cal seleccionar l&#8217;enlla\u00e7 en negreta.<\/p>\n<p style=\"text-align: justify;\"><strong>Les noves inscripcions al servei de migdia<\/strong> es gestionaran a trav\u00e9s de l&#8217;<a href=\"https:\/\/www.rocagonzalez.com\/es\/app-comedores-escolares\/\" target=\"_blank\" rel=\"noopener\">App Roca Gonzalez<\/a>, a trav\u00e9s de la mateixa podeu fer totes les gestions associades al servei: reserves, pagament de tiquets, comunicaci\u00f3 d&#8217;abs\u00e8ncies, consulta dels men\u00fas, contacte amb la persona de refer\u00e8ncia&#8230;. \u00c9s una aplicaci\u00f3 gratu\u00efta que podeu descarregar des de la vostra botiga d&#8217;aplicacions tant per iOs com per Android. A continuaci\u00f3, ajuntem les instruccions per al registre i \u00fas de l&#8217;aplicaci\u00f3.<\/p>\n<p style=\"text-align: center;\"><a href=\"https:\/\/agora.xtec.cat\/esc-l-oreneta\/wp-content\/uploads\/usu2395\/2023\/07\/Instruccions-fami\u0301lies.pdf\">TUTORIAL D&#8217;\u00daS DE L&#8217;APLICACI\u00d3 ROCA GONZ\u00c0LEZ<\/a><\/p>\n<p>Moltes gr\u00e0cies per la vostra col\u00b7laboraci\u00f3 i si teniu algun dubte, podeu contactar amb la coordinadora\/a.<\/p>\n<p><strong>Dades de contacte amb l&#8217;espai de migdia<\/strong><br \/>\n\u2022 Correu-e de contacte per coordinaci\u00f3: espaimigdiaoreneta@gmail.com<\/p>\n<p>\u2022 Tel\u00e8fon: <a href=\"callto:+34722216352\">722 21 63 52<\/a><\/p>\n<p><a href=\"https:\/\/agora.xtec.cat\/esc-l-oreneta\/wp-content\/uploads\/usu2395\/2024\/12\/Roca-Gonzalez.png\"><img loading=\"lazy\" decoding=\"async\" class=\"size-full wp-image-1666 aligncenter\" src=\"https:\/\/agora.xtec.cat\/esc-l-oreneta\/wp-content\/uploads\/usu2395\/2024\/12\/Roca-Gonzalez.png\" alt=\"\" width=\"877\" height=\"656\" srcset=\"https:\/\/agora.xtec.cat\/esc-l-oreneta\/wp-content\/uploads\/usu2395\/2024\/12\/Roca-Gonzalez.png 877w, https:\/\/agora.xtec.cat\/esc-l-oreneta\/wp-content\/uploads\/usu2395\/2024\/12\/Roca-Gonzalez-300x224.png 300w, https:\/\/agora.xtec.cat\/esc-l-oreneta\/wp-content\/uploads\/usu2395\/2024\/12\/Roca-Gonzalez-768x574.png 768w, https:\/\/agora.xtec.cat\/esc-l-oreneta\/wp-content\/uploads\/usu2395\/2024\/12\/Roca-Gonzalez-200x150.png 200w\" sizes=\"auto, (max-width: 877px) 100vw, 877px\" \/><\/a><\/p>\n","protected":false},"excerpt":{"rendered":"<p>Durant el curs 2025-2026, l&#8217;espai de migdia ser\u00e0 gestionat per l&#8217;empresa Roca Gonz\u00e1lez Gastronomia Col\u00b7lectiva, S.L.. Les condicions del servei s\u00f3n:<br \/>\nPreu de l&#8217;\u00e0pat usuari fixe: 7,47\u20ac<br \/>\nPreu de l&#8217;\u00e0pat usuari espor\u00e0dic: 8,20\u20ac<br \/>\nLes faltes d&#8217;assist\u00e8ncia s&#8217;han de comunicar abans de les 9:30h i no tindran cap cost.&hellip;  <a href=\"https:\/\/agora.xtec.cat\/esc-l-oreneta\/serveis\/menjador-escolar\/\" title=\"Read Menjador escolar\">Llegeix m\u00e9s\u00bb<\/a><\/p>\n","protected":false},"author":1,"featured_media":0,"parent":66,"menu_order":30,"comment_status":"closed","ping_status":"closed","template":"page-templates\/side-menu.php","meta":{"_bbp_topic_count":0,"_bbp_reply_count":0,"_bbp_total_topic_count":0,"_bbp_total_reply_count":0,"_bbp_voice_count":0,"_bbp_anonymous_reply_count":0,"_bbp_topic_count_hidden":0,"_bbp_reply_count_hidden":0,"_bbp_forum_subforum_count":0,"footnotes":""},"class_list":["post-73","page","type-page","status-publish","hentry"],"post_mailing_queue_ids":[],"_links":{"self":[{"href":"https:\/\/agora.xtec.cat\/esc-l-oreneta\/wp-json\/wp\/v2\/pages\/73","targetHints":{"allow":["GET"]}}],"collection":[{"href":"https:\/\/agora.xtec.cat\/esc-l-oreneta\/wp-json\/wp\/v2\/pages"}],"about":[{"href":"https:\/\/agora.xtec.cat\/esc-l-oreneta\/wp-json\/wp\/v2\/types\/page"}],"author":[{"embeddable":true,"href":"https:\/\/agora.xtec.cat\/esc-l-oreneta\/wp-json\/wp\/v2\/users\/1"}],"replies":[{"embeddable":true,"href":"https:\/\/agora.xtec.cat\/esc-l-oreneta\/wp-json\/wp\/v2\/comments?post=73"}],"version-history":[{"count":7,"href":"https:\/\/agora.xtec.cat\/esc-l-oreneta\/wp-json\/wp\/v2\/pages\/73\/revisions"}],"predecessor-version":[{"id":4122,"href":"https:\/\/agora.xtec.cat\/esc-l-oreneta\/wp-json\/wp\/v2\/pages\/73\/revisions\/4122"}],"up":[{"embeddable":true,"href":"https:\/\/agora.xtec.cat\/esc-l-oreneta\/wp-json\/wp\/v2\/pages\/66"}],"wp:attachment":[{"href":"https:\/\/agora.xtec.cat\/esc-l-oreneta\/wp-json\/wp\/v2\/media?parent=73"}],"curies":[{"name":"wp","href":"https:\/\/api.w.org\/{rel}","templated":true}]}}