{"id":64,"date":"2014-09-18T12:39:08","date_gmt":"2014-09-18T11:39:08","guid":{"rendered":"http:\/\/agora.xtec.cat\/esc-l-oreneta\/?page_id=64"},"modified":"2024-12-13T16:40:08","modified_gmt":"2024-12-13T15:40:08","slug":"projecte-educatiu","status":"publish","type":"page","link":"https:\/\/agora.xtec.cat\/esc-l-oreneta\/projecte-educatiu\/","title":{"rendered":"Projecte educatiu"},"content":{"rendered":"<p>En aquesta secci\u00f3 trobareu les p\u00e0gines que descriuen el projecte educatiu del centre que actualment es troba en proc\u00e9s d&#8217;elaboraci\u00f3. D&#8217;acord amb la <a title=\"Article 91 LEC\" href=\"http:\/\/www20.gencat.cat\/portal\/site\/portaljuridic\/menuitem.d15a4e5dfb99396dc366ec10b0c0e1a0\/?vgnextoid=b85297b5a87d6210VgnVCM1000000b0c1e0aRCRD&amp;vgnextchannel=b85297b5a87d6210VgnVCM1000000b0c1e0aRCRD&amp;vgnextfmt=default&amp;action=fitxa&amp;portalId=1&amp;documentId=480169&amp;newLang=ca_ES#fragment-1182442\" target=\"_blank\" rel=\"noopener\">Llei d&#8217;Educaci\u00f3 de Catalunya<\/a>, el projecte educatiu incorpora el car\u00e0cter propi del centre i ha de contenir com a m\u00ednim els elements seg\u00fcents:<\/p>\n<ul>\n<li>Criteris d&#8217;ordenaci\u00f3 pedag\u00f2gica, prioritats i plantejaments educatius, procediments d&#8217;inclusi\u00f3 i altres actuacions que caracteritzen el centre.<\/li>\n<li>Indicadors de progr\u00e9s.<\/li>\n<li>Concreci\u00f3 i desenvolupament dels curr\u00edculums.<\/li>\n<li>Criteris que defineixen l&#8217;estructura organitzativa.<\/li>\n<li>Projecte ling\u00fc\u00edstic.<\/li>\n<li>Car\u00e0cter propi del centre.<\/li>\n<\/ul>\n<p>S&#8217;inclouran en aquesta secci\u00f3, <span style=\"font-family: inherit; font-size: 1em;\">progressivament i a mesura que estiguin revisats, actualitzats i aprovats,\u00a0 altres documents m\u00e9s espec\u00edfics que tamb\u00e9 formen part del projecte educatiu, com ara: Projecte de conviv\u00e8ncia, Pla TAC, Pla d&#8217;acollida, Projecte d&#8217;escola i fam\u00edlia, etc.<\/span><\/p>\n<p>Tamb\u00e9 es fa refer\u00e8ncia a altres projectes i activitats, com ara: Escola verda,\u00a0 Hort, &#8230;<\/p>\n<p>En aquests moments, que l&#8217;escola est\u00e0 comen\u00e7ant a fer cam\u00ed, volem construir un projecte compartit amb la comunitat educativa, fruit d&#8217;un proc\u00e9s de reflexi\u00f3 i debat de tots els sectors implicats i, \u00e9s per aix\u00f2, que estem treballant en aquesta l\u00ednia. Com a tastet, presentem les l\u00ednies d&#8217;actuaci\u00f3 que hem previst aix\u00ed com els trets d&#8217;identitat del centre sobre els quals establirem la base d&#8217;un projecte com\u00fa i que podeu consultar clicant sobre la imatge.<\/p>\n<p><a href=\"https:\/\/agora.xtec.cat\/esc-l-oreneta\/wp-content\/uploads\/usu2395\/2024\/12\/PROJECTE-EDUCATIU-per-JBO.pdf\"><img loading=\"lazy\" decoding=\"async\" class=\"aligncenter size-full wp-image-1726\" src=\"https:\/\/agora.xtec.cat\/esc-l-oreneta\/wp-content\/uploads\/usu2395\/2024\/12\/PEC.png\" alt=\"\" width=\"672\" height=\"954\" srcset=\"https:\/\/agora.xtec.cat\/esc-l-oreneta\/wp-content\/uploads\/usu2395\/2024\/12\/PEC.png 672w, https:\/\/agora.xtec.cat\/esc-l-oreneta\/wp-content\/uploads\/usu2395\/2024\/12\/PEC-211x300.png 211w\" sizes=\"auto, (max-width: 672px) 100vw, 672px\" \/><\/a><\/p>\n<p>&nbsp;<\/p>\n<p><span style=\"color: #ffffff;\">R\u00e0dio a l&#8217;escola, Art a l&#8217;escola, Cinema en curs, Taller de rob\u00f2tica, Aprenentatge integrat de Continguts i Lleng\u00fces Estrangeres (AICLE), Revista de l&#8217;escola, Agenda 21,Patis oberts<\/span><\/p>\n<p><span style=\"color: #ffffff;\">Donada la diversitat de seccions possibles, s&#8217;ha cregut oport\u00fa no crear\u00a0cap p\u00e0gina espec\u00edfica en la maqueta inicial, deixant a criteri del centre la decisi\u00f3 sobre la millor manera\u00a0d&#8217;estructurar la descripci\u00f3 del seu projecte educatiu. En crear els apartats\u00a0\u00e9s\u00a0important que la caixa <em>Atributs de la p\u00e0gina<\/em>\u00a0tingui com a pare\/mare \u201c<em>Projecte educatiu<\/em>\u201c, i que se seleccioni com a plantilla l&#8217;opci\u00f3 \u201c<em>Men\u00fa lateral<\/em>\u201c.<\/span><\/p>\n","protected":false},"excerpt":{"rendered":"<p>En aquesta secci\u00f3 trobareu les p\u00e0gines que descriuen el projecte educatiu del centre que actualment es troba en proc\u00e9s d&#8217;elaboraci\u00f3. D&#8217;acord amb la <a title=\"Article 91 LEC\" href=\"http:\/\/www20.gencat.cat\/portal\/site\/portaljuridic\/menuitem.d15a4e5dfb99396dc366ec10b0c0e1a0\/?vgnextoid=b85297b5a87d6210VgnVCM1000000b0c1e0aRCRD&amp;vgnextchannel=b85297b5a87d6210VgnVCM1000000b0c1e0aRCRD&amp;vgnextfmt=default&amp;action=fitxa&amp;portalId=1&amp;documentId=480169&amp;newLang=ca_ES#fragment-1182442\" target=\"_blank\" rel=\"noopener\">Llei d&#8217;Educaci\u00f3 de Catalunya<\/a>, el projecte educatiu incorpora el car\u00e0cter propi del centre i ha de&hellip;  <a href=\"https:\/\/agora.xtec.cat\/esc-l-oreneta\/projecte-educatiu\/\" title=\"Read Projecte educatiu\">Llegeix m\u00e9s\u00bb<\/a><\/p>\n","protected":false},"author":1,"featured_media":0,"parent":0,"menu_order":0,"comment_status":"closed","ping_status":"closed","template":"page-templates\/side-menu.php","meta":{"_bbp_topic_count":0,"_bbp_reply_count":0,"_bbp_total_topic_count":0,"_bbp_total_reply_count":0,"_bbp_voice_count":0,"_bbp_anonymous_reply_count":0,"_bbp_topic_count_hidden":0,"_bbp_reply_count_hidden":0,"_bbp_forum_subforum_count":0,"footnotes":""},"class_list":["post-64","page","type-page","status-publish","hentry"],"post_mailing_queue_ids":[],"_links":{"self":[{"href":"https:\/\/agora.xtec.cat\/esc-l-oreneta\/wp-json\/wp\/v2\/pages\/64","targetHints":{"allow":["GET"]}}],"collection":[{"href":"https:\/\/agora.xtec.cat\/esc-l-oreneta\/wp-json\/wp\/v2\/pages"}],"about":[{"href":"https:\/\/agora.xtec.cat\/esc-l-oreneta\/wp-json\/wp\/v2\/types\/page"}],"author":[{"embeddable":true,"href":"https:\/\/agora.xtec.cat\/esc-l-oreneta\/wp-json\/wp\/v2\/users\/1"}],"replies":[{"embeddable":true,"href":"https:\/\/agora.xtec.cat\/esc-l-oreneta\/wp-json\/wp\/v2\/comments?post=64"}],"version-history":[{"count":4,"href":"https:\/\/agora.xtec.cat\/esc-l-oreneta\/wp-json\/wp\/v2\/pages\/64\/revisions"}],"predecessor-version":[{"id":1737,"href":"https:\/\/agora.xtec.cat\/esc-l-oreneta\/wp-json\/wp\/v2\/pages\/64\/revisions\/1737"}],"wp:attachment":[{"href":"https:\/\/agora.xtec.cat\/esc-l-oreneta\/wp-json\/wp\/v2\/media?parent=64"}],"curies":[{"name":"wp","href":"https:\/\/api.w.org\/{rel}","templated":true}]}}