{"id":602,"date":"2023-06-14T17:07:00","date_gmt":"2023-06-14T15:07:00","guid":{"rendered":"https:\/\/agora.xtec.cat\/esc-l-oreneta\/?page_id=602"},"modified":"2023-06-14T17:07:00","modified_gmt":"2023-06-14T15:07:00","slug":"admissio-al-llarg-del-curs","status":"publish","type":"page","link":"https:\/\/agora.xtec.cat\/esc-l-oreneta\/alumnat-de-nova-incorporacio\/admissio-al-llarg-del-curs\/","title":{"rendered":"Admissi\u00f3 al llarg del curs"},"content":{"rendered":"<p>Necessites canviar de centre i ha finalitzat el per\u00edode de preinscripci\u00f3 i matr\u00edcula? No pateixis, si compleixes els requisits, podr\u00e0s sol\u00b7licitar un canvi de centre fora del termini ordinari. Nom\u00e9s has d\u2019omplir la\u00a0<a href=\"https:\/\/agora.xtec.cat\/ceip-lasardana\/wp-content\/uploads\/usu659\/2021\/05\/A51.pdf\" target=\"_blank\" rel=\"noopener noreferrer\">sol\u00b7licitud<\/a>\u00a0i presentar-la al Servei d\u2019Educaci\u00f3 de l\u2019Ajuntament de Badia del Vall\u00e8s. Nosaltres t\u2019ajudem a tramitar-ho!!!<\/p>\n<p><a href=\"https:\/\/agora.xtec.cat\/ceip-lasardana\/wp-content\/uploads\/usu659\/2021\/05\/requisits_admissio.png\"><img loading=\"lazy\" decoding=\"async\" class=\"aligncenter size-full wp-image-9134\" src=\"https:\/\/agora.xtec.cat\/ceip-lasardana\/wp-content\/uploads\/usu659\/2021\/05\/requisits_admissio.png\" sizes=\"auto, (max-width: 741px) 100vw, 741px\" srcset=\"https:\/\/agora.xtec.cat\/ceip-lasardana\/wp-content\/uploads\/usu659\/2021\/05\/requisits_admissio.png 741w, https:\/\/agora.xtec.cat\/ceip-lasardana\/wp-content\/uploads\/usu659\/2021\/05\/requisits_admissio-300x137.png 300w\" alt=\"\" width=\"741\" height=\"338\" \/><\/a><\/p>\n<p><a href=\"https:\/\/agora.xtec.cat\/ceip-lasardana\/wp-content\/uploads\/usu659\/2021\/05\/A51.pdf\" target=\"_blank\" rel=\"noopener noreferrer\">Sol\u00b7licitud d\u2019admissi\u00f3 al llarg del curs (catal\u00e0)<\/a><\/p>\n<p><a href=\"https:\/\/agora.xtec.cat\/ceip-lasardana\/wp-content\/uploads\/usu659\/2021\/05\/B51.pdf\" target=\"_blank\" rel=\"noopener noreferrer\">Solicitud de admisi\u00f3n durante el curso (castellano)<\/a><\/p>\n","protected":false},"excerpt":{"rendered":"<p>Necessites canviar de centre i ha finalitzat el per\u00edode de preinscripci\u00f3 i matr\u00edcula? No pateixis, si compleixes els requisits, podr\u00e0s sol\u00b7licitar un canvi de centre fora del termini ordinari. Nom\u00e9s has d\u2019omplir la\u00a0<a href=\"https:\/\/agora.xtec.cat\/ceip-lasardana\/wp-content\/uploads\/usu659\/2021\/05\/A51.pdf\" target=\"_blank\" rel=\"noopener noreferrer\">sol\u00b7licitud<\/a>\u00a0i presentar-la al Servei d\u2019Educaci\u00f3 de l\u2019Ajuntament de Badia&hellip;  <a href=\"https:\/\/agora.xtec.cat\/esc-l-oreneta\/alumnat-de-nova-incorporacio\/admissio-al-llarg-del-curs\/\" title=\"Read Admissi\u00f3 al llarg del curs\">Llegeix m\u00e9s\u00bb<\/a><\/p>\n","protected":false},"author":3,"featured_media":0,"parent":587,"menu_order":0,"comment_status":"closed","ping_status":"closed","template":"","meta":{"_bbp_topic_count":0,"_bbp_reply_count":0,"_bbp_total_topic_count":0,"_bbp_total_reply_count":0,"_bbp_voice_count":0,"_bbp_anonymous_reply_count":0,"_bbp_topic_count_hidden":0,"_bbp_reply_count_hidden":0,"_bbp_forum_subforum_count":0,"footnotes":""},"class_list":["post-602","page","type-page","status-publish","hentry"],"post_mailing_queue_ids":[],"_links":{"self":[{"href":"https:\/\/agora.xtec.cat\/esc-l-oreneta\/wp-json\/wp\/v2\/pages\/602","targetHints":{"allow":["GET"]}}],"collection":[{"href":"https:\/\/agora.xtec.cat\/esc-l-oreneta\/wp-json\/wp\/v2\/pages"}],"about":[{"href":"https:\/\/agora.xtec.cat\/esc-l-oreneta\/wp-json\/wp\/v2\/types\/page"}],"author":[{"embeddable":true,"href":"https:\/\/agora.xtec.cat\/esc-l-oreneta\/wp-json\/wp\/v2\/users\/3"}],"replies":[{"embeddable":true,"href":"https:\/\/agora.xtec.cat\/esc-l-oreneta\/wp-json\/wp\/v2\/comments?post=602"}],"version-history":[{"count":1,"href":"https:\/\/agora.xtec.cat\/esc-l-oreneta\/wp-json\/wp\/v2\/pages\/602\/revisions"}],"predecessor-version":[{"id":603,"href":"https:\/\/agora.xtec.cat\/esc-l-oreneta\/wp-json\/wp\/v2\/pages\/602\/revisions\/603"}],"up":[{"embeddable":true,"href":"https:\/\/agora.xtec.cat\/esc-l-oreneta\/wp-json\/wp\/v2\/pages\/587"}],"wp:attachment":[{"href":"https:\/\/agora.xtec.cat\/esc-l-oreneta\/wp-json\/wp\/v2\/media?parent=602"}],"curies":[{"name":"wp","href":"https:\/\/api.w.org\/{rel}","templated":true}]}}