{"id":589,"date":"2023-06-14T17:01:33","date_gmt":"2023-06-14T15:01:33","guid":{"rendered":"https:\/\/agora.xtec.cat\/esc-l-oreneta\/?page_id=589"},"modified":"2026-04-15T10:25:00","modified_gmt":"2026-04-15T08:25:00","slug":"preinscripcio","status":"publish","type":"page","link":"https:\/\/agora.xtec.cat\/esc-l-oreneta\/alumnat-de-nova-incorporacio\/preinscripcio\/","title":{"rendered":"Preinscripci\u00f3 per al curs 2026-2027"},"content":{"rendered":"<p><img loading=\"lazy\" decoding=\"async\" class=\"aligncenter size-full wp-image-4603\" src=\"https:\/\/agora.xtec.cat\/esc-l-oreneta\/wp-content\/uploads\/usu2395\/2026\/02\/26-27_Banner_PREINS_screenshot.png\" alt=\"\" width=\"1534\" height=\"203\" srcset=\"https:\/\/agora.xtec.cat\/esc-l-oreneta\/wp-content\/uploads\/usu2395\/2026\/02\/26-27_Banner_PREINS_screenshot.png 1534w, https:\/\/agora.xtec.cat\/esc-l-oreneta\/wp-content\/uploads\/usu2395\/2026\/02\/26-27_Banner_PREINS_screenshot-300x40.png 300w, https:\/\/agora.xtec.cat\/esc-l-oreneta\/wp-content\/uploads\/usu2395\/2026\/02\/26-27_Banner_PREINS_screenshot-1024x136.png 1024w, https:\/\/agora.xtec.cat\/esc-l-oreneta\/wp-content\/uploads\/usu2395\/2026\/02\/26-27_Banner_PREINS_screenshot-768x102.png 768w\" sizes=\"auto, (max-width: 1534px) 100vw, 1534px\" \/><\/p>\n<table class=\" aligncenter\" style=\"width: 85.9447%; border-collapse: collapse; border-style: hidden; height: 516px;\">\n<tbody>\n<tr style=\"height: 553px;\">\n<td style=\"width: 40.3403%; border-style: hidden; text-align: center; vertical-align: middle; height: 516px;\"><img loading=\"lazy\" decoding=\"async\" class=\"alignnone size-full wp-image-1063\" src=\"https:\/\/agora.xtec.cat\/esc-l-oreneta\/wp-content\/uploads\/usu2395\/2024\/02\/preinscripcio_captura.png\" alt=\"\" width=\"329\" height=\"414\" srcset=\"https:\/\/agora.xtec.cat\/esc-l-oreneta\/wp-content\/uploads\/usu2395\/2024\/02\/preinscripcio_captura.png 329w, https:\/\/agora.xtec.cat\/esc-l-oreneta\/wp-content\/uploads\/usu2395\/2024\/02\/preinscripcio_captura-238x300.png 238w\" sizes=\"auto, (max-width: 329px) 100vw, 329px\" \/><\/td>\n<td style=\"width: 59.6597%; border-style: hidden; height: 516px;\">\n<ul>\n<li>Publicaci\u00f3 de l&#8217;<a href=\"https:\/\/agora.xtec.cat\/esc-l-oreneta\/wp-content\/uploads\/usu2395\/2026\/03\/INFORME_OFERTA_OME_INFORME_OFERTA.pdf\">oferta inicial<\/a>: 3 de mar\u00e7 de 2026 (disponible)<\/li>\n<li><span style=\"font-size: 14pt;\"><span style=\"font-size: 12pt;\">Presentaci\u00f3 i\/o modificaci\u00f3 de sol\u00b7licituds:<\/span> <strong>Del 4 al 18 de mar\u00e7 de 2026<\/strong><\/span>\n<ul>\n<li><a href=\"https:\/\/accesvalidat.ensenyament.gencat.cat\/pls\/apex\/f?p=20160079072543618:102\">Sol\u00b7licitud amb certificat digital<\/a> (fora de termini entre el 19 de mar\u00e7 i el 20 d&#8217;abril de 2026)<\/li>\n<li><a href=\"https:\/\/aplicacions.gestioeducativa.gencat.cat\/ords\/pls\/apex\/f?p=20160079072543618:CAT_AL_SI\">Sol\u00b7licitud sense certificat digital<\/a> (fora de termini entre el 19 de mar\u00e7 i el 20 d&#8217;abril de 2026)<\/li>\n<\/ul>\n<\/li>\n<li><a href=\"https:\/\/agora.xtec.cat\/esc-l-oreneta\/wp-content\/uploads\/usu2395\/2026\/04\/INFORME_BAREM_PROVISIONAL_BAREM.pdf\">Barem provisional<\/a>:\u00a0 15 d&#8217;abril de 2026 (disponible)<\/li>\n<li>Per\u00edode de reclamacions sobre el barem: Del 15 al 20 d&#8217;abril de 2026<\/li>\n<li>Barem definitiu:\u00a0 23 d&#8217;abril de 2026 (no disponible)<\/li>\n<li>Sorteig del n\u00famero de desempat: 28 d&#8217;abril de 2026<\/li>\n<li>N\u00famero de desempat:\u00a0<span style=\"font-size: 14pt;\"><em><strong> XXXXX<\/strong><\/em><\/span><\/li>\n<li>Llista ordenada definitiva: 30 d&#8217;abril de 2026 (no disponible)<\/li>\n<li>Publicaci\u00f3 de l\u2019oferta definitiva: 10 de juny de 2026 (no disponible)<\/li>\n<li>Llista d&#8217;alumnat preinscrit al centre:\u00a0 (no disponible)<\/li>\n<li>Llista d\u2019admesos i llista d\u2019espera: 10 de juny de 2026 (no disponible)<\/li>\n<li>Per\u00edode de reclamacions sobre l&#8217;assignaci\u00f3: de l&#8217;XX al XX de juny de 2026.<\/li>\n<li>Matriculaci\u00f3:<br \/>\nRESERVEU LA VOSTRA CITA!<\/li>\n<li>Llista d&#8217;alumnat matriculat al centre:<\/li>\n<\/ul>\n<\/td>\n<\/tr>\n<\/tbody>\n<\/table>\n<p>&nbsp;<\/p>\n<p>&nbsp;<\/p>\n<p>&nbsp;<\/p>\n<p>M\u00e9s informaci\u00f3 al web del <a href=\"https:\/\/preinscripcio.gencat.cat\/ca\/inici\/\">Departament d&#8217;Educaci\u00f3 i Formaci\u00f3 Professional &#8211; Preinscripci\u00f3 escolar<\/a><\/p>\n<p><a href=\"https:\/\/preinscripcio.gencat.cat\/web\/.content\/ajuda\/guia-preinscripcio-ca.pdf\">Guia per a la preinscripci\u00f3 i la matr\u00edcula 2024-2025<\/a><br \/>\n<a href=\"https:\/\/educacio.gencat.cat\/ca\/arees-actuacio\/families\/families-escola\/escolaritat\/i3-comencem-escola\/\">I3, comencem l&#8217;escola!<\/a><\/p>\n","protected":false},"excerpt":{"rendered":"<ul>\n<li>Publicaci\u00f3 de l&#8217;<a href=\"https:\/\/agora.xtec.cat\/esc-l-oreneta\/wp-content\/uploads\/usu2395\/2026\/03\/INFORME_OFERTA_OME_INFORME_OFERTA.pdf\">oferta inicial<\/a>: 3 de mar\u00e7 de 2026 (disponible)<\/li>\n<li>Presentaci\u00f3 i\/o modificaci\u00f3 de sol\u00b7licituds: Del 4 al 18 de mar\u00e7 de 2026\n<ul>\n<li><a href=\"https:\/\/accesvalidat.ensenyament.gencat.cat\/pls\/apex\/f?p=20160079072543618:102\">Sol\u00b7licitud amb certificat digital<\/a> (fora de termini entre el 19 de mar\u00e7 i el 20 d&#8217;abril de 2026)<\/li>\n<li><a href=\"https:\/\/aplicacions.gestioeducativa.gencat.cat\/ords\/pls\/apex\/f?p=20160079072543618:CAT_AL_SI\">Sol\u00b7licitud sense certificat digital<\/a>&hellip;  <a href=\"https:\/\/agora.xtec.cat\/esc-l-oreneta\/alumnat-de-nova-incorporacio\/preinscripcio\/\" title=\"Read Preinscripci\u00f3 per al curs 2026-2027\">Llegeix m\u00e9s\u00bb<\/a><br \/>\n","protected":false},"author":3,"featured_media":0,"parent":587,"menu_order":0,"comment_status":"closed","ping_status":"closed","template":"","meta":{"_bbp_topic_count":0,"_bbp_reply_count":0,"_bbp_total_topic_count":0,"_bbp_total_reply_count":0,"_bbp_voice_count":0,"_bbp_anonymous_reply_count":0,"_bbp_topic_count_hidden":0,"_bbp_reply_count_hidden":0,"_bbp_forum_subforum_count":0,"footnotes":""},"class_list":["post-589","page","type-page","status-publish","hentry"],"post_mailing_queue_ids":[],"_links":{"self":[{"href":"https:\/\/agora.xtec.cat\/esc-l-oreneta\/wp-json\/wp\/v2\/pages\/589","targetHints":{"allow":["GET"]}}],"collection":[{"href":"https:\/\/agora.xtec.cat\/esc-l-oreneta\/wp-json\/wp\/v2\/pages"}],"about":[{"href":"https:\/\/agora.xtec.cat\/esc-l-oreneta\/wp-json\/wp\/v2\/types\/page"}],"author":[{"embeddable":true,"href":"https:\/\/agora.xtec.cat\/esc-l-oreneta\/wp-json\/wp\/v2\/users\/3"}],"replies":[{"embeddable":true,"href":"https:\/\/agora.xtec.cat\/esc-l-oreneta\/wp-json\/wp\/v2\/comments?post=589"}],"version-history":[{"count":6,"href":"https:\/\/agora.xtec.cat\/esc-l-oreneta\/wp-json\/wp\/v2\/pages\/589\/revisions"}],"predecessor-version":[{"id":5110,"href":"https:\/\/agora.xtec.cat\/esc-l-oreneta\/wp-json\/wp\/v2\/pages\/589\/revisions\/5110"}],"up":[{"embeddable":true,"href":"https:\/\/agora.xtec.cat\/esc-l-oreneta\/wp-json\/wp\/v2\/pages\/587"}],"wp:attachment":[{"href":"https:\/\/agora.xtec.cat\/esc-l-oreneta\/wp-json\/wp\/v2\/media?parent=589"}],"curies":[{"name":"wp","href":"https:\/\/api.w.org\/{rel}","templated":true}]}}