{"id":587,"date":"2023-06-14T16:57:55","date_gmt":"2023-06-14T14:57:55","guid":{"rendered":"https:\/\/agora.xtec.cat\/esc-l-oreneta\/?page_id=587"},"modified":"2024-07-04T10:37:31","modified_gmt":"2024-07-04T08:37:31","slug":"alumnat-de-nova-incorporacio","status":"publish","type":"page","link":"https:\/\/agora.xtec.cat\/esc-l-oreneta\/alumnat-de-nova-incorporacio\/","title":{"rendered":"ALUMNAT DE NOVA INCORPORACI\u00d3"},"content":{"rendered":"<p>En aquest apartat trobareu informaci\u00f3 relativa als procediments d&#8217;incorporaci\u00f3 de nous o noves alumnes al nostre centre:<\/p>\n<p>Preinscripci\u00f3<\/p>\n<p>Admissi\u00f3 al llarg del curs<\/p>\n<p>Matriculaci\u00f3<\/p>\n","protected":false},"excerpt":{"rendered":"<p>En aquest apartat trobareu informaci\u00f3 relativa als procediments d&#8217;incorporaci\u00f3 de nous o noves alumnes al nostre centre:<br \/>\nPreinscripci\u00f3<br \/>\nAdmissi\u00f3 al llarg del curs<br \/>\nMatriculaci\u00f3<\/p>\n","protected":false},"author":3,"featured_media":0,"parent":0,"menu_order":0,"comment_status":"closed","ping_status":"closed","template":"page-templates\/side-menu.php","meta":{"_bbp_topic_count":0,"_bbp_reply_count":0,"_bbp_total_topic_count":0,"_bbp_total_reply_count":0,"_bbp_voice_count":0,"_bbp_anonymous_reply_count":0,"_bbp_topic_count_hidden":0,"_bbp_reply_count_hidden":0,"_bbp_forum_subforum_count":0,"footnotes":""},"class_list":["post-587","page","type-page","status-publish","hentry"],"post_mailing_queue_ids":[],"_links":{"self":[{"href":"https:\/\/agora.xtec.cat\/esc-l-oreneta\/wp-json\/wp\/v2\/pages\/587","targetHints":{"allow":["GET"]}}],"collection":[{"href":"https:\/\/agora.xtec.cat\/esc-l-oreneta\/wp-json\/wp\/v2\/pages"}],"about":[{"href":"https:\/\/agora.xtec.cat\/esc-l-oreneta\/wp-json\/wp\/v2\/types\/page"}],"author":[{"embeddable":true,"href":"https:\/\/agora.xtec.cat\/esc-l-oreneta\/wp-json\/wp\/v2\/users\/3"}],"replies":[{"embeddable":true,"href":"https:\/\/agora.xtec.cat\/esc-l-oreneta\/wp-json\/wp\/v2\/comments?post=587"}],"version-history":[{"count":1,"href":"https:\/\/agora.xtec.cat\/esc-l-oreneta\/wp-json\/wp\/v2\/pages\/587\/revisions"}],"predecessor-version":[{"id":588,"href":"https:\/\/agora.xtec.cat\/esc-l-oreneta\/wp-json\/wp\/v2\/pages\/587\/revisions\/588"}],"wp:attachment":[{"href":"https:\/\/agora.xtec.cat\/esc-l-oreneta\/wp-json\/wp\/v2\/media?parent=587"}],"curies":[{"name":"wp","href":"https:\/\/api.w.org\/{rel}","templated":true}]}}