{"id":537,"date":"2023-06-04T11:18:47","date_gmt":"2023-06-04T09:18:47","guid":{"rendered":"https:\/\/agora.xtec.cat\/esc-l-oreneta\/?page_id=537"},"modified":"2025-07-15T18:02:52","modified_gmt":"2025-07-15T16:02:52","slug":"horaris-entrades-i-sortides","status":"publish","type":"page","link":"https:\/\/agora.xtec.cat\/esc-l-oreneta\/curs-actual\/horaris-entrades-i-sortides\/","title":{"rendered":"Horaris. Entrades i sortides"},"content":{"rendered":"<p style=\"text-align: justify;\">L&#8217;horari marc de l&#8217;escola \u00e9s de 9.00h a 12.30h i de 15.00h a 16.30h. Aquelles fam\u00edlies que ho necessitin, tenen opci\u00f3 de fer \u00fas del servei d&#8217;acollida matinal, entre les 8.00h i les 9.00h, i del servei de menjador entre les 12.30h i les 15.00h. Sobre aquests serveis trobareu m\u00e9s informaci\u00f3 en els apartats corresponents d&#8217;aquest web.<\/p>\n<p style=\"text-align: justify;\">Per facilitar les entrades i sortides del recinte escolar, s&#8217;han habilitat tres accessos: dos a l&#8217;Avinguda de la Via de la Plata i un al carrer d&#8217;Oporto.<\/p>\n<p><img loading=\"lazy\" decoding=\"async\" class=\"aligncenter size-large wp-image-4048\" src=\"https:\/\/agora.xtec.cat\/esc-l-oreneta\/wp-content\/uploads\/usu2395\/2025\/07\/25-26_Organitzacio_entrades_sortides-1024x724.png\" alt=\"\" width=\"1024\" height=\"724\" srcset=\"https:\/\/agora.xtec.cat\/esc-l-oreneta\/wp-content\/uploads\/usu2395\/2025\/07\/25-26_Organitzacio_entrades_sortides-1024x724.png 1024w, https:\/\/agora.xtec.cat\/esc-l-oreneta\/wp-content\/uploads\/usu2395\/2025\/07\/25-26_Organitzacio_entrades_sortides-300x212.png 300w, https:\/\/agora.xtec.cat\/esc-l-oreneta\/wp-content\/uploads\/usu2395\/2025\/07\/25-26_Organitzacio_entrades_sortides-768x543.png 768w, https:\/\/agora.xtec.cat\/esc-l-oreneta\/wp-content\/uploads\/usu2395\/2025\/07\/25-26_Organitzacio_entrades_sortides-1536x1086.png 1536w, https:\/\/agora.xtec.cat\/esc-l-oreneta\/wp-content\/uploads\/usu2395\/2025\/07\/25-26_Organitzacio_entrades_sortides.png 2000w\" sizes=\"auto, (max-width: 1024px) 100vw, 1024px\" \/><\/p>\n<p><span style=\"font-size: 18pt;\"><strong>HORARI JORNADA INTENSIVA<\/strong><\/span><\/p>\n<p style=\"text-align: center;\"><em>19 de desembre de 2025<\/em><br \/>\n<em>Del 8 al 19 de juny de 2026<\/em><\/p>\n<p>L&#8217;horari de jornada intensiva ser\u00e0 de 9:00h a 13:00h, el servei d&#8217;acollida matinal es mantindr\u00e0 de 8:00h a 9:00h i el servei de menjador comen\u00e7ar\u00e0 a les 13:00h. Els infants que facin \u00fas del servei de menjador es podran recollir a partir de les 15:00h i no m\u00e9s tard de les 15:30h.<\/p>\n<p>&nbsp;<\/p>\n<p>&nbsp;<\/p>\n","protected":false},"excerpt":{"rendered":"<p>L&#8217;horari marc de l&#8217;escola \u00e9s de 9.00h a 12.30h i de 15.00h a 16.30h. Aquelles fam\u00edlies que ho necessitin, tenen opci\u00f3 de fer \u00fas del servei d&#8217;acollida matinal, entre les 8.00h i les 9.00h, i del servei de menjador entre les 12.30h i les 15.00h.&hellip;  <a href=\"https:\/\/agora.xtec.cat\/esc-l-oreneta\/curs-actual\/horaris-entrades-i-sortides\/\" title=\"Read Horaris. Entrades i sortides\">Llegeix m\u00e9s\u00bb<\/a><\/p>\n","protected":false},"author":3,"featured_media":0,"parent":531,"menu_order":0,"comment_status":"closed","ping_status":"closed","template":"page-templates\/side-menu.php","meta":{"_bbp_topic_count":0,"_bbp_reply_count":0,"_bbp_total_topic_count":0,"_bbp_total_reply_count":0,"_bbp_voice_count":0,"_bbp_anonymous_reply_count":0,"_bbp_topic_count_hidden":0,"_bbp_reply_count_hidden":0,"_bbp_forum_subforum_count":0,"footnotes":""},"class_list":["post-537","page","type-page","status-publish","hentry"],"post_mailing_queue_ids":[],"_links":{"self":[{"href":"https:\/\/agora.xtec.cat\/esc-l-oreneta\/wp-json\/wp\/v2\/pages\/537","targetHints":{"allow":["GET"]}}],"collection":[{"href":"https:\/\/agora.xtec.cat\/esc-l-oreneta\/wp-json\/wp\/v2\/pages"}],"about":[{"href":"https:\/\/agora.xtec.cat\/esc-l-oreneta\/wp-json\/wp\/v2\/types\/page"}],"author":[{"embeddable":true,"href":"https:\/\/agora.xtec.cat\/esc-l-oreneta\/wp-json\/wp\/v2\/users\/3"}],"replies":[{"embeddable":true,"href":"https:\/\/agora.xtec.cat\/esc-l-oreneta\/wp-json\/wp\/v2\/comments?post=537"}],"version-history":[{"count":6,"href":"https:\/\/agora.xtec.cat\/esc-l-oreneta\/wp-json\/wp\/v2\/pages\/537\/revisions"}],"predecessor-version":[{"id":4049,"href":"https:\/\/agora.xtec.cat\/esc-l-oreneta\/wp-json\/wp\/v2\/pages\/537\/revisions\/4049"}],"up":[{"embeddable":true,"href":"https:\/\/agora.xtec.cat\/esc-l-oreneta\/wp-json\/wp\/v2\/pages\/531"}],"wp:attachment":[{"href":"https:\/\/agora.xtec.cat\/esc-l-oreneta\/wp-json\/wp\/v2\/media?parent=537"}],"curies":[{"name":"wp","href":"https:\/\/api.w.org\/{rel}","templated":true}]}}