{"id":34,"date":"2014-09-18T12:32:18","date_gmt":"2014-09-18T11:32:18","guid":{"rendered":"http:\/\/agora.xtec.cat\/esc-l-oreneta\/?page_id=34"},"modified":"2024-09-20T08:43:05","modified_gmt":"2024-09-20T06:43:05","slug":"oferta-educativa","status":"publish","type":"page","link":"https:\/\/agora.xtec.cat\/esc-l-oreneta\/lescola\/oferta-educativa\/","title":{"rendered":"Oferta educativa"},"content":{"rendered":"<p style=\"color: #444444;\">L&#8217;escola L&#8217;Oreneta \u00e9s un centre de titularitat p\u00fablica que ofereix els ensenyaments reglats pels infants entre 3 i 12 anys,\u00a0 des d&#8217;educaci\u00f3 infantil &#8211; 3 anys fins a sis\u00e8 de prim\u00e0ria. Finalitzada l&#8217;etapa obligat\u00f2ria 6-12, els nens i nenes iniciaran una nova etapa en un centre d&#8217;educaci\u00f3 secund\u00e0ria. L&#8217;escola L&#8217;Oreneta t\u00e9 adscripci\u00f3 a l&#8217;<a href=\"https:\/\/agora.xtec.cat\/iesfedericamontseny\/\" target=\"_blank\" rel=\"noopener\">Institut Federica Montseny<\/a> de la mateixa localitat.<\/p>\n<p style=\"text-align: center;\"><em><strong>Oferta autoritzada per al curs 2024-2025<\/strong><\/em><\/p>\n<p><img loading=\"lazy\" decoding=\"async\" class=\"aligncenter size-full wp-image-1450\" src=\"https:\/\/agora.xtec.cat\/esc-l-oreneta\/wp-content\/uploads\/usu2395\/2024\/09\/OFERTA.png\" alt=\"\" width=\"1235\" height=\"111\" srcset=\"https:\/\/agora.xtec.cat\/esc-l-oreneta\/wp-content\/uploads\/usu2395\/2024\/09\/OFERTA.png 1235w, https:\/\/agora.xtec.cat\/esc-l-oreneta\/wp-content\/uploads\/usu2395\/2024\/09\/OFERTA-300x27.png 300w, https:\/\/agora.xtec.cat\/esc-l-oreneta\/wp-content\/uploads\/usu2395\/2024\/09\/OFERTA-1024x92.png 1024w, https:\/\/agora.xtec.cat\/esc-l-oreneta\/wp-content\/uploads\/usu2395\/2024\/09\/OFERTA-768x69.png 768w\" sizes=\"auto, (max-width: 1235px) 100vw, 1235px\" \/><\/p>\n","protected":false},"excerpt":{"rendered":"<p>L&#8217;escola L&#8217;Oreneta \u00e9s un centre de titularitat p\u00fablica que ofereix els ensenyaments reglats pels infants entre 3 i 12 anys,\u00a0 des d&#8217;educaci\u00f3 infantil &#8211; 3 anys fins a sis\u00e8 de prim\u00e0ria. Finalitzada l&#8217;etapa obligat\u00f2ria 6-12, els nens i nenes iniciaran una nova etapa en un&hellip;  <a href=\"https:\/\/agora.xtec.cat\/esc-l-oreneta\/lescola\/oferta-educativa\/\" title=\"Read Oferta educativa\">Llegeix m\u00e9s\u00bb<\/a><\/p>\n","protected":false},"author":1,"featured_media":0,"parent":22,"menu_order":60,"comment_status":"closed","ping_status":"closed","template":"page-templates\/side-menu.php","meta":{"_bbp_topic_count":0,"_bbp_reply_count":0,"_bbp_total_topic_count":0,"_bbp_total_reply_count":0,"_bbp_voice_count":0,"_bbp_anonymous_reply_count":0,"_bbp_topic_count_hidden":0,"_bbp_reply_count_hidden":0,"_bbp_forum_subforum_count":0,"footnotes":""},"class_list":["post-34","page","type-page","status-publish","hentry"],"post_mailing_queue_ids":[],"_links":{"self":[{"href":"https:\/\/agora.xtec.cat\/esc-l-oreneta\/wp-json\/wp\/v2\/pages\/34","targetHints":{"allow":["GET"]}}],"collection":[{"href":"https:\/\/agora.xtec.cat\/esc-l-oreneta\/wp-json\/wp\/v2\/pages"}],"about":[{"href":"https:\/\/agora.xtec.cat\/esc-l-oreneta\/wp-json\/wp\/v2\/types\/page"}],"author":[{"embeddable":true,"href":"https:\/\/agora.xtec.cat\/esc-l-oreneta\/wp-json\/wp\/v2\/users\/1"}],"replies":[{"embeddable":true,"href":"https:\/\/agora.xtec.cat\/esc-l-oreneta\/wp-json\/wp\/v2\/comments?post=34"}],"version-history":[{"count":4,"href":"https:\/\/agora.xtec.cat\/esc-l-oreneta\/wp-json\/wp\/v2\/pages\/34\/revisions"}],"predecessor-version":[{"id":1451,"href":"https:\/\/agora.xtec.cat\/esc-l-oreneta\/wp-json\/wp\/v2\/pages\/34\/revisions\/1451"}],"up":[{"embeddable":true,"href":"https:\/\/agora.xtec.cat\/esc-l-oreneta\/wp-json\/wp\/v2\/pages\/22"}],"wp:attachment":[{"href":"https:\/\/agora.xtec.cat\/esc-l-oreneta\/wp-json\/wp\/v2\/media?parent=34"}],"curies":[{"name":"wp","href":"https:\/\/api.w.org\/{rel}","templated":true}]}}